{"id":5379,"date":"2018-04-24T10:55:26","date_gmt":"2018-04-24T08:55:26","guid":{"rendered":"https:\/\/soib.es\/ajuts-per-a-persones-desocupades-majors-de-30-anys-que-cursin-amb-aprofitament-accions-de-formacio-professional-per-a-locupacio-financ%cc%a7ades-pel-soib\/"},"modified":"2018-11-19T09:33:03","modified_gmt":"2018-11-19T08:33:03","slug":"ayudas-para-personas-desocupadas-mayores-de-30-anos-que-cursen-con-aprovechamiento-acciones-de-formacion-profesional-para-el-empleo-financiadas-por-el-soib","status":"publish","type":"page","link":"https:\/\/soib.es\/es\/ayudas-para-personas-desocupadas-mayores-de-30-anos-que-cursen-con-aprovechamiento-acciones-de-formacion-profesional-para-el-empleo-financiadas-por-el-soib\/","title":{"rendered":"Ayudas para personas desocupadas mayores de 30 an\u0303os que cursen con aprovechamiento acciones de formacio\u0301n profesional para el empleo financiadas por el SOIB"},"content":{"rendered":"<p>[et_pb_section bb_built=\u00bb1&#8243; _builder_version=\u00bb3.0.99&#8243; background_color=\u00bb#f7f7f7&#8243; custom_padding=\u00bb25px|0px|25px|0px\u00bb next_background_color=\u00bb#ffffff\u00bb][et_pb_row _builder_version=\u00bb3.0.99&#8243;][et_pb_column type=\u00bb4_4&#8243;][et_pb_text _builder_version=\u00bb3.0.99&#8243;]<\/p>\n<h1><strong>Ayudas para personas desocupadas mayores de 30 an\u0303os que cursen con aprovechamiento acciones de formacio\u0301n profesional para el empleo financiadas por el SOIB<\/strong><\/h1>\n<p>[\/et_pb_text][\/et_pb_column][\/et_pb_row][\/et_pb_section][et_pb_section bb_built=\u00bb1&#8243; _builder_version=\u00bb3.0.47&#8243; custom_padding=\u00bb25px|0px|54px|0px\u00bb prev_background_color=\u00bb#f7f7f7&#8243; next_background_color=\u00bb#df1f4f\u00bb][et_pb_row _builder_version=\u00bb3.0.99&#8243;][et_pb_column type=\u00bb4_4&#8243;][et_pb_text _builder_version=\u00bb3.0.99&#8243;]<\/p>\n<p>Si eres un trabajador desocupado y cursas una especialidad formativa correspondiente a las competencias clave impartidas por los centros educativos para personas adultas, para el periodo 2018-2019, puedes solicitar una beca o ayuda.<\/p>\n<p>[\/et_pb_text][et_pb_accordion open_toggle_text_color=\u00bb#e01f4e\u00bb _builder_version=\u00bb3.17.6&#8243; toggle_font=\u00bb|700|||||||\u00bb][et_pb_accordion_item title=\u00bbRequisitos:\u00bb open=\u00bbon\u00bb open_toggle_text_color=\u00bb#e01f4e\u00bb _builder_version=\u00bb3.17.6&#8243; title_text_shadow_horizontal_length=\u00bb0em\u00bb title_text_shadow_vertical_length=\u00bb0em\u00bb title_text_shadow_blur_strength=\u00bb0em\u00bb body_text_shadow_horizontal_length=\u00bb0em\u00bb body_text_shadow_vertical_length=\u00bb0em\u00bb body_text_shadow_blur_strength=\u00bb0em\u00bb]<\/p>\n<ul>\n<li>Mayores de 30 an\u0303os, en situacio\u0301n de paro de larga duracio\u0301n en el momento de inicio de la accio\u0301n formativa.<\/li>\n<li>Mujeres vi\u0301ctimas de violencia de machista registradas en el SOIB como demandantes de empleo paradas.<br \/>\nLa situacio\u0301n de mujer vi\u0301ctima de violencia de ge\u0301nero se tiene que acreditar:<\/p>\n<ul>\n<li>A trave\u0301s de la sentencia condenatoria, durante los 24 meses posteriores de haberse notificado.<\/li>\n<li>Mediante la resolucio\u0301n judicial que acuerde medidas cautelares para proteger a la vi\u0301ctima o a trave\u0301s de la orden de proteccio\u0301n acordada a favor de la vi\u0301ctima, mientras sea vigente.<\/li>\n<li>A trave\u0301s del informe del ministerio fiscal que indique la existencia de indicios que la demandante es vi\u0301ctima de violencia de ge\u0301nero, hasta que se dicte la resolucio\u0301n sobre la orden de proteccio\u0301n.<\/li>\n<li>Informe de los servicios sociales comunitarios o especializados que acredite que la mujer es vi\u0301ctima de violencia machista.<\/li>\n<\/ul>\n<\/li>\n<li>Participar en un Itinerario Personalizado de Insercio\u0301n en que se recomiende el seguimiento de una especialidad formativa de formacio\u0301n profesional para el empleo.<\/li>\n<li>Haber finalizado con la calificacio\u0301n de apto\/a. En relacio\u0301n a las especialidades formativas de ingle\u0301s y alema\u0301n, en el que la evaluacio\u0301n se hace a una entidad acreditativa oficial, para beneficiarse de la beca el alumno o alumna tiene que haber alcanzado en el certificado oficial al mismo nivel de conocimiento del idioma de la especialidad formativa que ha cursado.<\/li>\n<\/ul>\n<p>[\/et_pb_accordion_item][et_pb_accordion_item title=\u00bbImporte de la ayuda: \u00bb open=\u00bboff\u00bb _builder_version=\u00bb3.17.6&#8243; title_text_shadow_horizontal_length=\u00bb0em\u00bb title_text_shadow_vertical_length=\u00bb0em\u00bb title_text_shadow_blur_strength=\u00bb0em\u00bb body_text_shadow_horizontal_length=\u00bb0em\u00bb body_text_shadow_vertical_length=\u00bb0em\u00bb body_text_shadow_blur_strength=\u00bb0em\u00bb]<\/p>\n<p>El importe total de la beca es el resultado de multiplicar la cantidad de 21 euros por el nu\u0301mero de di\u0301as de asistencia total. Para poder abonarse la beca, se tiene que acreditar la asistencia diaria completa. El di\u0301a de asistencia incompleta o no asistencia no es computa. La beca se abona al haber finalizado la accio\u0301n formativa.<\/p>\n<p>[\/et_pb_accordion_item][et_pb_accordion_item title=\u00bbPresentacio\u0301n de solicitudes:\u00bb open=\u00bboff\u00bb _builder_version=\u00bb3.17.6&#8243; title_text_shadow_horizontal_length=\u00bb0em\u00bb title_text_shadow_vertical_length=\u00bb0em\u00bb title_text_shadow_blur_strength=\u00bb0em\u00bb body_text_shadow_horizontal_length=\u00bb0em\u00bb body_text_shadow_vertical_length=\u00bb0em\u00bb body_text_shadow_blur_strength=\u00bb0em\u00bb link_option_url_new_window=\u00bboff\u00bb use_background_color_gradient=\u00bboff\u00bb background_color_gradient_start=\u00bb#2b87da\u00bb background_color_gradient_end=\u00bb#29c4a9&#8243; background_color_gradient_type=\u00bblinear\u00bb background_color_gradient_direction=\u00bb180deg\u00bb background_color_gradient_direction_radial=\u00bbcenter\u00bb background_color_gradient_start_position=\u00bb0%\u00bb background_color_gradient_end_position=\u00bb100%\u00bb background_color_gradient_overlays_image=\u00bboff\u00bb parallax=\u00bboff\u00bb parallax_method=\u00bbon\u00bb background_size=\u00bbcover\u00bb background_position=\u00bbcenter\u00bb background_repeat=\u00bbno-repeat\u00bb background_blend=\u00bbnormal\u00bb allow_player_pause=\u00bboff\u00bb background_video_pause_outside_viewport=\u00bbon\u00bb text_shadow_style=\u00bbnone\u00bb box_shadow_style=\u00bbnone\u00bb hover_transition_duration=\u00bb300ms\u00bb hover_transition_delay=\u00bb0ms\u00bb hover_transition_speed_curve=\u00bbease\u00bb]<\/p>\n<p>En cara\u0301cter general, las solicitudes se tienen que formalizar en el modelo que facilita el Servicio de Empleo de las Islas Baleares y que se encuentra a disposicio\u0301n de las personas interesadas en la web <a style=\"font-size: 15px;\" href=\"https:\/\/soib.es\"><strong>www.soib.es<\/strong><\/a>. El alumno o alumna tiene que formalizar la solicitud antes de que finalice la accio\u0301n formativa.<\/p>\n<p>Si la alumna es vi\u0301ctima de violencia de ge\u0301nero tambie\u0301n tiene que presentar documento que acredite esta circunstancia de acuerdo con el apartado de requisitos. En este supuesto, antes de finalizar la accio\u0301n formativa puede optar por presentar la solicitud directamente a la tutora de la red de atencio\u0301n a vi\u0301ctimas de violencia machista de su oficina del SOIB o al centro de formacio\u0301n.<\/p>\n<p>El centro de formacio\u0301n se el responsable de recoger las solicitudes del alumnado y las tiene que presentar en el Servicio de Empleo de las Islas Baleares <strong>en el PLAZO DE 10 D\u00cdAS, desde la finalizaci\u00f3n de la acci\u00f3n formativa, excepto para las acciones formativas de ingl\u00e9s y alem\u00e1n (plazo de un mes)<\/strong>.<\/p>\n<p>[\/et_pb_accordion_item][\/et_pb_accordion][et_pb_text _builder_version=\u00bb3.9&#8243;]<\/p>\n<p><a style=\"font-size: 15px;\" href=\"https:\/\/www.caib.es\/seucaib\/es\/200\/persones\/tramites\/tramite\/3284728\" target=\"_blank\" rel=\"noopener noreferrer\"><strong>Convocatoria de ayudas para personas desocupadas mayores de 30 a\u00f1os que cursen con aprovechamiento acciones de formacio\u0301n profesional para el empleo financiadas por el SOIB<\/strong><\/a><\/p>\n<p>[\/et_pb_text][\/et_pb_column][\/et_pb_row][\/et_pb_section][et_pb_section bb_built=\u00bb1&#8243; disabled_on=\u00bbon|on|off\u00bb _builder_version=\u00bb3.0.82&#8243; background_color=\u00bb#df1f4f\u00bb custom_padding=\u00bb54px|0px|0px|0px\u00bb prev_background_color=\u00bb#ffffff\u00bb next_background_color=\u00bb#000000&#8243;][et_pb_row custom_padding=\u00bb0px|0px|27px|0px\u00bb custom_css_main_2=\u00bbmargin-left: -20%;\u00bb custom_css_main_3=\u00bbmargin-left: 32px;\u00bb custom_css_main_4=\u00bbmargin-left: 100px;\u00bb _builder_version=\u00bb3.0.82&#8243;][et_pb_column type=\u00bb1_4&#8243;][et_pb_blurb url=\u00bbhttps:\/\/twitter.com\/soibinfo?lang=es\u00bb use_icon=\u00bbon\u00bb font_icon=\u00bb%%292%%\u00bb icon_color=\u00bb#df1f4f\u00bb use_circle=\u00bbon\u00bb icon_placement=\u00bbleft\u00bb use_icon_font_size=\u00bbon\u00bb _builder_version=\u00bb3.0.82&#8243; animation=\u00bboff\u00bb]<\/p>\n<p><\/p>\n<p>[\/et_pb_blurb][\/et_pb_column][et_pb_column type=\u00bb1_4&#8243;][et_pb_blurb url=\u00bbhttps:\/\/www.facebook.com\/SOIBINFO\/\u00bb use_icon=\u00bbon\u00bb font_icon=\u00bb%%291%%\u00bb icon_color=\u00bb#df1f4f\u00bb use_circle=\u00bbon\u00bb icon_placement=\u00bbleft\u00bb _builder_version=\u00bb3.0.82&#8243; animation=\u00bboff\u00bb]<\/p>\n<p><\/p>\n<p>[\/et_pb_blurb][\/et_pb_column][et_pb_column type=\u00bb1_4&#8243;][et_pb_image src=\u00bbhttps:\/\/soib.es\/wp-content\/uploads\/2017\/10\/ue3.gif\u00bb _builder_version=\u00bb3.0.99&#8243; module_alignment=\u00bbleft\u00bb]<\/p>\n<p><\/p>\n<p>[\/et_pb_image][\/et_pb_column][et_pb_column type=\u00bb1_4&#8243;][et_pb_text _builder_version=\u00bb3.0.82&#8243; custom_css_main_element=\u00bbwidth: 150%;\u00bb]<\/p>\n<p style=\"color: #fff; text-align: right;\">Servicio de Ocupaci\u00f3n de las Islas Baleares (SOIB):<\/p>\n<p style=\"color: #fff; text-align: right;\">Cam\u00ed vell de Bunyola, 43, 1\u00ba &#8211; Edificio rotonda Asima<\/p>\n<p style=\"color: #fff; text-align: right;\">Pol\u00edgono de son Castell\u00f3 &#8211; 07009 Palma<\/p>\n<p style=\"color: #fff; text-align: right;\">Tel\u00e9fono <a style=\"color: #fff;\" href=\"tel:+34971784991\">971784991<\/a> &#8211; Fax 971784942<\/p>\n<p>[\/et_pb_text][\/et_pb_column][\/et_pb_row][\/et_pb_section][et_pb_section bb_built=\u00bb1&#8243; disabled_on=\u00bbon|off|on\u00bb _builder_version=\u00bb3.0.82&#8243; background_color=\u00bb#df1f4f\u00bb custom_padding=\u00bb20px|0px|0px|0px\u00bb prev_background_color=\u00bb#000000&#8243; next_background_color=\u00bb#000000&#8243;][et_pb_row custom_padding=\u00bb0px|0px|27px|0px\u00bb custom_css_main_2=\u00bbmargin-left: -225px;\u00bb custom_css_main_3=\u00bbmargin-left: 32px;\u00bb custom_css_main_4=\u00bbmargin-left: 100px;\u00bb _builder_version=\u00bb3.0.82&#8243;][et_pb_column type=\u00bb4_4&#8243;][et_pb_text _builder_version=\u00bb3.0.82&#8243; custom_css_main_element=\u00bbwidth: 150%;\u00bb]<\/p>\n<p style=\"color: #fff;\">Servicio de Ocupaci\u00f3n de las Islas Baleares (SOIB):<\/p>\n<p style=\"color: #fff;\">Cam\u00ed vell de Bunyola, 43, 1\u00ba &#8211; Edificio rotonda Asima<\/p>\n<p style=\"color: #fff;\">Pol\u00edgono de son Castell\u00f3 &#8211; 07009 Palma<\/p>\n<p style=\"color: #fff;\">Tel\u00e9fono <a style=\"color: #fff;\" href=\"tel:+34971784991\">971784991<\/a> &#8211; Fax 971784942<\/p>\n<p>[\/et_pb_text][et_pb_image src=\u00bbhttps:\/\/soib.es\/wp-content\/uploads\/2017\/10\/ue3.gif\u00bb _builder_version=\u00bb3.0.99&#8243; max_width=\u00bb50%\u00bb module_alignment=\u00bbcenter\u00bb]<\/p>\n<p><\/p>\n<p>[\/et_pb_image][et_pb_blurb url=\u00bbhttps:\/\/twitter.com\/soibinfo?lang=es\u00bb use_icon=\u00bbon\u00bb font_icon=\u00bb%%292%%\u00bb icon_color=\u00bb#df1f4f\u00bb use_circle=\u00bbon\u00bb icon_placement=\u00bbleft\u00bb use_icon_font_size=\u00bbon\u00bb _builder_version=\u00bb3.0.82&#8243; animation=\u00bboff\u00bb custom_css_main_element=\u00bbfloat: right;\u00bb]<\/p>\n<p><\/p>\n<p>[\/et_pb_blurb][et_pb_blurb url=\u00bbhttps:\/\/www.facebook.com\/SOIBINFO\/\u00bb use_icon=\u00bbon\u00bb font_icon=\u00bb%%291%%\u00bb icon_color=\u00bb#df1f4f\u00bb use_circle=\u00bbon\u00bb icon_placement=\u00bbleft\u00bb _builder_version=\u00bb3.0.82&#8243; animation=\u00bboff\u00bb]<\/p>\n<p><\/p>\n<p>[\/et_pb_blurb][\/et_pb_column][\/et_pb_row][\/et_pb_section][et_pb_section bb_built=\u00bb1&#8243; disabled_on=\u00bboff|on|on\u00bb _builder_version=\u00bb3.0.82&#8243; background_color=\u00bb#df1f4f\u00bb prev_background_color=\u00bb#000000&#8243;][et_pb_row custom_padding=\u00bb15px|0px|0px|0px\u00bb _builder_version=\u00bb3.0.82&#8243;][et_pb_column type=\u00bb4_4&#8243;][et_pb_text _builder_version=\u00bb3.0.82&#8243;]<\/p>\n<p style=\"color: #fff;\">Servicio de Ocupaci\u00f3n de las Islas Baleares (SOIB):<\/p>\n<p style=\"color: #fff;\">Cam\u00ed Vell de Bunyola, 43, 1\u00aa &#8211; edificio rotonda Asima<\/p>\n<p style=\"color: #fff;\">Pol\u00edgono de son Castell\u00f3 &#8211; 07009 Palma<\/p>\n<p style=\"color: #fff;\">Tel\u00e9fono 971784991 &#8211; Fax 971784942<\/p>\n<p>[\/et_pb_text][\/et_pb_column][\/et_pb_row][et_pb_row custom_padding=\u00bb15px|0px|0px|0px\u00bb _builder_version=\u00bb3.0.82&#8243;][et_pb_column type=\u00bb4_4&#8243;][et_pb_image src=\u00bbhttps:\/\/soib.es\/wp-content\/uploads\/2017\/10\/ue3.gif\u00bb _builder_version=\u00bb3.0.99&#8243; max_width=\u00bb50%\u00bb]<\/p>\n<p><\/p>\n<p>[\/et_pb_image][\/et_pb_column][\/et_pb_row][et_pb_row custom_padding=\u00bb0px|0px|0px|0px\u00bb _builder_version=\u00bb3.0.82&#8243;][et_pb_column type=\u00bb4_4&#8243;][et_pb_blurb url=\u00bbhttps:\/\/www.facebook.com\/SOIBINFO\/\u00bb use_icon=\u00bbon\u00bb font_icon=\u00bb%%291%%\u00bb icon_color=\u00bb#df1f4f\u00bb use_circle=\u00bbon\u00bb icon_placement=\u00bbleft\u00bb _builder_version=\u00bb3.0.82&#8243; animation=\u00bboff\u00bb]<\/p>\n<p><\/p>\n<p>[\/et_pb_blurb][et_pb_blurb url=\u00bbhttps:\/\/twitter.com\/soibinfo?lang=es\u00bb use_icon=\u00bbon\u00bb font_icon=\u00bb%%292%%\u00bb icon_color=\u00bb#df1f4f\u00bb use_circle=\u00bbon\u00bb icon_placement=\u00bbleft\u00bb _builder_version=\u00bb3.0.82&#8243; animation=\u00bboff\u00bb]<\/p>\n<p><\/p>\n<p>[\/et_pb_blurb][\/et_pb_column][\/et_pb_row][\/et_pb_section]<\/p>\n","protected":false},"excerpt":{"rendered":"<p>Ayudas para personas desocupadas mayores de 30 an\u0303os que cursen con aprovechamiento acciones de formacio\u0301n profesional para el empleo financiadas por el SOIB Si eres un trabajador desocupado y cursas una especialidad formativa correspondiente a las competencias clave impartidas por los centros educativos para personas adultas, para el periodo 2018-2019, puedes solicitar una beca o [&hellip;]<\/p>\n","protected":false},"author":1,"featured_media":0,"parent":0,"menu_order":0,"comment_status":"closed","ping_status":"closed","template":"","meta":{"_et_pb_use_builder":"on","_et_pb_old_content":"","_et_gb_content_width":"","footnotes":"","_links_to":"","_links_to_target":""},"class_list":["post-5379","page","type-page","status-publish","hentry"],"publishpress_future_action":{"enabled":false,"date":"2026-04-18 15:27:13","action":"change-status","newStatus":"draft","terms":[],"taxonomy":"translation_priority","extraData":[]},"publishpress_future_workflow_manual_trigger":{"enabledWorkflows":[]},"_links":{"self":[{"href":"https:\/\/soib.es\/es\/wp-json\/wp\/v2\/pages\/5379","targetHints":{"allow":["GET"]}}],"collection":[{"href":"https:\/\/soib.es\/es\/wp-json\/wp\/v2\/pages"}],"about":[{"href":"https:\/\/soib.es\/es\/wp-json\/wp\/v2\/types\/page"}],"author":[{"embeddable":true,"href":"https:\/\/soib.es\/es\/wp-json\/wp\/v2\/users\/1"}],"replies":[{"embeddable":true,"href":"https:\/\/soib.es\/es\/wp-json\/wp\/v2\/comments?post=5379"}],"version-history":[{"count":0,"href":"https:\/\/soib.es\/es\/wp-json\/wp\/v2\/pages\/5379\/revisions"}],"wp:attachment":[{"href":"https:\/\/soib.es\/es\/wp-json\/wp\/v2\/media?parent=5379"}],"curies":[{"name":"wp","href":"https:\/\/api.w.org\/{rel}","templated":true}]}}