{"id":5318,"date":"2025-02-01T00:00:32","date_gmt":"2025-01-31T23:00:32","guid":{"rendered":"https:\/\/soib.es\/beques-i-ajuts\/"},"modified":"2026-03-27T10:34:54","modified_gmt":"2026-03-27T09:34:54","slug":"becas-y-ayudas","status":"publish","type":"page","link":"https:\/\/soib.es\/es\/becas-y-ayudas\/","title":{"rendered":"Becas y ayudas"},"content":{"rendered":"<p>[et_pb_section fb_built=\u00bb1&#8243; _builder_version=\u00bb4.16&#8243; background_color=\u00bb#f7f7f7&#8243; custom_padding=\u00bb25px|0px|25px|0px\u00bb global_colors_info=\u00bb{}\u00bb][et_pb_row column_structure=\u00bb2_5,3_5&#8243; _builder_version=\u00bb4.16&#8243; global_colors_info=\u00bb{}\u00bb][et_pb_column type=\u00bb2_5&#8243; _builder_version=\u00bb4.16&#8243; custom_padding=\u00bb|||\u00bb global_colors_info=\u00bb{}\u00bb custom_padding__hover=\u00bb|||\u00bb][et_pb_text _builder_version=\u00bb4.16&#8243; global_colors_info=\u00bb{}\u00bb]<\/p>\n<h1><strong>Becas y ayudas<\/strong><\/h1>\n<p>[\/et_pb_text][\/et_pb_column][et_pb_column type=\u00bb3_5&#8243; _builder_version=\u00bb4.16&#8243; custom_padding=\u00bb|||\u00bb global_colors_info=\u00bb{}\u00bb custom_padding__hover=\u00bb|||\u00bb][et_pb_text _builder_version=\u00bb4.16&#8243; custom_margin=\u00bb0px|0px|0px|0px|false|false\u00bb custom_padding=\u00bb10px|10px|10px|10px|false|false\u00bb border_width_all=\u00bb2px\u00bb border_color_all=\u00bb#cb023e\u00bb locked=\u00bboff\u00bb global_colors_info=\u00bb{}\u00bb]<\/p>\n<p><strong>Recuerda<\/strong> que para tener derecho a beca, uno de los requisitos es la inscripci\u00f3n en el SOIB como demandante de empleo desocupado\/desocupada (en la inscripci\u00f3n en l\u00ednea, opci\u00f3n <em>B\u00fasqueda Activa de Empleo<\/em>).<\/p>\n<p>[\/et_pb_text][\/et_pb_column][\/et_pb_row][\/et_pb_section][et_pb_section fb_built=\u00bb1&#8243; _builder_version=\u00bb4.16&#8243; custom_padding=\u00bb25px|0px|54px|0px\u00bb global_colors_info=\u00bb{}\u00bb][et_pb_row _builder_version=\u00bb4.16&#8243; global_colors_info=\u00bb{}\u00bb][et_pb_column type=\u00bb4_4&#8243; _builder_version=\u00bb4.16&#8243; custom_padding=\u00bb|||\u00bb global_colors_info=\u00bb{}\u00bb custom_padding__hover=\u00bb|||\u00bb][et_pb_button button_url=\u00bbhttps:\/\/docs.google.com\/forms\/d\/e\/1FAIpQLScy7iQk6mEqoMX9-M2UeGMotUCOCRzTuHxdvmBYKAKRBgkTOQ\/viewform\u00bb url_new_window=\u00bbon\u00bb button_text=\u00bb\u00bfTienes dudas? Consulta el Punto de Orientaci\u00f3n Acad\u00e9mica y Profesional (POAP)\u00bb disabled_on=\u00bbon|on|on\u00bb _builder_version=\u00bb4.27.4&#8243; _module_preset=\u00bbdefault\u00bb custom_button=\u00bbon\u00bb button_text_size=\u00bb16px\u00bb button_text_color=\u00bb#cb023e\u00bb button_bg_color=\u00bb#FFFFFF\u00bb button_border_width=\u00bb1px\u00bb button_border_color=\u00bb#cb023e\u00bb button_icon=\u00bb&#xe07e;||divi||400&#8243; button_icon_placement=\u00bbleft\u00bb button_on_hover=\u00bboff\u00bb disabled=\u00bbon\u00bb locked=\u00bboff\u00bb global_colors_info=\u00bb{}\u00bb][\/et_pb_button][et_pb_countdown_timer title=\u00bbRecuerda: presentaci\u00f3n de solicitudes de becas 2\u00ba cuatrimestre ESPA del 1 de febrero al 31 de mayo de 2025, ambos incluidos\u00bb date_time=\u00bb2025-06-01 00:00&#8243; disabled_on=\u00bbon|on|on\u00bb _builder_version=\u00bb4.27.4&#8243; _module_preset=\u00bbdefault\u00bb header_level=\u00bbh3&#8243; header_font=\u00bb|600|||||||\u00bb header_text_color=\u00bb#474747&#8243; header_font_size=\u00bb18px\u00bb numbers_font=\u00bb|600|||||||\u00bb numbers_text_color=\u00bb#cb023e\u00bb numbers_font_size=\u00bb18px\u00bb numbers_line_height=\u00bb20px\u00bb separator_font_size=\u00bb0px\u00bb separator_letter_spacing=\u00bb10px\u00bb separator_line_height=\u00bb0px\u00bb label_text_color=\u00bb#6B6B6B\u00bb module_alignment=\u00bbleft\u00bb link_option_url_new_window=\u00bbon\u00bb use_custom_labels=\u00bbon\u00bb label_days_full=\u00bbdies\u00bb label_days_short=\u00bbdies\u00bb label_hours_full=\u00bbhores\u00bb label_hours_short=\u00bbh\u00bb label_mins_full=\u00bbminuts\u00bb label_mins_short=\u00bbmin\u00bb label_secs_full=\u00bbsegons\u00bb label_secs_short=\u00bbs\u00bb disabled=\u00bbon\u00bb locked=\u00bboff\u00bb global_colors_info=\u00bb{}\u00bb][\/et_pb_countdown_timer][\/et_pb_column][\/et_pb_row][et_pb_row column_structure=\u00bb1_3,1_3,1_3&#8243; _builder_version=\u00bb4.16&#8243; global_colors_info=\u00bb{}\u00bb][et_pb_column type=\u00bb1_3&#8243; _builder_version=\u00bb4.16&#8243; custom_padding=\u00bb|||\u00bb global_colors_info=\u00bb{}\u00bb custom_padding__hover=\u00bb|||\u00bb][et_pb_text _builder_version=\u00bb4.27.6&#8243; hover_enabled=\u00bb0&#8243; global_colors_info=\u00bb{}\u00bb sticky_enabled=\u00bb0&#8243;]<div id=\"attachment_16347\" style=\"width: 310px\" class=\"wp-caption aligncenter\"><a href=\"https:\/\/soib.es\/es\/beques-assistencia-i-ajuts-persones-treballadores-desocupades-alumnes-graus-b-moduls-fempo-financats-pel-soib-periode-2025-2027\/\" target=\"_blank\" rel=\"noopener noreferrer\"><img loading=\"lazy\" decoding=\"async\" aria-describedby=\"caption-attachment-16347\" class=\"wp-image-16346 size-medium\" src=\"https:\/\/soib.es\/wp-content\/uploads\/2025\/12\/Baner-web-becas-grados-B-hasta-31marzo2027.png\" alt=\"\" width=\"300\" height=\"189\" \/><\/a><p id=\"caption-attachment-16347\" class=\"wp-caption-text\">Becas formativas para alumnado de Grados B. m\u00f3dulos profesionales o FEMPO financiados por el SOIB, finalizados entre el 1\/1\/2025 y el 31\/3\/2027<\/p><\/div><\/p>\n<p>&nbsp;<\/p>\n<p>[\/et_pb_text][et_pb_text _builder_version=\u00bb4.27.6&#8243; custom_margin=\u00bb30px||||false|false\u00bb hover_enabled=\u00bb0&#8243; global_colors_info=\u00bb{}\u00bb sticky_enabled=\u00bb0&#8243;]<div id=\"attachment_29609\" style=\"width: 310px\" class=\"wp-caption aligncenter\"><a href=\"https:\/\/soib.es\/es\/consulta-estat-de-la-teva-beca\/\" target=\"_blank\" rel=\"noopener\"><img loading=\"lazy\" decoding=\"async\" aria-describedby=\"caption-attachment-29609\" class=\"wp-image-29609 size-medium\" src=\"https:\/\/soib.es\/wp-content\/uploads\/2022\/09\/Baner-web-consulta-becas.png\" alt=\"\" width=\"300\" height=\"189\" \/><\/a><p id=\"caption-attachment-29609\" class=\"wp-caption-text\">Becas de acciones formativas financiadas por el SOIB (incluye becas de transporte, conciliaci\u00f3n, manutenci\u00f3n y discapacidad), ESPA y FP<\/p><\/div><\/p>\n<p>&nbsp;<\/p>\n<p>&nbsp;<\/p>\n<p>[\/et_pb_text][et_pb_text _builder_version=\u00bb4.27.6&#8243; hover_enabled=\u00bb0&#8243; global_colors_info=\u00bb{}\u00bb sticky_enabled=\u00bb0&#8243;]<div id=\"attachment_29611\" style=\"width: 310px\" class=\"wp-caption aligncenter\"><a href=\"https:\/\/soib.es\/es\/convocatoria-beques-formatives-majors-de-30-anys-espa-i-fp\/\" target=\"_blank\" rel=\"noopener\"><img loading=\"lazy\" decoding=\"async\" aria-describedby=\"caption-attachment-29611\" class=\"wp-image-29611 size-medium\" src=\"https:\/\/soib.es\/wp-content\/uploads\/2024\/04\/Baner-web-becas-mayores-de-30.png\" alt=\"\" width=\"300\" height=\"189\" \/><\/a><p id=\"caption-attachment-29611\" class=\"wp-caption-text\">Becas formativas para mayores de 30 a\u00f1os en desempleo para cursar Educaci\u00f3n Secundaria para Personas Adultas (ESPA), y ciclos de grado medio o superior de formaci\u00f3n profesional presencial reglada (FP)<\/p><\/div><\/p>\n<p>&nbsp;<\/p>\n<p>[\/et_pb_text][\/et_pb_column][et_pb_column type=\u00bb1_3&#8243; _builder_version=\u00bb4.16&#8243; custom_padding=\u00bb|||\u00bb global_colors_info=\u00bb{}\u00bb custom_padding__hover=\u00bb|||\u00bb][et_pb_text _builder_version=\u00bb4.27.6&#8243; hover_enabled=\u00bb0&#8243; global_colors_info=\u00bb{}\u00bb sticky_enabled=\u00bb0&#8243;]<div id=\"attachment_16357\" style=\"width: 310px\" class=\"wp-caption aligncenter\"><a href=\"https:\/\/soib.es\/es\/propostes-i-resolucions-beques\/\" target=\"_blank\" rel=\"noopener noreferrer\"><img loading=\"lazy\" decoding=\"async\" aria-describedby=\"caption-attachment-16357\" class=\"wp-image-16357 size-medium\" src=\"https:\/\/soib.es\/wp-content\/uploads\/2024\/02\/Baner-propuestas-y-resoluciones-becas.png\" alt=\"\" width=\"300\" height=\"189\" \/><\/a><p id=\"caption-attachment-16357\" class=\"wp-caption-text\">Consulta todas las propuestas\/resoluciones de concesi\u00f3n\/pago\/denegaci\u00f3n<\/p><\/div>[\/et_pb_text][et_pb_button button_url=\u00bbhttps:\/\/soib.es\/es\/ajuts-a-empreses-per-acollir-alumnat-de-practiques-professionals-no-laborals-o-periode-fempo\/\u00bb url_new_window=\u00bbon\u00bb button_text=\u00bb Ayudas a empresas para acoger alumnado del m\u00f3dulo de pr\u00e1cticas profesionales no laborales o del periodo de formaci\u00f3n en empresa u organismo equiparado (FEMPO) vinculados a la oferta formativa financiada por el SOIB\u00bb disabled_on=\u00bboff|off|off\u00bb _builder_version=\u00bb4.27.4&#8243; _module_preset=\u00bbdefault\u00bb custom_button=\u00bbon\u00bb button_text_size=\u00bb16px\u00bb button_text_color=\u00bb#e01e4f\u00bb button_bg_color=\u00bbRGBA(0,0,0,0)\u00bb button_font=\u00bb|600|||||||\u00bb button_icon=\u00bb&#xe02b;||divi||400&#8243; button_icon_color=\u00bb#000000&#8243; button_icon_placement=\u00bbleft\u00bb button_on_hover=\u00bboff\u00bb background_layout=\u00bbdark\u00bb custom_margin=\u00bb60px||0px|0px|false|false\u00bb box_shadow_style=\u00bbpreset5&#8243; locked=\u00bboff\u00bb global_colors_info=\u00bb{}\u00bb][\/et_pb_button][\/et_pb_column][et_pb_column type=\u00bb1_3&#8243; _builder_version=\u00bb4.16&#8243; custom_padding=\u00bb|||\u00bb global_colors_info=\u00bb{}\u00bb custom_padding__hover=\u00bb|||\u00bb][et_pb_text _builder_version=\u00bb4.27.6&#8243; hover_enabled=\u00bb0&#8243; global_colors_info=\u00bb{}\u00bb sticky_enabled=\u00bb0&#8243;]<div id=\"attachment_16347\" style=\"width: 310px\" class=\"wp-caption aligncenter\"><a href=\"https:\/\/soib.es\/es\/becas-de-asistencia-y-ayudas-para-personas-trabajadoras-desempleadas-que-sean-alumnas-de-especialidades-formativas-financiadas-por-el-soib-para-el-periodo-2026-2029\/\" target=\"_blank\" rel=\"noopener noreferrer\"><img loading=\"lazy\" decoding=\"async\" aria-describedby=\"caption-attachment-16347\" class=\"wp-image-16346 size-medium\" src=\"https:\/\/soib.es\/wp-content\/uploads\/2025\/11\/Baner-web-becas-acciones-formativas-SOIB-a-partir-ene2026-1.png\" alt=\"\" width=\"300\" height=\"189\" \/><\/a><p id=\"caption-attachment-16347\" class=\"wp-caption-text\">Becas formativas para alumnado de formaci\u00f3n en el trabajo financiada por el SOIB, finalizada entre el 1\/1\/2026 y el 31\/12\/2028<\/p><\/div><\/p>\n<p>&nbsp;<\/p>\n<p>[\/et_pb_text][et_pb_text _builder_version=\u00bb4.27.6&#8243; hover_enabled=\u00bb0&#8243; global_colors_info=\u00bb{}\u00bb sticky_enabled=\u00bb0&#8243;]<div id=\"attachment_16347\" style=\"width: 310px\" class=\"wp-caption aligncenter\"><a href=\"https:\/\/soib.es\/es\/beques-per-a-alumnes-formacio-professional-ocupacio-financ%cc%a7ada-pel-soib\/\" target=\"_blank\" rel=\"noopener noreferrer\"><img loading=\"lazy\" decoding=\"async\" aria-describedby=\"caption-attachment-16347\" class=\"wp-image-16346 size-medium\" src=\"https:\/\/soib.es\/wp-content\/uploads\/2025\/11\/Baner-web-becas-acciones-formativas-SOIB-hasta-dic2025.png\" alt=\"\" width=\"300\" height=\"189\" \/><\/a><p id=\"caption-attachment-16347\" class=\"wp-caption-text\">Becas formativas para alumnado de formaci\u00f3n profesional para el empleo financiada por el SOIB, finalizada entre el 1\/8\/2020 y el 31\/12\/2025<\/p><\/div><\/p>\n<p>&nbsp;<\/p>\n<p>[\/et_pb_text][et_pb_text _builder_version=\u00bb4.27.6&#8243; custom_margin=\u00bb-40px||||false|false\u00bb hover_enabled=\u00bb0&#8243; global_colors_info=\u00bb{}\u00bb sticky_enabled=\u00bb0&#8243;]<div id=\"attachment_8410\" style=\"width: 310px\" class=\"wp-caption aligncenter\"><a href=\"https:\/\/soib.es\/es\/convocatoria-soib-jove-beques-dexit\/\" target=\"_blank\" rel=\"noopener\"><img loading=\"lazy\" decoding=\"async\" aria-describedby=\"caption-attachment-8410\" class=\"alignnone wp-image-29613 size-medium\" src=\"https:\/\/soib.es\/wp-content\/uploads\/2024\/04\/Baner-web-becas-menores-de-30.png\" alt=\"\" width=\"300\" height=\"189\" \/><\/a><p id=\"caption-attachment-8410\" class=\"wp-caption-text\">SOIB Jove Becas de \u00c9xito para j\u00f3venes en desempleo de entre 18 y 29 a\u00f1os, para cursar Educaci\u00f3n Secundaria para Personas Adultas (ESPA) y FP presencial, cofinanciada por el Fondo Social Europeo Plus, Programa Illes Balears para el periodo 2021-2027<\/p><\/div><\/p>\n<p>&nbsp;<\/p>\n<p>[\/et_pb_text][\/et_pb_column][\/et_pb_row][\/et_pb_section]<\/p>\n","protected":false},"excerpt":{"rendered":"<p>Becas y ayudasRecuerda que para tener derecho a beca, uno de los requisitos es la inscripci\u00f3n en el SOIB como demandante de empleo desocupado\/desocupada (en la inscripci\u00f3n en l\u00ednea, opci\u00f3n B\u00fasqueda Activa de Empleo).&nbsp;&nbsp; &nbsp;&nbsp;&nbsp;&nbsp;&nbsp;<\/p>\n","protected":false},"author":1,"featured_media":0,"parent":0,"menu_order":0,"comment_status":"closed","ping_status":"closed","template":"","meta":{"_et_pb_use_builder":"on","_et_pb_old_content":"","_et_gb_content_width":"","footnotes":"","_links_to":"","_links_to_target":""},"class_list":["post-5318","page","type-page","status-publish","hentry"],"publishpress_future_action":{"enabled":false,"date":"2026-04-11 05:29:51","action":"change-status","newStatus":"draft","terms":[],"taxonomy":"translation_priority","extraData":[]},"publishpress_future_workflow_manual_trigger":{"enabledWorkflows":[]},"_links":{"self":[{"href":"https:\/\/soib.es\/es\/wp-json\/wp\/v2\/pages\/5318","targetHints":{"allow":["GET"]}}],"collection":[{"href":"https:\/\/soib.es\/es\/wp-json\/wp\/v2\/pages"}],"about":[{"href":"https:\/\/soib.es\/es\/wp-json\/wp\/v2\/types\/page"}],"author":[{"embeddable":true,"href":"https:\/\/soib.es\/es\/wp-json\/wp\/v2\/users\/1"}],"replies":[{"embeddable":true,"href":"https:\/\/soib.es\/es\/wp-json\/wp\/v2\/comments?post=5318"}],"version-history":[{"count":1,"href":"https:\/\/soib.es\/es\/wp-json\/wp\/v2\/pages\/5318\/revisions"}],"predecessor-version":[{"id":71366,"href":"https:\/\/soib.es\/es\/wp-json\/wp\/v2\/pages\/5318\/revisions\/71366"}],"wp:attachment":[{"href":"https:\/\/soib.es\/es\/wp-json\/wp\/v2\/media?parent=5318"}],"curies":[{"name":"wp","href":"https:\/\/api.w.org\/{rel}","templated":true}]}}