{"id":5230,"date":"2019-07-20T00:00:02","date_gmt":"2019-07-19T22:00:02","guid":{"rendered":"https:\/\/soib.es\/soib-jove-orientacio\/"},"modified":"2025-12-04T10:00:22","modified_gmt":"2025-12-04T09:00:22","slug":"soib-joven-orientacion","status":"publish","type":"page","link":"https:\/\/soib.es\/es\/soib-joven-orientacion\/","title":{"rendered":"SOIB JOVE Orientacio\u0301n"},"content":{"rendered":"<p>[et_pb_section fb_built=\u00bb1&#8243; _builder_version=\u00bb4.16&#8243; background_color=\u00bb#f7f7f7&#8243; custom_padding=\u00bb25px|0px|25px|0px\u00bb global_colors_info=\u00bb{}\u00bb][et_pb_row column_structure=\u00bb1_3,1_3,1_3&#8243; _builder_version=\u00bb4.16&#8243; global_colors_info=\u00bb{}\u00bb][et_pb_column type=\u00bb1_3&#8243; _builder_version=\u00bb4.16&#8243; custom_padding=\u00bb|||\u00bb global_colors_info=\u00bb{}\u00bb custom_padding__hover=\u00bb|||\u00bb][et_pb_text _builder_version=\u00bb4.16&#8243; global_colors_info=\u00bb{}\u00bb]<\/p>\n<h1><strong><img loading=\"lazy\" decoding=\"async\" class=\"size-medium wp-image-11354 alignleft\" src=\"https:\/\/soib.es\/wp-content\/uploads\/2019\/03\/Servei-SOIB-Jove-Orientaci\u00f3-300x241.png\" alt=\"\" width=\"300\" height=\"241\" srcset=\"https:\/\/soib.es\/wp-content\/uploads\/2019\/03\/Servei-SOIB-Jove-Orientaci\u00f3-300x241.png 300w, https:\/\/soib.es\/wp-content\/uploads\/2019\/03\/Servei-SOIB-Jove-Orientaci\u00f3-768x617.png 768w, https:\/\/soib.es\/wp-content\/uploads\/2019\/03\/Servei-SOIB-Jove-Orientaci\u00f3-1024x823.png 1024w, https:\/\/soib.es\/wp-content\/uploads\/2019\/03\/Servei-SOIB-Jove-Orientaci\u00f3-1080x868.png 1080w, https:\/\/soib.es\/wp-content\/uploads\/2019\/03\/Servei-SOIB-Jove-Orientaci\u00f3.png 1813w\" sizes=\"(max-width: 300px) 100vw, 300px\" \/> <\/strong><\/h1>\n<p>&nbsp;<\/p>\n<p>[\/et_pb_text][\/et_pb_column][et_pb_column type=\u00bb1_3&#8243; _builder_version=\u00bb4.16&#8243; custom_padding=\u00bb|||\u00bb global_colors_info=\u00bb{}\u00bb custom_padding__hover=\u00bb|||\u00bb][et_pb_toggle title=\u00bb\u00a1Inscr\u00edbete!\u00bb open_toggle_text_color=\u00bb#878786&#8243; closed_toggle_text_color=\u00bb#cb023e\u00bb icon_color=\u00bb#cb023e\u00bb open_icon_color=\u00bb#cb023e\u00bb _builder_version=\u00bb4.23.1&#8243; title_font=\u00bb|700|||||||\u00bb title_text_align=\u00bbcenter\u00bb title_font_size=\u00bb16px\u00bb closed_title_font=\u00bb|700|||||||\u00bb text_orientation=\u00bbcenter\u00bb global_colors_info=\u00bb{}\u00bb]<\/p>\n<h4 style=\"text-align: center;\">Rellena el formulario<strong><br \/><\/strong><\/h4>\n<a href='https:\/\/forms.gle\/KX5GaX6gKGhgAVpKA' class='big-button bigsilver' target=\"_blank\">Inscripci\u00f3n a SOIB JOVE orientaci\u00f3n Mallorca<\/a>\n<a href='https:\/\/forms.gle\/NzHTNtBY7pEFEfzZ9' class='big-button bigsilver' target=\"_blank\">Inscripci\u00f3n a SOIB JOVE orientaci\u00f3n Menorca<\/a>\n<p>&nbsp;<\/p>\n<p>[\/et_pb_toggle][et_pb_toggle title=\u00bb\u00a1Inscr\u00edbete!\u00bb open_toggle_text_color=\u00bb#878786&#8243; closed_toggle_text_color=\u00bb#cb023e\u00bb icon_color=\u00bb#cb023e\u00bb open_icon_color=\u00bb#cb023e\u00bb disabled_on=\u00bbon|on|on\u00bb _builder_version=\u00bb4.16&#8243; title_font=\u00bb|700|||||||\u00bb title_text_align=\u00bbcenter\u00bb title_font_size=\u00bb16px\u00bb closed_title_font=\u00bb|700|||||||\u00bb text_orientation=\u00bbcenter\u00bb disabled=\u00bbon\u00bb global_colors_info=\u00bb{}\u00bb]<\/p>\n<h4 style=\"text-align: center;\">Rellena el formulario<strong><br \/><\/strong><\/h4>\n<a href='https:\/\/forms.gle\/yrveL7umHT39WJdC8' class='big-button bigsilver' target=\"_blank\">Inscripci\u00f3n a SOIB JOVE orientaci\u00f3n Mallorca<\/a>\n<a href='https:\/\/forms.gle\/ffBgDYF3QyhgkfZs8' class='big-button bigsilver' target=\"_blank\">Inscripci\u00f3n a SOIB JOVE orientaci\u00f3n Menorca<\/a>\n<a href='https:\/\/forms.gle\/4HRoVYgtySMi2iyR7' class='big-button bigsilver' target=\"_blank\">Inscripci\u00f3n a SOIB JOVE orientaci\u00f3n Eivissa y Formentera<\/a>\n<p>&nbsp;<\/p>\n<p>[\/et_pb_toggle][\/et_pb_column][et_pb_column type=\u00bb1_3&#8243; _builder_version=\u00bb4.16&#8243; custom_padding=\u00bb|||\u00bb global_colors_info=\u00bb{}\u00bb custom_padding__hover=\u00bb|||\u00bb][et_pb_text _builder_version=\u00bb4.16&#8243; global_colors_info=\u00bb{}\u00bb]<\/p>\n<p><img loading=\"lazy\" decoding=\"async\" class=\"wp-image-12293 size-medium alignright\" src=\"https:\/\/soib.es\/wp-content\/uploads\/2019\/04\/Fa\u00e7ana-SOIBjove-oficina-Sta-Eul\u00e0ria-300x229.jpeg\" alt=\"\" width=\"300\" height=\"229\" srcset=\"https:\/\/soib.es\/wp-content\/uploads\/2019\/04\/Fa\u00e7ana-SOIBjove-oficina-Sta-Eul\u00e0ria-300x229.jpeg 300w, https:\/\/soib.es\/wp-content\/uploads\/2019\/04\/Fa\u00e7ana-SOIBjove-oficina-Sta-Eul\u00e0ria-768x586.jpeg 768w, https:\/\/soib.es\/wp-content\/uploads\/2019\/04\/Fa\u00e7ana-SOIBjove-oficina-Sta-Eul\u00e0ria.jpeg 855w\" sizes=\"(max-width: 300px) 100vw, 300px\" \/><\/p>\n<p>[\/et_pb_text][\/et_pb_column][\/et_pb_row][\/et_pb_section][et_pb_section fb_built=\u00bb1&#8243; _builder_version=\u00bb4.16&#8243; custom_padding=\u00bb25px|0px|10px|0px\u00bb global_colors_info=\u00bb{}\u00bb][et_pb_row _builder_version=\u00bb4.16&#8243; custom_padding=\u00bb27px|0px|10px|0px\u00bb global_colors_info=\u00bb{}\u00bb][et_pb_column type=\u00bb4_4&#8243; _builder_version=\u00bb4.16&#8243; custom_padding=\u00bb|||\u00bb global_colors_info=\u00bb{}\u00bb custom_padding__hover=\u00bb|||\u00bb][et_pb_text _builder_version=\u00bb4.23.1&#8243; _module_preset=\u00bbdefault\u00bb global_colors_info=\u00bb{}\u00bb]<\/p>\n<h4 style=\"text-align: center;\">Te ayudamos a dar <strong>#UnSaltAlFutur<\/strong>, \u00bfnos sigues?<\/h4>\n<p>[\/et_pb_text][et_pb_blurb title=\u00bb\u00bfQui\u00e9nes somos?\u00bb use_icon=\u00bbon\u00bb font_icon=\u00bb&#x41;||divi||400&#8243; icon_color=\u00bb#cb023e\u00bb icon_placement=\u00bbleft\u00bb content_max_width=\u00bb1100px\u00bb _builder_version=\u00bb4.16&#8243; _module_preset=\u00bbdefault\u00bb global_colors_info=\u00bb{}\u00bb]<\/p>\n<p>Somos un servicio de orientaci\u00f3n para j\u00f3venes que te acompa\u00f1ar\u00e1 para descubrir tu vocaci\u00f3n profesional.<\/p>\n<p>&nbsp;<\/p>\n<p>[\/et_pb_blurb][et_pb_blurb title=\u00bb\u00bfQu\u00e9 te ofrecemos?\u00bb use_icon=\u00bbon\u00bb font_icon=\u00bb&#x41;||divi||400&#8243; icon_color=\u00bb#cb023e\u00bb icon_placement=\u00bbleft\u00bb content_max_width=\u00bb1100px\u00bb _builder_version=\u00bb4.16&#8243; _module_preset=\u00bbdefault\u00bb global_colors_info=\u00bb{}\u00bb]<\/p>\n<ul>\n<li>Te daremos informaci\u00f3n, asesoramiento y orientaci\u00f3n para ayudarte a decidir tu futuro profesional<\/li>\n<li>Te acompa\u00f1aremos a visitar empresas y centros de formaci\u00f3n (Catas Vocacionales)<\/li>\n<li>Podr\u00e1s participar de talleres prelaborales y espec\u00edficos (de curr\u00edculum, de entrevista de selecci\u00f3n, de motivaci\u00f3n, &#8230;)<\/li>\n<li>Te ayudaremos a buscar ofertas de trabajo adaptadas a tu objectivo profesional<\/li>\n<\/ul>\n<p>[\/et_pb_blurb][et_pb_blurb title=\u00bb\u00bfQu\u00e9 requisitos debes cumplir?\u00bb use_icon=\u00bbon\u00bb font_icon=\u00bb&#x41;||divi||400&#8243; icon_color=\u00bb#cb023e\u00bb icon_placement=\u00bbleft\u00bb content_max_width=\u00bb1100px\u00bb _builder_version=\u00bb4.16&#8243; _module_preset=\u00bbdefault\u00bb global_colors_info=\u00bb{}\u00bb]<\/p>\n<ul>\n<li>Tener entre 16 y 29 a\u00f1os<\/li>\n<li>Querer definir tu objetivo profesional<\/li>\n<li>No tener estudios superiores<\/li>\n<\/ul>\n<p>[\/et_pb_blurb][\/et_pb_column][\/et_pb_row][et_pb_row _builder_version=\u00bb4.16&#8243; custom_padding=\u00bb27px|0px|10px|0px\u00bb global_colors_info=\u00bb{}\u00bb][et_pb_column type=\u00bb4_4&#8243; _builder_version=\u00bb4.16&#8243; custom_padding=\u00bb|||\u00bb global_colors_info=\u00bb{}\u00bb custom_padding__hover=\u00bb|||\u00bb][et_pb_toggle title=\u00bb\u00bfD\u00f3nde nos encontrar\u00e1s?\u00bb open_toggle_text_color=\u00bb#878786&#8243; closed_toggle_text_color=\u00bb#cb023e\u00bb icon_color=\u00bb#cb023e\u00bb open_icon_color=\u00bb#cb023e\u00bb _builder_version=\u00bb4.27.4&#8243; title_font=\u00bb|700|||||||\u00bb title_font_size=\u00bb16px\u00bb closed_title_font=\u00bb|700|||||||\u00bb hover_enabled=\u00bb0&#8243; global_colors_info=\u00bb{}\u00bb sticky_enabled=\u00bb0&#8243;]<\/p>\n<p>En la direcci\u00f3n electr\u00f3nica <a href=\"mailto:soibjove@soib.caib.es\" target=\"_blank\" rel=\"noopener noreferrer\"><strong><span style=\"color: #cb023e;\">soibjove@soib.caib.es<\/span><\/strong><\/a><\/p>\n<p><strong>Mallorca<\/strong><\/p>\n<ul>\n<li>Palma<\/li>\n<\/ul>\n<p style=\"padding-left: 40px;\">Oficina Sectorial de Orientaci\u00f3n de Santa Eul\u00e0lia. Tel.: 971 176 038<br \/>Pla\u00e7a de Santa Eul\u00e0lia, 7 bajos. 07001 Palma<\/p>\n<ul>\n<li>Inca<\/li>\n<\/ul>\n<p style=\"padding-left: 40px;\">Oficina SOIB. Tel: 971 176 176<br \/>Av. des Raiguer, 99. 07300 Inca<\/p>\n<ul>\n<li>Manacor<\/li>\n<\/ul>\n<p style=\"padding-left: 40px;\">Oficina SOIB. Tel.: 971 177 444<br \/>C\/ Men\u00e9ndez Pelayo, 44. 07500 Manacor<\/p>\n<p><strong>Menorca<\/strong><\/p>\n<ul>\n<li>Ma\u00f3<\/li>\n<\/ul>\n<p style=\"padding-left: 40px;\">Oficina SOIB. Tel: 971 177 980<br \/>Pl. Miranda, s\/n 07701 Ma\u00f3<\/p>\n<ul>\n<li>Ciutadella<\/li>\n<\/ul>\n<p style=\"padding-left: 40px;\">Oficina SOIB. Tel.: 971 177 636<br \/>C\/ Sant Antoni Maria Claret, 70. 07760 Ciutadella<\/p>\n<p style=\"padding-left: 40px;\">Si perteneces a cualquier otra oficina, puedes contactar con nosotros en el tel\u00e9fono 971176 038 o inscr\u00edbete en los formularios que hay al inicio de esta <span lang=\"ca-ES\">p\u00e1gina seg\u00fan tu isla de residencia.<\/span><\/p>\n<p>El horario habitual de atenci\u00f3n al p\u00fablico es de lunes a viernes de las 9 h a las 14 h, excepto festivos. Para evitar esperas, <span style=\"color: #cb023e;\"><a style=\"color: #cb023e;\" href=\"https:\/\/soib.es\/es\/demana-cita-previa\/\" target=\"_blank\" rel=\"noopener\"><strong>pide cita previa<\/strong><\/a><\/span>.<\/p>\n<p>[\/et_pb_toggle][et_pb_toggle title=\u00bb\u00bfD\u00f3nde nos encontrar\u00e1s?\u00bb open_toggle_text_color=\u00bb#878786&#8243; closed_toggle_text_color=\u00bb#cb023e\u00bb icon_color=\u00bb#cb023e\u00bb open_icon_color=\u00bb#cb023e\u00bb disabled_on=\u00bbon|on|on\u00bb _builder_version=\u00bb4.16&#8243; title_font=\u00bb|700|||||||\u00bb title_font_size=\u00bb16px\u00bb closed_title_font=\u00bb|700|||||||\u00bb disabled=\u00bbon\u00bb global_colors_info=\u00bb{}\u00bb]<\/p>\n<p>En la direcci\u00f3n electr\u00f3nica <a href=\"mailto:soibjove@soib.caib.es\" target=\"_blank\" rel=\"noopener noreferrer\"><strong><span style=\"color: #cb023e;\">soibjove@soib.caib.es<\/span><\/strong><\/a><\/p>\n<p><strong>Mallorca<\/strong><\/p>\n<ul>\n<li>Palma<\/li>\n<\/ul>\n<p style=\"padding-left: 40px;\">Oficina Sectorial de Orientaci\u00f3n de Santa Eul\u00e0lia. Tel.: 971 176 038<br \/>Pla\u00e7a de Santa Eul\u00e0lia, 7 bajos. 07001 Palma<\/p>\n<ul>\n<li>Inca<\/li>\n<\/ul>\n<p style=\"padding-left: 40px;\">Oficina SOIB. Tel: 971 176 176<br \/>Av. des Raiguer, 99. 07300 Inca<\/p>\n<ul>\n<li>Manacor<\/li>\n<\/ul>\n<p style=\"padding-left: 40px;\">Oficina SOIB. Tel.: 971 177 444<br \/>C\/ Men\u00e9ndez Pelayo, 44. 07500 Manacor<\/p>\n<p><strong>Menorca<\/strong><\/p>\n<ul>\n<li>Ma\u00f3<\/li>\n<\/ul>\n<p style=\"padding-left: 40px;\">Oficina SOIB. Tel: 971 177 980<br \/>Pl. Miranda, s\/n 07701 Ma\u00f3<\/p>\n<ul>\n<li>Ciutadella<\/li>\n<\/ul>\n<p style=\"padding-left: 40px;\">Oficina SOIB. Tel.: 971 177 636<br \/>C\/ Sant Antoni Maria Claret, 70. 07760 Ciutadella<\/p>\n<p><strong>Eivissa<\/strong><\/p>\n<ul>\n<li>Eivissa Vila<\/li>\n<\/ul>\n<p style=\"padding-left: 40px;\">Oficina SOIB. Tel.: 971 177 015<br \/>C\/ Can\u00e0ries, 35, 1r pis (Edifici CETIS). 07800 Eivissa<\/p>\n<ul>\n<li>Sant Antoni de Portmany<\/li>\n<\/ul>\n<p style=\"padding-left: 40px;\">Oficina SOIB. Tel.: 971177016<br \/>C\/ Soledat, 54. 07820 Sant Antoni de Portmany<\/p>\n<ul>\n<li>Santa Eul\u00e0ria des Riu<\/li>\n<\/ul>\n<p style=\"padding-left: 40px;\">Oficina SOIB. Tel.: 971177077<br \/>Cam\u00ed de Missa, 34. 07840 Santa Eul\u00e0ria des Riu<\/p>\n<p>Si perteneces a cualquier otra oficina, puedes contactar con nosotros en el tel\u00e9fono 971176 038 o inscr\u00edbete en los formularios que hay al inicio de esta <span lang=\"ca-ES\">p\u00e1gina seg\u00fan tu isla de residencia.<\/span><\/p>\n<p>[\/et_pb_toggle][\/et_pb_column][\/et_pb_row][\/et_pb_section][et_pb_section fb_built=\u00bb1&#8243; fullwidth=\u00bbon\u00bb _builder_version=\u00bb4.16&#8243; custom_margin=\u00bb||-10px|\u00bb custom_padding=\u00bb0px|0px||0px\u00bb global_colors_info=\u00bb{}\u00bb][et_pb_fullwidth_code _builder_version=\u00bb4.16&#8243; global_colors_info=\u00bb{}\u00bb]<iframe loading=\"lazy\" src=\"https:\/\/www.google.com\/maps\/d\/u\/0\/embed?mid=1dXE5ypDfPSH_7flZAVpvpBJQ8tv-S2nw\" width=\"100%\" height=\"480\"><\/iframe>[\/et_pb_fullwidth_code][\/et_pb_section][et_pb_section fb_built=\u00bb1&#8243; _builder_version=\u00bb4.16&#8243; background_color=\u00bb#ffffff\u00bb custom_padding=\u00bb15px|0px|25px|0px\u00bb global_colors_info=\u00bb{}\u00bb][et_pb_row column_structure=\u00bb3_4,1_4&#8243; _builder_version=\u00bb4.16&#8243; custom_padding=\u00bb15px|0px|27px|0px\u00bb global_colors_info=\u00bb{}\u00bb][et_pb_column type=\u00bb3_4&#8243; _builder_version=\u00bb4.16&#8243; custom_padding=\u00bb|||\u00bb global_colors_info=\u00bb{}\u00bb custom_padding__hover=\u00bb|||\u00bb][et_pb_image src=\u00bbhttps:\/\/soib.es\/wp-content\/uploads\/2020\/11\/Franja-logos-itineraris-joves-SOIB-2020-1.png\u00bb title_text=\u00bbFranja logos itineraris joves SOIB 2020&#8243; align_tablet=\u00bbcenter\u00bb align_phone=\u00bb\u00bb align_last_edited=\u00bbon|desktop\u00bb _builder_version=\u00bb4.16&#8243; global_colors_info=\u00bb{}\u00bb]<\/p>\n<p>\n&nbsp;<\/p>\n<p>[\/et_pb_image][\/et_pb_column][et_pb_column type=\u00bb1_4&#8243; _builder_version=\u00bb4.16&#8243; custom_padding=\u00bb|||\u00bb global_colors_info=\u00bb{}\u00bb custom_padding__hover=\u00bb|||\u00bb][et_pb_text _builder_version=\u00bb4.16&#8243; text_font_size=\u00bb18px\u00bb text_orientation=\u00bbcenter\u00bb border_width_all=\u00bb1px\u00bb border_color_all=\u00bb#cb0200&#8243; global_colors_info=\u00bb{}\u00bb]<\/p>\n<p>&nbsp;<\/p>\n<h4><span style=\"color: #cb023e;\"><a href=\"https:\/\/soib.es\/wp-content\/uploads\/2021\/02\/Resultats-soib-jove-2018-2019-i-2020.pdf\" target=\"_blank\" rel=\"noopener\">Datos cuantitativos 2018-2019-2020 Servicio SOIB Jove Orientaci\u00f3n<\/a><\/span><\/h4>\n<p>&nbsp;<\/p>\n<p>[\/et_pb_text][\/et_pb_column][\/et_pb_row][\/et_pb_section]<\/p>\n","protected":false},"excerpt":{"rendered":"<p>&nbsp;Rellena el formulario <a href='https:\/\/forms.gle\/KX5GaX6gKGhgAVpKA' class='big-button bigsilver' target=\"_blank\">Inscripci\u00f3n a SOIB JOVE orientaci\u00f3n Mallorca<\/a> <a href='https:\/\/forms.gle\/NzHTNtBY7pEFEfzZ9' class='big-button bigsilver' target=\"_blank\">Inscripci\u00f3n a SOIB JOVE orientaci\u00f3n Menorca<\/a> &nbsp;Rellena el formulario <a href='https:\/\/forms.gle\/yrveL7umHT39WJdC8' class='big-button bigsilver' target=\"_blank\">Inscripci\u00f3n a SOIB JOVE orientaci\u00f3n Mallorca<\/a> <a href='https:\/\/forms.gle\/ffBgDYF3QyhgkfZs8' class='big-button bigsilver' target=\"_blank\">Inscripci\u00f3n a SOIB JOVE orientaci\u00f3n Menorca<\/a> <a href='https:\/\/forms.gle\/4HRoVYgtySMi2iyR7' class='big-button bigsilver' target=\"_blank\"><\/a> [&hellip;]<\/p>\n","protected":false},"author":1,"featured_media":0,"parent":0,"menu_order":0,"comment_status":"closed","ping_status":"closed","template":"","meta":{"_et_pb_use_builder":"on","_et_pb_old_content":"","_et_gb_content_width":"","footnotes":"","_links_to":"","_links_to_target":""},"class_list":["post-5230","page","type-page","status-publish","hentry"],"publishpress_future_action":{"enabled":false,"date":"2026-04-25 13:47:00","action":"change-status","newStatus":"draft","terms":[],"taxonomy":"translation_priority","extraData":[]},"publishpress_future_workflow_manual_trigger":{"enabledWorkflows":[]},"_links":{"self":[{"href":"https:\/\/soib.es\/es\/wp-json\/wp\/v2\/pages\/5230","targetHints":{"allow":["GET"]}}],"collection":[{"href":"https:\/\/soib.es\/es\/wp-json\/wp\/v2\/pages"}],"about":[{"href":"https:\/\/soib.es\/es\/wp-json\/wp\/v2\/types\/page"}],"author":[{"embeddable":true,"href":"https:\/\/soib.es\/es\/wp-json\/wp\/v2\/users\/1"}],"replies":[{"embeddable":true,"href":"https:\/\/soib.es\/es\/wp-json\/wp\/v2\/comments?post=5230"}],"version-history":[{"count":0,"href":"https:\/\/soib.es\/es\/wp-json\/wp\/v2\/pages\/5230\/revisions"}],"wp:attachment":[{"href":"https:\/\/soib.es\/es\/wp-json\/wp\/v2\/media?parent=5230"}],"curies":[{"name":"wp","href":"https:\/\/api.w.org\/{rel}","templated":true}]}}