{"id":47310,"date":"2023-08-21T15:34:50","date_gmt":"2023-08-21T13:34:50","guid":{"rendered":"https:\/\/soib.es\/com-presentar-sollicituds-de-beques-centres\/"},"modified":"2023-12-15T14:06:49","modified_gmt":"2023-12-15T13:06:49","slug":"com-presentar-sollicituds-de-beques-centres","status":"publish","type":"page","link":"https:\/\/soib.es\/es\/com-presentar-sollicituds-de-beques-centres\/","title":{"rendered":"C\u00f3mo presentar solicitudes de becas (centros)"},"content":{"rendered":"<p>[et_pb_section fb_built=\u00bb1&#8243; _builder_version=\u00bb4.16&#8243; background_color=\u00bb#f7f7f7&#8243; custom_padding=\u00bb25px|0px|25px|0px\u00bb global_colors_info=\u00bb{}\u00bb][et_pb_row _builder_version=\u00bb4.16&#8243; global_colors_info=\u00bb{}\u00bb][et_pb_column type=\u00bb4_4&#8243; _builder_version=\u00bb4.16&#8243; custom_padding=\u00bb|||\u00bb global_colors_info=\u00bb{}\u00bb custom_padding__hover=\u00bb|||\u00bb][et_pb_text _builder_version=\u00bb4.16&#8243; global_colors_info=\u00bb{}\u00bb]<\/p>\n<h1><strong>C\u00f3mo presentar solicitudes de becas (centros)<\/strong><\/h1>\n<p>[\/et_pb_text][\/et_pb_column][\/et_pb_row][\/et_pb_section][et_pb_section fb_built=\u00bb1&#8243; _builder_version=\u00bb4.16&#8243; custom_padding=\u00bb25px|0px|54px|0px\u00bb global_colors_info=\u00bb{}\u00bb][et_pb_row _builder_version=\u00bb4.16&#8243; global_colors_info=\u00bb{}\u00bb][et_pb_column type=\u00bb4_4&#8243; _builder_version=\u00bb4.16&#8243; custom_padding=\u00bb|||\u00bb global_colors_info=\u00bb{}\u00bb custom_padding__hover=\u00bb|||\u00bb][et_pb_text _builder_version=\u00bb4.23.1&#8243; hover_enabled=\u00bb0&#8243; global_colors_info=\u00bb{}\u00bb sticky_enabled=\u00bb0&#8243;]<\/p>\n<p>Las <strong>entidades formativas<\/strong> deber\u00e1n <strong>colgar en la aplicaci\u00f3n ESOIB\/ACCFOR<\/strong> las solicitudes del alumnado en cada acci\u00f3n formativa, junto con la documentaci\u00f3n que complementa la solicitud.<\/p>\n<p>Una vez que la entidad haya hecho este tr\u00e1mite, con la aplicaci\u00f3n de gesti\u00f3n, en el apartado \u00abplantillas\u00bb de cada curso, <strong>generar\u00e1 un documento de solicitud (D29)<\/strong>, que la entidad deber\u00e1 completar y modificar y presentar electr\u00f3nicamente mediante el <a href=\"https:\/\/www.caib.es\/seucaib\/es\/200\/persones\/tramites\/tramite\/5356386\/\" target=\"_blank\" rel=\"noopener\"><span style=\"color: #cb023e;\"><strong>Registro de la Sede Electr\u00f3nica del Govern<\/strong><\/span><\/a>.<\/p>\n<p>Posteriormente, las entidades formativas deber\u00e1n <strong>colgar el D29 registrado en la aplicaci\u00f3n ESOIB\/ACCFOR<\/strong>.<\/p>\n<p>[\/et_pb_text][\/et_pb_column][\/et_pb_row][\/et_pb_section]<\/p>\n","protected":false},"excerpt":{"rendered":"<p>C\u00f3mo presentar solicitudes de becas (centros)Las entidades formativas deber\u00e1n colgar en la aplicaci\u00f3n ESOIB\/ACCFOR las solicitudes del alumnado en cada acci\u00f3n formativa, junto con la documentaci\u00f3n que complementa la solicitud. Una vez que la entidad haya hecho este tr\u00e1mite, con la aplicaci\u00f3n de gesti\u00f3n, en el apartado \u00abplantillas\u00bb de cada curso, generar\u00e1 un documento de [&hellip;]<\/p>\n","protected":false},"author":13,"featured_media":0,"parent":0,"menu_order":0,"comment_status":"closed","ping_status":"closed","template":"","meta":{"_et_pb_use_builder":"on","_et_pb_old_content":"","_et_gb_content_width":"","footnotes":"","_links_to":"","_links_to_target":""},"class_list":["post-47310","page","type-page","status-publish","hentry"],"publishpress_future_action":{"enabled":false,"date":"2026-04-18 11:21:07","action":"change-status","newStatus":"draft","terms":[],"taxonomy":"translation_priority","extraData":[]},"publishpress_future_workflow_manual_trigger":{"enabledWorkflows":[]},"_links":{"self":[{"href":"https:\/\/soib.es\/es\/wp-json\/wp\/v2\/pages\/47310","targetHints":{"allow":["GET"]}}],"collection":[{"href":"https:\/\/soib.es\/es\/wp-json\/wp\/v2\/pages"}],"about":[{"href":"https:\/\/soib.es\/es\/wp-json\/wp\/v2\/types\/page"}],"author":[{"embeddable":true,"href":"https:\/\/soib.es\/es\/wp-json\/wp\/v2\/users\/13"}],"replies":[{"embeddable":true,"href":"https:\/\/soib.es\/es\/wp-json\/wp\/v2\/comments?post=47310"}],"version-history":[{"count":0,"href":"https:\/\/soib.es\/es\/wp-json\/wp\/v2\/pages\/47310\/revisions"}],"wp:attachment":[{"href":"https:\/\/soib.es\/es\/wp-json\/wp\/v2\/media?parent=47310"}],"curies":[{"name":"wp","href":"https:\/\/api.w.org\/{rel}","templated":true}]}}