{"id":46858,"date":"2025-10-09T09:00:56","date_gmt":"2025-10-09T07:00:56","guid":{"rendered":"https:\/\/soib.es\/cercadors-formacio-i-contracte\/"},"modified":"2025-10-09T12:01:27","modified_gmt":"2025-10-09T10:01:27","slug":"cercadors-formacio-i-contracte","status":"publish","type":"page","link":"https:\/\/soib.es\/es\/cercadors-formacio-i-contracte\/","title":{"rendered":"Buscadores formaci\u00f3n y contrato"},"content":{"rendered":"<p>[et_pb_section fb_built=\u00bb1&#8243; _builder_version=\u00bb4.16&#8243; background_color=\u00bb#f4f5f4&#8243; custom_margin=\u00bb|||\u00bb custom_padding=\u00bb25px||50px|\u00bb global_colors_info=\u00bb{}\u00bb][et_pb_row _builder_version=\u00bb4.16&#8243; _module_preset=\u00bbdefault\u00bb global_colors_info=\u00bb{}\u00bb][et_pb_column type=\u00bb4_4&#8243; _builder_version=\u00bb4.16&#8243; _module_preset=\u00bbdefault\u00bb global_colors_info=\u00bb{}\u00bb][et_pb_text _builder_version=\u00bb4.16&#8243; locked=\u00bboff\u00bb global_colors_info=\u00bb{}\u00bb]<\/p>\n<h1><strong>Formaci\u00f3n y contrato de trabajo<br \/><\/strong><\/h1>\n<p>[\/et_pb_text][\/et_pb_column][\/et_pb_row][et_pb_row column_structure=\u00bb1_2,1_2&#8243; _builder_version=\u00bb4.16&#8243; custom_margin=\u00bb|||\u00bb custom_padding=\u00bb27px|||\u00bb global_colors_info=\u00bb{}\u00bb][et_pb_column type=\u00bb1_2&#8243; _builder_version=\u00bb4.16&#8243; custom_padding=\u00bb|||\u00bb global_colors_info=\u00bb{}\u00bb custom_padding__hover=\u00bb|||\u00bb][et_pb_image src=\u00bbhttps:\/\/soib.es\/wp-content\/uploads\/2025\/08\/web_Fb_X_SOIB-Formacio-en-alternanca-SE-i-dificil-cobertura-2025.png\u00bb title_text=\u00bbweb_Fb_X_SOIB Formaci\u00f3 en alternan\u00e7a SE i dif\u00edcil cobertura 2025&#8243; url=\u00bbhttps:\/\/soib.es\/es\/informacio-i-ofertes-soib-formacio-en-alternanca-sectors-estrategics-i-dificil-cobertura\/\u00bb url_new_window=\u00bbon\u00bb _builder_version=\u00bb4.27.4&#8243; _module_preset=\u00bbdefault\u00bb hover_enabled=\u00bb0&#8243; global_colors_info=\u00bb{}\u00bb sticky_enabled=\u00bb0&#8243;][\/et_pb_image][et_pb_text _builder_version=\u00bb4.23.1&#8243; _module_preset=\u00bbdefault\u00bb global_colors_info=\u00bb{}\u00bb]<\/p>\n<h4 class=\"entry-title\">\u00bfEst\u00e1s en desempleo y quieres formarte y trabajar en empresas?<\/h4>\n<p>[\/et_pb_text][\/et_pb_column][et_pb_column type=\u00bb1_2&#8243; _builder_version=\u00bb4.16&#8243; custom_padding=\u00bb|||\u00bb global_colors_info=\u00bb{}\u00bb custom_padding__hover=\u00bb|||\u00bb][et_pb_image src=\u00bbhttps:\/\/soib.es\/wp-content\/uploads\/2025\/10\/Alumnat-programes-mixts-SOIB-formacio-en-alternanca-2025-2026.png\u00bb title_text=\u00bbAlumnat programes mixts SOIB formaci\u00f3 en alternan\u00e7a 2025-2026&#8243; url=\u00bbhttps:\/\/soib.es\/es\/informacion-y-ofertas-para-alumnado-trabajador-del-programa-soib-formacion-en-alternancia-en-el-sector-publico-instrumental-las-entidades-locales-y-el-tercer-sector-de-accion-social\/\u00bb url_new_window=\u00bbon\u00bb _builder_version=\u00bb4.27.4&#8243; _module_preset=\u00bbdefault\u00bb hover_enabled=\u00bb0&#8243; global_colors_info=\u00bb{}\u00bb sticky_enabled=\u00bb0&#8243;][\/et_pb_image][et_pb_text _builder_version=\u00bb4.16&#8243; _module_preset=\u00bbdefault\u00bb global_colors_info=\u00bb{}\u00bb]<\/p>\n<h4 class=\"entry-title\">\u00bfEst\u00e1s en desempleo y quieres formarte y trabajar en entidades p\u00fablicas?<\/h4>\n<p>[\/et_pb_text][\/et_pb_column][\/et_pb_row][et_pb_row _builder_version=\u00bb4.16&#8243; custom_margin=\u00bb|||\u00bb custom_padding=\u00bb27px|||\u00bb global_colors_info=\u00bb{}\u00bb][et_pb_column type=\u00bb4_4&#8243; _builder_version=\u00bb4.16&#8243; custom_padding=\u00bb|||\u00bb global_colors_info=\u00bb{}\u00bb custom_padding__hover=\u00bb|||\u00bb][et_pb_text _builder_version=\u00bb4.23.1&#8243; _module_preset=\u00bbdefault\u00bb global_colors_info=\u00bb{}\u00bb]<a href='https:\/\/soib.es\/es\/soib-formacio-dual\/' class='big-button bigsilver' target=\"_blank\">SOIB formaci\u00f3n dual<\/a>[\/et_pb_text][\/et_pb_column][\/et_pb_row][\/et_pb_section]<\/p>\n","protected":false},"excerpt":{"rendered":"<p>Formaci\u00f3n y contrato de trabajo\u00bfEst\u00e1s en desempleo y quieres formarte y trabajar en empresas?\u00bfEst\u00e1s en desempleo y quieres formarte y trabajar en entidades p\u00fablicas?<a href='https:\/\/soib.es\/es\/soib-formacio-dual\/' class='big-button bigsilver' target=\"_blank\">SOIB formaci\u00f3n dual<\/a><\/p>\n","protected":false},"author":13,"featured_media":0,"parent":0,"menu_order":0,"comment_status":"closed","ping_status":"closed","template":"","meta":{"_et_pb_use_builder":"on","_et_pb_old_content":"","_et_gb_content_width":"","footnotes":"","_links_to":"","_links_to_target":""},"class_list":["post-46858","page","type-page","status-publish","hentry"],"publishpress_future_action":{"enabled":false,"date":"2026-04-26 15:57:28","action":"change-status","newStatus":"draft","terms":[],"taxonomy":"translation_priority","extraData":[]},"publishpress_future_workflow_manual_trigger":{"enabledWorkflows":[]},"_links":{"self":[{"href":"https:\/\/soib.es\/es\/wp-json\/wp\/v2\/pages\/46858","targetHints":{"allow":["GET"]}}],"collection":[{"href":"https:\/\/soib.es\/es\/wp-json\/wp\/v2\/pages"}],"about":[{"href":"https:\/\/soib.es\/es\/wp-json\/wp\/v2\/types\/page"}],"author":[{"embeddable":true,"href":"https:\/\/soib.es\/es\/wp-json\/wp\/v2\/users\/13"}],"replies":[{"embeddable":true,"href":"https:\/\/soib.es\/es\/wp-json\/wp\/v2\/comments?post=46858"}],"version-history":[{"count":0,"href":"https:\/\/soib.es\/es\/wp-json\/wp\/v2\/pages\/46858\/revisions"}],"wp:attachment":[{"href":"https:\/\/soib.es\/es\/wp-json\/wp\/v2\/media?parent=46858"}],"curies":[{"name":"wp","href":"https:\/\/api.w.org\/{rel}","templated":true}]}}