{"id":46768,"date":"2023-07-18T13:00:49","date_gmt":"2023-07-18T11:00:49","guid":{"rendered":"https:\/\/soib.es\/centres-inscrits-impartir-formacio-en-el-treball\/"},"modified":"2025-06-09T12:24:07","modified_gmt":"2025-06-09T10:24:07","slug":"centres-inscrits-impartir-formacio-en-el-treball","status":"publish","type":"page","link":"https:\/\/soib.es\/es\/centres-inscrits-impartir-formacio-en-el-treball\/","title":{"rendered":"Centros inscritos para impartir formaci\u00f3n en el trabajo"},"content":{"rendered":"<p>[et_pb_section fb_built=\u00bb1&#8243; _builder_version=\u00bb4.16&#8243; background_color=\u00bb#f7f7f7&#8243; custom_padding=\u00bb25px|0px|25px|0px\u00bb global_colors_info=\u00bb{}\u00bb][et_pb_row _builder_version=\u00bb4.16&#8243; global_colors_info=\u00bb{}\u00bb][et_pb_column type=\u00bb4_4&#8243; _builder_version=\u00bb4.16&#8243; custom_padding=\u00bb|||\u00bb global_colors_info=\u00bb{}\u00bb custom_padding__hover=\u00bb|||\u00bb][et_pb_text _builder_version=\u00bb4.16&#8243; global_colors_info=\u00bb{}\u00bb]<\/p>\n<h1><strong>Centros inscritos para impartir formaci\u00f3n en el trabajo<\/strong><\/h1>\n<p>[\/et_pb_text][\/et_pb_column][\/et_pb_row][\/et_pb_section][et_pb_section fb_built=\u00bb1&#8243; _builder_version=\u00bb4.16&#8243; custom_padding=\u00bb20px|0px|54px|0px\u00bb global_colors_info=\u00bb{}\u00bb][et_pb_row _builder_version=\u00bb4.16&#8243; global_colors_info=\u00bb{}\u00bb][et_pb_column type=\u00bb4_4&#8243; _builder_version=\u00bb4.16&#8243; custom_padding=\u00bb|||\u00bb global_colors_info=\u00bb{}\u00bb custom_padding__hover=\u00bb|||\u00bb][et_pb_text _builder_version=\u00bb4.16&#8243; _module_preset=\u00bbdefault\u00bb global_colors_info=\u00bb{}\u00bb]<\/p>\n<p>Para poder impartir formaci\u00f3n no formal, incluida en el Cat\u00e1logo de Especialidades Formativas, las entidades de formaci\u00f3n deben estar inscritas en el Registro Estatal de Entidades de Formaci\u00f3n (REEF).<\/p>\n<p>Para poder inscribirse en el REEF, se debe tramitar el procedimiento de inscripci\u00f3n, en funci\u00f3n del <strong> tipo de modalidad<\/strong> para impartir:<\/p>\n<ul>\n<li>Modalidad <strong>presencial<\/strong>.<\/li>\n<li>Modalidad <strong>teleformaci\u00f3n<\/strong>: en esta modalidad hay especialidades que se deben impartir 100% en l\u00ednea y hay especialidades que requieren de algunas tutor\u00edas presenciales; si como m\u00ednimo el 80% de horas de la especialidad se debe hacer en l\u00ednea, se considera que la modalidad es teleformaci\u00f3n.<\/li>\n<li>Modalitat <strong>mixta<\/strong>: si m\u00e1s del 20% de horas de la especialidad debe realizarse en l\u00ednea, la modalidad es mixta.<\/li>\n<\/ul>\n<a href='https:\/\/intranet.caib.es\/esoibfront\/formacio\/centresInscrits.xhtml' class='small-button smallsilver' target=\"_blank\"><span style=\"color: #cb023e;\"> Centros inscritos para impartir especialidades del Cat\u00e1logo en las Illes Balears<\/span><\/a>\n<p>[\/et_pb_text][et_pb_accordion closed_toggle_text_color=\u00bb#CB023E\u00bb icon_color=\u00bb#CB023E\u00bb _builder_version=\u00bb4.27.4&#8243; _module_preset=\u00bbdefault\u00bb toggle_font=\u00bb|700|||||||\u00bb closed_toggle_font=\u00bb|600|||||||\u00bb hover_enabled=\u00bb0&#8243; db_closeable=\u00bbon\u00bb db_initial_state=\u00bball_closed\u00bb global_colors_info=\u00bb{}\u00bb sticky_enabled=\u00bb0&#8243;][et_pb_accordion_item title=\u00bbQu\u00e9 es el Cat\u00e1logo de Especialidades Formativas\u00bb open=\u00bbon\u00bb _builder_version=\u00bb4.23.1&#8243; _module_preset=\u00bbdefault\u00bb global_colors_info=\u00bb{}\u00bb]<\/p>\n<p>El Cat\u00e1logo de Especialidades Formativas es un instrumento que incluye toda la formaci\u00f3n desarrollada en el marco de la formaci\u00f3n en el trabajo.<\/p>\n<p>Los servicios p\u00fablicos de empleo, tanto estatales como auton\u00f3micos, gestionan el Cat\u00e1logo.<\/p>\n<p>El Cat\u00e1logo de Especialidades Formativas es un instrumento vivo con constantes altas, bajas, modificaciones y reactivaciones de especialidades formativas que permiten dar respuestas a las necesidades formativas del mercado de trabajo.<\/p>\n<p>El SOIB incorpora las especialidades formativas del Cat\u00e1logo estatal a una <a href='https:\/\/intranet.caib.es\/esoibfront\/formacio\/especialitatsFormatives.xhtml' class='small-button smallsilver' target=\"_blank\"><span style=\"color: #cb023e;\">aplicaci\u00f3n de gesti\u00f3n<\/span><\/a> para que se puedan impartir en las Illes Balears:<\/p>\n<ol>\n<li>Si os interesa impartir una especialidad formativa que est\u00e1 de alta en la aplicaci\u00f3n de gesti\u00f3n del SOIB, ten\u00e9is que hacer el <a href='https:\/\/www.caib.es\/seucaib\/es\/201\/empreses\/tramites\/tramite\/5313747' class='small-button smallsilver' target=\"_blank\"><span style=\"color: #cb023e;\">tr\u00e1mite de inscripci\u00f3n<\/span><\/a><\/li>\n<li>Si os interesa impartir una especialidad del <a href='https:\/\/sede.sepe.gob.es\/FOET_CATALOGO_EEFF_SEDE\/flows\/main?execution=e1s1' class='small-button smallsilver' target=\"_blank\"><span style=\"color: #cb023e;\">Cat\u00e1logo de Especialidades Formativas<\/span><\/a> que no tenemos incluida en la aplicaci\u00f3n de gesti\u00f3n del SOIB, en primer lugar, ten\u00e9is que remitir un correo electr\u00f3nico\u00a0a <span style=\"color: #cb023e;\"><a style=\"color: #cb023e;\" href=\"mailto:ofertaformativaicentres@soib.caib.es\" target=\"_blank\" rel=\"noopener\">ofertaformativaicentres@soib.caib.es<\/a><\/span>\u00a0para que la podamos incorporar. Una vez que la especialidad formativa est\u00e9 de alta, ten\u00e9is que hacer el <a href='https:\/\/www.caib.es\/seucaib\/es\/201\/empreses\/tramites\/tramite\/5313747' class='small-button smallsilver' target=\"_blank\"><span style=\"color: #cb023e;\">tr\u00e1mite de inscripci\u00f3n<\/span><\/a><\/li>\n<li>Si consider\u00e1is que en el Cat\u00e1logo estatal no hay ninguna especialidad formativa que d\u00e9 respuesta a las necesidades formativas que hab\u00e9is detectado, pod\u00e9is <a href='https:\/\/www.caib.es\/seucaib\/es\/201\/empreses\/tramites\/tramite\/3435903' class='small-button smallsilver' target=\"_blank\"><span style=\"color: #cb023e;\">solicitar al SOIB<\/span><\/a> la inclusi\u00f3n de una nueva especialidad siempre justificante y motivando la necesidad de su creaci\u00f3n y cumplimentando la documentaci\u00f3n requerida. Puede solicitar asesoramiento por correo electr\u00f3nico a <a href=\"mailto:ofertaformativaicentres@soib.caib.es\" target=\"_blank\" rel=\"noopener\"><span style=\"color: #cb023e;\">ofertaformativaicentres@soib.caib.es<\/span><\/a><\/li>\n<\/ol>\n<p>[\/et_pb_accordion_item][et_pb_accordion_item title=\u00bbTr\u00e1mite de inscripciones (modalidad presencial)\u00bb _builder_version=\u00bb4.23.1&#8243; _module_preset=\u00bbdefault\u00bb global_colors_info=\u00bb{}\u00bb open=\u00bboff\u00bb]<\/p>\n<p>La <a href='https:\/\/www.caib.es\/seucaib\/es\/201\/empreses\/tramites\/tramite\/5313747' class='small-button smallsilver' target=\"_blank\"><span style=\"color: #cb023e;\">tramitaci\u00f3n del procedimiento de inscripci\u00f3n en la modalidad presencial<\/span><\/a> se lleva a cabo a trav\u00e9s de la sede electr\u00f3nica de la CAIB.<\/p>\n<p>Hay una <a href='https:\/\/soib.es\/wp-content\/uploads\/2024\/08\/GUIA-PARA-LA-INSCRIPCION-EN-EL-REEF-Modalidad-presencial.pdf' class='small-button smallsilver' target=\"_blank\"><span style=\"color: #cb023e;\">Gu\u00eda para la inscripci\u00f3n de entidades de formaci\u00f3n en la modalidad presencial<\/span><\/a> que sirve de ayuda durante el proceso.<\/p>\n<p>[\/et_pb_accordion_item][et_pb_accordion_item title=\u00bbTr\u00e1mite de inscripciones (modalidad teleformaci\u00f3n)\u00bb _builder_version=\u00bb4.27.4&#8243; _module_preset=\u00bbdefault\u00bb hover_enabled=\u00bb0&#8243; global_colors_info=\u00bb{}\u00bb open=\u00bboff\u00bb sticky_enabled=\u00bb0&#8243;]<\/p>\n<p><strong>IMPORTANT<\/strong>. En cuanto a la inscripci\u00f3n de entidades de formaci\u00f3n, antes de acceder al procedimiento deb\u00e9is leer la <a href='https:\/\/soib.es\/wp-content\/uploads\/2025\/06\/revcom_GUIA-ENTIDADES-INSCRIPCION-TELEFORMACION-abril.-2025.pdf' class='small-button smallsilver' target=\"_blank\"><span style=\"color: #cb023e;\">Gu\u00eda para la inscripci\u00f3n de entidades de formaci\u00f3n para impartir especialidades formativas en la modalidad de teleformaci\u00f3n<\/span><\/a>, que sirve de ayuda durante el proceso.<\/p>\n<p><strong>Tened en cuenta:<\/strong><\/p>\n<ul>\n<li>A ra\u00edz de la Ley 8\/2013, de presupuestos generales de la CAIB para 2014 (BOIB n\u00fam. 181, de 31 de diciembre 2013) sobre el r\u00e9gimen espec\u00edfico de tasas, se establece la <strong>tasa por apertura de expediente de acreditaci\u00f3n e inscripci\u00f3n en el Registro Estatal de Entidades de Formaci\u00f3n<\/strong>. Deb\u00e9is adjuntar el justificante de pago de las tasas en formato digital junto con la documentaci\u00f3n requerida de acuerdo con la Gu\u00eda de ayuda.<\/li>\n<li>En el caso de inscripci\u00f3n de especialidades formativas en las que en los programas formativos se establece duraci\u00f3n en horas presenciales, se debe adjuntar una declaraci\u00f3n responsable de disponibilidad de las instalaciones requeridas, de acuerdo con el <a href='' class='small-button smallsilver' target=\"_blank\"><span style=\"color: #cb023e;\">modelo establecido por el SOIB<\/span><\/a><\/li>\n<\/ul>\n<p>La tramitaci\u00f3n del procedimiento de inscripci\u00f3n se lleva a cabo a trav\u00e9s de la <a href='https:\/\/sede.sepe.gob.es\/portalSede\/procedimientos-y-servicios\/empresas\/formacion-para-el-empleo.html' class='small-button smallsilver' target=\"_blank\"><span style=\"color: #cb023e;\">\u00abaplicaci\u00f3n Teleformaci\u00f3n\u00bb<\/span><\/a> en la sede electr\u00f3nica del SEPE.<\/p>\n<p>&nbsp;<\/p>\n<p>[\/et_pb_accordion_item][et_pb_accordion_item title=\u00bbTr\u00e1mite de inscripciones (modalidad mixta)\u00bb _builder_version=\u00bb4.16&#8243; _module_preset=\u00bbdefault\u00bb global_colors_info=\u00bb{}\u00bb open=\u00bboff\u00bb]<\/p>\n<p>El procedimiento de inscripci\u00f3n es el mismo que para la modalidad de teleformaci\u00f3n con horas presenciales.<\/p>\n<p>[\/et_pb_accordion_item][\/et_pb_accordion][et_pb_toggle title=\u00bbNormativa\u00bb open_toggle_text_color=\u00bb#575656&#8243; closed_toggle_text_color=\u00bb#CB023E\u00bb icon_color=\u00bb#CB023E\u00bb open_icon_color=\u00bb#CB023E\u00bb _builder_version=\u00bb4.23.1&#8243; _module_preset=\u00bbdefault\u00bb title_font=\u00bb|700|||||||\u00bb closed_title_font=\u00bb|600|||||||\u00bb global_colors_info=\u00bb{}\u00bb]<\/p>\n<ol>\n<li><span style=\"color: #cb023e;\"><a style=\"color: #cb023e;\" href=\"https:\/\/www.boe.es\/buscar\/act.php?id=BOE-A-2023-5365\" target=\"_blank\" rel=\"noopener\">Ley 3\/2023, de 28 de febrero, de Empleo<\/a><\/span><\/li>\n<li><span style=\"color: #cb023e;\"><a href=\"https:\/\/soib.es\/wp-content\/uploads\/2023\/12\/Resolucio-PROTOCOL-INSCRIPCIONS-nov-2023-signada.pdf\" target=\"_blank\" rel=\"noopener\"><span style=\"color: #cb023e;\">Resoluci\u00f3n de d\u00eda 28 de noviembre de 2023 de la directora del Servicio de Empleo de las Illes Balears por la cual se aprueba el Protocolo relativo a las inscripciones en el Registro Estatal de Entidades de Formaci\u00f3n (REEF) para poder impartir especialidades incluidas en el Cat\u00e1logo de especialidades formativas en el marco de la formaci\u00f3n en el trabajo<\/span><\/a><\/span><\/li>\n<li><span style=\"color: #cb023e;\"><a style=\"color: #cb023e;\" href=\"https:\/\/www.boe.es\/buscar\/act.php?id=BOE-A-2019-4716\" target=\"_blank\" rel=\"noopener\">Orden TMS\/369\/2019, de 28 de marzo, por la que se regulan el Registro Estatal de Entidades de Formaci\u00f3n del sistema de formaci\u00f3n profesional para el empleo as\u00ed como los procesos comunes de acreditaci\u00f3n e inscripci\u00f3n de las entidades de formaci\u00f3n para impartir especialidades formativas incluidas en el Cat\u00e1logo de Especialidades Formativas.<\/a><\/span><\/li>\n<li><span style=\"color: #cb023e;\"><a style=\"color: #cb023e;\" href=\"https:\/\/www.boe.es\/diario_boe\/txt.php?id=BOE-A-2019-3642\" target=\"_blank\" rel=\"noopener\">Orden TMS\/283\/2019, de 12 de marzo, por la que se regula el Cat\u00e1logo de especialidades formativas en el marco del sistema de formaci\u00f3n profesional para el empleo en el \u00e1mbito laboral.<\/a><\/span><\/li>\n<li><span style=\"color: #cb023e;\"><a style=\"color: #cb023e;\" href=\"https:\/\/www.boe.es\/buscar\/act.php?id=BOE-A-2015-9734\" target=\"_blank\" rel=\"noopener\">Ley 30\/2015, de 9 de septiembre, por la que se regula el Sistema de Formaci\u00f3n Profesional para el Empleo en el \u00e1mbito laboral<\/a><\/span><\/li>\n<li><a href=\"https:\/\/www.boe.es\/buscar\/act.php?id=BOE-A-2017-7769\" target=\"_blank\" rel=\"noopener\"><span style=\"color: #cb023e;\">Real Decreto 694\/2017, de 3 de julio, por el que se desarrolla la Ley 30\/2015.<\/span><\/a><\/li>\n<\/ol>\n<p>[\/et_pb_toggle][\/et_pb_column][\/et_pb_row][\/et_pb_section]<\/p>\n","protected":false},"excerpt":{"rendered":"<p>Centros inscritos para impartir formaci\u00f3n en el trabajoPara poder impartir formaci\u00f3n no formal, incluida en el Cat\u00e1logo de Especialidades Formativas, las entidades de formaci\u00f3n deben estar inscritas en el Registro Estatal de Entidades de Formaci\u00f3n (REEF). Para poder inscribirse en el REEF, se debe tramitar el procedimiento de inscripci\u00f3n, en funci\u00f3n del tipo de modalidad [&hellip;]<\/p>\n","protected":false},"author":13,"featured_media":0,"parent":0,"menu_order":0,"comment_status":"closed","ping_status":"closed","template":"","meta":{"_et_pb_use_builder":"on","_et_pb_old_content":"","_et_gb_content_width":"","footnotes":"","_links_to":"","_links_to_target":""},"class_list":["post-46768","page","type-page","status-publish","hentry"],"publishpress_future_action":{"enabled":false,"date":"2026-04-28 11:39:43","action":"change-status","newStatus":"draft","terms":[],"taxonomy":"translation_priority","extraData":[]},"publishpress_future_workflow_manual_trigger":{"enabledWorkflows":[]},"_links":{"self":[{"href":"https:\/\/soib.es\/es\/wp-json\/wp\/v2\/pages\/46768","targetHints":{"allow":["GET"]}}],"collection":[{"href":"https:\/\/soib.es\/es\/wp-json\/wp\/v2\/pages"}],"about":[{"href":"https:\/\/soib.es\/es\/wp-json\/wp\/v2\/types\/page"}],"author":[{"embeddable":true,"href":"https:\/\/soib.es\/es\/wp-json\/wp\/v2\/users\/13"}],"replies":[{"embeddable":true,"href":"https:\/\/soib.es\/es\/wp-json\/wp\/v2\/comments?post=46768"}],"version-history":[{"count":0,"href":"https:\/\/soib.es\/es\/wp-json\/wp\/v2\/pages\/46768\/revisions"}],"wp:attachment":[{"href":"https:\/\/soib.es\/es\/wp-json\/wp\/v2\/media?parent=46768"}],"curies":[{"name":"wp","href":"https:\/\/api.w.org\/{rel}","templated":true}]}}