{"id":46634,"date":"2023-07-14T11:49:05","date_gmt":"2023-07-14T09:49:05","guid":{"rendered":"https:\/\/soib.es\/concert-soib-tercer-sector-serveis-orientacio-professional\/"},"modified":"2026-02-16T14:29:11","modified_gmt":"2026-02-16T13:29:11","slug":"concert-soib-tercer-sector-serveis-orientacio-professional","status":"publish","type":"page","link":"https:\/\/soib.es\/es\/concert-soib-tercer-sector-serveis-orientacio-professional\/","title":{"rendered":"Concierto SOIB &#8211; tercer sector para Servicios de Orientaci\u00f3n Profesional"},"content":{"rendered":"<p>[et_pb_section fb_built=\u00bb1&#8243; _builder_version=\u00bb4.16&#8243; background_color=\u00bb#f7f7f7&#8243; custom_padding=\u00bb25px|0px|25px|0px\u00bb global_colors_info=\u00bb{}\u00bb][et_pb_row _builder_version=\u00bb4.16&#8243; global_colors_info=\u00bb{}\u00bb][et_pb_column type=\u00bb4_4&#8243; _builder_version=\u00bb4.16&#8243; custom_padding=\u00bb|||\u00bb global_colors_info=\u00bb{}\u00bb custom_padding__hover=\u00bb|||\u00bb][et_pb_text _builder_version=\u00bb4.23.1&#8243; global_colors_info=\u00bb{}\u00bb]<\/p>\n<h1><strong>Concierto entre el Servei d\u2019Ocupaci\u00f3 de las Illes Balears (SOIB) y las entidades del Tercer Sector de Acci\u00f3n Social de las Illes Balears para la prestaci\u00f3n del Servicio de Orientaci\u00f3n Profesional (SOP)*, para los colectivos de personas vulnerables y con dificultades especiales de inserci\u00f3n en el mercado laboral<\/strong><\/h1>\n<p><\/p>\n<h3>(*) Cofinanciados por el Fondo Social Europeo (FSE) en el marco del Programa Balears del FSE+ (periodo 2021-2027)<\/h3>\n<p>[\/et_pb_text][\/et_pb_column][\/et_pb_row][\/et_pb_section][et_pb_section fb_built=\u00bb1&#8243; _builder_version=\u00bb4.16&#8243; custom_padding=\u00bb25px|0px|54px|0px\u00bb global_colors_info=\u00bb{}\u00bb][et_pb_row _builder_version=\u00bb4.16&#8243; global_colors_info=\u00bb{}\u00bb][et_pb_column type=\u00bb4_4&#8243; _builder_version=\u00bb4.16&#8243; custom_padding=\u00bb|||\u00bb global_colors_info=\u00bb{}\u00bb custom_padding__hover=\u00bb|||\u00bb][et_pb_image src=\u00bbhttps:\/\/soib.es\/wp-content\/uploads\/2025\/08\/SOIB-Concert-SOO-3r-sector-2025.png\u00bb title_text=\u00bbSOIB Concierto SOO 3er sector 2025&#8243; align=\u00bbcenter\u00bb _builder_version=\u00bb4.27.4&#8243; _module_preset=\u00bbdefault\u00bb global_colors_info=\u00bb{}\u00bb][\/et_pb_image][et_pb_text _builder_version=\u00bb4.27.5&#8243; hover_enabled=\u00bb0&#8243; global_colors_info=\u00bb{}\u00bb sticky_enabled=\u00bb0&#8243;]<\/p>\n<p>El <strong>Servicio de Orientaci\u00f3n Profesional (SOP)<\/strong> es un servicio integral que tiene por objeto la informaci\u00f3n, el diagn\u00f3stico de la situaci\u00f3n individual, el asesoramiento, la motivaci\u00f3n y el acompa\u00f1amiento en las transiciones laborales, bien desde la educaci\u00f3n en el mundo laboral o entre las diversas situaciones de empleo y desempleo que pueden darse a lo largo de la vida laboral.<br \/>Este servicio tiene por finalidad ayudar a las personas usuarias a mejorar su empleabilidad, promover su carrera profesional y facilitar su contrataci\u00f3n u orientar hacia el autoempleo. Asimismo, y a partir del diagn\u00f3stico de sus necesidades, la orientaci\u00f3n podr\u00e1 dar lugar a la prestaci\u00f3n de otros servicios especializados de la cartera.<br \/>El Servicio de Orientaci\u00f3n comprende las siguientes actividades:<br \/>\u2022 Diagn\u00f3stico individualizado y elaboraci\u00f3n del perfil<br \/>\u2022 Dise\u00f1o del itinerario personalizado para el empleo<br \/>\u2022 Acompa\u00f1amiento personalizado en el desarrollo del itinerario y el cumplimiento del compromiso de actividad<br \/>\u2022 Asesoramiento y ayuda adicional<br \/>\u2022 Informaci\u00f3n y asesoramiento adicional<br \/>\u2022 Apoyo a la gesti\u00f3n de la movilidad laboral<br \/>Mediante la metodolog\u00eda del acompa\u00f1amiento personalizado se pretende apoyar las actividades de la vida cotidiana, para desarrollar habilidades y capacidades que faciliten su proceso de inserci\u00f3n y mantenimiento en el mundo laboral.<br \/><a href='https:\/\/soib.es\/wp-content\/uploads\/2026\/02\/CONTACTES-CONCERTACIO-SOO-2025-2027-WEB-SOIB-3.pdf' class='small-button smallsilver' target=\"_blank\"><span style=\"color: #cb023e;\">Entidades que llevan a cabo los Servicios de Orientaci\u00f3n Profesional (SOP)<\/span><\/a><br \/><a href='https:\/\/soib.es\/convocatories-concert-servei-orientacio-professional-sop\/' class='small-button smallsilver' target=\"_blank\"><span style=\"color: #cb023e;\">Convocatorias del concierto para la prestaci\u00f3n del Servicio de Orientaci\u00f3n Profesional (SOP)<\/span><\/a><\/p>\n<p>[\/et_pb_text][\/et_pb_column][\/et_pb_row][\/et_pb_section]<\/p>\n","protected":false},"excerpt":{"rendered":"<p>Concierto entre el Servei d\u2019Ocupaci\u00f3 de las Illes Balears (SOIB) y las entidades del Tercer Sector de Acci\u00f3n Social de las Illes Balears para la prestaci\u00f3n del Servicio de Orientaci\u00f3n Profesional (SOP)*, para los colectivos de personas vulnerables y con dificultades especiales de inserci\u00f3n en el mercado laboral(*) Cofinanciados por el Fondo Social Europeo (FSE) [&hellip;]<\/p>\n","protected":false},"author":13,"featured_media":0,"parent":0,"menu_order":0,"comment_status":"closed","ping_status":"closed","template":"","meta":{"_et_pb_use_builder":"on","_et_pb_old_content":"","_et_gb_content_width":"","footnotes":"","_links_to":"","_links_to_target":""},"class_list":["post-46634","page","type-page","status-publish","hentry"],"publishpress_future_action":{"enabled":false,"date":"2026-04-30 14:25:30","action":"change-status","newStatus":"draft","terms":[],"taxonomy":"translation_priority","extraData":[]},"publishpress_future_workflow_manual_trigger":{"enabledWorkflows":[]},"_links":{"self":[{"href":"https:\/\/soib.es\/es\/wp-json\/wp\/v2\/pages\/46634","targetHints":{"allow":["GET"]}}],"collection":[{"href":"https:\/\/soib.es\/es\/wp-json\/wp\/v2\/pages"}],"about":[{"href":"https:\/\/soib.es\/es\/wp-json\/wp\/v2\/types\/page"}],"author":[{"embeddable":true,"href":"https:\/\/soib.es\/es\/wp-json\/wp\/v2\/users\/13"}],"replies":[{"embeddable":true,"href":"https:\/\/soib.es\/es\/wp-json\/wp\/v2\/comments?post=46634"}],"version-history":[{"count":1,"href":"https:\/\/soib.es\/es\/wp-json\/wp\/v2\/pages\/46634\/revisions"}],"predecessor-version":[{"id":70578,"href":"https:\/\/soib.es\/es\/wp-json\/wp\/v2\/pages\/46634\/revisions\/70578"}],"wp:attachment":[{"href":"https:\/\/soib.es\/es\/wp-json\/wp\/v2\/media?parent=46634"}],"curies":[{"name":"wp","href":"https:\/\/api.w.org\/{rel}","templated":true}]}}