{"id":46521,"date":"2025-01-09T12:00:55","date_gmt":"2025-01-09T11:00:55","guid":{"rendered":"https:\/\/soib.es\/historic-soib-itineraris-integrals-dinsercio\/"},"modified":"2025-01-09T13:48:04","modified_gmt":"2025-01-09T12:48:04","slug":"historic-soib-itineraris-integrals-dinsercio","status":"publish","type":"page","link":"https:\/\/soib.es\/es\/historic-soib-itineraris-integrals-dinsercio\/","title":{"rendered":"Hist\u00f3rico SOIB Itinerarios Integrales de Inserci\u00f3n"},"content":{"rendered":"<p>[et_pb_section fb_built=\u00bb1&#8243; _builder_version=\u00bb4.16&#8243; background_color=\u00bb#f7f7f7&#8243; custom_padding=\u00bb25px|0px|25px|0px\u00bb global_colors_info=\u00bb{}\u00bb][et_pb_row _builder_version=\u00bb4.16&#8243; global_colors_info=\u00bb{}\u00bb][et_pb_column type=\u00bb4_4&#8243; _builder_version=\u00bb4.16&#8243; custom_padding=\u00bb|||\u00bb global_colors_info=\u00bb{}\u00bb custom_padding__hover=\u00bb|||\u00bb][et_pb_text _builder_version=\u00bb4.16&#8243; global_colors_info=\u00bb{}\u00bb]<\/p>\n<h1><strong>Hist\u00f3rico SOIB Itinerarios Integrales de Inserci\u00f3n<br \/>\n<\/strong><\/h1>\n<p>[\/et_pb_text][\/et_pb_column][\/et_pb_row][\/et_pb_section][et_pb_section fb_built=\u00bb1&#8243; _builder_version=\u00bb4.16&#8243; custom_padding=\u00bb25px|0px|54px|0px\u00bb locked=\u00bboff\u00bb global_colors_info=\u00bb{}\u00bb][et_pb_row _builder_version=\u00bb4.16&#8243; global_colors_info=\u00bb{}\u00bb][et_pb_column type=\u00bb4_4&#8243; _builder_version=\u00bb4.16&#8243; custom_padding=\u00bb|||\u00bb global_colors_info=\u00bb{}\u00bb custom_padding__hover=\u00bb|||\u00bb][et_pb_text _builder_version=\u00bb4.16&#8243; global_colors_info=\u00bb{}\u00bb]<\/p>\n<p>Los <strong>Itinerarios Integrales de Inserci\u00f3n<\/strong> son proyectos dirigidos a personas con especiales dificultades de inserci\u00f3n que ejecutan orientaci\u00f3n laboral, es decir, procesos de acompa\u00f1amiento y ayuda individual, personalizada, integral, en los cuales la persona, mediante diferentes actuaciones, construye su proyecto profesional que integra sus necesidades personales con las exigencias sociales, con el objetivo final de incorporarse al mercado de trabajo de manera regular.<\/p>\n<h4>\u00bfQu\u00e9 ofrecen?<\/h4>\n<p>Mejorar las oportunidades de empleo a partir de:<\/p>\n<ul>\n<li>Orientaci\u00f3n laboral personalizada, individualizada y flexible a las necesidades de cada persona.<\/li>\n<li>Sesiones espec\u00edficas de entrenamiento para la b\u00fasqueda de empleo (elaboraci\u00f3n de curr\u00edculums, preparaci\u00f3n de entrevistas, portales de empleo, contacto con empresas\u2026)<\/li>\n<li>Pr\u00e1cticas no laborales.<\/li>\n<li>Acompa\u00f1amiento y apoyo a la inserci\u00f3n.<\/li>\n<li>Formaci\u00f3n para el empleo espec\u00edfica.<\/li>\n<\/ul>\n<p>[\/et_pb_text][et_pb_accordion open_toggle_text_color=\u00bb#878686&#8243; closed_toggle_text_color=\u00bb#cb023e\u00bb icon_color=\u00bb#cb023e\u00bb _builder_version=\u00bb4.27.3&#8243; toggle_font=\u00bb|700|||||||\u00bb toggle_font_size=\u00bb18&#8243; closed_toggle_font=\u00bb|700|||||||\u00bb hover_enabled=\u00bb0&#8243; db_initial_state=\u00bball_closed\u00bb global_colors_info=\u00bb{}\u00bb db_closeable=\u00bbon\u00bb sticky_enabled=\u00bb0&#8243;][et_pb_accordion_item title=\u00bbPrograma SOIB &#8211; Itinerarios Integrales de Inserci\u00f3n 2023-2024&#8243; open=\u00bbon\u00bb _builder_version=\u00bb4.27.3&#8243; global_colors_info=\u00bb{}\u00bb]<\/p>\n<h5>Cofinanciados por el Fondo Social Europeo (FSE) en el marco del Programa Balears del FSE+ para el periodo 2021-2027<\/h5>\n<p>Los<strong> Itinerarios Integrales de Inserci\u00f3n<\/strong> para el empleo de personas con especiales dificultades de inserci\u00f3n laboral son proyectos que ejecutan orientaci\u00f3n para el empleo. Se trata de procesos de acompa\u00f1amiento y de ayuda individual, personalizada e integral, en los cuales la persona, mediante diferentes actuaciones, construye un proyecto profesional que integra las necesidades personales con las exigencias sociales, con el objetivo final de incorporarse al mercado de trabajo de manera regular.<\/p>\n<p>M\u00e1s informaci\u00f3n:<\/p>\n<ul>\n<li><span style=\"color: #cb023e;\"><a style=\"color: #cb023e;\" href=\"https:\/\/www.caib.es\/seucaib\/es\/202\/administracions\/tramites\/tramite\/5487303\/\" target=\"_blank\" rel=\"noopener noreferrer\">Convocatoria 2023-2024<\/a><\/span><\/li>\n<li><a href=\"https:\/\/soib.es\/wp-content\/uploads\/2023\/07\/ENTITATS-2023-2024-ITINERARIS-1.pdf\" target=\"_blank\" rel=\"noopener\"><span style=\"color: #cb023e;\">Entidades que llevan a cabo los Itinerarios Integrales de Inserci\u00f3n<\/span><\/a><\/li>\n<\/ul>\n<p><img loading=\"lazy\" decoding=\"async\" class=\"aligncenter wp-image-56373 size-large\" src=\"https:\/\/soib.es\/wp-content\/uploads\/2024\/05\/Cintillo-logotips-SOIB-JOVE-QUALIFICATS-SECTOR-PUBLIC-2024-1024x120.png\" alt=\"\" width=\"1024\" height=\"120\" srcset=\"https:\/\/soib.es\/wp-content\/uploads\/2024\/05\/Cintillo-logotips-SOIB-JOVE-QUALIFICATS-SECTOR-PUBLIC-2024-980x115.png 980w, https:\/\/soib.es\/wp-content\/uploads\/2024\/05\/Cintillo-logotips-SOIB-JOVE-QUALIFICATS-SECTOR-PUBLIC-2024-480x56.png 480w\" sizes=\"(min-width: 0px) and (max-width: 480px) 480px, (min-width: 481px) and (max-width: 980px) 980px, (min-width: 981px) 1024px, 100vw\" \/><\/p>\n<p>[\/et_pb_accordion_item][et_pb_accordion_item title=\u00bbPrograma SOIB &#8211; Itinerarios Integrales de Inserci\u00f3n\u00bb _builder_version=\u00bb4.16&#8243; global_colors_info=\u00bb{}\u00bb open=\u00bboff\u00bb]<\/p>\n<p>El SOIB Itinerarios Integrales de Inserci\u00f3n dispone de una red <strong>de entidades especializadas<\/strong> en el trabajo con personas inscritas en el SOIB con especiales dificultades de inserci\u00f3n en el mercado de trabajo, acontecidas por diferentes motivos como problemas de salud, discapacidades (con reconocimiento del 33\u00a0% o m\u00e1s), problem\u00e1ticas de tipo personal, social, cultural, o de vivienda, carencia de formaci\u00f3n o experiencia profesional que necesitan apoyo en el proceso de b\u00fasqueda de empleo.<\/p>\n<p>M\u00e1s informaci\u00f3n:<\/p>\n<ul>\n<li><span style=\"color: #cb023e;\"><a style=\"color: #cb023e;\" href=\"https:\/\/www.caib.es\/seucaib\/es\/200\/persones\/tramites\/tramite\/4383719\/\" target=\"_blank\" rel=\"noopener noreferrer\">Convocatoria 2021-2022<\/a><\/span><\/li>\n<li><a href=\"https:\/\/soib.es\/wp-content\/uploads\/2021\/09\/Taula-entitats-itineraris-SOIB-risc-exclusio-2021.2022-rev_set_2021-1.pdf\" target=\"_blank\" rel=\"noopener\"><span style=\"color: #cb023e;\">Lista de entidades que trabajan con personas en riesgo de exclusi\u00f3n 2021-2022<\/span><\/a><\/li>\n<li><a href=\"https:\/\/soib.es\/wp-content\/uploads\/2021\/07\/Taula-entitats-itineraris-SOIB-discapacitat-darrera-versio-2021.2022.pdf\" target=\"_blank\" rel=\"noopener\"><span style=\"color: #cb023e;\">Lista de entidades que trabajan con personas con discapacidad 2021-2022<\/span><\/a><\/li>\n<li><span style=\"color: #cb023e;\"><a style=\"color: #cb023e;\" href=\"https:\/\/www.caib.es\/seucaib\/es\/201\/empreses\/tramites\/tramite\/3471327\/\" target=\"_blank\" rel=\"noopener noreferrer\">Convocatoria 2019-2020<\/a><\/span><\/li>\n<li><span style=\"color: #cb023e;\"><a style=\"color: #cb023e;\" href=\"https:\/\/soib.es\/wp-content\/uploads\/2019\/05\/Taula-entitats-itineraris-SOIB-risc-exclusi\u00f3.pdf\" target=\"_blank\" rel=\"noopener noreferrer\">Llista de entidades que trabajan con personas en riesgo de exclusi\u00f3n 2019-2020<\/a><\/span><\/li>\n<li><a href=\"https:\/\/soib.es\/wp-content\/uploads\/2021\/07\/Taula-entitats-itineraris-SOIB-discap-2019.2020-definitiu.pdf\" target=\"_blank\" rel=\"noopener\"><span style=\"color: #cb023e;\">Lista de entidades que trabajan con personas con discapacidad 2019-2020<\/span><\/a><\/li>\n<li><a href=\"https:\/\/soib.es\/wp-content\/uploads\/2019\/05\/Accions-formatives-entitats-itineraris-SOIB-vulnerables-1.pdf\" target=\"_blank\" rel=\"noopener noreferrer\"><span style=\"color: #cb023e;\">Lista de acciones formativas vinculadas a estas entidades 2019-2020<\/span><\/a><\/li>\n<\/ul>\n<p><img loading=\"lazy\" decoding=\"async\" class=\"aligncenter wp-image-12631 size-full\" src=\"https:\/\/soib.es\/wp-content\/uploads\/2019\/05\/Peu-logos-Itineraris.jpg\" alt=\"\" width=\"397\" height=\"129\" srcset=\"https:\/\/soib.es\/wp-content\/uploads\/2019\/05\/Peu-logos-Itineraris.jpg 397w, https:\/\/soib.es\/wp-content\/uploads\/2019\/05\/Peu-logos-Itineraris-300x97.jpg 300w\" sizes=\"(max-width: 397px) 100vw, 397px\" \/><\/p>\n<p>[\/et_pb_accordion_item][et_pb_accordion_item title=\u00bbPrograma SOIB JOVE- Itinerarios Integrales de Inserci\u00f3n\u00bb _builder_version=\u00bb4.16&#8243; global_colors_info=\u00bb{}\u00bb open=\u00bboff\u00bb]<\/p>\n<p>El SOIB Jove Itinerarios Integrales de Inserci\u00f3n dispone de una red de<strong> entidades especializadas<\/strong> en el trabajo con j\u00f3venes en riesgo de exclusi\u00f3n social mayores de 16 a\u00f1os y menores de 30 a\u00f1os,<\/p>\n<p>M\u00e1s informaci\u00f3n:<\/p>\n<ul>\n<li><a href=\"https:\/\/www.caib.es\/seucaib\/es\/200\/persones\/tramites\/tramite\/4399198\/\" target=\"_blank\" rel=\"noopener\"><span style=\"color: #cb023e;\">Convocatoria 2021-2022<\/span><\/a><\/li>\n<li><a href=\"https:\/\/soib.es\/wp-content\/uploads\/2022\/03\/Taula-entitats-itineraris-SOIBjove-2021.2022-rev_mar_2022.pdf\" target=\"_blank\" rel=\"noopener\"><span style=\"color: #cb023e;\">Lista de entidades 2021-2022<\/span><\/a><\/li>\n<li><span style=\"color: #cb023e;\"><a style=\"color: #cb023e;\" href=\"https:\/\/www.caib.es\/seucaib\/es\/202\/administracions\/tramites\/tramite\/3471458\/\" target=\"_blank\" rel=\"noopener noreferrer\">Convocatoria 2019-2020<\/a><\/span><\/li>\n<li><span style=\"color: #cb023e;\"><a style=\"color: #cb023e;\" href=\"https:\/\/soib.es\/wp-content\/uploads\/2019\/05\/Taula-entitats-itineraris-SOIBjove-1.pdf\" target=\"_blank\" rel=\"noopener noreferrer\">Lista de entidades 2019-2020<\/a><\/span><\/li>\n<li><a href=\"https:\/\/soib.es\/wp-content\/uploads\/2019\/05\/Accions-formatives-entitats-itineraris-SOIB-jove.pdf\" target=\"_blank\" rel=\"noopener noreferrer\"><span style=\"color: #cb023e;\">Lista de acciones formativas vinculadas a estas entidades 2019-2020<\/span><\/a><\/li>\n<\/ul>\n<p><img loading=\"lazy\" decoding=\"async\" class=\"wp-image-24771 alignnone size-large\" src=\"https:\/\/soib.es\/wp-content\/uploads\/2020\/11\/Franja-logos-itineraris-joves-SOIB-2020-1-1024x96.png\" alt=\"\" width=\"1024\" height=\"96\" srcset=\"https:\/\/soib.es\/wp-content\/uploads\/2020\/11\/Franja-logos-itineraris-joves-SOIB-2020-1-980x91.png 980w, https:\/\/soib.es\/wp-content\/uploads\/2020\/11\/Franja-logos-itineraris-joves-SOIB-2020-1-480x45.png 480w\" sizes=\"(min-width: 0px) and (max-width: 480px) 480px, (min-width: 481px) and (max-width: 980px) 980px, (min-width: 981px) 1024px, 100vw\" \/><\/p>\n<p>[\/et_pb_accordion_item][\/et_pb_accordion][\/et_pb_column][\/et_pb_row][\/et_pb_section]<\/p>\n","protected":false},"excerpt":{"rendered":"<p>Hist\u00f3rico SOIB Itinerarios Integrales de Inserci\u00f3n Los Itinerarios Integrales de Inserci\u00f3n son proyectos dirigidos a personas con especiales dificultades de inserci\u00f3n que ejecutan orientaci\u00f3n laboral, es decir, procesos de acompa\u00f1amiento y ayuda individual, personalizada, integral, en los cuales la persona, mediante diferentes actuaciones, construye su proyecto profesional que integra sus necesidades personales con las exigencias [&hellip;]<\/p>\n","protected":false},"author":13,"featured_media":0,"parent":0,"menu_order":0,"comment_status":"closed","ping_status":"closed","template":"","meta":{"_et_pb_use_builder":"on","_et_pb_old_content":"","_et_gb_content_width":"","footnotes":"","_links_to":"","_links_to_target":""},"class_list":["post-46521","page","type-page","status-publish","hentry"],"publishpress_future_action":{"enabled":false,"date":"2026-05-01 12:14:54","action":"change-status","newStatus":"draft","terms":[],"taxonomy":"translation_priority","extraData":[]},"publishpress_future_workflow_manual_trigger":{"enabledWorkflows":[]},"_links":{"self":[{"href":"https:\/\/soib.es\/es\/wp-json\/wp\/v2\/pages\/46521","targetHints":{"allow":["GET"]}}],"collection":[{"href":"https:\/\/soib.es\/es\/wp-json\/wp\/v2\/pages"}],"about":[{"href":"https:\/\/soib.es\/es\/wp-json\/wp\/v2\/types\/page"}],"author":[{"embeddable":true,"href":"https:\/\/soib.es\/es\/wp-json\/wp\/v2\/users\/13"}],"replies":[{"embeddable":true,"href":"https:\/\/soib.es\/es\/wp-json\/wp\/v2\/comments?post=46521"}],"version-history":[{"count":0,"href":"https:\/\/soib.es\/es\/wp-json\/wp\/v2\/pages\/46521\/revisions"}],"wp:attachment":[{"href":"https:\/\/soib.es\/es\/wp-json\/wp\/v2\/media?parent=46521"}],"curies":[{"name":"wp","href":"https:\/\/api.w.org\/{rel}","templated":true}]}}