{"id":45916,"date":"2023-07-03T12:00:12","date_gmt":"2023-07-03T10:00:12","guid":{"rendered":"https:\/\/soib.es\/especialitats-formatives\/"},"modified":"2024-05-28T14:05:22","modified_gmt":"2024-05-28T12:05:22","slug":"especialitats-formatives","status":"publish","type":"page","link":"https:\/\/soib.es\/es\/especialitats-formatives\/","title":{"rendered":"Especialidades formativas"},"content":{"rendered":"<p>[et_pb_section fb_built=\u00bb1&#8243; _builder_version=\u00bb4.16&#8243; background_color=\u00bb#f4f4f4&#8243; custom_padding=\u00bb25px||25px|\u00bb locked=\u00bboff\u00bb global_colors_info=\u00bb{}\u00bb][et_pb_row _builder_version=\u00bb4.16&#8243; global_colors_info=\u00bb{}\u00bb][et_pb_column type=\u00bb4_4&#8243; _builder_version=\u00bb4.16&#8243; custom_padding=\u00bb|||\u00bb global_colors_info=\u00bb{}\u00bb custom_padding__hover=\u00bb|||\u00bb][et_pb_text _builder_version=\u00bb4.23.1&#8243; hover_enabled=\u00bb0&#8243; global_colors_info=\u00bb{}\u00bb sticky_enabled=\u00bb0&#8243;]<\/p>\n<h1><strong>Especialidades formativas<\/strong><\/h1>\n<p>[\/et_pb_text][\/et_pb_column][\/et_pb_row][\/et_pb_section][et_pb_section fb_built=\u00bb1&#8243; _builder_version=\u00bb4.16&#8243; custom_padding=\u00bb25px|0px|54px|0px\u00bb global_colors_info=\u00bb{}\u00bb][et_pb_row _builder_version=\u00bb4.16&#8243; collapsed=\u00bboff\u00bb global_colors_info=\u00bb{}\u00bb][et_pb_column type=\u00bb4_4&#8243; _builder_version=\u00bb4.16&#8243; custom_padding=\u00bb|||\u00bb global_colors_info=\u00bb{}\u00bb custom_padding__hover=\u00bb|||\u00bb][et_pb_text _builder_version=\u00bb4.16&#8243; _module_preset=\u00bbdefault\u00bb global_colors_info=\u00bb{}\u00bb]<\/p>\n<p>Las especialidades formativas te permitir\u00e1n adquirir las competencias necesarias requeridas en el mercado de trabajo y mejorar tu empleabilidad.<\/p>\n<p>De cada especialidad formativa cursada podr\u00e1s obtener un diploma acreditativo de la formaci\u00f3n recibida.<\/p>\n<p>El nivel de cualificaci\u00f3n y los requisitos para poder acceder a la formaci\u00f3n est\u00e1n establecidos en cada programa formativo.<\/p>\n<p>Adem\u00e1s con esta formaci\u00f3n no formal podr\u00e1s presentarte al <strong>reconocimiento de las competencias profesionales adquiridas por la experiencia laboral o v\u00edas no formales de formaci\u00f3n<\/strong> que gestiona el <span style=\"color: #cb023e;\"><a style=\"color: #cb023e;\" href=\"http:\/\/www.caib.es\/sites\/iqpib\/es\/inici\/\" target=\"_blank\" rel=\"noopener\"><strong>Institut de les Qualificacions Professionals de les Illes Balears (IQPIB)<\/strong><\/a><\/span>, \u00f3rgano encargado de gestionar y coordinar el procedimiento de reconocimiento total o parcial de una cualificaci\u00f3n profesional.<\/p>\n<p>[\/et_pb_text][et_pb_button button_url=\u00bbhttps:\/\/intranet.caib.es\/esoibfront\/formacio\/especialitatsFormatives.xhtml\u00bb url_new_window=\u00bbon\u00bb button_text=\u00bbPulsa aqu\u00ed para ver todas las especialidades formativas que se pueden impartir en nuestra comunidad aut\u00f3noma\u00bb button_alignment=\u00bbleft\u00bb _builder_version=\u00bb4.16&#8243; _module_preset=\u00bbdefault\u00bb custom_button=\u00bbon\u00bb button_text_size=\u00bb18px\u00bb button_text_color=\u00bb#cb023e\u00bb button_bg_color=\u00bb#FFFFFF\u00bb button_border_width=\u00bb1px\u00bb button_border_color=\u00bb#cb023e\u00bb button_font=\u00bb|600|||||||\u00bb button_icon=\u00bb&#xe07e;||divi||400&#8243; button_icon_color=\u00bb#cb023e\u00bb button_icon_placement=\u00bbleft\u00bb button_on_hover=\u00bboff\u00bb global_colors_info=\u00bb{}\u00bb][\/et_pb_button][et_pb_toggle title=\u00bbNormativa formaci\u00f3n en el trabajo\u00bb open_toggle_text_color=\u00bb#575656&#8243; closed_toggle_text_color=\u00bb#CB023E\u00bb icon_color=\u00bb#CB023E\u00bb open_icon_color=\u00bb#CB023E\u00bb _builder_version=\u00bb4.16&#8243; _module_preset=\u00bbdefault\u00bb title_font=\u00bb|700|||||||\u00bb closed_title_font=\u00bb|600|||||||\u00bb locked=\u00bboff\u00bb global_colors_info=\u00bb{}\u00bb]<\/p>\n<ol>\n<li><span style=\"color: #cb023e;\"><a style=\"color: #cb023e;\" href=\"https:\/\/www.boe.es\/buscar\/act.php?id=BOE-A-2023-5365\" target=\"_blank\" rel=\"noopener\">Ley 3\/2023, de 28 de febrero, de Empleo<\/a><\/span><\/li>\n<li><span style=\"color: #cb023e;\"><a style=\"color: #cb023e;\" href=\"https:\/\/www.boe.es\/diario_boe\/txt.php?id=BOE-A-2019-3642\" target=\"_blank\" rel=\"noopener\">Orden TMS\/283\/2019, de 12 de marzo, por la cual se regula el Cat\u00e1logo de especialidades formativas en el marco del sistema de formaci\u00f3n profesional para el empleo en el \u00e1mbito laboral<\/a><\/span><\/li>\n<li><span style=\"color: #cb023e;\"><a style=\"color: #cb023e;\" href=\"https:\/\/www.boe.es\/buscar\/act.php?id=BOE-A-2015-9734\">Ley 30\/2015, de 9 de septiembre, por la cual se regula el Sistema de Formaci\u00f3n Profesional para el Empleo en el \u00e1mbito laboral<\/a><\/span><\/li>\n<li><a href=\"https:\/\/www.boe.es\/buscar\/act.php?id=BOE-A-2017-7769\"><span style=\"color: #cb023e;\">Real decreto 694\/2017, de 3 de julio, por el cual se despliega la Ley 30\/2015<\/span><\/a><\/li>\n<\/ol>\n<p>[\/et_pb_toggle][\/et_pb_column][\/et_pb_row][\/et_pb_section]<\/p>\n","protected":false},"excerpt":{"rendered":"<p>Especialidades formativasLas especialidades formativas te permitir\u00e1n adquirir las competencias necesarias requeridas en el mercado de trabajo y mejorar tu empleabilidad. De cada especialidad formativa cursada podr\u00e1s obtener un diploma acreditativo de la formaci\u00f3n recibida. El nivel de cualificaci\u00f3n y los requisitos para poder acceder a la formaci\u00f3n est\u00e1n establecidos en cada programa formativo. Adem\u00e1s con [&hellip;]<\/p>\n","protected":false},"author":13,"featured_media":0,"parent":0,"menu_order":0,"comment_status":"closed","ping_status":"closed","template":"","meta":{"_et_pb_use_builder":"on","_et_pb_old_content":"","_et_gb_content_width":"","footnotes":"","_links_to":"","_links_to_target":""},"class_list":["post-45916","page","type-page","status-publish","hentry"],"publishpress_future_action":{"enabled":false,"date":"2026-04-22 08:58:29","action":"change-status","newStatus":"draft","terms":[],"taxonomy":"translation_priority","extraData":[]},"publishpress_future_workflow_manual_trigger":{"enabledWorkflows":[]},"_links":{"self":[{"href":"https:\/\/soib.es\/es\/wp-json\/wp\/v2\/pages\/45916","targetHints":{"allow":["GET"]}}],"collection":[{"href":"https:\/\/soib.es\/es\/wp-json\/wp\/v2\/pages"}],"about":[{"href":"https:\/\/soib.es\/es\/wp-json\/wp\/v2\/types\/page"}],"author":[{"embeddable":true,"href":"https:\/\/soib.es\/es\/wp-json\/wp\/v2\/users\/13"}],"replies":[{"embeddable":true,"href":"https:\/\/soib.es\/es\/wp-json\/wp\/v2\/comments?post=45916"}],"version-history":[{"count":0,"href":"https:\/\/soib.es\/es\/wp-json\/wp\/v2\/pages\/45916\/revisions"}],"wp:attachment":[{"href":"https:\/\/soib.es\/es\/wp-json\/wp\/v2\/media?parent=45916"}],"curies":[{"name":"wp","href":"https:\/\/api.w.org\/{rel}","templated":true}]}}