{"id":45511,"date":"2024-12-17T14:24:06","date_gmt":"2024-12-17T13:24:06","guid":{"rendered":"https:\/\/soib.es\/sollicita-certificat-de-professionalitat\/"},"modified":"2024-12-17T14:38:24","modified_gmt":"2024-12-17T13:38:24","slug":"sollicita-certificat-de-professionalitat","status":"publish","type":"page","link":"https:\/\/soib.es\/es\/sollicita-certificat-de-professionalitat\/","title":{"rendered":"Solicita tu certificado de profesionalidad"},"content":{"rendered":"<p>[et_pb_section fb_built=\u00bb1&#8243; _builder_version=\u00bb4.16&#8243; background_color=\u00bb#f7f7f7&#8243; custom_padding=\u00bb25px|0px|25px|0px\u00bb locked=\u00bboff\u00bb global_colors_info=\u00bb{}\u00bb][et_pb_row _builder_version=\u00bb4.16&#8243; global_colors_info=\u00bb{}\u00bb][et_pb_column type=\u00bb4_4&#8243; _builder_version=\u00bb4.16&#8243; custom_padding=\u00bb|||\u00bb global_colors_info=\u00bb{}\u00bb custom_padding__hover=\u00bb|||\u00bb][et_pb_text _builder_version=\u00bb4.16&#8243; global_colors_info=\u00bb{}\u00bb]<\/p>\n<h1><strong>C\u00f3mo solicitar un certificado de profesionalidad o acreditaciones parciales de unidades de competencia<\/strong><\/h1>\n<p>[\/et_pb_text][\/et_pb_column][\/et_pb_row][\/et_pb_section][et_pb_section fb_built=\u00bb1&#8243; admin_label=\u00bbsection\u00bb _builder_version=\u00bb4.16&#8243; global_colors_info=\u00bb{}\u00bb][et_pb_row admin_label=\u00bbrow\u00bb _builder_version=\u00bb4.16&#8243; background_size=\u00bbinitial\u00bb background_position=\u00bbtop_left\u00bb background_repeat=\u00bbrepeat\u00bb global_colors_info=\u00bb{}\u00bb][et_pb_column type=\u00bb4_4&#8243; _builder_version=\u00bb4.16&#8243; custom_padding=\u00bb|||\u00bb global_colors_info=\u00bb{}\u00bb custom_padding__hover=\u00bb|||\u00bb][et_pb_blurb title=\u00bbAVISO IMPORTANTE\u00bb use_icon=\u00bbon\u00bb font_icon=\u00bb&#xe063;||divi||400&#8243; icon_color=\u00bb#cb023e\u00bb icon_placement=\u00bbleft\u00bb content_max_width=\u00bb1000px\u00bb _builder_version=\u00bb4.27.3&#8243; _module_preset=\u00bbdefault\u00bb header_font=\u00bb|600|||||||\u00bb custom_margin=\u00bb0px||||false|false\u00bb custom_padding=\u00bb20px|10px|20px|0px|false|false\u00bb hover_enabled=\u00bb0&#8243; border_radii=\u00bbon|3px|3px|3px|3px\u00bb border_width_all=\u00bb1px\u00bb border_color_all=\u00bb#8F8F8F\u00bb locked=\u00bboff\u00bb global_colors_info=\u00bb{}\u00bb sticky_enabled=\u00bb0&#8243;]<\/p>\n<p>A partir del 1 de enero del 2025, la Consejer\u00eda de Educaci\u00f3n y Universidades expedir\u00e1 los grados C:<br \/>&#8211; obtenidos a trav\u00e9s del procedimiento de acreditaci\u00f3n de competencias que gestiona el Instituto de Cualificaciones Profesionales (IQPIB)<br \/>&#8211; obtenidos a trav\u00e9s de la formaci\u00f3n realizada en los centros educativos, por lo que <strong>deber\u00e1 solicitar su certificado profesional a la Consejer\u00eda de Educaci\u00f3n y Universidades.<\/strong><br \/>Por tanto, el SOIB solo expedir\u00e1 los certificados realizados a trav\u00e9s de la red de Centros de Formaci\u00f3n SOIB.<br \/>Para m\u00e1s informaci\u00f3n, accede al enlace a la Consejer\u00eda de Educaci\u00f3n y Universidades: <span style=\"color: #cb023e;\"><a style=\"color: #cb023e;\" href=\"https:\/\/www.caib.es\/webgoib\/es\/direccion-general-de-formacion-profesional-y-formacion-permanente-del-profesorado\" target=\"_blank\" rel=\"noopener\">https:\/\/www.caib.es\/webgoib\/es\/direccion-general-de-formacion-profesional-y-formacion-permanente-del-profesorado<\/a><\/span><\/p>\n<p>[\/et_pb_blurb][et_pb_text _builder_version=\u00bb4.23.1&#8243; locked=\u00bboff\u00bb global_colors_info=\u00bb{}\u00bb]<\/p>\n<p>Para solicitar la expedici\u00f3n de un certificado de profesionalidad, la persona interesada debe tener la totalidad de las unidades de competencia que lo conforman.<\/p>\n<p>Si no tiene la totalidad de las unidades de competencia que conforman el certificado de profesionalidad, se le expedir\u00e1n acreditaciones parciales acumulables (APA) de las unidades de competencia alcanzadas.<\/p>\n<p>Las solicitudes de certificados de profesionalidad y de acreditaciones parciales acumulables deben presentarse:<\/p>\n<ul>\n<li>Por la persona interesada, junto con la documentaci\u00f3n acreditativa que se relaciona en la solicitud.\n<ul>\n<li>Bien presencialmente en el registro del SOIB (preferentemente con cita previa) o en las formas que establece el art\u00edculo 16 de la Ley 39\/2015, de 1 de octubre, del procedimiento administrativo com\u00fan de las administraciones p\u00fablicas.<\/li>\n<li>Bien a trav\u00e9s del tr\u00e1mite telem\u00e1tico del procedimiento.<\/li>\n<\/ul>\n<\/li>\n<\/ul>\n<a href='https:\/\/www.caib.es\/seucaib\/es\/200\/persones\/tramites\/tramite\/3435849' class='big-button bigsilver' target=\"_blank\">Haz tu solicitud AQU\u00cd<\/a>\n<p>Para recibir m\u00e1s informaci\u00f3n, puedes dirigirte al Servicio de Empleo de las Illes Balears (SOIB), al tel\u00e9fono 971177900 ext. 67542 \/ 67390 (de lunes a viernes, excepto festivos, de 9 a 14 h) o bien enviar un correo a la direcci\u00f3n electr\u00f3nica <a href=\"mailto:ofertaformativaicentres@soib.caib.es\" target=\"_blank\" rel=\"noopener\"><span style=\"color: #cb023e;\">ofertaformativaicentres@soib.caib.es<\/span><\/a><\/p>\n<p>[\/et_pb_text][\/et_pb_column][\/et_pb_row][\/et_pb_section]<\/p>\n","protected":false},"excerpt":{"rendered":"<p>C\u00f3mo solicitar un certificado de profesionalidad o acreditaciones parciales de unidades de competenciaA partir del 1 de enero del 2025, la Consejer\u00eda de Educaci\u00f3n y Universidades expedir\u00e1 los grados C:- obtenidos a trav\u00e9s del procedimiento de acreditaci\u00f3n de competencias que gestiona el Instituto de Cualificaciones Profesionales (IQPIB)- obtenidos a trav\u00e9s de la formaci\u00f3n realizada en [&hellip;]<\/p>\n","protected":false},"author":13,"featured_media":0,"parent":0,"menu_order":0,"comment_status":"closed","ping_status":"closed","template":"","meta":{"_et_pb_use_builder":"on","_et_pb_old_content":"","_et_gb_content_width":"","footnotes":"","_links_to":"","_links_to_target":""},"class_list":["post-45511","page","type-page","status-publish","hentry"],"publishpress_future_action":{"enabled":false,"date":"2026-05-07 18:16:49","action":"change-status","newStatus":"draft","terms":[],"taxonomy":"translation_priority","extraData":[]},"publishpress_future_workflow_manual_trigger":{"enabledWorkflows":[]},"_links":{"self":[{"href":"https:\/\/soib.es\/es\/wp-json\/wp\/v2\/pages\/45511","targetHints":{"allow":["GET"]}}],"collection":[{"href":"https:\/\/soib.es\/es\/wp-json\/wp\/v2\/pages"}],"about":[{"href":"https:\/\/soib.es\/es\/wp-json\/wp\/v2\/types\/page"}],"author":[{"embeddable":true,"href":"https:\/\/soib.es\/es\/wp-json\/wp\/v2\/users\/13"}],"replies":[{"embeddable":true,"href":"https:\/\/soib.es\/es\/wp-json\/wp\/v2\/comments?post=45511"}],"version-history":[{"count":0,"href":"https:\/\/soib.es\/es\/wp-json\/wp\/v2\/pages\/45511\/revisions"}],"wp:attachment":[{"href":"https:\/\/soib.es\/es\/wp-json\/wp\/v2\/media?parent=45511"}],"curies":[{"name":"wp","href":"https:\/\/api.w.org\/{rel}","templated":true}]}}