{"id":45404,"date":"2023-06-14T13:57:27","date_gmt":"2023-06-14T11:57:27","guid":{"rendered":"https:\/\/soib.es\/ofertes-privades-docupacio\/"},"modified":"2023-06-15T12:41:38","modified_gmt":"2023-06-15T10:41:38","slug":"ofertes-ocupacio-privades","status":"publish","type":"page","link":"https:\/\/soib.es\/es\/ofertes-ocupacio-privades\/","title":{"rendered":"Ofertas de empleo privadas"},"content":{"rendered":"<p>[et_pb_section fb_built=\u00bb1&#8243; _builder_version=\u00bb4.6.3&#8243; background_color=\u00bb#f7f7f7&#8243; custom_padding=\u00bb25px|0px|25px|0px\u00bb][et_pb_row _builder_version=\u00bb4.6.3&#8243;][et_pb_column type=\u00bb4_4&#8243; _builder_version=\u00bb3.25&#8243; custom_padding=\u00bb|||\u00bb custom_padding__hover=\u00bb|||\u00bb][et_pb_text _builder_version=\u00bb4.9.4&#8243;]<\/p>\n<h1><strong>Ofertas de empleo <\/strong><strong>privadas<\/strong><\/h1>\n<h1><strong>\u00a0<\/strong><\/h1>\n<p>[\/et_pb_text][\/et_pb_column][\/et_pb_row][\/et_pb_section][et_pb_section fb_built=\u00bb1&#8243; _builder_version=\u00bb4.6.3&#8243; custom_padding=\u00bb25px|0px|54px|0px\u00bb][et_pb_row _builder_version=\u00bb4.6.3&#8243;][et_pb_column type=\u00bb4_4&#8243; _builder_version=\u00bb3.25&#8243; custom_padding=\u00bb|||\u00bb custom_padding__hover=\u00bb|||\u00bb][et_pb_text _builder_version=\u00bb4.9.4&#8243; hover_enabled=\u00bb0&#8243; sticky_enabled=\u00bb0&#8243;]<\/p>\n<p><span lang=\"CA\">El SOIB gestiona ofertas de empresas privadas y particulares, lleva a cabo su difusi\u00f3n y el proceso de selecci\u00f3n.<\/span><\/p>\n<p><span lang=\"CA\">Para apuntarte, debes rellenar el formulario que encontrar\u00e1s en cada oferta, pulsar el bot\u00f3n <b>\u00abInscribirse a la oferta\u00bb<\/b> y adjuntar el curr\u00edculum. Te recomendamos utilizar un <b>curr\u00edculum an\u00f3nimo o ciego<\/b> para que se garantice tu derecho a la igualdad de trato y no discriminaci\u00f3n en el acceso a las ofertas (Ley 15\/2022, de 12 de julio, integral para la igualdad de trato y la no discriminaci\u00f3n).<\/span><\/p>\n<div>\n<div class=\"adm\">\n<div id=\"q_155\" class=\"ajR h4\" data-tooltip=\"Ocultar contenido ampliado\" aria-label=\"Ocultar contenido ampliado\" aria-expanded=\"true\">\n<div class=\"ajT\"><a href='https:\/\/intranet.caib.es\/esoibfront\/principal.xhtml?seleccion=aplicacions06&#038;tipOf=TPOFE-PRIVADA' class='big-button bigpink' target=\"_blank\"><strong>Accede al buscador de ofertas privadas<\/strong><\/a><\/div>\n<\/div>\n<\/div>\n<\/div>\n<p>[\/et_pb_text][\/et_pb_column][\/et_pb_row][\/et_pb_section][et_pb_section fb_built=\u00bb1&#8243; disabled_on=\u00bbon|on|off\u00bb _builder_version=\u00bb4.6.6&#8243; background_color=\u00bb#f4f5f4&#8243; height=\u00bb10px\u00bb custom_padding=\u00bb0px||0px||true|false\u00bb][\/et_pb_section][et_pb_section fb_built=\u00bb1&#8243; disabled_on=\u00bbon|on|off\u00bb _builder_version=\u00bb4.6.5&#8243; background_color=\u00bb#f4f5f4&#8243; height=\u00bb10px\u00bb custom_padding=\u00bb0px||0px||true|false\u00bb][\/et_pb_section][et_pb_section fb_built=\u00bb1&#8243; disabled_on=\u00bbon|on|off\u00bb _builder_version=\u00bb3.22&#8243; background_color=\u00bb#f4f5f4&#8243; height=\u00bb10px\u00bb custom_padding=\u00bb0px||0px||true|false\u00bb][\/et_pb_section]<\/p>\n","protected":false},"excerpt":{"rendered":"<p>Ofertas de empleo privadas \u00a0El SOIB gestiona ofertas de empresas privadas y particulares, lleva a cabo su difusi\u00f3n y el proceso de selecci\u00f3n. Para apuntarte, debes rellenar el formulario que encontrar\u00e1s en cada oferta, pulsar el bot\u00f3n \u00abInscribirse a la oferta\u00bb y adjuntar el curr\u00edculum. Te recomendamos utilizar un curr\u00edculum an\u00f3nimo o ciego para que [&hellip;]<\/p>\n","protected":false},"author":13,"featured_media":0,"parent":0,"menu_order":0,"comment_status":"closed","ping_status":"closed","template":"","meta":{"_et_pb_use_builder":"on","_et_pb_old_content":"","_et_gb_content_width":"","footnotes":"","_links_to":"","_links_to_target":""},"class_list":["post-45404","page","type-page","status-publish","hentry"],"publishpress_future_action":{"enabled":false,"date":"2026-04-16 04:42:13","action":"change-status","newStatus":"draft","terms":[],"taxonomy":"translation_priority","extraData":[]},"publishpress_future_workflow_manual_trigger":{"enabledWorkflows":[]},"_links":{"self":[{"href":"https:\/\/soib.es\/es\/wp-json\/wp\/v2\/pages\/45404","targetHints":{"allow":["GET"]}}],"collection":[{"href":"https:\/\/soib.es\/es\/wp-json\/wp\/v2\/pages"}],"about":[{"href":"https:\/\/soib.es\/es\/wp-json\/wp\/v2\/types\/page"}],"author":[{"embeddable":true,"href":"https:\/\/soib.es\/es\/wp-json\/wp\/v2\/users\/13"}],"replies":[{"embeddable":true,"href":"https:\/\/soib.es\/es\/wp-json\/wp\/v2\/comments?post=45404"}],"version-history":[{"count":0,"href":"https:\/\/soib.es\/es\/wp-json\/wp\/v2\/pages\/45404\/revisions"}],"wp:attachment":[{"href":"https:\/\/soib.es\/es\/wp-json\/wp\/v2\/media?parent=45404"}],"curies":[{"name":"wp","href":"https:\/\/api.w.org\/{rel}","templated":true}]}}