{"id":45192,"date":"2023-06-08T09:56:24","date_gmt":"2023-06-08T07:56:24","guid":{"rendered":"https:\/\/soib.es\/normativa-fp-graus\/"},"modified":"2023-06-13T09:01:20","modified_gmt":"2023-06-13T07:01:20","slug":"normativa-fp-graus","status":"publish","type":"page","link":"https:\/\/soib.es\/es\/normativa-fp-graus\/","title":{"rendered":"Normativa nuevo sistema de Formaci\u00f3n Profesional por grados"},"content":{"rendered":"<p>[et_pb_section fb_built=\u00bb1&#8243; _builder_version=\u00bb3.22&#8243; background_color=\u00bb#f7f7f7&#8243; custom_padding=\u00bb25px|0px|25px|0px\u00bb locked=\u00bboff\u00bb][et_pb_row _builder_version=\u00bb3.25&#8243;][et_pb_column type=\u00bb4_4&#8243; _builder_version=\u00bb3.25&#8243; custom_padding=\u00bb|||\u00bb custom_padding__hover=\u00bb|||\u00bb][et_pb_text _builder_version=\u00bb4.9.4&#8243;]<\/p>\n<h1><strong>Normativa nuevo sistema de Formaci\u00f3n Profesional por grados<\/strong><\/h1>\n<p>[\/et_pb_text][\/et_pb_column][\/et_pb_row][\/et_pb_section][et_pb_section fb_built=\u00bb1&#8243; admin_label=\u00bbsection\u00bb _builder_version=\u00bb4.6.6&#8243;][et_pb_row admin_label=\u00bbrow\u00bb _builder_version=\u00bb3.25&#8243; background_size=\u00bbinitial\u00bb background_position=\u00bbtop_left\u00bb background_repeat=\u00bbrepeat\u00bb][et_pb_column type=\u00bb4_4&#8243; _builder_version=\u00bb3.25&#8243; custom_padding=\u00bb|||\u00bb custom_padding__hover=\u00bb|||\u00bb][et_pb_text _builder_version=\u00bb4.9.4&#8243; _module_preset=\u00bbdefault\u00bb hover_enabled=\u00bb0&#8243; sticky_enabled=\u00bb0&#8243;]<\/p>\n<ul>\n<li><span style=\"color: #cb023e;\"><a style=\"color: #cb023e;\" href=\"https:\/\/www.boe.es\/buscar\/act.php?id=BOE-A-2022-5139\" target=\"_blank\" rel=\"noopener\">Ley Org\u00e1nica 3\/2022, de 31 de marzo, de ordenaci\u00f3n e integraci\u00f3n de la Formaci\u00f3n Profesional.<\/a><\/span><\/li>\n<li><a href=\"https:\/\/soib.es\/wp-content\/uploads\/2023\/06\/BOE-A-2023-9045.pdf\" target=\"_blank\" rel=\"noopener\"><span style=\"color: #cb023e;\">Real Decreto 278\/2023, de 11 de abril, por el que se establece el calendario de implantaci\u00f3n del Sistema de Formaci\u00f3n Profesional establecido por la Ley Org\u00e1nica 3\/2022, de 31 de marzo, de ordenaci\u00f3n e integraci\u00f3n de la Formaci\u00f3n Profesional<\/span><\/a><\/li>\n<\/ul>\n<p>[\/et_pb_text][\/et_pb_column][\/et_pb_row][\/et_pb_section]<\/p>\n","protected":false},"excerpt":{"rendered":"<p>Normativa nuevo sistema de Formaci\u00f3n Profesional por grados Ley Org\u00e1nica 3\/2022, de 31 de marzo, de ordenaci\u00f3n e integraci\u00f3n de la Formaci\u00f3n Profesional. Real Decreto 278\/2023, de 11 de abril, por el que se establece el calendario de implantaci\u00f3n del Sistema de Formaci\u00f3n Profesional establecido por la Ley Org\u00e1nica 3\/2022, de 31 de marzo, de [&hellip;]<\/p>\n","protected":false},"author":13,"featured_media":0,"parent":0,"menu_order":0,"comment_status":"closed","ping_status":"closed","template":"","meta":{"_et_pb_use_builder":"on","_et_pb_old_content":"","_et_gb_content_width":"","footnotes":"","_links_to":"","_links_to_target":""},"class_list":["post-45192","page","type-page","status-publish","hentry"],"publishpress_future_action":{"enabled":false,"date":"2026-04-11 18:18:04","action":"change-status","newStatus":"draft","terms":[],"taxonomy":"translation_priority","extraData":[]},"publishpress_future_workflow_manual_trigger":{"enabledWorkflows":[]},"_links":{"self":[{"href":"https:\/\/soib.es\/es\/wp-json\/wp\/v2\/pages\/45192","targetHints":{"allow":["GET"]}}],"collection":[{"href":"https:\/\/soib.es\/es\/wp-json\/wp\/v2\/pages"}],"about":[{"href":"https:\/\/soib.es\/es\/wp-json\/wp\/v2\/types\/page"}],"author":[{"embeddable":true,"href":"https:\/\/soib.es\/es\/wp-json\/wp\/v2\/users\/13"}],"replies":[{"embeddable":true,"href":"https:\/\/soib.es\/es\/wp-json\/wp\/v2\/comments?post=45192"}],"version-history":[{"count":0,"href":"https:\/\/soib.es\/es\/wp-json\/wp\/v2\/pages\/45192\/revisions"}],"wp:attachment":[{"href":"https:\/\/soib.es\/es\/wp-json\/wp\/v2\/media?parent=45192"}],"curies":[{"name":"wp","href":"https:\/\/api.w.org\/{rel}","templated":true}]}}