{"id":43841,"date":"2023-04-27T14:14:42","date_gmt":"2023-04-27T12:14:42","guid":{"rendered":"https:\/\/soib.es\/actuar-com-a-agencia-de-collocacio\/"},"modified":"2023-04-27T14:41:43","modified_gmt":"2023-04-27T12:41:43","slug":"actuar-com-a-agencia-de-collocacio","status":"publish","type":"page","link":"https:\/\/soib.es\/es\/actuar-com-a-agencia-de-collocacio\/","title":{"rendered":"\u00bfQuer\u00e9is actuar como Agencia de colocaci\u00f3n?"},"content":{"rendered":"<p>[et_pb_section fb_built=\u00bb1&#8243; _builder_version=\u00bb3.22&#8243; background_color=\u00bb#f7f7f7&#8243; custom_padding=\u00bb25px|0px|25px|0px\u00bb][et_pb_row _builder_version=\u00bb3.25&#8243;][et_pb_column type=\u00bb4_4&#8243; _builder_version=\u00bb3.25&#8243; custom_padding=\u00bb|||\u00bb custom_padding__hover=\u00bb|||\u00bb][et_pb_text _builder_version=\u00bb4.9.4&#8243; hover_enabled=\u00bb0&#8243; sticky_enabled=\u00bb0&#8243;]<\/p>\n<h1><strong>\u00bfQuer\u00e9is actuar como Agencia de colocaci\u00f3n?<\/strong><\/h1>\n<p>[\/et_pb_text][\/et_pb_column][\/et_pb_row][\/et_pb_section][et_pb_section fb_built=\u00bb1&#8243; _builder_version=\u00bb3.22&#8243; custom_padding=\u00bb25px|0px|54px|0px\u00bb][et_pb_row _builder_version=\u00bb3.25&#8243;][et_pb_column type=\u00bb4_4&#8243; _builder_version=\u00bb3.25&#8243; custom_padding=\u00bb|||\u00bb custom_padding__hover=\u00bb|||\u00bb][et_pb_text _builder_version=\u00bb4.9.4&#8243; hover_enabled=\u00bb0&#8243; sticky_enabled=\u00bb0&#8243;]<\/p>\n<p>Una Agencia de colocaci\u00f3n es una entidad de intermediaci\u00f3n laboral que trabaja de manera coordinada con el Servicio P\u00fablico de Empleo correspondiente, con el doble objetivo de ayudar a las personas desempleadas a encontrar trabajo y facilitar que las empresas encuentren a las personas trabajadoras id\u00f3neas. Esta intermediaci\u00f3n laboral es gratuita para las personas demandantes de empleo.<\/p>\n<p>[\/et_pb_text][et_pb_accordion db_closeable=\u00bbon\u00bb db_initial_state=\u00bball_closed\u00bb open_toggle_text_color=\u00bb#878786&#8243; closed_toggle_text_color=\u00bb#cb023e\u00bb icon_color=\u00bb#cb023e\u00bb _builder_version=\u00bb4.9.4&#8243; toggle_font=\u00bb|700|||||||\u00bb body_font=\u00bb||||||||\u00bb hover_enabled=\u00bb0&#8243; sticky_enabled=\u00bb0&#8243;][et_pb_accordion_item title=\u00bb\u00bfC\u00f3mo pod\u00e9is actuar como Agencia de colocaci\u00f3n?\u00bb open=\u00bbon\u00bb _builder_version=\u00bb4.9.4&#8243; hover_enabled=\u00bb0&#8243; open_use_icon_font_size=\u00bboff\u00bb sticky_enabled=\u00bb0&#8243;]<\/p>\n<p>La intermediaci\u00f3n laboral se considera un servicio de car\u00e1cter p\u00fablico. Por tal motivo, las personas f\u00edsicas o jur\u00eddicas, incluidas las empresas de trabajo temporal, que deseen actuar como Agencias de colocaci\u00f3n, deben presentar una declaraci\u00f3n responsable a trav\u00e9s de este <a href=\"https:\/\/www.caib.es\/seucaib\/es\/201\/empreses\/tramites\/tramite\/5376446\"><span style=\"color: #cb023e;\"><strong>tr\u00e1mite telem\u00e1tico<\/strong><\/span><\/a>.<\/p>\n<p>[\/et_pb_accordion_item][et_pb_accordion_item title=\u00bb\u00bfA qu\u00e9 est\u00e1n obligadas las Agencias de colocaci\u00f3n?\u00bb _builder_version=\u00bb4.9.4&#8243; hover_enabled=\u00bb0&#8243; open_use_icon_font_size=\u00bboff\u00bb open=\u00bboff\u00bb sticky_enabled=\u00bb0&#8243;]<\/p>\n<p>Est\u00e1n en todo caso obligadas a:<\/p>\n<ul>\n<li>Garantizar a las personas trabajadoras la gratuidad por la prestaci\u00f3n de servicios, tanto de intermediaci\u00f3n laboral como de otras actuaciones relacionadas con la b\u00fasqueda de empleo.<\/li>\n<li>Garantizar, en su \u00e1mbito de actuaci\u00f3n, los principios de igualdad y no discriminaci\u00f3n en el acceso al empleo.<\/li>\n<li>Garantizar el respeto a la intimidad y dignidad de las personas trabajadoras en el tratamiento de sus datos.<\/li>\n<li>Cumplir con las normas sobre accesibilidad universal de las personas con discapacidad.<\/li>\n<\/ul>\n<p>[\/et_pb_accordion_item][\/et_pb_accordion][\/et_pb_column][\/et_pb_row][\/et_pb_section][et_pb_section fb_built=\u00bb1&#8243; disabled_on=\u00bbon|on|off\u00bb _builder_version=\u00bb4.6.6&#8243; background_color=\u00bb#f4f5f4&#8243; height=\u00bb10px\u00bb custom_padding=\u00bb0px||0px||true|false\u00bb][\/et_pb_section][et_pb_section fb_built=\u00bb1&#8243; disabled_on=\u00bbon|on|off\u00bb _builder_version=\u00bb4.6.5&#8243; background_color=\u00bb#f4f5f4&#8243; height=\u00bb10px\u00bb custom_padding=\u00bb0px||0px||true|false\u00bb][\/et_pb_section][et_pb_section fb_built=\u00bb1&#8243; disabled_on=\u00bbon|on|off\u00bb _builder_version=\u00bb3.22&#8243; background_color=\u00bb#f4f5f4&#8243; height=\u00bb10px\u00bb custom_padding=\u00bb0px||0px||true|false\u00bb][\/et_pb_section]<\/p>\n","protected":false},"excerpt":{"rendered":"<p>\u00bfQuer\u00e9is actuar como Agencia de colocaci\u00f3n?Una Agencia de colocaci\u00f3n es una entidad de intermediaci\u00f3n laboral que trabaja de manera coordinada con el Servicio P\u00fablico de Empleo correspondiente, con el doble objetivo de ayudar a las personas desempleadas a encontrar trabajo y facilitar que las empresas encuentren a las personas trabajadoras id\u00f3neas. Esta intermediaci\u00f3n laboral es [&hellip;]<\/p>\n","protected":false},"author":13,"featured_media":0,"parent":0,"menu_order":0,"comment_status":"closed","ping_status":"closed","template":"","meta":{"_et_pb_use_builder":"on","_et_pb_old_content":"","_et_gb_content_width":"","footnotes":"","_links_to":"","_links_to_target":""},"class_list":["post-43841","page","type-page","status-publish","hentry"],"publishpress_future_action":{"enabled":false,"date":"2026-05-06 01:45:04","action":"change-status","newStatus":"draft","terms":[],"taxonomy":"translation_priority","extraData":[]},"publishpress_future_workflow_manual_trigger":{"enabledWorkflows":[]},"_links":{"self":[{"href":"https:\/\/soib.es\/es\/wp-json\/wp\/v2\/pages\/43841","targetHints":{"allow":["GET"]}}],"collection":[{"href":"https:\/\/soib.es\/es\/wp-json\/wp\/v2\/pages"}],"about":[{"href":"https:\/\/soib.es\/es\/wp-json\/wp\/v2\/types\/page"}],"author":[{"embeddable":true,"href":"https:\/\/soib.es\/es\/wp-json\/wp\/v2\/users\/13"}],"replies":[{"embeddable":true,"href":"https:\/\/soib.es\/es\/wp-json\/wp\/v2\/comments?post=43841"}],"version-history":[{"count":0,"href":"https:\/\/soib.es\/es\/wp-json\/wp\/v2\/pages\/43841\/revisions"}],"wp:attachment":[{"href":"https:\/\/soib.es\/es\/wp-json\/wp\/v2\/media?parent=43841"}],"curies":[{"name":"wp","href":"https:\/\/api.w.org\/{rel}","templated":true}]}}