{"id":4159,"date":"2025-04-29T12:00:09","date_gmt":"2025-04-29T10:00:09","guid":{"rendered":"https:\/\/soib.es\/el-nostre-equip\/"},"modified":"2026-03-12T08:26:52","modified_gmt":"2026-03-12T07:26:52","slug":"nuestro-equipo","status":"publish","type":"page","link":"https:\/\/soib.es\/es\/nuestro-equipo\/","title":{"rendered":"Nuestro equipo"},"content":{"rendered":"<p>[et_pb_section fb_built=\u00bb1&#8243; _builder_version=\u00bb4.16&#8243; background_color=\u00bb#f7f7f7&#8243; custom_padding=\u00bb25px|0px|25px|0px\u00bb global_colors_info=\u00bb{}\u00bb][et_pb_row _builder_version=\u00bb4.16&#8243; width=\u00bb87.8%\u00bb custom_padding=\u00bb|||0px||\u00bb global_colors_info=\u00bb{}\u00bb][et_pb_column type=\u00bb4_4&#8243; _builder_version=\u00bb4.16&#8243; _module_preset=\u00bbdefault\u00bb global_colors_info=\u00bb{}\u00bb][et_pb_text _builder_version=\u00bb4.27.4&#8243; custom_margin=\u00bb||||false|false\u00bb custom_padding=\u00bb|||0px||\u00bb global_colors_info=\u00bb{}\u00bb]<\/p>\n<h1><strong>Nuestro equipo<\/strong><\/h1>\n<p>[\/et_pb_text][\/et_pb_column][\/et_pb_row][et_pb_row column_structure=\u00bb3_4,1_4&#8243; disabled_on=\u00bboff|off|off\u00bb _builder_version=\u00bb4.23.1&#8243; width=\u00bb87.8%\u00bb custom_padding=\u00bb|||0px||\u00bb global_colors_info=\u00bb{}\u00bb][et_pb_column type=\u00bb3_4&#8243; _builder_version=\u00bb4.16&#8243; _module_preset=\u00bbdefault\u00bb global_colors_info=\u00bb{}\u00bb][et_pb_text _builder_version=\u00bb4.27.4&#8243; _module_preset=\u00bbdefault\u00bb global_colors_info=\u00bb{}\u00bb]<\/p>\n<h4><strong><img loading=\"lazy\" decoding=\"async\" class=\"wp-image-23148 alignnone\" src=\"https:\/\/soib.es\/wp-content\/uploads\/2020\/10\/Icona-fletxes-1.jpg\" alt=\"\" width=\"20\" height=\"20\" \/> <\/strong><strong>La directora<\/strong><\/h4>\n<p><\/p>\n<h4>\u00a0\u00a0\u00a0\u00a0 Maria Luj\u00e1n Olivera<\/h4>\n<p>[\/et_pb_text][et_pb_image src=\u00bbhttps:\/\/soib.es\/wp-content\/uploads\/2025\/11\/SOIB_MOLIVERA.png\u00bb title_text=\u00bbSOIB_MOLIVERA\u00bb disabled_on=\u00bboff|off|off\u00bb _builder_version=\u00bb4.27.4&#8243; _module_preset=\u00bbdefault\u00bb width=\u00bb50%\u00bb custom_margin=\u00bb|||20px|false|false\u00bb global_colors_info=\u00bb{}\u00bb][\/et_pb_image][\/et_pb_column][et_pb_column type=\u00bb1_4&#8243; _builder_version=\u00bb4.16&#8243; _module_preset=\u00bbdefault\u00bb global_colors_info=\u00bb{}\u00bb][\/et_pb_column][\/et_pb_row][et_pb_row disabled_on=\u00bboff|off|off\u00bb _builder_version=\u00bb4.23.1&#8243; width=\u00bb87.8%\u00bb custom_padding=\u00bb|||0px||\u00bb global_colors_info=\u00bb{}\u00bb][et_pb_column type=\u00bb4_4&#8243; _builder_version=\u00bb4.16&#8243; _module_preset=\u00bbdefault\u00bb global_colors_info=\u00bb{}\u00bb][et_pb_text disabled_on=\u00bboff|off|off\u00bb _builder_version=\u00bb4.27.4&#8243; _module_preset=\u00bbdefault\u00bb global_colors_info=\u00bb{}\u00bb]<\/p>\n<p><strong>Fecha de nacimiento<\/strong><br \/>01\/09\/1972<\/p>\n<p><\/p>\n<p><strong>Lugar de nacimiento<\/strong><br \/>Buenos Aires (Argentina)<\/p>\n<p><\/p>\n<p><strong>Descripci\u00f3n de los estudios<\/strong><br \/>Es Diplomada en inform\u00e1tica por la Universidad Argentina de la Empresa, Especialista en Gesti\u00f3n de empresas por la Universidad Polit\u00e9cnica de Madrid y experta en Responsabilidad Social Corporativa y Comunicaci\u00f3n Empresarial, por la Escuela de Negocios Formaselect.<\/p>\n<p><\/p>\n<p><strong>Experiencia profesional<\/strong><br \/>Desde mayo de 2024 hasta octubre de 2025 ha ejercido el cargo de coordinadora del Servicio P\u00fablico de Empleo de las Illes Balears.<br \/>Desde mayo de 2015 hasta mayo de 2024 ha ejercido el cargo de coordinaci\u00f3n de gesti\u00f3n en programas de formaci\u00f3n en la Fundaci\u00f3n Amadip Esment.<br \/>Desde marzo de 2009 hasta mayo de 2024 ha ejercido el cargo de Secretario T\u00e9cnico en el Centro para la Gesti\u00f3n \u00c9tica de la Empresa.<br \/>Desde enero de 2010 hasta diciembre de 2014 ha ejercido el cargo de Gerente en la entidad Asociaci\u00f3n Aula Cultural.<br \/>Desde marzo de 2012 hasta diciembre de 2014 ha ejercido el cargo de Controller de gesti\u00f3n en la empresa Caf\u00e9s Palma 1984 SL.<br \/>Desde enero de 2010 hasta octubre de 2011 ha ejercido el cargo de consultora\/auditora en la empresa Sinergies Gesti\u00f3 Empresarial.<br \/>Desde diciembre de 2005 hasta noviembre de 2009 ha ejercido el cargo de Responsable de Administraci\u00f3n, Calidad y Medio ambiente en la empresa Mediamar Impresi\u00f3n Digital.<\/p>\n<p><\/p>\n<p><strong>Otros datos de inter\u00e9s<\/strong><br \/>Tiene experiencia docente en materias relacionadas con la creaci\u00f3n de empresas y la gesti\u00f3n empresarial para emprendedores y alfabetizaci\u00f3n digital para colectivos vulnerables.<\/p>\n<p>[\/et_pb_text][et_pb_text _builder_version=\u00bb4.27.4&#8243; _module_preset=\u00bbdefault\u00bb custom_margin=\u00bb40px||||false|false\u00bb global_colors_info=\u00bb{}\u00bb]<\/p>\n<h4><strong><img loading=\"lazy\" decoding=\"async\" class=\"wp-image-23148 alignnone\" src=\"https:\/\/soib.es\/wp-content\/uploads\/2020\/10\/Icona-fletxes-1.jpg\" alt=\"\" width=\"20\" height=\"20\" \/> Estructura org\u00e1nica<\/strong><\/h4>\n<p>[\/et_pb_text][et_pb_button button_url=\u00bbhttps:\/\/soib.es\/wp-content\/uploads\/2026\/03\/organigrama-SOIB-1.pdf\u00bb url_new_window=\u00bbon\u00bb button_text=\u00bbOrganigrama\u00bb _builder_version=\u00bb4.27.5&#8243; _module_preset=\u00bbdefault\u00bb custom_button=\u00bbon\u00bb button_text_size=\u00bb16px\u00bb button_text_color=\u00bb#cb023e\u00bb button_bg_color=\u00bb#FFFFFF\u00bb button_border_width=\u00bb1px\u00bb button_border_color=\u00bb#cb023e\u00bb button_icon=\u00bb&#xe07e;||divi||400&#8243; button_icon_placement=\u00bbleft\u00bb button_on_hover=\u00bboff\u00bb hover_enabled=\u00bb0&#8243; locked=\u00bboff\u00bb global_colors_info=\u00bb{}\u00bb sticky_enabled=\u00bb0&#8243;][\/et_pb_button][et_pb_button button_url=\u00bbhttps:\/\/soib.es\/wp-content\/uploads\/2025\/09\/SOIB_es_2025_ok_WEB_GOIB.pdf\u00bb url_new_window=\u00bbon\u00bb button_text=\u00bbInformaci\u00f3n de transparencia\u00bb disabled_on=\u00bboff|off|off\u00bb _builder_version=\u00bb4.27.4&#8243; _module_preset=\u00bbdefault\u00bb custom_button=\u00bbon\u00bb button_text_size=\u00bb16px\u00bb button_text_color=\u00bb#cb023e\u00bb button_bg_color=\u00bb#FFFFFF\u00bb button_border_width=\u00bb1px\u00bb button_border_color=\u00bb#cb023e\u00bb button_icon=\u00bb&#xe07e;||divi||400&#8243; button_icon_placement=\u00bbleft\u00bb button_on_hover=\u00bboff\u00bb locked=\u00bboff\u00bb global_colors_info=\u00bb{}\u00bb][\/et_pb_button][\/et_pb_column][\/et_pb_row][\/et_pb_section]<\/p>\n","protected":false},"excerpt":{"rendered":"<p>Nuestro equipo La directora\u00a0\u00a0\u00a0\u00a0 Maria Luj\u00e1n OliveraFecha de nacimiento01\/09\/1972Lugar de nacimientoBuenos Aires (Argentina)Descripci\u00f3n de los estudiosEs Diplomada en inform\u00e1tica por la Universidad Argentina de la Empresa, Especialista en Gesti\u00f3n de empresas por la Universidad Polit\u00e9cnica de Madrid y experta en Responsabilidad Social Corporativa y Comunicaci\u00f3n Empresarial, por la Escuela de Negocios Formaselect.Experiencia profesionalDesde mayo de [&hellip;]<\/p>\n","protected":false},"author":1,"featured_media":0,"parent":0,"menu_order":0,"comment_status":"closed","ping_status":"closed","template":"","meta":{"_et_pb_use_builder":"on","_et_pb_old_content":"","_et_gb_content_width":"","footnotes":"","_links_to":"","_links_to_target":""},"class_list":["post-4159","page","type-page","status-publish","hentry"],"publishpress_future_action":{"enabled":false,"date":"2026-04-21 16:35:15","action":"change-status","newStatus":"draft","terms":[],"taxonomy":"translation_priority","extraData":[]},"publishpress_future_workflow_manual_trigger":{"enabledWorkflows":[]},"_links":{"self":[{"href":"https:\/\/soib.es\/es\/wp-json\/wp\/v2\/pages\/4159","targetHints":{"allow":["GET"]}}],"collection":[{"href":"https:\/\/soib.es\/es\/wp-json\/wp\/v2\/pages"}],"about":[{"href":"https:\/\/soib.es\/es\/wp-json\/wp\/v2\/types\/page"}],"author":[{"embeddable":true,"href":"https:\/\/soib.es\/es\/wp-json\/wp\/v2\/users\/1"}],"replies":[{"embeddable":true,"href":"https:\/\/soib.es\/es\/wp-json\/wp\/v2\/comments?post=4159"}],"version-history":[{"count":1,"href":"https:\/\/soib.es\/es\/wp-json\/wp\/v2\/pages\/4159\/revisions"}],"predecessor-version":[{"id":71183,"href":"https:\/\/soib.es\/es\/wp-json\/wp\/v2\/pages\/4159\/revisions\/71183"}],"wp:attachment":[{"href":"https:\/\/soib.es\/es\/wp-json\/wp\/v2\/media?parent=4159"}],"curies":[{"name":"wp","href":"https:\/\/api.w.org\/{rel}","templated":true}]}}