{"id":4114,"date":"2018-02-13T12:34:29","date_gmt":"2018-02-13T11:34:29","guid":{"rendered":"https:\/\/soib.es\/altres-entitats\/"},"modified":"2024-08-26T15:38:16","modified_gmt":"2024-08-26T13:38:16","slug":"oficina-sectorial-soib-ehib","status":"publish","type":"page","link":"https:\/\/soib.es\/es\/oficina-sectorial-soib-ehib\/","title":{"rendered":"Oficina sectorial de Hosteler\u00eda y Turismo SOIB-EHIB"},"content":{"rendered":"<p>[et_pb_section fb_built=\u00bb1&#8243; _builder_version=\u00bb4.16&#8243; background_color=\u00bb#f7f7f7&#8243; custom_padding=\u00bb25px|0px|25px|0px\u00bb global_colors_info=\u00bb{}\u00bb][et_pb_row _builder_version=\u00bb4.16&#8243; global_colors_info=\u00bb{}\u00bb][et_pb_column type=\u00bb4_4&#8243; _builder_version=\u00bb4.16&#8243; custom_padding=\u00bb|||\u00bb global_colors_info=\u00bb{}\u00bb custom_padding__hover=\u00bb|||\u00bb][et_pb_text _builder_version=\u00bb4.16&#8243; global_colors_info=\u00bb{}\u00bb]<\/p>\n<h1><strong><img loading=\"lazy\" decoding=\"async\" class=\"wp-image-12581 size-medium alignleft\" src=\"https:\/\/soib.es\/wp-content\/uploads\/2019\/05\/Foto-oficina-sectorial-SOIB_EHIB-300x188.jpg\" alt=\"\" width=\"300\" height=\"188\" srcset=\"https:\/\/soib.es\/wp-content\/uploads\/2019\/05\/Foto-oficina-sectorial-SOIB_EHIB-300x188.jpg 300w, https:\/\/soib.es\/wp-content\/uploads\/2019\/05\/Foto-oficina-sectorial-SOIB_EHIB-768x482.jpg 768w, https:\/\/soib.es\/wp-content\/uploads\/2019\/05\/Foto-oficina-sectorial-SOIB_EHIB-400x250.jpg 400w, https:\/\/soib.es\/wp-content\/uploads\/2019\/05\/Foto-oficina-sectorial-SOIB_EHIB.jpg 794w\" sizes=\"(max-width: 300px) 100vw, 300px\" \/>Oficina sectorial de Hosteler\u00eda y Turismo SOIB-EHIB<\/strong><\/h1>\n<p>Una oficina especializada en el sector de hosteler\u00eda y turismo fruto de la colaboraci\u00f3n entre la Escuela de Hosteler\u00eda de las Illes Balears y el SOIB.<\/p>\n<h1><strong>\u00a0<\/strong><\/h1>\n<p>[\/et_pb_text][\/et_pb_column][\/et_pb_row][\/et_pb_section][et_pb_section fb_built=\u00bb1&#8243; _builder_version=\u00bb4.16&#8243; custom_padding=\u00bb25px|0px|54px|0px\u00bb global_colors_info=\u00bb{}\u00bb][et_pb_row _builder_version=\u00bb4.16&#8243; global_colors_info=\u00bb{}\u00bb][et_pb_column type=\u00bb4_4&#8243; _builder_version=\u00bb4.16&#8243; custom_padding=\u00bb|||\u00bb global_colors_info=\u00bb{}\u00bb custom_padding__hover=\u00bb|||\u00bb][et_pb_accordion open_toggle_text_color=\u00bb#878786&#8243; closed_toggle_text_color=\u00bb#cb023e\u00bb icon_color=\u00bb#cb023e\u00bb _builder_version=\u00bb4.23.1&#8243; toggle_font=\u00bb|700|||||||\u00bb closed_toggle_font=\u00bb|700|||||||\u00bb hover_enabled=\u00bb0&#8243; global_colors_info=\u00bb{}\u00bb db_closeable=\u00bbon\u00bb db_initial_state=\u00bball_closed\u00bb sticky_enabled=\u00bb0&#8243;][et_pb_accordion_item title=\u00bb\u00bfQu\u00e9 te ofrecemos?\u00bb open=\u00bbon\u00bb _builder_version=\u00bb4.16&#8243; global_colors_info=\u00bb{}\u00bb]<\/p>\n<ul>\n<li>Informaci\u00f3n e inscripci\u00f3n como demandante de empleo.<\/li>\n<li>Itinerarios de orientaci\u00f3n laboral.<\/li>\n<li>Trabajos del sector.<\/li>\n<li>Intermediaci\u00f3n entre los demandantes de empleo y las empresas del sector de hosteler\u00eda y turismo de las Islas Baleares.<\/li>\n<li>Mejora profesional continua.<\/li>\n<li>Mejora de la recualificaci\u00f3n.<\/li>\n<li>Asesoramiento sobre formaci\u00f3n profesional del sector.<\/li>\n<li>Jornadas de empleo y otras actividades dirigidos a demandandes de empleo, a alumnos de la EHIB y empresas del sector.<\/li>\n<\/ul>\n<p>[\/et_pb_accordion_item][et_pb_accordion_item title=\u00bbDirigido a:\u00bb _builder_version=\u00bb4.16&#8243; global_colors_info=\u00bb{}\u00bb open=\u00bboff\u00bb]<\/p>\n<ul>\n<li>Demandandes de empleo del sector de hoster\u00eda y turismo.<\/li>\n<li>Alumnos de los cursos que ofrece la Escuela de Hosteler\u00eda de las islas Baleares y de otros centros de formaci\u00f3n acreditados del sector.<\/li>\n<li>Personas con titulaciones de la familia profesional de hoster\u00eda y turismo y familias vinculadas.<\/li>\n<li>Empresas del sector.<\/li>\n<\/ul>\n<p>[\/et_pb_accordion_item][et_pb_accordion_item title=\u00bb\u00bfD\u00f3nde nos encontrar\u00e1s?\u00bb _builder_version=\u00bb4.16&#8243; global_colors_info=\u00bb{}\u00bb open=\u00bboff\u00bb]<\/p>\n<p><img loading=\"lazy\" decoding=\"async\" class=\"wp-image-14642 size-medium alignleft\" src=\"https:\/\/soib.es\/wp-content\/uploads\/2019\/09\/Mapa-SOIB-EHIB-226x300.jpg\" alt=\"Mapa oficina Sectorial SOIB EHIB\" width=\"226\" height=\"300\" \/>Escuela de Hosteler\u00eda de las Illes Balears<br \/>Edificio Arxiduc Llu\u00eds Salvador (UIB) Ctra. Valldemossa km 7,5. 07122 Palma<br \/>Correo electr\u00f3nico <a href=\"mailto:soibehib@soib.caib.es\" target=\"_blank\" rel=\"noopener noreferrer\"><strong>soibehib@soib.caib.es<\/strong><\/a><br \/>Tel\u00e9fono 971 17 60 27<\/p>\n<p>[\/et_pb_accordion_item][\/et_pb_accordion][\/et_pb_column][\/et_pb_row][\/et_pb_section]<\/p>\n","protected":false},"excerpt":{"rendered":"<p>Oficina sectorial de Hosteler\u00eda y Turismo SOIB-EHIB Una oficina especializada en el sector de hosteler\u00eda y turismo fruto de la colaboraci\u00f3n entre la Escuela de Hosteler\u00eda de las Illes Balears y el SOIB. \u00a0 Informaci\u00f3n e inscripci\u00f3n como demandante de empleo. Itinerarios de orientaci\u00f3n laboral. Trabajos del sector. Intermediaci\u00f3n entre los demandantes de empleo y [&hellip;]<\/p>\n","protected":false},"author":1,"featured_media":0,"parent":0,"menu_order":0,"comment_status":"closed","ping_status":"closed","template":"","meta":{"_et_pb_use_builder":"on","_et_pb_old_content":"","_et_gb_content_width":"","footnotes":"","_links_to":"","_links_to_target":""},"class_list":["post-4114","page","type-page","status-publish","hentry"],"publishpress_future_action":{"enabled":false,"date":"2026-04-22 23:01:04","action":"change-status","newStatus":"draft","terms":[],"taxonomy":"translation_priority","extraData":[]},"publishpress_future_workflow_manual_trigger":{"enabledWorkflows":[]},"_links":{"self":[{"href":"https:\/\/soib.es\/es\/wp-json\/wp\/v2\/pages\/4114","targetHints":{"allow":["GET"]}}],"collection":[{"href":"https:\/\/soib.es\/es\/wp-json\/wp\/v2\/pages"}],"about":[{"href":"https:\/\/soib.es\/es\/wp-json\/wp\/v2\/types\/page"}],"author":[{"embeddable":true,"href":"https:\/\/soib.es\/es\/wp-json\/wp\/v2\/users\/1"}],"replies":[{"embeddable":true,"href":"https:\/\/soib.es\/es\/wp-json\/wp\/v2\/comments?post=4114"}],"version-history":[{"count":0,"href":"https:\/\/soib.es\/es\/wp-json\/wp\/v2\/pages\/4114\/revisions"}],"wp:attachment":[{"href":"https:\/\/soib.es\/es\/wp-json\/wp\/v2\/media?parent=4114"}],"curies":[{"name":"wp","href":"https:\/\/api.w.org\/{rel}","templated":true}]}}