{"id":4084,"date":"2018-02-13T11:16:44","date_gmt":"2018-02-13T10:16:44","guid":{"rendered":"https:\/\/soib.es\/xarxa-de-tutoria-laboral-per-a-dones-victimes-de-violencia-masclista\/"},"modified":"2025-12-22T13:07:11","modified_gmt":"2025-12-22T12:07:11","slug":"xarxa-de-tutores-orientacio-laboral-per-a-dones-victimes-de-violencia-masclista","status":"publish","type":"page","link":"https:\/\/soib.es\/es\/xarxa-de-tutores-orientacio-laboral-per-a-dones-victimes-de-violencia-masclista\/","title":{"rendered":"Red de tutoras de orientaci\u00f3n laboral para mujeres v\u00edctimas de violencia machista"},"content":{"rendered":"<p>[et_pb_section fb_built=\u00bb1&#8243; _builder_version=\u00bb4.16&#8243; background_color=\u00bb#f7f7f7&#8243; custom_padding=\u00bb25px|0px|25px|0px\u00bb global_colors_info=\u00bb{}\u00bb][et_pb_row _builder_version=\u00bb4.16&#8243; global_colors_info=\u00bb{}\u00bb][et_pb_column type=\u00bb4_4&#8243; _builder_version=\u00bb4.16&#8243; custom_padding=\u00bb|||\u00bb global_colors_info=\u00bb{}\u00bb custom_padding__hover=\u00bb|||\u00bb][et_pb_text _builder_version=\u00bb4.27.4&#8243; global_colors_info=\u00bb{}\u00bb]<\/p>\n<h1><strong>Red de tutoras de orientaci\u00f3n laboral para mujeres v\u00edctimas de violencia machista<\/strong><\/h1>\n<p>[\/et_pb_text][\/et_pb_column][\/et_pb_row][\/et_pb_section][et_pb_section fb_built=\u00bb1&#8243; _builder_version=\u00bb4.16&#8243; custom_padding=\u00bb25px|0px|54px|0px\u00bb global_colors_info=\u00bb{}\u00bb][et_pb_row _builder_version=\u00bb4.16&#8243; global_colors_info=\u00bb{}\u00bb][et_pb_column type=\u00bb4_4&#8243; _builder_version=\u00bb4.16&#8243; custom_padding=\u00bb|||\u00bb global_colors_info=\u00bb{}\u00bb custom_padding__hover=\u00bb|||\u00bb][et_pb_text disabled_on=\u00bboff|off|off\u00bb _builder_version=\u00bb4.27.4&#8243; _module_preset=\u00bbdefault\u00bb global_colors_info=\u00bb{}\u00bb]<\/p>\n<p style=\"text-align: center;\"><img loading=\"lazy\" decoding=\"async\" class=\"aligncenter wp-image-47258 size-full\" src=\"https:\/\/soib.es\/wp-content\/uploads\/2025\/09\/Xarxa-tutores-VVM-2025.png\" alt=\"\" width=\"597\" height=\"446\" \/><\/p>\n<p>[\/et_pb_text][et_pb_text _builder_version=\u00bb4.27.4&#8243; _module_preset=\u00bbdefault\u00bb global_colors_info=\u00bb{}\u00bb]<\/p>\n<p>Si eres una mujer que sufre o has sufrido violencia machista y buscas trabajo o formaci\u00f3n profesional, el SOIB pone a tu disposici\u00f3n una tutora orientadora especializada para acompa\u00f1arte en el proceso de b\u00fasqueda de empleo.<\/p>\n<p>[\/et_pb_text][et_pb_blurb title=\u00bb\u00bfQu\u00e9 te ofrecemos?\u00bb use_icon=\u00bbon\u00bb font_icon=\u00bb&#x41;||divi||400&#8243; icon_color=\u00bb#cb023e\u00bb icon_placement=\u00bbleft\u00bb content_max_width=\u00bb1100px\u00bb _builder_version=\u00bb4.27.4&#8243; _module_preset=\u00bbdefault\u00bb global_colors_info=\u00bb{}\u00bb]<\/p>\n<p>Una <strong>atenci\u00f3n confidencial<\/strong> y sensible, con <strong>acompa\u00f1amiento<\/strong> durante todo el proceso de b\u00fasqueda de empleo y formaci\u00f3n profesional en el \u00e1mbito laboral. Un itinerario de inserci\u00f3n formativo y laboral m\u00e1s <strong>flexible<\/strong>, ajustado a tus necesidades y tu situaci\u00f3n personal. <br \/><strong>Asesoramiento<\/strong> sobre el mercado de trabajo, los recursos y los programas de fomento de empleo en los que, si est\u00e1s interesada, tendr\u00e1s preferencia si cumples los requisitos.<br \/><strong>Informaci\u00f3n<\/strong> sobre prestaciones, ayudas, recursos y servicios para mujeres en tu situaci\u00f3n.<\/p>\n<p>[\/et_pb_blurb][et_pb_button button_url=\u00bbhttps:\/\/soib.es\/wp-content\/uploads\/2025\/12\/Triptico-Red-de-Tutoras-SOIB-Cast-1.pdf\u00bb url_new_window=\u00bbon\u00bb button_text=\u00bbDescarga tr\u00edptico\u00bb _builder_version=\u00bb4.27.4&#8243; _module_preset=\u00bbdefault\u00bb custom_button=\u00bbon\u00bb button_text_size=\u00bb16px\u00bb button_text_color=\u00bb#cb023e\u00bb button_bg_color=\u00bb#FFFFFF\u00bb button_border_width=\u00bb1px\u00bb button_border_color=\u00bb#cb023e\u00bb button_icon=\u00bb&#xe07e;||divi||400&#8243; button_icon_placement=\u00bbleft\u00bb button_on_hover=\u00bboff\u00bb hover_enabled=\u00bb0&#8243; locked=\u00bboff\u00bb global_colors_info=\u00bb{}\u00bb custom_padding=\u00bb||||false|false\u00bb custom_margin=\u00bb|||45px|false|false\u00bb sticky_enabled=\u00bb0&#8243;][\/et_pb_button][et_pb_blurb title=\u00bb\u00bfC\u00f3mo puedes solicitar este servicio?\u00bb use_icon=\u00bbon\u00bb font_icon=\u00bb&#x41;||divi||400&#8243; icon_color=\u00bb#cb023e\u00bb icon_placement=\u00bbleft\u00bb content_max_width=\u00bb1100px\u00bb _builder_version=\u00bb4.23.1&#8243; _module_preset=\u00bbdefault\u00bb global_colors_info=\u00bb{}\u00bb]<\/p>\n<p>Para acceder a este servicio debes estar de<a href=\"https:\/\/soib.es\/es\/inscripcion-como-demandante\/\" target=\"_blank\" rel=\"noopener\"><span style=\"color: #cb023e;\">alta en el SOIB como demandante de empleo<\/span><\/a>. Para pedir cita con una tutora especializada tienes varias opciones:<\/p>\n<p><\/p>\n<ul>\n<li>Env\u00eda el<strong> formulario<\/strong> del servicio de orientaci\u00f3n:<\/li>\n<\/ul>\n<p><\/p>\n<p style=\"padding-left: 12px;\">Entra en el <a href='https:\/\/intranet.caib.es\/esoibfront\/principal.xhtml?seleccion=aplicacions07' class='small-button smallsilver' target=\"_blank\"><span style=\"color: #cb023e;\">servicio de consultas de orientaci\u00f3n laboral en l\u00ednea<\/span><\/a>, escoge la opci\u00f3n <em>a. Servicios del SOIB,<\/em> y en el espacio para escribir la consulta explica que quieres una cita con la tutora.<\/p>\n<p><\/p>\n<ul>\n<li><span style=\"color: #cb023e;\"><a style=\"color: #cb023e;\" href=\"https:\/\/soib.es\/es\/demana-cita-previa\/\" target=\"_blank\" rel=\"noopener\"><strong>Pide cita previa<\/strong><\/a><\/span>.<\/li>\n<li><strong>Ven a la oficina<\/strong> y pide en el servicio de orientaci\u00f3n laboral una cita con la tutora: <a href='https:\/\/soib.es\/es\/red-de-oficinas\/' class='small-button smallsilver' target=\"_blank\"><span style=\"color: #cb023e;\">red de oficinas del SOIB<\/span><\/a><\/li>\n<\/ul>\n<p><\/p>\n<p>Si recibes atenci\u00f3n de un servicio especializado, te pueden facilitar el contacto y derivarte a la tutora de tu oficina.<\/p>\n<p>[\/et_pb_blurb][\/et_pb_column][\/et_pb_row][\/et_pb_section]<\/p>\n","protected":false},"excerpt":{"rendered":"<p>Red de tutoras de orientaci\u00f3n laboral para mujeres v\u00edctimas de violencia machistaSi eres una mujer que sufre o has sufrido violencia machista y buscas trabajo o formaci\u00f3n profesional, el SOIB pone a tu disposici\u00f3n una tutora orientadora especializada para acompa\u00f1arte en el proceso de b\u00fasqueda de empleo.Una atenci\u00f3n confidencial y sensible, con acompa\u00f1amiento durante todo [&hellip;]<\/p>\n","protected":false},"author":1,"featured_media":0,"parent":0,"menu_order":0,"comment_status":"closed","ping_status":"closed","template":"","meta":{"_et_pb_use_builder":"on","_et_pb_old_content":"","_et_gb_content_width":"","footnotes":"","_links_to":"","_links_to_target":""},"class_list":["post-4084","page","type-page","status-publish","hentry"],"publishpress_future_action":{"enabled":false,"date":"2026-04-21 16:38:29","action":"change-status","newStatus":"draft","terms":[],"taxonomy":"translation_priority","extraData":[]},"publishpress_future_workflow_manual_trigger":{"enabledWorkflows":[]},"_links":{"self":[{"href":"https:\/\/soib.es\/es\/wp-json\/wp\/v2\/pages\/4084","targetHints":{"allow":["GET"]}}],"collection":[{"href":"https:\/\/soib.es\/es\/wp-json\/wp\/v2\/pages"}],"about":[{"href":"https:\/\/soib.es\/es\/wp-json\/wp\/v2\/types\/page"}],"author":[{"embeddable":true,"href":"https:\/\/soib.es\/es\/wp-json\/wp\/v2\/users\/1"}],"replies":[{"embeddable":true,"href":"https:\/\/soib.es\/es\/wp-json\/wp\/v2\/comments?post=4084"}],"version-history":[{"count":0,"href":"https:\/\/soib.es\/es\/wp-json\/wp\/v2\/pages\/4084\/revisions"}],"wp:attachment":[{"href":"https:\/\/soib.es\/es\/wp-json\/wp\/v2\/media?parent=4084"}],"curies":[{"name":"wp","href":"https:\/\/api.w.org\/{rel}","templated":true}]}}