{"id":4044,"date":"2018-02-13T08:57:39","date_gmt":"2018-02-13T07:57:39","guid":{"rendered":"https:\/\/soib.es\/millora-el-teu-perfil\/"},"modified":"2024-09-13T14:18:39","modified_gmt":"2024-09-13T12:18:39","slug":"mejora-tu-perfil","status":"publish","type":"page","link":"https:\/\/soib.es\/es\/mejora-tu-perfil\/","title":{"rendered":"Mejora tu perfil"},"content":{"rendered":"<p>[et_pb_section fb_built=\u00bb1&#8243; _builder_version=\u00bb4.16&#8243; background_color=\u00bb#f7f7f7&#8243; custom_padding=\u00bb25px|0px|25px|0px\u00bb global_colors_info=\u00bb{}\u00bb][et_pb_row _builder_version=\u00bb4.16&#8243; global_colors_info=\u00bb{}\u00bb][et_pb_column type=\u00bb4_4&#8243; _builder_version=\u00bb4.16&#8243; custom_padding=\u00bb|||\u00bb global_colors_info=\u00bb{}\u00bb custom_padding__hover=\u00bb|||\u00bb][et_pb_text _builder_version=\u00bb4.16&#8243; global_colors_info=\u00bb{}\u00bb]<\/p>\n<h1><strong>Mejora tu perfil<\/strong><\/h1>\n<p>[\/et_pb_text][\/et_pb_column][\/et_pb_row][\/et_pb_section][et_pb_section fb_built=\u00bb1&#8243; _builder_version=\u00bb4.16&#8243; custom_padding=\u00bb25px|0px|54px|0px\u00bb global_colors_info=\u00bb{}\u00bb][et_pb_row _builder_version=\u00bb4.16&#8243; global_colors_info=\u00bb{}\u00bb][et_pb_column type=\u00bb4_4&#8243; _builder_version=\u00bb4.16&#8243; custom_padding=\u00bb|||\u00bb global_colors_info=\u00bb{}\u00bb custom_padding__hover=\u00bb|||\u00bb][et_pb_text _builder_version=\u00bb4.23.1&#8243; hover_enabled=\u00bb0&#8243; global_colors_info=\u00bb{}\u00bb sticky_enabled=\u00bb0&#8243;]<\/p>\n<p>La orientaci\u00f3n laboral es un servicio de asesoramiento especializado en la b\u00fasqueda de empleo y en la mejora del perfil profesional. Tiene como objetivo ofrecer herramientas para que el proceso de encontrar un empleo, decidir qu\u00e9 formaci\u00f3n se ajusta m\u00e1s a tus necesidades o descubrir cu\u00e1les de los servicios del SOIB pueden serte \u00fatiles en tu trayectoria profesional sea lo m\u00e1s eficaz posible.<\/p>\n<p>Para solicitar servicios de orientaci\u00f3n solo es necesario que est\u00e9s inscrito o inscrita en el SOIB. A trav\u00e9s del <span style=\"color: #cb023e;\"><strong><a style=\"color: #cb023e;\" href=\"https:\/\/intranet.caib.es\/esoibfront\/principal.xhtml?seleccion=aplicacions07\" target=\"_blank\" rel=\"noopener noreferrer\">servicio SOIB 24\u00b77<\/a><\/strong><\/span>, puedes hacernos llegar tus consultas durante las 24 horas del d\u00eda de los 7 d\u00edas de la semana. En menos de 48 horas, nuestro personal especializado se pondr\u00e1 en contacto contigo de la manera que escojas.<\/p>\n<p style=\"text-align: center;\"><a href='https:\/\/intranet.caib.es\/esoibfront\/principal.xhtml?seleccion=aplicacions07' class='big-button bigsilver' target=\"_blank\"><span style=\"color: #cb023e;\">Acceso al servicio de orientaci\u00f3n SOIB 24\u00b77<\/span><\/a><\/p>\n<p>A trav\u00e9s de esta primera cita, dise\u00f1aremos un itinerario individualizado para acompa\u00f1arte mientras consigues tus objetivos. Adem\u00e1s, te podemos:<\/p>\n<ul>\n<li>Derivar a los servicios de orientaci\u00f3n especializada de que dispone el SOIB, como SOIB Jove o SOIB Dona<\/li>\n<li>Asesorarte sobre la oferta formativa, ya que esta demostrado que la formaci\u00f3n es una herramienta poderosa para mejorar tus opciones de empleo y el acceso al mercado laboral<\/li>\n<li>Explicarte qu\u00e9 son y c\u00f3mo acceder a los programas de formaci\u00f3n y empleo, en los que te forman mientras trabajas<\/li>\n<li>Informarte sobre los diferentes programas de fomento del empleo del SOIB<\/li>\n<\/ul>\n<p>\u00bfYa has iniciado un itinerario de orientaci\u00f3n? Contacta con tu orientador u orientadora de referencia mediante su correo electr\u00f3nico o telef\u00f3nicamente.<\/p>\n<p>Tambi\u00e9n te atenderemos en las oficinas de la <span style=\"color: #cb023e;\"><a style=\"color: #cb023e;\" href=\"https:\/\/soib.es\/es\/red-de-oficinas\/\" target=\"_blank\" rel=\"noopener\"><strong>Red SOIB<\/strong><\/a><\/span>. El horario habitual de atenci\u00f3n al p\u00fablico es de 9 h a 14 h, excepto festivos. Para evitar esperas, <a href=\"https:\/\/soib.es\/es\/demana-cita-previa\/\" target=\"_blank\" rel=\"noopener\"><span style=\"color: #cb023e;\"><strong>pide cita previa<\/strong><\/span><\/a>.<\/p>\n<p>[\/et_pb_text][et_pb_accordion open_toggle_text_color=\u00bb#e01f4e\u00bb icon_color=\u00bb#e01f4e\u00bb disabled_on=\u00bbon|on|on\u00bb _builder_version=\u00bb4.16&#8243; toggle_font=\u00bb|700|||||||\u00bb disabled=\u00bbon\u00bb global_colors_info=\u00bb{}\u00bb][et_pb_accordion_item title=\u00bb\u00bfC\u00f3mo puedo solicitar esta formaci\u00f3n?\u00bb open=\u00bbon\u00bb _builder_version=\u00bb4.16&#8243; global_colors_info=\u00bb{}\u00bb]<\/p>\n<p>Puedes ir directamente a la entidad que realiza la formaci\u00f3n, solicitar informaci\u00f3n y realizar la solicitud. Si est\u00e1s con un o una profesional de orientaci\u00f3n en tu oficina del SOIB, tambi\u00e9n te podr\u00e1 informar y asesorar sobre todo aquello que sea necesario para el acceso.<\/p>\n<p>[\/et_pb_accordion_item][\/et_pb_accordion][et_pb_text disabled_on=\u00bbon|on|on\u00bb _builder_version=\u00bb4.16&#8243; disabled=\u00bbon\u00bb global_colors_info=\u00bb{}\u00bb]<\/p>\n<p>Adem\u00e1s te puede interesar:<\/p>\n<p><span style=\"text-decoration: underline; font-size: 15px;\"><a href=\"http:\/\/soib.fundaciobit.org\/citasoib\/reservar-cita;lang=ca\" target=\"_blank\" rel=\"noopener noreferrer\"><strong>Cita previa orientaci\u00f3n<\/strong><\/a><\/span> para tener orientaci\u00f3n individual y personalizada<br \/><span style=\"text-decoration: underline; font-size: 15px;\"><a href=\"https:\/\/soib.es\/es\/obtener-un-certificado-de-profesionalidad\/\" target=\"_blank\" rel=\"noopener noreferrer\"><strong>Certificados de profesionalidad<\/strong><\/a><\/span><br \/><a href=\"http:\/\/www.caib.es\/sites\/iqpib\/ca\/inici\/?campa=yes\" target=\"_blank\" rel=\"noopener noreferrer\"><span style=\"text-decoration: underline; font-size: 15px;\"><strong>IQPIB<\/strong><\/span><\/a> Acreditaci\u00f3n de la experiencia profesional<br \/><span style=\"text-decoration: underline; font-size: 15px;\"><a href=\"https:\/\/ec.europa.eu\/eures\/public\/es\/homepage\" target=\"_blank\" rel=\"noopener noreferrer\"><strong>EURES<\/strong><\/a><\/span> Estancias de formaci\u00f3n y trabajo en Europa<\/p>\n<p>[\/et_pb_text][\/et_pb_column][\/et_pb_row][\/et_pb_section]<\/p>\n","protected":false},"excerpt":{"rendered":"<p>Mejora tu perfilLa orientaci\u00f3n laboral es un servicio de asesoramiento especializado en la b\u00fasqueda de empleo y en la mejora del perfil profesional. Tiene como objetivo ofrecer herramientas para que el proceso de encontrar un empleo, decidir qu\u00e9 formaci\u00f3n se ajusta m\u00e1s a tus necesidades o descubrir cu\u00e1les de los servicios del SOIB pueden serte [&hellip;]<\/p>\n","protected":false},"author":1,"featured_media":0,"parent":0,"menu_order":0,"comment_status":"closed","ping_status":"closed","template":"","meta":{"_et_pb_use_builder":"on","_et_pb_old_content":"","_et_gb_content_width":"","footnotes":"","_links_to":"","_links_to_target":""},"class_list":["post-4044","page","type-page","status-publish","hentry"],"publishpress_future_action":{"enabled":false,"date":"2026-04-20 10:30:20","action":"change-status","newStatus":"draft","terms":[],"taxonomy":"translation_priority","extraData":[]},"publishpress_future_workflow_manual_trigger":{"enabledWorkflows":[]},"_links":{"self":[{"href":"https:\/\/soib.es\/es\/wp-json\/wp\/v2\/pages\/4044","targetHints":{"allow":["GET"]}}],"collection":[{"href":"https:\/\/soib.es\/es\/wp-json\/wp\/v2\/pages"}],"about":[{"href":"https:\/\/soib.es\/es\/wp-json\/wp\/v2\/types\/page"}],"author":[{"embeddable":true,"href":"https:\/\/soib.es\/es\/wp-json\/wp\/v2\/users\/1"}],"replies":[{"embeddable":true,"href":"https:\/\/soib.es\/es\/wp-json\/wp\/v2\/comments?post=4044"}],"version-history":[{"count":0,"href":"https:\/\/soib.es\/es\/wp-json\/wp\/v2\/pages\/4044\/revisions"}],"wp:attachment":[{"href":"https:\/\/soib.es\/es\/wp-json\/wp\/v2\/media?parent=4044"}],"curies":[{"name":"wp","href":"https:\/\/api.w.org\/{rel}","templated":true}]}}