{"id":3955,"date":"2018-02-09T10:38:54","date_gmt":"2018-02-09T09:38:54","guid":{"rendered":"https:\/\/soib.es\/autoocupacio-i-emprenedoria\/"},"modified":"2023-01-03T13:34:49","modified_gmt":"2023-01-03T12:34:49","slug":"autoocupacio-i-emprenedoria","status":"publish","type":"page","link":"https:\/\/soib.es\/es\/autoocupacio-i-emprenedoria\/","title":{"rendered":"\u00bfQuer\u00e9is emprender un negocio?"},"content":{"rendered":"<p>[et_pb_section fb_built=\u00bb1&#8243; _builder_version=\u00bb3.22&#8243; background_color=\u00bb#f7f7f7&#8243; custom_padding=\u00bb25px|0px|25px|0px\u00bb][et_pb_row _builder_version=\u00bb3.25&#8243;][et_pb_column type=\u00bb4_4&#8243; _builder_version=\u00bb3.25&#8243; custom_padding=\u00bb|||\u00bb custom_padding__hover=\u00bb|||\u00bb][et_pb_text _builder_version=\u00bb4.9.4&#8243; hover_enabled=\u00bb0&#8243; sticky_enabled=\u00bb0&#8243;]<\/p>\n<h1><strong>\u00bfQuer\u00e9is emprender un negocio?<\/strong><\/h1>\n<p>[\/et_pb_text][\/et_pb_column][\/et_pb_row][\/et_pb_section][et_pb_section fb_built=\u00bb1&#8243; _builder_version=\u00bb3.22&#8243; custom_padding=\u00bb25px|0px|54px|0px\u00bb][et_pb_row _builder_version=\u00bb3.25&#8243;][et_pb_column type=\u00bb4_4&#8243; _builder_version=\u00bb3.25&#8243; custom_padding=\u00bb|||\u00bb custom_padding__hover=\u00bb|||\u00bb][et_pb_text _builder_version=\u00bb4.9.4&#8243; hover_enabled=\u00bb0&#8243; sticky_enabled=\u00bb0&#8243;]<\/p>\n<p>Informaos de vuestra <strong>idea de negocio<\/strong><br \/>Poned en marcha vuestro proyecto: <strong>tr\u00e1mites, formas jur\u00eddicas, ayudas<\/strong><br \/>Si hab\u00e9is creado vuestra empresa: <strong>haced<\/strong> <strong>crecer y consolidad el negocio<\/strong><\/p>\n<p>Para acceder a orientaci\u00f3n y asesoramiento a emprendedores, emprendedoras y a iniciativas de econom\u00eda social pod\u00e9is pedir cita <a href=\"https:\/\/app.iempren.es\/demanaOrientacio\" target=\"_blank\" rel=\"noopener\"><strong><span style=\"color: #cb023e;\">pulsando aqu\u00ed<\/span><\/strong><\/a><span style=\"color: #cb023e;\">.<\/span><\/p>\n<p>Estamos a vuestra disposici\u00f3n para resolver cualquier duda y atender vuestras consultas en el <span style=\"color: #cb023e;\"><a style=\"color: #cb023e;\" href=\"https:\/\/forms.gle\/oDF5tQaxUKhwhKY67\" target=\"_blank\" rel=\"noopener\"><strong>Servicio de asesoramiento empresarial en l\u00ednea SOIB 24\u00b77<\/strong><\/a><\/span> o en el tel\u00e9fono 971 177 601 (Ext. 62901).<\/p>\n<p>[\/et_pb_text][\/et_pb_column][\/et_pb_row][\/et_pb_section][et_pb_section fb_built=\u00bb1&#8243; disabled_on=\u00bboff|off|off\u00bb _builder_version=\u00bb4.6.6&#8243; background_color=\u00bb#f4f5f4&#8243; height=\u00bb5px\u00bb custom_padding=\u00bb0px||0px||false|false\u00bb global_module=\u00bb7644&#8243; saved_tabs=\u00bball\u00bb][\/et_pb_section][et_pb_section fb_built=\u00bb1&#8243; disabled_on=\u00bboff|off|off\u00bb _builder_version=\u00bb4.9.4&#8243; background_color=\u00bb#f4f5f4&#8243; height=\u00bb5px\u00bb custom_padding=\u00bb0px||0px||false|false\u00bb global_module=\u00bb7646&#8243; saved_tabs=\u00bball\u00bb][\/et_pb_section][et_pb_section fb_built=\u00bb1&#8243; disabled_on=\u00bboff|off|off\u00bb _builder_version=\u00bb4.9.4&#8243; background_color=\u00bb#f4f5f4&#8243; height=\u00bb5px\u00bb custom_padding=\u00bb0px||0px||false|false\u00bb global_module=\u00bb7647&#8243; saved_tabs=\u00bball\u00bb][\/et_pb_section]<\/p>\n","protected":false},"excerpt":{"rendered":"<p>\u00bfQuer\u00e9is emprender un negocio?Informaos de vuestra idea de negocioPoned en marcha vuestro proyecto: tr\u00e1mites, formas jur\u00eddicas, ayudasSi hab\u00e9is creado vuestra empresa: haced crecer y consolidad el negocio Para acceder a orientaci\u00f3n y asesoramiento a emprendedores, emprendedoras y a iniciativas de econom\u00eda social pod\u00e9is pedir cita pulsando aqu\u00ed. Estamos a vuestra disposici\u00f3n para resolver cualquier duda [&hellip;]<\/p>\n","protected":false},"author":1,"featured_media":0,"parent":0,"menu_order":0,"comment_status":"closed","ping_status":"closed","template":"","meta":{"_et_pb_use_builder":"on","_et_pb_old_content":"","_et_gb_content_width":"","footnotes":"","_links_to":"","_links_to_target":""},"class_list":["post-3955","page","type-page","status-publish","hentry"],"publishpress_future_action":{"enabled":false,"date":"2026-04-17 15:26:14","action":"change-status","newStatus":"draft","terms":[],"taxonomy":"translation_priority","extraData":[]},"publishpress_future_workflow_manual_trigger":{"enabledWorkflows":[]},"_links":{"self":[{"href":"https:\/\/soib.es\/es\/wp-json\/wp\/v2\/pages\/3955","targetHints":{"allow":["GET"]}}],"collection":[{"href":"https:\/\/soib.es\/es\/wp-json\/wp\/v2\/pages"}],"about":[{"href":"https:\/\/soib.es\/es\/wp-json\/wp\/v2\/types\/page"}],"author":[{"embeddable":true,"href":"https:\/\/soib.es\/es\/wp-json\/wp\/v2\/users\/1"}],"replies":[{"embeddable":true,"href":"https:\/\/soib.es\/es\/wp-json\/wp\/v2\/comments?post=3955"}],"version-history":[{"count":0,"href":"https:\/\/soib.es\/es\/wp-json\/wp\/v2\/pages\/3955\/revisions"}],"wp:attachment":[{"href":"https:\/\/soib.es\/es\/wp-json\/wp\/v2\/media?parent=3955"}],"curies":[{"name":"wp","href":"https:\/\/api.w.org\/{rel}","templated":true}]}}