{"id":3915,"date":"2018-02-08T13:57:35","date_gmt":"2018-02-08T12:57:35","guid":{"rendered":"https:\/\/soib.es\/formacio-i-qualificacio-professional\/"},"modified":"2023-07-20T09:22:37","modified_gmt":"2023-07-20T07:22:37","slug":"formacio-i-qualificacio-professional","status":"publish","type":"page","link":"https:\/\/soib.es\/es\/formacio-i-qualificacio-professional\/","title":{"rendered":"\u00bfTen\u00e9is inter\u00e9s en la formaci\u00f3n y la cualificaci\u00f3n profesional de vuestro personal?"},"content":{"rendered":"<p>[et_pb_section fb_built=\u00bb1&#8243; _builder_version=\u00bb3.22&#8243; background_color=\u00bb#f7f7f7&#8243; custom_padding=\u00bb25px|0px|25px|0px\u00bb][et_pb_row _builder_version=\u00bb3.25&#8243;][et_pb_column type=\u00bb4_4&#8243; _builder_version=\u00bb3.25&#8243; custom_padding=\u00bb|||\u00bb custom_padding__hover=\u00bb|||\u00bb][et_pb_text _builder_version=\u00bb4.5.2&#8243;]<\/p>\n<h1><strong>\u00bfTen\u00e9is inter\u00e9s en la formaci\u00f3n y la cualificaci\u00f3n profesional de vuestro personal?<\/strong><\/h1>\n<p>[\/et_pb_text][\/et_pb_column][\/et_pb_row][\/et_pb_section][et_pb_section fb_built=\u00bb1&#8243; _builder_version=\u00bb3.22&#8243; custom_padding=\u00bb25px|0px|54px|0px\u00bb][et_pb_row _builder_version=\u00bb3.25&#8243;][et_pb_column type=\u00bb4_4&#8243; _builder_version=\u00bb3.25&#8243; custom_padding=\u00bb|||\u00bb custom_padding__hover=\u00bb|||\u00bb][et_pb_text _builder_version=\u00bb4.9.4&#8243; hover_enabled=\u00bb0&#8243; sticky_enabled=\u00bb0&#8243;]<\/p>\n<p><span style=\"color: #000000;\"><strong style=\"font-size: 18px;\">Programas de formacio\u0301n <\/strong><\/span><\/p>\n<p>La formacio\u0301n ayuda a las empresas a incrementar su competitividad y productividad desarrollando las competencias y cualificaciones de su personal.<br \/>Para esta formacio\u0301n las empresas disponen de una ayuda econ\u00f3mica que se hace efectiva mediante bonificaciones a la Seguridad Social.<\/p>\n<p>Cada empresa puede decidir qu\u00e9 formacio\u0301n necesita, c\u00f3mo y cuando la hace y qui\u00e9n la organiza.<br \/>Incluye los permisos individuales de formacio\u0301n (PIF) en los cuales la empresa autoriza a un trabajador o una trabajadora para que curse estudios con acreditacio\u0301n oficial, inclu\u00eddos ti\u0301tulos y certificados de profesionalidad.<\/p>\n<ul>\n<li><a href=\"https:\/\/www.caib.es\/seucaib\/es\/200\/empreses\/tramites\/tramite\/1480093\/\" target=\"_blank\" rel=\"noopener noreferrer\"><span style=\"color: #cb023e;\">Pr\u00e1cticas no laborales en empresas<\/span><\/a><\/li>\n<li>Formaci\u00f3n de personal de la empresa: <span style=\"color: #cb023e;\"><a style=\"color: #cb023e;\" href=\"https:\/\/www.fundae.es\/Pages\/default.aspx\" target=\"_blank\" rel=\"noopener noreferrer\">FUNDAE<\/a><\/span><\/li>\n<\/ul>\n<p><strong>Programas SOIB para formar e incorporar personal a vuestra empresa:<\/strong><\/p>\n<ul>\n<li><span style=\"font-size: 15px; color: #cb023e;\"><a style=\"color: #cb023e;\" href=\"https:\/\/soib.es\/es\/soib-formacio-dual\/\" target=\"_blank\" rel=\"noopener noreferrer\">Formaci\u00f3n Dual<\/a><\/span><\/li>\n<li><a style=\"color: #cb023e;\" href=\"https:\/\/www.caib.es\/seucaib\/es\/201\/empreses\/tramites\/tramite\/5636459\" target=\"_blank\" rel=\"noopener noreferrer\">Formaci\u00f3n con compromiso de contrataci\u00f3n<\/a><\/li>\n<\/ul>\n<p>[\/et_pb_text][\/et_pb_column][\/et_pb_row][\/et_pb_section][et_pb_section fb_built=\u00bb1&#8243; disabled_on=\u00bboff|off|off\u00bb _builder_version=\u00bb4.6.6&#8243; background_color=\u00bb#f4f5f4&#8243; height=\u00bb5px\u00bb custom_padding=\u00bb0px||0px||false|false\u00bb global_module=\u00bb7644&#8243; saved_tabs=\u00bball\u00bb][\/et_pb_section][et_pb_section fb_built=\u00bb1&#8243; disabled_on=\u00bboff|off|off\u00bb _builder_version=\u00bb4.9.4&#8243; background_color=\u00bb#f4f5f4&#8243; height=\u00bb5px\u00bb custom_padding=\u00bb0px||0px||false|false\u00bb global_module=\u00bb7646&#8243; saved_tabs=\u00bball\u00bb][\/et_pb_section][et_pb_section fb_built=\u00bb1&#8243; disabled_on=\u00bboff|off|off\u00bb _builder_version=\u00bb4.9.4&#8243; background_color=\u00bb#f4f5f4&#8243; height=\u00bb5px\u00bb custom_padding=\u00bb0px||0px||false|false\u00bb global_module=\u00bb7647&#8243; saved_tabs=\u00bball\u00bb][\/et_pb_section]<\/p>\n","protected":false},"excerpt":{"rendered":"<p>\u00bfTen\u00e9is inter\u00e9s en la formaci\u00f3n y la cualificaci\u00f3n profesional de vuestro personal?Programas de formacio\u0301n La formacio\u0301n ayuda a las empresas a incrementar su competitividad y productividad desarrollando las competencias y cualificaciones de su personal.Para esta formacio\u0301n las empresas disponen de una ayuda econ\u00f3mica que se hace efectiva mediante bonificaciones a la Seguridad Social. Cada empresa [&hellip;]<\/p>\n","protected":false},"author":1,"featured_media":0,"parent":0,"menu_order":0,"comment_status":"closed","ping_status":"closed","template":"","meta":{"_et_pb_use_builder":"on","_et_pb_old_content":"","_et_gb_content_width":"","footnotes":"","_links_to":"","_links_to_target":""},"class_list":["post-3915","page","type-page","status-publish","hentry"],"publishpress_future_action":{"enabled":false,"date":"2026-04-12 17:33:59","action":"change-status","newStatus":"draft","terms":[],"taxonomy":"translation_priority","extraData":[]},"publishpress_future_workflow_manual_trigger":{"enabledWorkflows":[]},"_links":{"self":[{"href":"https:\/\/soib.es\/es\/wp-json\/wp\/v2\/pages\/3915","targetHints":{"allow":["GET"]}}],"collection":[{"href":"https:\/\/soib.es\/es\/wp-json\/wp\/v2\/pages"}],"about":[{"href":"https:\/\/soib.es\/es\/wp-json\/wp\/v2\/types\/page"}],"author":[{"embeddable":true,"href":"https:\/\/soib.es\/es\/wp-json\/wp\/v2\/users\/1"}],"replies":[{"embeddable":true,"href":"https:\/\/soib.es\/es\/wp-json\/wp\/v2\/comments?post=3915"}],"version-history":[{"count":0,"href":"https:\/\/soib.es\/es\/wp-json\/wp\/v2\/pages\/3915\/revisions"}],"wp:attachment":[{"href":"https:\/\/soib.es\/es\/wp-json\/wp\/v2\/media?parent=3915"}],"curies":[{"name":"wp","href":"https:\/\/api.w.org\/{rel}","templated":true}]}}