{"id":38350,"date":"2022-09-26T13:24:17","date_gmt":"2022-09-26T11:24:17","guid":{"rendered":"https:\/\/soib.es\/linia-7-beques-formatives-alumnat-formacio-professional-ocupacio-financada-soib\/"},"modified":"2024-10-29T12:04:03","modified_gmt":"2024-10-29T11:04:03","slug":"linia-7-beques-formatives-alumnat-formacio-professional-ocupacio-financada-soib","status":"publish","type":"page","link":"https:\/\/soib.es\/es\/linia-7-beques-formatives-alumnat-formacio-professional-ocupacio-financada-soib\/","title":{"rendered":"L\u00cdNEA 7 (ayudas de conciliaci\u00f3n) becas formativas para alumnado de formaci\u00f3n profesional para el empleo financiada por el SOIB"},"content":{"rendered":"<p>[et_pb_section fb_built=\u00bb1&#8243; _builder_version=\u00bb4.16&#8243; background_color=\u00bb#f7f7f7&#8243; custom_padding=\u00bb25px|0px|25px|0px\u00bb global_colors_info=\u00bb{}\u00bb][et_pb_row _builder_version=\u00bb4.16&#8243; global_colors_info=\u00bb{}\u00bb][et_pb_column type=\u00bb4_4&#8243; _builder_version=\u00bb4.16&#8243; custom_padding=\u00bb|||\u00bb global_colors_info=\u00bb{}\u00bb custom_padding__hover=\u00bb|||\u00bb][et_pb_text _builder_version=\u00bb4.16&#8243; global_colors_info=\u00bb{}\u00bb]<\/p>\n<h1><strong>L\u00cdNEA 7 (ayudas de conciliaci\u00f3n) becas formativas para alumnado de formaci\u00f3n profesional para el empleo financiada por el SOIB<\/strong><\/h1>\n<p>[\/et_pb_text][\/et_pb_column][\/et_pb_row][\/et_pb_section][et_pb_section fb_built=\u00bb1&#8243; _builder_version=\u00bb4.16&#8243; custom_padding=\u00bb25px|0px|54px|0px\u00bb global_colors_info=\u00bb{}\u00bb][et_pb_row _builder_version=\u00bb4.16&#8243; global_colors_info=\u00bb{}\u00bb][et_pb_column type=\u00bb4_4&#8243; _builder_version=\u00bb4.16&#8243; custom_padding=\u00bb|||\u00bb global_colors_info=\u00bb{}\u00bb custom_padding__hover=\u00bb|||\u00bb][et_pb_accordion db_closeable=\u00bbon\u00bb db_initial_state=\u00bball_closed\u00bb open_toggle_text_color=\u00bb#474747&#8243; closed_toggle_text_color=\u00bb#cb023e\u00bb icon_color=\u00bb#cb023e\u00bb _builder_version=\u00bb4.23.1&#8243; toggle_font=\u00bb|700|||||||\u00bb hover_enabled=\u00bb0&#8243; global_colors_info=\u00bb{}\u00bb sticky_enabled=\u00bb0&#8243;][et_pb_accordion_item title=\u00bbRequisitos\u00bb open=\u00bbon\u00bb _builder_version=\u00bb4.16&#8243; global_colors_info=\u00bb{}\u00bb]<\/p>\n<p>a) Cursar una acci\u00f3n formativa de formaci\u00f3n profesional para el empleo financiado por el SOIB que haya finalizado entre el 1 de enero de 2023 y el 31 de diciembre de 2025.<br \/>b) Estar inscrito o inscrita como demandante de empleo en paro en el SOIB el d\u00eda de inicio de cada acci\u00f3n formativa.<br \/>c) Tener a su cargo hijos o hijas menores de 12 a\u00f1os o familiares dependientes hasta el segundo grado, y cumplan los requisitos siguientes:<\/p>\n<ul>\n<li>No haber rechazado ofertas de empleo adecuadas ni haberse negado a participar en actividades de promoci\u00f3n, formaci\u00f3n o reconversi\u00f3n profesional en el plazo de un mes a contar desde el momento en que se haya agotado el subsidio por desempleo o la prestaci\u00f3n contributiva.<\/li>\n<li>No tener rentas de cualquier tipo superiores al 75 % del indicador p\u00fablico de renta de efectos m\u00faltiples (IPREM). Debe entenderse cumplido este requisito siempre que la suma de las rentas de todos los integrantes de la unidad familiar, incluido el solicitante, dividida por el n\u00famero de miembros que la forman, no supere el 75 % del IPREM, cuya cuant\u00eda se haya establecido en el a\u00f1o de inicio del curso. A tal efecto, computan como renta el importe de los salarios sociales, las rentas m\u00ednimas de inserci\u00f3n o las ayudas an\u00e1logas de asistencia social concedidas por las comunidades aut\u00f3nomas.<br \/>A efectos de hacer este c\u00e1lculo se entiende por unidad familiar la formada por la persona solicitante, el c\u00f3nyuge o la pareja de hecho y, en su caso, los padres o las personas dependientes y los hijos menores de 26 a\u00f1os, siempre que convivan con la persona solicitante.<\/li>\n<\/ul>\n<p>[\/et_pb_accordion_item][et_pb_accordion_item title=\u00bbDocumentaci\u00f3n para presentar las solicitudes\u00bb _builder_version=\u00bb4.23.1&#8243; hover_enabled=\u00bb0&#8243; global_colors_info=\u00bb{}\u00bb open=\u00bboff\u00bb sticky_enabled=\u00bb0&#8243;]<\/p>\n<p>El alumno\/a debe\u00a0 <strong>rellenar la solicitud<\/strong> que le facilitar\u00e1 el centro (tambi\u00e9n la pod\u00e9is descargar <a href=\"https:\/\/soib.es\/wp-content\/uploads\/2024\/10\/Modelo-solicitud-becas-CP-y-no-CP_es-28.10.24.pdf\" target=\"_blank\" rel=\"noopener\"><span style=\"color: #cb023e;\"><strong>AQU\u00cd<\/strong><\/span><\/a>). Se debe presentar una solicitud por acci\u00f3n formativa y <strong>adjuntar la documentaci\u00f3n siguiente<\/strong>:<br \/>&#8211; Anexo I (Declaraci\u00f3n de rentas de los miembros de la unidad familiar) que se incluye en el modelo de solicitud.<br \/>&#8211; Fotocopia del libro de familia<br \/>&#8211; Certificado de convivencia<\/p>\n<p>Se deber\u00e1n aportar los siguientes documentos <strong>s\u00f3lo en caso de que no se autorice la consulta telem\u00e1tica<\/strong>:<br \/>&#8211; Fotocopia del documento nacional de identidad o documento identificativo equivalente.<br \/>&#8211; Certificados de estar al corriente de las obligaciones tributarias con la Hacienda del Estado y con la Seguridad Social.<br \/>&#8211; Certificado de estar al corriente de las obligaciones tributarias con la Comunidad Aut\u00f3noma de las Illes Balears.<br \/>&#8211; Informe de vida laboral.<\/p>\n<p>[\/et_pb_accordion_item][et_pb_accordion_item title=\u00bb D\u00f3nde presentar las solicitudes\u00bb _builder_version=\u00bb4.23.1&#8243; hover_enabled=\u00bb0&#8243; global_colors_info=\u00bb{}\u00bb open=\u00bboff\u00bb sticky_enabled=\u00bb0&#8243;]<\/p>\n<p>El alumno\/a debe rellenar la solicitud que le facilitar\u00e1 el centro con los modelos que facilita el SOIB y que se encuentran a disposici\u00f3n de las personas interesadas <a href=\"https:\/\/soib.es\/wp-content\/uploads\/2024\/10\/Modelo-solicitud-becas-CP-y-no-CP_es-28.10.24.pdf\" target=\"_blank\" rel=\"noopener\"><span style=\"color: #cb023e;\"><strong>AQU\u00cd<\/strong><\/span><\/a> o en la Sede Electr\u00f3nica de la CAIB<em>.<\/em><\/p>\n<p>Las <strong>entidades formativas<\/strong> deber\u00e1n <strong>colgar en la aplicaci\u00f3n ESOIB\/ACCFOR<\/strong> las solicitudes del alumnado en cada acci\u00f3n formativa, junto con la documentaci\u00f3n que complementa la solicitud.<\/p>\n<p>Una vez hecho este tr\u00e1mite, la aplicaci\u00f3n de gesti\u00f3n <strong>generar\u00e1 un documento de solicitud (D29)<\/strong>, el cual la entidad deber\u00e1 completar y modificar y presentar electr\u00f3nicamente mediante el <a href=\"https:\/\/www.caib.es\/seucaib\/es\/200\/persones\/tramites\/tramite\/5356386\/\" target=\"_blank\" rel=\"noopener\"><span style=\"color: #cb023e;\"><strong>Registro de la Sede Electr\u00f3nica del Govern<\/strong><\/span><\/a>. (Pod\u00e9is generar el documento D29 en el apartado de \u201cplantillas\u201d de cada curso).<\/p>\n<p>Posteriormente, las entidades formativas deber\u00e1n <strong>colgar el D29 registrado en la aplicaci\u00f3n ESOIB\/ACCFOR<\/strong>.<\/p>\n<p>[\/et_pb_accordion_item][et_pb_accordion_item title=\u00bbPlazo para presentar las solicitudes\u00bb _builder_version=\u00bb4.16&#8243; global_colors_info=\u00bb{}\u00bb open=\u00bboff\u00bb]<\/p>\n<p>Desde el d\u00eda siguiente de la publicaci\u00f3n en el BOIB <strong>hasta el 31 de marzo de 2026<\/strong>.<\/p>\n<p>No se admitir\u00e1 ninguna solicitud presentada fuera de plazo.<\/p>\n<p>[\/et_pb_accordion_item][et_pb_accordion_item title=\u00bbImporte de la ayuda\u00bb _builder_version=\u00bb4.16&#8243; global_colors_info=\u00bb{}\u00bb open=\u00bboff\u00bb]75 % del IPREM diario por d\u00eda de asistencia, determinado en la Ley de Presupuestos Generales del Estado para el a\u00f1o de inicio del curso.[\/et_pb_accordion_item][et_pb_accordion_item title=\u00bbProcedimiento llevado a cabo por parte del SOIB\u00bb _builder_version=\u00bb4.16&#8243; global_colors_info=\u00bb{}\u00bb open=\u00bboff\u00bb]<\/p>\n<p>Se examinan las solicitudes recibidas. El SOIB debe tramitar el pago una vez finalizada cada acci\u00f3n formativa y despu\u00e9s de haber comprobado de oficio que la persona beneficiaria cumple con los requisitos que establece esta convocatoria.<br \/>Se emiten las propuestas de concesi\u00f3n y denegaci\u00f3n de las ayudas y\/o becas (publicaci\u00f3n en la p\u00e1gina web del SOIB y concesi\u00f3n de un plazo de 10 d\u00edas h\u00e1biles para presentar las alegaciones).<br \/>Se dicta una resoluci\u00f3n de concesi\u00f3n y pago o denegaci\u00f3n de las ayudas y\/o becas (publicaci\u00f3n en el <em>Bolet\u00edn Oficial de las<\/em> <em>Illes Balears<\/em> y en la p\u00e1gina web del SOIB).<br \/>Al haber transcurrido el plazo m\u00e1ximo para resolver y notificar (6 meses desde la fecha del registro de la solicitud en el SOIB) sin que se haya dictado una resoluci\u00f3n expresa, la petici\u00f3n debe entenderse desestimada.<\/p>\n<p>[\/et_pb_accordion_item][\/et_pb_accordion][\/et_pb_column][\/et_pb_row][\/et_pb_section]<\/p>\n","protected":false},"excerpt":{"rendered":"<p>L\u00cdNEA 7 (ayudas de conciliaci\u00f3n) becas formativas para alumnado de formaci\u00f3n profesional para el empleo financiada por el SOIBa) Cursar una acci\u00f3n formativa de formaci\u00f3n profesional para el empleo financiado por el SOIB que haya finalizado entre el 1 de enero de 2023 y el 31 de diciembre de 2025.b) Estar inscrito o inscrita como [&hellip;]<\/p>\n","protected":false},"author":13,"featured_media":0,"parent":0,"menu_order":0,"comment_status":"closed","ping_status":"closed","template":"","meta":{"_et_pb_use_builder":"on","_et_pb_old_content":"","_et_gb_content_width":"","footnotes":"","_links_to":"","_links_to_target":""},"class_list":["post-38350","page","type-page","status-publish","hentry"],"publishpress_future_action":{"enabled":false,"date":"2026-04-22 03:05:27","action":"change-status","newStatus":"draft","terms":[],"taxonomy":"translation_priority","extraData":[]},"publishpress_future_workflow_manual_trigger":{"enabledWorkflows":[]},"_links":{"self":[{"href":"https:\/\/soib.es\/es\/wp-json\/wp\/v2\/pages\/38350","targetHints":{"allow":["GET"]}}],"collection":[{"href":"https:\/\/soib.es\/es\/wp-json\/wp\/v2\/pages"}],"about":[{"href":"https:\/\/soib.es\/es\/wp-json\/wp\/v2\/types\/page"}],"author":[{"embeddable":true,"href":"https:\/\/soib.es\/es\/wp-json\/wp\/v2\/users\/13"}],"replies":[{"embeddable":true,"href":"https:\/\/soib.es\/es\/wp-json\/wp\/v2\/comments?post=38350"}],"version-history":[{"count":0,"href":"https:\/\/soib.es\/es\/wp-json\/wp\/v2\/pages\/38350\/revisions"}],"wp:attachment":[{"href":"https:\/\/soib.es\/es\/wp-json\/wp\/v2\/media?parent=38350"}],"curies":[{"name":"wp","href":"https:\/\/api.w.org\/{rel}","templated":true}]}}