{"id":37449,"date":"2025-04-10T10:00:33","date_gmt":"2025-04-10T08:00:33","guid":{"rendered":"https:\/\/soib.es\/?page_id=37449"},"modified":"2026-04-10T11:07:04","modified_gmt":"2026-04-10T09:07:04","slug":"registre-entitats-orientacio-professional","status":"publish","type":"page","link":"https:\/\/soib.es\/es\/registre-entitats-orientacio-professional\/","title":{"rendered":"Registro de entidades de orientaci\u00f3n profesional"},"content":{"rendered":"<p>[et_pb_section fb_built=\u00bb1&#8243; _builder_version=\u00bb4.16&#8243; background_color=\u00bb#f7f7f7&#8243; custom_padding=\u00bb25px|0px|25px|0px\u00bb global_colors_info=\u00bb{}\u00bb][et_pb_row _builder_version=\u00bb4.16&#8243; global_colors_info=\u00bb{}\u00bb][et_pb_column type=\u00bb4_4&#8243; _builder_version=\u00bb4.16&#8243; custom_padding=\u00bb|||\u00bb global_colors_info=\u00bb{}\u00bb custom_padding__hover=\u00bb|||\u00bb][et_pb_text _builder_version=\u00bb4.16&#8243; global_colors_info=\u00bb{}\u00bb]<\/p>\n<h1><strong>Registro de entidades de orientaci\u00f3n profesional<br \/><\/strong><\/h1>\n<p>[\/et_pb_text][\/et_pb_column][\/et_pb_row][\/et_pb_section][et_pb_section fb_built=\u00bb1&#8243; _builder_version=\u00bb4.16&#8243; custom_padding=\u00bb20px|0px|54px|0px\u00bb global_colors_info=\u00bb{}\u00bb][et_pb_row _builder_version=\u00bb4.16&#8243; background_size=\u00bbinitial\u00bb background_position=\u00bbtop_left\u00bb background_repeat=\u00bbrepeat\u00bb locked=\u00bboff\u00bb global_colors_info=\u00bb{}\u00bb][et_pb_column type=\u00bb4_4&#8243; _builder_version=\u00bb4.16&#8243; custom_padding=\u00bb|||\u00bb global_colors_info=\u00bb{}\u00bb custom_padding__hover=\u00bb|||\u00bb][et_pb_accordion open_toggle_text_color=\u00bb#878686&#8243; closed_toggle_text_color=\u00bb#cb023e\u00bb icon_color=\u00bb#cb023e\u00bb admin_label=\u00bbAcorde\u00f3n\u00bb _builder_version=\u00bb4.23.1&#8243; _module_preset=\u00bbdefault\u00bb toggle_text_color=\u00bbrgba(0,0,0,0)\u00bb toggle_font=\u00bb|700|||||||\u00bb closed_toggle_font=\u00bb|700|||||||\u00bb db_closeable=\u00bbon\u00bb db_initial_state=\u00bball_closed\u00bb locked=\u00bboff\u00bb global_colors_info=\u00bb{}\u00bb][et_pb_accordion_item title=\u00bb\u00bfQu\u00e9 finalidad tiene el registro de entidades de orientaci\u00f3n profesional y los servicios complementarios?\u00bb open=\u00bbon\u00bb _builder_version=\u00bb4.16&#8243; _module_preset=\u00bbdefault\u00bb global_colors_info=\u00bb{}\u00bb]La finalidad del Registro es tener un conocimiento actualizado y ordenado de las entidades y los servicios que act\u00faan en el \u00e1mbito de los servicios de orientaci\u00f3n profesional y de los servicios complementarios dentro del territorio de la comunidad aut\u00f3noma de las Islas Baleares; as\u00ed como servir de herramienta a los efectos de planificaci\u00f3n, gesti\u00f3n y de programaci\u00f3n de los recursos y permitir el seguimiento y el control de los servicios acreditados.<\/p>\n<p>El Registro de entidades y servicios de orientaci\u00f3n profesional y servicios complementarios tiene car\u00e1cter administrativo, p\u00fablico y \u00fanico, y se adscribe al SOIB, Servei d\u2019Ocupaci\u00f3 de les Illes Balears.[\/et_pb_accordion_item][et_pb_accordion_item title=\u00bb\u00bfQui\u00e9n se puede inscribir en el Registro de entidades de orientaci\u00f3n profesional y servicios complementarios?\u00bb _builder_version=\u00bb4.16&#8243; _module_preset=\u00bbdefault\u00bb global_colors_info=\u00bb{}\u00bb open=\u00bboff\u00bb]<\/p>\n<p>Este registro es de aplicaci\u00f3n a todas las entidades que desarrollen servicios de orientaci\u00f3n profesional, en el \u00e1mbito competencial del Servicio de Ocupaci\u00f3n de las Islas Baleares, tanto p\u00fablicos como privados, con \u00e1nimo de lucro o sin, que se ubiquen o act\u00faen en el territorio de la comunidad aut\u00f3noma de las Islas Baleares, con independencia del lugar donde tengan la sede social o el domicilio legal.<\/p>\n<p>Quedan excluidos de este registro los servicios regulados mediante el Real Decreto 207\/2019, de 29 de marzo, por el cual se regula el sistema nacional de admisi\u00f3n de miembros y socios de la Red EURES en Espa\u00f1a.<\/p>\n<p>As\u00ed mismo, este Decreto no es aplicable a los servicios que regula el Real Decreto 1796\/2010, de 30 de diciembre, por el cual se regulan las agencias de colocaci\u00f3n.<\/p>\n<p>[\/et_pb_accordion_item][et_pb_accordion_item title=\u00bbProcedimiento de acreditaci\u00f3n e inscripci\u00f3n en el Registro\u00bb _builder_version=\u00bb4.23.1&#8243; _module_preset=\u00bbdefault\u00bb global_colors_info=\u00bb{}\u00bb open=\u00bboff\u00bb]<\/p>\n<p>Para poder inscribirse en el Registro de entidades de orientaci\u00f3n profesional y servicios complementarios, se deben tramitar los procedimientos de acreditaci\u00f3n de servicios de orientaci\u00f3n.<\/p>\n<p><strong>Accesos al Registro de entidades de orientaci\u00f3n profesional y servicios complementarios:<\/strong><\/p>\n<p>&nbsp;<\/p>\n<a href='https:\/\/intranet.caib.es\/esoib\/' class='small-button smallsilver' target=\"_blank\"><strong><span style=\"color: #cb023e;\">ESOIB<\/span><\/strong><\/a>\n<p>&nbsp;<\/p>\n<a href='https:\/\/www.caib.es\/seucaib\/es\/201\/empresas\/tramites\/tramite\/5232762\/' class='small-button smallsilver' target=\"_blank\"><strong><span style=\"color: #cb023e;\">Sede electr\u00f3nica<\/span><\/strong><\/a>\n<p>&nbsp;<\/p>\n<p>El procedimiento de acreditaci\u00f3n de los servicios de orientaci\u00f3n profesionales y\/o servicios complementarios y la habilitaci\u00f3n de entidades debe iniciarse a instancia de la persona interesada mediante la solicitud de habilitaci\u00f3n y\/o acreditaci\u00f3n \u00fanicamente por v\u00eda telem\u00e1tica.<\/p>\n<p>El periodo para presentar las solicitudes estar\u00e1 abierto todo el a\u00f1o.<\/p>\n<p>El plazo m\u00e1ximo para resolver y notificar las resoluciones es de seis meses desde la entrada de la solicitud en el registro. El vencimiento del plazo m\u00e1ximo sin haber recibido notificaci\u00f3n expreso, legitima las personas interesadas a entender estimada la solicitud por silencio administrativo.<\/p>\n<p>Para las entidades integrantes del tercer sector de acci\u00f3n social, este Decreto entra en vigor el d\u00eda siguiente a haberse publicado en el Bolet\u00edn Oficial de las Islas Baleares.<\/p>\n<p>Para el resto de entidades la entrada en vigor es a los 6 meses desde el d\u00eda siguiente de haberse publicado en el BOIB.<\/p>\n<p>[\/et_pb_accordion_item][et_pb_accordion_item title=\u00bbModificaciones de la resoluci\u00f3n inicial\u00bb _builder_version=\u00bb4.23.1&#8243; _module_preset=\u00bbdefault\u00bb global_colors_info=\u00bb{}\u00bb open=\u00bboff\u00bb]<\/p>\n<p>Las entidades est\u00e1n obligadas a comunicar los cambios que pueden surgir despu\u00e9s de la firma de la resoluci\u00f3n de acreditaci\u00f3n inicial. El procedimiento de modificaci\u00f3n tanto de personal, espacios o unidades acreditadas debe iniciarse a instancia de la persona interesada mediante la solicitud correspondiente \u00fanicamente por v\u00eda telem\u00e1tica, adjunt\u00e1ndola a ESOIB y envi\u00e1ndola mediante Red SARA.<\/p>\n<p><strong>Accesos al Registro de entidades de orientaci\u00f3n profesional y servicios complementarios:<\/strong><\/p>\n<p>&nbsp;<\/p>\n<a href='https:\/\/intranet.caib.es\/esoib\/' class='small-button smallsilver' target=\"_blank\"><strong><span style=\"color: #cb023e;\">ESOIB<\/span><\/strong><\/a>\n<p>&nbsp;<\/p>\n<a href='https:\/\/www.caib.es\/seucaib\/es\/201\/empresas\/tramites\/tramite\/5232762\/' class='small-button smallsilver' target=\"_blank\"><strong><span style=\"color: #cb023e;\">Sede electr\u00f3nica<\/span><\/strong><\/a>\n<p>&nbsp;<\/p>\n<p>[\/et_pb_accordion_item][et_pb_accordion_item title=\u00bb\u00bfQu\u00e9 servicios de orientaci\u00f3n profesional se acreditan?\u00bb _builder_version=\u00bb4.16&#8243; _module_preset=\u00bbdefault\u00bb global_colors_info=\u00bb{}\u00bb open=\u00bboff\u00bb] Se acreditan servicios organizados en unidades de orientaci\u00f3n.<\/p>\n<p>Estas unidades de orientaci\u00f3n tienen que estar especializadas en la atenci\u00f3n a alguno de los colectivos siguientes:<br \/>\na) Colectivo de personas en riesgo de exclusi\u00f3n social y con dificultades especiales de inserci\u00f3n laboral, inscritas en el SOIB como demandantes de empleo.<\/p>\n<p>b) Colectivo de personas j\u00f3venes en riesgo de exclusi\u00f3n social y con dificultades especiales de inserci\u00f3n laboral, mayores de 16 a\u00f1os y menores de 30 a\u00f1os, inscritas en el SOIB como demandantes de empleo.<\/p>\n<p>c) Colectivo de personas con discapacidad intelectual y con dificultades especiales de inserci\u00f3n laboral, inscritas en el SOIB como demandantes de empleo con la condici\u00f3n de persona con discapacidad con un grado igual o superior al 33%.<\/p>\n<p>Tambi\u00e9n quedan incluidas las personas con capacidad intelectual l\u00edmite, inscritas como demandantes de empleo no ocupadas, que pueden acceder acreditando una valoraci\u00f3n de al menos un 20% de discapacidad intelectual y que no llegue al 33%.<\/p>\n<p>d) Colectivo de personas con diagn\u00f3stico de salud mental y con dificultades especiales de inserci\u00f3n, inscritas en el SOIB como demandantes de empleo.<\/p>\n<p>Se entiende como \u201cpersona con diagn\u00f3stico de salud mental\u201d la que acredita esta situaci\u00f3n mediante documentaci\u00f3n que certifica una discapacidad con un grado igual o superior al 33% o con la presentaci\u00f3n de un informe psiqui\u00e1trico emitido por parte del \u00e1rea de Salud Mental del Servicio de Salud P\u00fablica..<\/p>\n<p>e) Colectivo de personas con discapacidad sensorial y con dificultades especiales de inserci\u00f3n laboral, inscritas en el SOIB como demandantes de empleo con la condici\u00f3n de persona con discapacidad con un grado igual o superior al 33%.<\/p>\n<p>f) Colectivo de personas con discapacidad f\u00edsica y otras con dificultades especiales de inserci\u00f3n laboral inscritas en el SOIB como demandantes de empleo con la condici\u00f3n de persona con discapacidad con un grado igual o superior al 33%.<\/p>\n<p>g) Colectivo de personas reclusas de segundo y tercer grado y ex reclusas o con medidas alternativas y con dificultades especiales de inserci\u00f3n laboral inscritas en el SOIB como demandantes de empleo. Las personas reclusas de segundo grado est\u00e1n exentas de estar inscritas en el SOIB.[\/et_pb_accordion_item][\/et_pb_accordion][et_pb_blurb title=\u00bbEntidades registradas\u00bb url=\u00bbhttps:\/\/soib.es\/wp-content\/uploads\/2026\/04\/REGISTRO-RESOP-PUBLICACION-10-04-26-Hoja1-1.pdf\u00bb url_new_window=\u00bbon\u00bb use_icon=\u00bbon\u00bb font_icon=\u00bb&#xe07e;||divi||400&#8243; icon_color=\u00bb#cb023e\u00bb image_icon_background_color=\u00bbRGBA(255,255,255,0)\u00bb icon_placement=\u00bbleft\u00bb image_icon_width=\u00bb16px\u00bb content_max_width=\u00bb1099px\u00bb disabled_on=\u00bboff|off|off\u00bb _builder_version=\u00bb4.27.6&#8243; header_font=\u00bb|700|||||||\u00bb header_text_align=\u00bbleft\u00bb header_text_color=\u00bb#cb023e\u00bb header_font_size=\u00bb16px\u00bb header_line_height=\u00bb1.7em\u00bb background_color=\u00bb#f9f9f9&#8243; image_icon_custom_padding=\u00bb8px|8px|0px|8px|false|false\u00bb custom_margin=\u00bb0px|0px|10px|0px|false|false\u00bb custom_padding=\u00bb20px|10px|10px|10px|false|false\u00bb link_option_url=\u00bbhttps:\/\/soib.es\/wp-content\/uploads\/2024\/10\/REGISTRE-RESOP-PUBLICACIO-14-10-2024.pdf\u00bb link_option_url_new_window=\u00bbon\u00bb hover_enabled=\u00bb0&#8243; border_width_all=\u00bb1px\u00bb border_color_all=\u00bb#dddddd\u00bb border_radii_image=\u00bbon|100%|100%|100%|100%\u00bb use_circle=\u00bbon\u00bb circle_color=\u00bb#DE2451&#8243; locked=\u00bboff\u00bb global_colors_info=\u00bb{}\u00bb image_icon_background_color__sticky_enabled=\u00bb#ffffff\u00bb image_icon_background_color__sticky=\u00bb#ffffff\u00bb sticky_enabled=\u00bb0&#8243;]<\/p>\n<p><span style=\"display: none;\">SENSE DATA &#8211; AL FINAL<\/span><\/p>\n<p>[\/et_pb_blurb][et_pb_accordion open_toggle_text_color=\u00bb#878686&#8243; closed_toggle_text_color=\u00bb#cb023e\u00bb icon_color=\u00bb#cb023e\u00bb admin_label=\u00bbAcorde\u00f3n\u00bb _builder_version=\u00bb4.27.5&#8243; _module_preset=\u00bbdefault\u00bb toggle_text_color=\u00bbrgba(0,0,0,0)\u00bb toggle_font=\u00bb|700|||||||\u00bb closed_toggle_font=\u00bb|700|||||||\u00bb db_closeable=\u00bbon\u00bb db_initial_state=\u00bball_closed\u00bb locked=\u00bboff\u00bb global_colors_info=\u00bb{}\u00bb][et_pb_accordion_item title=\u00bbNormativa y protocolos\u00bb open=\u00bbon\u00bb _builder_version=\u00bb4.16&#8243; _module_preset=\u00bbdefault\u00bb global_colors_info=\u00bb{}\u00bb]<\/p>\n<ul>\n<li><span style=\"color: #cb023e;\"><a style=\"color: #cb023e;\" href=\"https:\/\/soib.es\/wp-content\/uploads\/2022\/08\/DECRET-35.2022-DE-22-DAGOST.pdf\" target=\"_blank\" rel=\"noopener\">Decret 35\/2022, de 22 d\u2019agost de 2022, pel qual es crea i regula el Registre d\u2019entitats i els serveis d\u2019orientaci\u00f3 professional i els serveis complementaris, i els procediments d\u2019acreditaci\u00f3 de serveis i habilitaci\u00f3 d\u2019entitats.<\/a><\/span><\/li>\n<li><span style=\"color: #cb023e;\"><a style=\"color: #cb023e;\" href=\"https:\/\/soib.es\/wp-content\/uploads\/2022\/08\/DECRET-36.2022-DE-22-DAGOST.pdf\" target=\"_blank\" rel=\"noopener\">Decret 36\/2022, de 22 d\u2019agost pel qual s\u2019estableixen els principis generals i es regulen els requisits per acreditar els serveis d\u2019orienctaci\u00f3 professional per a la inscripci\u00f3 posterior en el Registre d\u2019entitats i els serveis d\u2019orientaci\u00f3 professional i els serveis complementaris.<\/a><\/span><\/li>\n<li><span style=\"color: #cb023e;\"><a style=\"color: #cb023e;\" href=\"http:\/\/www.caib.es\/eboibfront\/ca\/2019\/10936\/618259\/llei-1-2019-de-31-de-gener-del-govern-de-les-illes\" target=\"_blank\" rel=\"noopener\">Llei 1\/2019, de 31 de gener, del Govern de les Illes Balears.<\/a><\/span><\/li>\n<li><span style=\"color: #cb023e;\"><a style=\"color: #cb023e;\" href=\"https:\/\/www.boe.es\/boe_catalan\/dias\/2015\/10\/02\/pdfs\/BOE-A-2015-10565-C.pdf\" target=\"_blank\" rel=\"noopener\">Llei 39\/2015, d&#8217;1 d&#8217;octubre, del procediment administratiu com\u00fa de les administracions p\u00fabliques.<\/a><\/span><\/li>\n<li><a href=\"https:\/\/www.boe.es\/buscar\/doc.php?id=BOE-A-2018-5106\" target=\"_blank\" rel=\"noopener\"><span style=\"color: #cb023e;\">Ordre ESS\/381\/2018, de 10 d&#8217;abril, per la qual s&#8217;aprova la Guia t\u00e8cnica de refer\u00e8ncia per al desenvolupament dels protocols de la Cartera Comuna de Serveis del Sistema Nacional d&#8217;Ocupaci\u00f3.<\/span><\/a><\/li>\n<li><a href=\"https:\/\/www.caib.es\/sites\/institutestudisautonomics\/ca\/n\/llei_122018_de_15_de_novembre_de_serveis_a_les_persones_en_lambit_social_a_la_comunitat_autonoma_de_les_illes_balears_\/\" target=\"_blank\" rel=\"noopener\"><span style=\"color: #cb023e;\">Llei 12\/2018, de 15 de novembre, de serveis a les persones en l&#8217;\u00e0mbit social a la comunitat aut\u00f2noma de les Illes Balears.<\/span><\/a><\/li>\n<li><a href=\"http:\/\/www.caib.es\/sites\/institutestudisautonomics\/f\/217137\" target=\"_blank\" rel=\"noopener\"><span style=\"color: #cb023e;\">Llei 13\/2014, de 29 de desembre, de pressuposts generals de la comunitat aut\u00f2noma de les Illes Balears per a l&#8217;any 2015.<\/span><\/a><\/li>\n<li><a href=\"http:\/\/www.caib.es\/eboibfront\/ca\/2020\/11230\/636982\/decret-22-2020-de-24-de-juliol-pel-qual-s-aprova-e\" target=\"_blank\" rel=\"noopener\"><span style=\"color: #cb023e;\">Decret 22\/2020, de 24 de juliol, pel qual s&#8217;aprova el Text consolidat del Decret d&#8217;aprovaci\u00f3 dels Estatuts del Servei d&#8217;Ocupaci\u00f3 de les Illes Balears.<\/span><\/a><\/li>\n<li><a href=\"https:\/\/www.boe.es\/boe_catalan\/dias\/2015\/02\/05\/pdfs\/BOE-A-2015-1056-C.pdf\" target=\"_blank\" rel=\"noopener\"><span style=\"color: #cb023e;\">Reial decret 7\/2015, de 16 de gener, pel qual s&#8217;aprova la cartera comuna de serveis del Sistema Nacional d&#8217;Ocupaci\u00f3.<\/span><\/a><\/li>\n<li><a href=\"http:\/\/boib.caib.es\/pdf\/2012029\/mp6.pdf\" target=\"_blank\" rel=\"noopener\"><span style=\"color: #cb023e;\">Decret 7\/2012, de 3 de febrer, pel qual es modifica el Decret 136\/2001, de 14 de desembre, d&#8217;assumpci\u00f3 i distribuci\u00f3 de les compet\u00e8ncies transferides per l&#8217;Administraci\u00f3 de l&#8217;Estat a la Comunitat Aut\u00f2noma de les Illes Balears en mat\u00e8ria de gesti\u00f3 del treball, de l&#8217;ocupaci\u00f3 i la formaci\u00f3.<\/span><\/a><\/li>\n<\/ul>\n<p>[\/et_pb_accordion_item][et_pb_accordion_item title=\u00bbContacto con el Registro de entidades de orientaci\u00f3n profesional\u00bb _builder_version=\u00bb4.27.5&#8243; _module_preset=\u00bbdefault\u00bb global_colors_info=\u00bb{}\u00bb open=\u00bboff\u00bb]<\/p>\n<p>Para cualquier duda sobre el Registro de entidades de orientaci\u00f3n profesional os pod\u00e9is dirigir a:<\/p>\n<p>Servicio de orientaci\u00f3n y intermediaci\u00f3n 2.<\/p>\n<p>Correo electr\u00f3nico: <a href=\"mailto:resop@soib.caib.es\">resop@soib.caib.es<\/a><\/p>\n<p>Tel\u00e9fono: 971 17 70 00. Ext. 67002 (Alicia Pujol). Ext. 64103 (Ramona Salv\u00e1)<\/p>\n<p>[\/et_pb_accordion_item][\/et_pb_accordion][\/et_pb_column][\/et_pb_row][\/et_pb_section]<\/p>\n","protected":false},"excerpt":{"rendered":"<p>Registro de entidades de orientaci\u00f3n profesionalLa finalidad del Registro es tener un conocimiento actualizado y ordenado de las entidades y los servicios que act\u00faan en el \u00e1mbito de los servicios de orientaci\u00f3n profesional y de los servicios complementarios dentro del territorio de la comunidad aut\u00f3noma de las Islas Baleares; as\u00ed como servir de herramienta a [&hellip;]<\/p>\n","protected":false},"author":13,"featured_media":0,"parent":0,"menu_order":0,"comment_status":"closed","ping_status":"closed","template":"","meta":{"_et_pb_use_builder":"on","_et_pb_old_content":"<p>Les entitats sense \u00e0nim de lucre que duen a terme orientaci\u00f3 laboral per a col\u00b7lectius amb especials dificultats d\u2019inserci\u00f3 i les administracions locals es poden presentar a les convocat\u00f2ries de subvencions del SOIB d\u2019Itineraris Integrals d\u2019Inserci\u00f3 per finan\u00e7ar la seva tasca d\u2019atenci\u00f3.<\/p><p>\u00a0<\/p><p>A trav\u00e9s dels Itineraris Integrals d\u2019Inserci\u00f3 (enlla\u00e7 a <em><a href=\"https:\/\/soib.es\/soib-itineraris-integrals-dinsercio\/\">https:\/\/soib.es\/soib-itineraris-integrals-dinsercio\/<\/a><\/em> ) es desenvolupa un proc\u00e9s d\u2019acompanyament personalitzat per ajudar les persones a construir el seu projecte professional i millorar les seves oportunitats d\u2019ocupaci\u00f3. En un itinerari integral d\u2019inserci\u00f3, en cas que les entitats ho considerin convenient, a m\u00e9s de l\u2019orientaci\u00f3, es pot executar tamb\u00e9 formaci\u00f3.<\/p><p>\u00a0<\/p><p>Els Itineraris Integrals d\u2019Inserci\u00f3 subvencionats pel SOIB poden ser especialment orientats a joves en risc d\u2019exclusi\u00f3 social (enlla\u00e7 a <em><a href=\"https:\/\/www.caib.es\/seucaib\/ca\/200\/persones\/tramites\/tramite\/4399198\">https:\/\/www.caib.es\/seucaib\/ca\/200\/persones\/tramites\/tramite\/4399198<\/a><\/em>) o a persones de col\u00b7lectius vulnerables (enlla\u00e7 a <em><a href=\"https:\/\/www.caib.es\/seucaib\/ca\/200\/persones\/tramites\/tramite\/4383719\">https:\/\/www.caib.es\/seucaib\/ca\/200\/persones\/tramites\/tramite\/4383719<\/a><\/em>)<\/p>","_et_gb_content_width":"","footnotes":"","_links_to":"","_links_to_target":""},"class_list":["post-37449","page","type-page","status-publish","hentry"],"publishpress_future_action":{"enabled":false,"date":"2026-04-30 19:17:24","action":"change-status","newStatus":"draft","terms":[],"taxonomy":"translation_priority","extraData":[]},"publishpress_future_workflow_manual_trigger":{"enabledWorkflows":[]},"_links":{"self":[{"href":"https:\/\/soib.es\/es\/wp-json\/wp\/v2\/pages\/37449","targetHints":{"allow":["GET"]}}],"collection":[{"href":"https:\/\/soib.es\/es\/wp-json\/wp\/v2\/pages"}],"about":[{"href":"https:\/\/soib.es\/es\/wp-json\/wp\/v2\/types\/page"}],"author":[{"embeddable":true,"href":"https:\/\/soib.es\/es\/wp-json\/wp\/v2\/users\/13"}],"replies":[{"embeddable":true,"href":"https:\/\/soib.es\/es\/wp-json\/wp\/v2\/comments?post=37449"}],"version-history":[{"count":1,"href":"https:\/\/soib.es\/es\/wp-json\/wp\/v2\/pages\/37449\/revisions"}],"predecessor-version":[{"id":71589,"href":"https:\/\/soib.es\/es\/wp-json\/wp\/v2\/pages\/37449\/revisions\/71589"}],"wp:attachment":[{"href":"https:\/\/soib.es\/es\/wp-json\/wp\/v2\/media?parent=37449"}],"curies":[{"name":"wp","href":"https:\/\/api.w.org\/{rel}","templated":true}]}}