{"id":36171,"date":"2022-06-09T09:32:45","date_gmt":"2022-06-09T07:32:45","guid":{"rendered":"https:\/\/soib.es\/contractacio-i-facturacio\/"},"modified":"2023-07-19T09:44:54","modified_gmt":"2023-07-19T07:44:54","slug":"contractacio-i-facturacio","status":"publish","type":"page","link":"https:\/\/soib.es\/es\/contractacio-i-facturacio\/","title":{"rendered":"Contrataci\u00f3n y facturaci\u00f3n"},"content":{"rendered":"<p>[et_pb_section fb_built=\u00bb1&#8243; _builder_version=\u00bb3.22&#8243; background_color=\u00bb#f4f4f4&#8243; custom_padding=\u00bb25px||25px|\u00bb locked=\u00bboff\u00bb][et_pb_row _builder_version=\u00bb3.25&#8243;][et_pb_column type=\u00bb4_4&#8243; _builder_version=\u00bb3.25&#8243; custom_padding=\u00bb|||\u00bb custom_padding__hover=\u00bb|||\u00bb][et_pb_text _builder_version=\u00bb4.9.4&#8243;]<\/p>\n<h1><strong>Contrataci\u00f3n y facturaci\u00f3n<\/strong><\/h1>\n<p>[\/et_pb_text][\/et_pb_column][\/et_pb_row][\/et_pb_section][et_pb_section fb_built=\u00bb1&#8243; _builder_version=\u00bb4.7.6&#8243; custom_padding=\u00bb25px|0px|54px|0px\u00bb][et_pb_row column_structure=\u00bb1_2,1_2&#8243; _builder_version=\u00bb4.7.6&#8243; collapsed=\u00bboff\u00bb][et_pb_column type=\u00bb1_2&#8243; _builder_version=\u00bb3.25&#8243; custom_padding=\u00bb|||\u00bb custom_padding__hover=\u00bb|||\u00bb][et_pb_text _builder_version=\u00bb4.9.4&#8243; _module_preset=\u00bbdefault\u00bb]<\/p>\n<h4><strong>Plataforma de contrataci\u00f3n del SOIB<\/strong><\/h4>\n<p>[\/et_pb_text][et_pb_accordion open_toggle_text_color=\u00bb#878786&#8243; closed_toggle_text_color=\u00bb#cb023e\u00bb icon_color=\u00bb#cb023e\u00bb _builder_version=\u00bb4.9.4&#8243; toggle_font=\u00bb|700|||||||\u00bb toggle_font_size=\u00bb18&#8243; hover_enabled=\u00bb0&#8243; db_closeable=\u00bbon\u00bb db_initial_state=\u00bball_closed\u00bb sticky_enabled=\u00bb0&#8243;][et_pb_accordion_item title=\u00bbPlataforma de contrataci\u00f3n del Servicio de Empleo de las Illes Balears (SOIB)\u00bb open=\u00bbon\u00bb _builder_version=\u00bb4.9.4&#8243; open_use_icon_font_size=\u00bboff\u00bb]<\/p>\n<p>La <span style=\"color: #cb023e;\"><a style=\"color: #cb023e;\" href=\"https:\/\/contrataciondelestado.es\/wps\/portal\/plataforma\" target=\"_blank\" rel=\"noopener\"><strong>Plataforma de contrataci\u00f3n del Sector P\u00fablico del Estado<\/strong><\/a><\/span>, se configura como la aplicaci\u00f3n electr\u00f3nica de los servicios de contrataci\u00f3n p\u00fablica de la Administraci\u00f3n de la Comunidad Aut\u00f3noma de las Illes Balears a la cual pertenece el Servicio de Empleo de las Illes Balears (SOIB) con la finalidad de ofrecer un punto de referencia \u00fanico y completo a la ciudadan\u00eda respecto de la actividad contractual de los \u00f3rganos de la Administraci\u00f3n de la Comunidad Aut\u00f3noma de las Illes Balears y de la de los entes que integran el sector p\u00fablico instrumental, sujeta a las normas de contrataci\u00f3n del sector p\u00fablico.<\/p>\n<p>[\/et_pb_accordion_item][et_pb_accordion_item title=\u00bbAdjudicaciones, licitaciones y formalizaciones\u00bb _builder_version=\u00bb4.9.4&#8243; open_use_icon_font_size=\u00bboff\u00bb open=\u00bboff\u00bb]<\/p>\n<p>A partir del 24 de julio de 2017 todas las entidades de la Administraci\u00f3n de la Comunidad Aut\u00f3noma de las Illes Balears y el sector p\u00fablico instrumental publican sus licitaciones en la Plataforma de contrataci\u00f3n del sector p\u00fablico del Estado.<\/p>\n<ul>\n<li><span style=\"color: #cb023e;\"><a style=\"color: #cb023e;\" href=\"https:\/\/contrataciondelestado.es\/wps\/poc?uri=deeplink%3AperfilContratante&amp;idBp=AfQlUkzALmIQK2TEfXGy%2BA%3D%3D\" target=\"_blank\" rel=\"noopener\"><strong>Perfil del contratante del Servicio de Empleo de las Illes Balears<\/strong><\/a><\/span><\/li>\n<li><span style=\"color: #cb023e;\"><a style=\"color: #cb023e;\" href=\"https:\/\/contrataciondelestado.es\/wps\/portal\/!ut\/p\/b1\/jY7LCsIwEEW_xQ8oM30ldBm1j4hobTWa2UjAKgHTbkTEr7d23-rsLpxz7wCB9nzGY58nGCZwAmrN097Mw3atuYMGIn4WKt0JmYSYV2WKwbziLMq2fURQzryss-_mAnvQxbeA2KiAQQ_oHsCRE_ifH4eLSK1UyWqZI8oiW64Pfox5wH75R6ABmWoYgKkXp0cQNkXnGnBkPaqutfTE7AOKdlf7\/dl4\/d5\/L2dJQSEvUUt3SS80SmtFL1o2X0cwNjRDSTkzMEdNRkEwSTRJVDE3TkgyMDA2\/\" target=\"_blank\" rel=\"noopener\"><strong>Gu\u00eda de uso de la Plataforma de contrataci\u00f3n<\/strong><\/a><\/span><\/li>\n<li><span style=\"color: #cb023e;\"><a style=\"color: #cb023e;\" href=\"https:\/\/contrataciondelestado.es\/wps\/portal\/NormativaInfo\" target=\"_blank\" rel=\"noopener\"><strong>Normativa de contrataci\u00f3n<\/strong><\/a><\/span><\/li>\n<\/ul>\n<p>[\/et_pb_accordion_item][\/et_pb_accordion][\/et_pb_column][et_pb_column type=\u00bb1_2&#8243; _builder_version=\u00bb3.25&#8243; custom_padding=\u00bb|||\u00bb custom_padding__hover=\u00bb|||\u00bb][et_pb_text _builder_version=\u00bb4.9.4&#8243; _module_preset=\u00bbdefault\u00bb]<\/p>\n<h4><strong>Informaci\u00f3n sobre la facturaci\u00f3n electr\u00f3nica<br \/><\/strong><\/h4>\n<p>[\/et_pb_text][et_pb_accordion open_toggle_text_color=\u00bb#878786&#8243; closed_toggle_text_color=\u00bb#cb023e\u00bb icon_color=\u00bb#cb023e\u00bb _builder_version=\u00bb4.9.4&#8243; toggle_font=\u00bb|700|||||||\u00bb toggle_font_size=\u00bb18&#8243; hover_enabled=\u00bb0&#8243; db_closeable=\u00bbon\u00bb db_initial_state=\u00bball_closed\u00bb sticky_enabled=\u00bb0&#8243;][et_pb_accordion_item title=\u00bbPunto general de entrada de facturas electr\u00f3nicas\u00bb open=\u00bbon\u00bb open_toggle_text_color=\u00bb#878786&#8243; closed_toggle_text_color=\u00bb#cb023e\u00bb icon_color=\u00bb#cb023e\u00bb _builder_version=\u00bb4.9.4&#8243; open_icon_color=\u00bb#cb023e\u00bb open_use_icon_font_size=\u00bboff\u00bb]<\/p>\n<p>De acuerdo con la normativa auton\u00f3mica, se establece como punto general de entrada de facturas, la plataforma electr\u00f3nica FACe, Punto General de Entrada de Facturas Electr\u00f3nicas de la Administraci\u00f3n General del Estado, que permite el env\u00edo de facturas en formato electr\u00f3nico.<\/p>\n<p>Las facturas electr\u00f3nicas deben ajustarse al formato estructurado \u00abFACTURAE\u00bb, versi\u00f3n 3.2.1, que se describe mediante el esquema XSD (XML Schema Definition) publicado en la p\u00e1gina web de la plataforma. Adem\u00e1s, la factura debe firmarse electr\u00f3nicamente con un certificado electr\u00f3nico reconocido.<\/p>\n<p>[\/et_pb_accordion_item][et_pb_accordion_item title=\u00bbDatos fiscales y c\u00f3digos DIR3 SOIB\u00bb _builder_version=\u00bb4.9.4&#8243; open_use_icon_font_size=\u00bboff\u00bb open=\u00bboff\u00bb]<\/p>\n<p>Servei d\u2019Ocupaci\u00f3 de les Illes Balears (SOIB)<br \/>S0711001H<br \/>C\/ Gremi d\u2019Hortolans, 11, 1a<br \/>Pol\u00edgon de Son Rossinyol<br \/>07009 Palma<\/p>\n<p>Oficina Contable: GE0000253<br \/>\u00d3rgano Gestor: GE0000253<br \/>Unidad Tramitadora: GE0000253<\/p>\n<p><strong>Especificar siempre a qu\u00e9 centro del SOIB se ha prestado el servicio o el suministro, as\u00ed como los trabajos realizados y el desglose de los importes por materiales y\/o mano de obra.<\/strong><br \/><strong>Adjuntar con la factura, si procede, los albaranes y partes de trabajo.<\/strong><\/p>\n<p>[\/et_pb_accordion_item][et_pb_accordion_item title=\u00bbEnlaces de inter\u00e9s\u00bb _builder_version=\u00bb4.9.4&#8243; _module_preset=\u00bbdefault\u00bb open_use_icon_font_size=\u00bboff\u00bb open=\u00bboff\u00bb]<\/p>\n<ul>\n<li><a href=\"http:\/\/administracionelectronica.gob.es\/PAe\/FACE\/faqsproveedores\" target=\"_blank\" rel=\"noopener\"><strong><span style=\"color: #cb023e;\">Preguntas frecuentes<\/span><\/strong><\/a><\/li>\n<li><strong><span style=\"color: #cb023e;\"><a style=\"color: #cb023e;\" href=\"http:\/\/administracionelectronica.gob.es\/PAe\/FACE\/manualproveedores\" target=\"_blank\" rel=\"noopener\">Manual de proveedores<\/a><\/span><\/strong><\/li>\n<li><span style=\"color: #cb023e;\"><strong><a style=\"color: #cb023e;\" href=\"https:\/\/face.gob.es\/es\" target=\"_blank\" rel=\"noopener\">Plataforma FACe<\/a><\/strong><\/span><\/li>\n<\/ul>\n<p>[\/et_pb_accordion_item][\/et_pb_accordion][\/et_pb_column][\/et_pb_row][\/et_pb_section][et_pb_section fb_built=\u00bb1&#8243; disabled_on=\u00bbon|on|off\u00bb _builder_version=\u00bb4.9.4&#8243; background_color=\u00bb#f4f5f4&#8243; height=\u00bb10px\u00bb custom_padding=\u00bb0px||0px||true|false\u00bb][\/et_pb_section][et_pb_section fb_built=\u00bb1&#8243; disabled_on=\u00bbon|on|off\u00bb _builder_version=\u00bb4.6.5&#8243; background_color=\u00bb#f4f5f4&#8243; height=\u00bb10px\u00bb custom_padding=\u00bb0px||0px||true|false\u00bb][\/et_pb_section][et_pb_section fb_built=\u00bb1&#8243; disabled_on=\u00bbon|on|off\u00bb _builder_version=\u00bb3.22&#8243; background_color=\u00bb#f4f5f4&#8243; height=\u00bb10px\u00bb custom_padding=\u00bb0px||0px||true|false\u00bb][\/et_pb_section]<\/p>\n","protected":false},"excerpt":{"rendered":"<p>Contrataci\u00f3n y facturaci\u00f3nPlataforma de contrataci\u00f3n del SOIBLa Plataforma de contrataci\u00f3n del Sector P\u00fablico del Estado, se configura como la aplicaci\u00f3n electr\u00f3nica de los servicios de contrataci\u00f3n p\u00fablica de la Administraci\u00f3n de la Comunidad Aut\u00f3noma de las Illes Balears a la cual pertenece el Servicio de Empleo de las Illes Balears (SOIB) con la finalidad de [&hellip;]<\/p>\n","protected":false},"author":13,"featured_media":0,"parent":0,"menu_order":0,"comment_status":"closed","ping_status":"closed","template":"","meta":{"_et_pb_use_builder":"on","_et_pb_old_content":"","_et_gb_content_width":"","footnotes":"","_links_to":"","_links_to_target":""},"class_list":["post-36171","page","type-page","status-publish","hentry"],"publishpress_future_action":{"enabled":false,"date":"2026-04-29 23:01:44","action":"change-status","newStatus":"draft","terms":[],"taxonomy":"translation_priority","extraData":[]},"publishpress_future_workflow_manual_trigger":{"enabledWorkflows":[]},"_links":{"self":[{"href":"https:\/\/soib.es\/es\/wp-json\/wp\/v2\/pages\/36171","targetHints":{"allow":["GET"]}}],"collection":[{"href":"https:\/\/soib.es\/es\/wp-json\/wp\/v2\/pages"}],"about":[{"href":"https:\/\/soib.es\/es\/wp-json\/wp\/v2\/types\/page"}],"author":[{"embeddable":true,"href":"https:\/\/soib.es\/es\/wp-json\/wp\/v2\/users\/13"}],"replies":[{"embeddable":true,"href":"https:\/\/soib.es\/es\/wp-json\/wp\/v2\/comments?post=36171"}],"version-history":[{"count":0,"href":"https:\/\/soib.es\/es\/wp-json\/wp\/v2\/pages\/36171\/revisions"}],"wp:attachment":[{"href":"https:\/\/soib.es\/es\/wp-json\/wp\/v2\/media?parent=36171"}],"curies":[{"name":"wp","href":"https:\/\/api.w.org\/{rel}","templated":true}]}}