{"id":3499,"date":"2018-02-05T09:40:32","date_gmt":"2018-02-05T08:40:32","guid":{"rendered":"https:\/\/soib.es\/el-soib-selecciona-personal-per-a-thomas-cook-per-treballar-a-la-nova-seu-central-de-palma\/"},"modified":"2018-02-06T12:43:42","modified_gmt":"2018-02-06T11:43:42","slug":"el-soib-selecciona-personal-para-thomas-cook-para-trabajar-en-la-nueva-sede-central-de-palma","status":"publish","type":"page","link":"https:\/\/soib.es\/es\/el-soib-selecciona-personal-para-thomas-cook-para-trabajar-en-la-nueva-sede-central-de-palma\/","title":{"rendered":"El SOIB selecciona personal para THOMAS COOK para trabajar en la nueva sede central de Palma"},"content":{"rendered":"<p>[et_pb_section fb_built=\u00bb1&#8243; background_color=\u00bb#f7f7f7&#8243; _builder_version=\u00bb3.0.99&#8243; custom_padding=\u00bb23px|0px|25px|0px\u00bb][et_pb_row _builder_version=\u00bb3.0.99&#8243;][et_pb_column type=\u00bb4_4&#8243; _builder_version=\u00bb3.0.99&#8243; parallax=\u00bboff\u00bb parallax_method=\u00bbon\u00bb][et_pb_text _builder_version=\u00bb3.0.99&#8243;]<\/p>\n<h1><strong>El SOIB selecciona personal para THOMAS COOK para trabajar en la nueva sede central de Palma<\/strong><\/h1>\n<p>[\/et_pb_text][\/et_pb_column][\/et_pb_row][\/et_pb_section][et_pb_section fb_built=\u00bb1&#8243; _builder_version=\u00bb3.0.47&#8243; custom_padding=\u00bb25px|0px|25px|0px\u00bb][et_pb_row _builder_version=\u00bb3.0.99&#8243;][et_pb_column type=\u00bb4_4&#8243; _builder_version=\u00bb3.0.99&#8243; parallax=\u00bboff\u00bb parallax_method=\u00bbon\u00bb][et_pb_image src=\u00bbhttps:\/\/soib.es\/wp-content\/uploads\/2018\/02\/Banner-seleccio\u0301-Thomas-Cook-feb2018.jpg\u00bb alt=\u00bbThomas Cook SOIB Palma\u00bb title_text=\u00bbThomas Cooks SOIB Palma\u00bb _builder_version=\u00bb3.0.99&#8243;][\/et_pb_image][\/et_pb_column][\/et_pb_row][et_pb_row _builder_version=\u00bb3.0.99&#8243;][et_pb_column type=\u00bb2_3&#8243; _builder_version=\u00bb3.0.99&#8243; parallax=\u00bboff\u00bb parallax_method=\u00bbon\u00bb][et_pb_blurb title=\u00bbLa empresa tiene que cubrir 24 puestos de trabajo con un perfil profesional de auxiliares de administraci\u00f3n\u00bb use_icon=\u00bbon\u00bb font_icon=\u00bb%%38%%\u00bb icon_color=\u00bb#e01f4e\u00bb icon_placement=\u00bbleft\u00bb use_icon_font_size=\u00bbon\u00bb icon_font_size=\u00bb25px\u00bb _builder_version=\u00bb3.0.99&#8243;][\/et_pb_blurb][et_pb_blurb title=\u00bbLa inscripci\u00f3n para poder participar finaliza dia 7 de febrero\u00bb use_icon=\u00bbon\u00bb font_icon=\u00bb%%38%%\u00bb icon_color=\u00bb#e01f4e\u00bb icon_placement=\u00bbleft\u00bb use_icon_font_size=\u00bbon\u00bb icon_font_size=\u00bb25px\u00bb _builder_version=\u00bb3.0.99&#8243;][\/et_pb_blurb][\/et_pb_column][et_pb_column type=\u00bb1_3&#8243; _builder_version=\u00bb3.0.99&#8243; parallax=\u00bboff\u00bb parallax_method=\u00bbon\u00bb][\/et_pb_column][\/et_pb_row][et_pb_row _builder_version=\u00bb3.0.99&#8243;][et_pb_column type=\u00bb4_4&#8243; _builder_version=\u00bb3.0.99&#8243; parallax=\u00bboff\u00bb parallax_method=\u00bbon\u00bb][et_pb_text _builder_version=\u00bb3.0.99&#8243;]<\/p>\n<p>El servicio de intermediaci\u00f3n del <strong>SOIB Empresas<\/strong> ha iniciado un nuevo proceso de selecci\u00f3n de personal apra el grupo THOMAS COOK con el objetivo de cubrir 24 puestos de trabajo con un perfil profesional de auxiliar de administraci\u00f3n para trabajar en su nueva sede central de Palma.<\/p>\n<p>Las personas interesadas tienen que estar inscritar en el SOIB y cumplir con los requisitos para la oferta de auxiliar de administraci\u00f3n (el perfil profesional se puede consultar <strong><span style=\"text-decoration: underline;\"><a href=\"http:\/\/www.caib.es\/govern\/sac\/fitxa.do?codi=3222785&amp;coduo=1464&amp;lang=es\" target=\"_blank\" rel=\"noopener noreferrer\">aqui<\/a><\/span><\/strong>). Pueden enviar <strong>hasta el d\u00eda 7 de febrero<\/strong> su curr\u00edculum vitae al correo: <span style=\"text-decoration: underline;\"><strong><a href=\"mailto:empresa@soib.caib.es\">empresa@soib.caib.es<\/a><\/strong><\/span>.<\/p>\n<p>Con posterioridad a esta fecha, el SOIB se pondr\u00e1 en contacto con las personas que cumplan los requisitos para convocarlas a una entrevista de selecci\u00f3n. Esta primera entrevista la har\u00e1 el personal t\u00e9cnico del <strong>SOIB Empresas<\/strong>. Las primeras citas se llevar\u00e1n a cabo en la sede del SOIB, a partir del 8 de febrero. La fase final se har\u00e1 con personal t\u00e9cnico de Thomas Cook.<\/p>\n<p>El pr\u00f3ximo mes de abril, el <strong>SOIB Empresas<\/strong> llevar\u00e1 a cabo una nueva selecci\u00f3n de personal de administraci\u00f3n de <strong>Thomas Cook<\/strong> para la sede central de la empresa y que consistir\u00e1 en cubrir 120 puestos de trabajo para los diferentes departamentos de administraci\u00f3n y contabilidad de la empresa. Por lo tanto, al acabar este proceso, el servicio de intermediaci\u00f3n del SOIB habr\u00e1 seleccionado a 144 personas para trabajar en Thomas Cook.<\/p>\n<p><strong style=\"font-size: 15px;\">SOIB EMPRESAS<\/strong><\/p>\n<p>El servicio de preselecci\u00f3n de personal del <strong>SOIB empresas<\/strong> esta disponible durante todo el a\u00f1o y es uno de los que registra m\u00e1s solicitudes. Este servicio pretende con este tipo de acciones generar nuevas oportunidades laborales para las personas paradas y facilitar a las personas inscritas en el SOIB la posibilidad de encontrar un empleo mejor, a la vez que ofrece a las empresas un instrumento de intermediaci\u00f3n eficaz para encontrar los perfiles adecuados en funci\u00f3n de sus necesidades.<\/p>\n<p>En esta l\u00ednea, el SOIB hace la preselecci\u00f3n de personal a trav\u00e9s de la base de datos para encontrar a los candidatos m\u00e1s adecuados, adem\u00e1s de llevar a cabo la difusi\u00f3n de las ofertas, proporcionar informaci\u00f3n y hacer las entrevistas para facilitar la tarea de contrataci\u00f3n.<\/p>\n<p>De esta manera, gracias al servicio de intermediaci\u00f3n <strong>SOIB Empresas<\/strong>, a lo largo del 2017 empresas como Carrefour, Mercadona, Primark, Meli\u00e0, Eroski, LIDL, Globalia y Melchor Mascar\u00f3, han podido disponer de profesionales cualificados y adaptados a los perfiles requeridos.<\/p>\n<p>[\/et_pb_text][\/et_pb_column][\/et_pb_row][\/et_pb_section][et_pb_section fb_built=\u00bb1&#8243; background_color=\u00bb#df1f4f\u00bb disabled_on=\u00bbon|on|off\u00bb _builder_version=\u00bb3.0.82&#8243; custom_padding=\u00bb54px|0px|0px|0px\u00bb][et_pb_row custom_padding=\u00bb0px|0px|27px|0px\u00bb custom_css_main_2=\u00bbmargin-left: -20%;\u00bb custom_css_main_3=\u00bbmargin-left: 32px;\u00bb custom_css_main_4=\u00bbmargin-left: 100px;\u00bb _builder_version=\u00bb3.0.82&#8243;][et_pb_column type=\u00bb1_4&#8243; _builder_version=\u00bb3.0.82&#8243; parallax=\u00bboff\u00bb parallax_method=\u00bbon\u00bb][et_pb_blurb url=\u00bbhttps:\/\/twitter.com\/soibinfo?lang=es\u00bb use_icon=\u00bbon\u00bb font_icon=\u00bb%%292%%\u00bb icon_color=\u00bb#df1f4f\u00bb use_circle=\u00bbon\u00bb icon_placement=\u00bbleft\u00bb use_icon_font_size=\u00bbon\u00bb _builder_version=\u00bb3.0.82&#8243; animation=\u00bboff\u00bb][\/et_pb_blurb][\/et_pb_column][et_pb_column type=\u00bb1_4&#8243; _builder_version=\u00bb3.0.82&#8243; parallax=\u00bboff\u00bb parallax_method=\u00bbon\u00bb custom_css_main=\u00bbmargin-left: -20%;\u00bb][et_pb_blurb url=\u00bbhttps:\/\/www.facebook.com\/SOIBINFO\/\u00bb use_icon=\u00bbon\u00bb font_icon=\u00bb%%291%%\u00bb icon_color=\u00bb#df1f4f\u00bb use_circle=\u00bbon\u00bb icon_placement=\u00bbleft\u00bb _builder_version=\u00bb3.0.82&#8243; animation=\u00bboff\u00bb][\/et_pb_blurb][\/et_pb_column][et_pb_column type=\u00bb1_4&#8243; _builder_version=\u00bb3.0.82&#8243; parallax=\u00bboff\u00bb parallax_method=\u00bbon\u00bb custom_css_main=\u00bbmargin-left: 32px;\u00bb][et_pb_image src=\u00bbhttps:\/\/soib.es\/wp-content\/uploads\/2017\/10\/ue3.gif\u00bb _builder_version=\u00bb3.0.82&#8243; module_alignment=\u00bbleft\u00bb][\/et_pb_image][\/et_pb_column][et_pb_column type=\u00bb1_4&#8243; _builder_version=\u00bb3.0.82&#8243; parallax=\u00bboff\u00bb parallax_method=\u00bbon\u00bb custom_css_main=\u00bbmargin-left: 100px;\u00bb][et_pb_text _builder_version=\u00bb3.0.99&#8243; custom_css_main_element=\u00bbwidth: 150%;\u00bb]<\/p>\n<p style=\"color: #fff; text-align: right;\">Servicio de Ocupaci\u00f3n de las Islas Baleares (SOIB):<\/p>\n<p style=\"color: #fff; text-align: right;\">Cam\u00ed vell de Bunyola, 43, 1\u00ba &#8211; Edificio rotonda Asima<\/p>\n<p style=\"color: #fff; text-align: right;\">Pol\u00edgono de son Castell\u00f3 &#8211; 07009 Palma<\/p>\n<p style=\"color: #fff; text-align: right;\">Tel\u00e9fono <a style=\"color: #fff;\" href=\"tel:+34971784991\">971784991<\/a> &#8211; Fax 971784942<\/p>\n<p>[\/et_pb_text][\/et_pb_column][\/et_pb_row][\/et_pb_section][et_pb_section fb_built=\u00bb1&#8243; background_color=\u00bb#df1f4f\u00bb disabled_on=\u00bbon|off|on\u00bb _builder_version=\u00bb3.0.82&#8243; custom_padding=\u00bb20px|0px|0px|0px\u00bb][et_pb_row custom_padding=\u00bb0px|0px|27px|0px\u00bb custom_css_main_2=\u00bbmargin-left: -225px;\u00bb custom_css_main_3=\u00bbmargin-left: 32px;\u00bb custom_css_main_4=\u00bbmargin-left: 100px;\u00bb _builder_version=\u00bb3.0.82&#8243;][et_pb_column type=\u00bb4_4&#8243; _builder_version=\u00bb3.0.82&#8243; parallax=\u00bboff\u00bb parallax_method=\u00bbon\u00bb][et_pb_text _builder_version=\u00bb3.0.99&#8243; custom_css_main_element=\u00bbwidth: 150%;\u00bb]<\/p>\n<p style=\"color: #fff\">Servicio de Ocupaci\u00f3n de las Islas Baleares (SOIB):<\/p>\n<p style=\"color: #fff\">Cam\u00ed vell de Bunyola, 43, 1\u00ba &#8211; Edificio rotonda Asima<\/p>\n<p style=\"color: #fff\">Pol\u00edgono de son Castell\u00f3 &#8211; 07009 Palma<\/p>\n<p style=\"color: #fff\">Tel\u00e9fono <a style=\"color: #fff;\" href=\"tel:+34971784991\">971784991<\/a> &#8211; Fax 971784942<\/p>\n<p>[\/et_pb_text][et_pb_image src=\u00bbhttps:\/\/soib.es\/wp-content\/uploads\/2017\/10\/ue3.gif\u00bb _builder_version=\u00bb3.0.82&#8243; max_width=\u00bb50%\u00bb module_alignment=\u00bbcenter\u00bb][\/et_pb_image][et_pb_blurb url=\u00bbhttps:\/\/twitter.com\/soibinfo?lang=es\u00bb use_icon=\u00bbon\u00bb font_icon=\u00bb%%292%%\u00bb icon_color=\u00bb#df1f4f\u00bb use_circle=\u00bbon\u00bb icon_placement=\u00bbleft\u00bb use_icon_font_size=\u00bbon\u00bb _builder_version=\u00bb3.0.82&#8243; animation=\u00bboff\u00bb custom_css_main_element=\u00bbfloat: right;\u00bb][\/et_pb_blurb][et_pb_blurb url=\u00bbhttps:\/\/www.facebook.com\/SOIBINFO\/\u00bb use_icon=\u00bbon\u00bb font_icon=\u00bb%%291%%\u00bb icon_color=\u00bb#df1f4f\u00bb use_circle=\u00bbon\u00bb icon_placement=\u00bbleft\u00bb _builder_version=\u00bb3.0.82&#8243; animation=\u00bboff\u00bb][\/et_pb_blurb][\/et_pb_column][\/et_pb_row][\/et_pb_section][et_pb_section fb_built=\u00bb1&#8243; background_color=\u00bb#df1f4f\u00bb disabled_on=\u00bboff|on|on\u00bb _builder_version=\u00bb3.0.82&#8243;][et_pb_row custom_padding=\u00bb15px|0px|0px|0px\u00bb _builder_version=\u00bb3.0.82&#8243;][et_pb_column type=\u00bb4_4&#8243; _builder_version=\u00bb3.0.82&#8243; parallax=\u00bboff\u00bb parallax_method=\u00bbon\u00bb][et_pb_text _builder_version=\u00bb3.0.99&#8243;]<\/p>\n<p style=\"color: #fff;\">Servicio de Ocupaci\u00f3n de las Islas Baleares (SOIB):<\/p>\n<p style=\"color: #fff;\">Cam\u00ed Vell de Bunyola, 43, 1\u00aa &#8211; edificio rotonda Asima<\/p>\n<p style=\"color: #fff;\">Pol\u00edgono de son Castell\u00f3 &#8211; 07009 Palma<\/p>\n<p style=\"color: #fff;\">Tel\u00e9fono 971784991 &#8211; Fax 971784942<\/p>\n<p>[\/et_pb_text][\/et_pb_column][\/et_pb_row][et_pb_row custom_padding=\u00bb15px|0px|0px|0px\u00bb _builder_version=\u00bb3.0.82&#8243;][et_pb_column type=\u00bb4_4&#8243; _builder_version=\u00bb3.0.82&#8243; parallax=\u00bboff\u00bb parallax_method=\u00bbon\u00bb][et_pb_image src=\u00bbhttps:\/\/soib.es\/wp-content\/uploads\/2017\/10\/ue3.gif\u00bb _builder_version=\u00bb3.0.82&#8243; max_width=\u00bb50%\u00bb][\/et_pb_image][\/et_pb_column][\/et_pb_row][et_pb_row custom_padding=\u00bb0px|0px|0px|0px\u00bb _builder_version=\u00bb3.0.82&#8243;][et_pb_column type=\u00bb4_4&#8243; _builder_version=\u00bb3.0.82&#8243; parallax=\u00bboff\u00bb parallax_method=\u00bbon\u00bb][et_pb_blurb url=\u00bbhttps:\/\/www.facebook.com\/SOIBINFO\/\u00bb use_icon=\u00bbon\u00bb font_icon=\u00bb%%291%%\u00bb icon_color=\u00bb#df1f4f\u00bb use_circle=\u00bbon\u00bb icon_placement=\u00bbleft\u00bb _builder_version=\u00bb3.0.82&#8243; animation=\u00bboff\u00bb][\/et_pb_blurb][et_pb_blurb url=\u00bbhttps:\/\/twitter.com\/soibinfo?lang=es\u00bb use_icon=\u00bbon\u00bb font_icon=\u00bb%%292%%\u00bb icon_color=\u00bb#df1f4f\u00bb use_circle=\u00bbon\u00bb icon_placement=\u00bbleft\u00bb _builder_version=\u00bb3.0.82&#8243; animation=\u00bboff\u00bb][\/et_pb_blurb][\/et_pb_column][\/et_pb_row][\/et_pb_section]<\/p>\n","protected":false},"excerpt":{"rendered":"<p>El SOIB selecciona personal para THOMAS COOK para trabajar en la nueva sede central de PalmaEl servicio de intermediaci\u00f3n del SOIB Empresas ha iniciado un nuevo proceso de selecci\u00f3n de personal apra el grupo THOMAS COOK con el objetivo de cubrir 24 puestos de trabajo con un perfil profesional de auxiliar de administraci\u00f3n para trabajar [&hellip;]<\/p>\n","protected":false},"author":1,"featured_media":0,"parent":0,"menu_order":0,"comment_status":"closed","ping_status":"closed","template":"","meta":{"_et_pb_use_builder":"on","_et_pb_old_content":"","_et_gb_content_width":"","footnotes":"","_links_to":"","_links_to_target":""},"class_list":["post-3499","page","type-page","status-publish","hentry"],"publishpress_future_action":{"enabled":false,"date":"2026-04-12 12:49:29","action":"change-status","newStatus":"draft","terms":[],"taxonomy":"translation_priority","extraData":[]},"publishpress_future_workflow_manual_trigger":{"enabledWorkflows":[]},"_links":{"self":[{"href":"https:\/\/soib.es\/es\/wp-json\/wp\/v2\/pages\/3499","targetHints":{"allow":["GET"]}}],"collection":[{"href":"https:\/\/soib.es\/es\/wp-json\/wp\/v2\/pages"}],"about":[{"href":"https:\/\/soib.es\/es\/wp-json\/wp\/v2\/types\/page"}],"author":[{"embeddable":true,"href":"https:\/\/soib.es\/es\/wp-json\/wp\/v2\/users\/1"}],"replies":[{"embeddable":true,"href":"https:\/\/soib.es\/es\/wp-json\/wp\/v2\/comments?post=3499"}],"version-history":[{"count":0,"href":"https:\/\/soib.es\/es\/wp-json\/wp\/v2\/pages\/3499\/revisions"}],"wp:attachment":[{"href":"https:\/\/soib.es\/es\/wp-json\/wp\/v2\/media?parent=3499"}],"curies":[{"name":"wp","href":"https:\/\/api.w.org\/{rel}","templated":true}]}}