{"id":3471,"date":"2018-02-02T13:14:54","date_gmt":"2018-02-02T12:14:54","guid":{"rendered":"https:\/\/soib.es\/el-soib-selecciona-personal-per-a-iberostar-per-a-hotels-de-les-zones-de-palma-calvia-santanyi-i-alcudia\/"},"modified":"2018-02-08T10:10:43","modified_gmt":"2018-02-08T09:10:43","slug":"el-soib-selecciona-personal-para-iberostar-para-hotels-de-las-zonas-de-palma-calvia-santanyi-iyalcudia","status":"publish","type":"page","link":"https:\/\/soib.es\/es\/el-soib-selecciona-personal-para-iberostar-para-hotels-de-las-zonas-de-palma-calvia-santanyi-iyalcudia\/","title":{"rendered":"El SOIB selecciona personal para IBEROSTAR para hoteles de las zonas de Palma, Calvi\u00e0, Santany\u00ed y Alc\u00fadia"},"content":{"rendered":"<p>[et_pb_section fb_built=\u00bb1&#8243; background_color=\u00bb#f7f7f7&#8243; _builder_version=\u00bb3.0.99&#8243; custom_padding=\u00bb25px|0px|25px|0px\u00bb][et_pb_row _builder_version=\u00bb3.0.99&#8243;][et_pb_column type=\u00bb4_4&#8243; _builder_version=\u00bb3.0.99&#8243; parallax=\u00bboff\u00bb parallax_method=\u00bbon\u00bb][et_pb_text _builder_version=\u00bb3.0.99&#8243;]<\/p>\n<h1><strong>El SOIB selecciona personal para trabajar en IBEROSTAR en hoteles de las zonas de Palma, Calvi\u00e0, Santany\u00ed y Alc\u00fadia<\/strong><\/h1>\n<p>[\/et_pb_text][\/et_pb_column][\/et_pb_row][\/et_pb_section][et_pb_section fb_built=\u00bb1&#8243; _builder_version=\u00bb3.0.99&#8243; custom_padding=\u00bb25px|0px|54px|0px\u00bb][et_pb_row _builder_version=\u00bb3.0.99&#8243;][et_pb_column type=\u00bb4_4&#8243; _builder_version=\u00bb3.0.99&#8243; parallax=\u00bboff\u00bb parallax_method=\u00bbon\u00bb][et_pb_image src=\u00bbhttps:\/\/soib.es\/wp-content\/uploads\/2018\/02\/Banner-proces-Iberostar.jpg\u00bb _builder_version=\u00bb3.0.99&#8243;][\/et_pb_image][\/et_pb_column][\/et_pb_row][et_pb_row _builder_version=\u00bb3.0.99&#8243;][et_pb_column type=\u00bb2_3&#8243; _builder_version=\u00bb3.0.99&#8243; parallax=\u00bboff\u00bb parallax_method=\u00bbon\u00bb][et_pb_blurb title=\u00bbEl grupo hotelero tiene que cubrir 45 puestos entre personal de recepci\u00f3n, cocina, bar y pisos, adem\u00e1s de 40 plazas de animaci\u00f3n a trav\u00e9s de la red EURES\u00bb use_icon=\u00bbon\u00bb font_icon=\u00bb%%38%%\u00bb icon_color=\u00bb#e01f4e\u00bb icon_placement=\u00bbleft\u00bb use_icon_font_size=\u00bbon\u00bb icon_font_size=\u00bb25px\u00bb _builder_version=\u00bb3.0.99&#8243;][\/et_pb_blurb][et_pb_blurb title=\u00bbLas plazos para hacer la inscripci\u00f3n finalizan el 14 y 21 de febrero\u00bb use_icon=\u00bbon\u00bb font_icon=\u00bb%%38%%\u00bb icon_color=\u00bb#e01f4e\u00bb icon_placement=\u00bbleft\u00bb use_icon_font_size=\u00bbon\u00bb icon_font_size=\u00bb25px\u00bb _builder_version=\u00bb3.0.99&#8243;][\/et_pb_blurb][\/et_pb_column][et_pb_column type=\u00bb1_3&#8243; _builder_version=\u00bb3.0.99&#8243; parallax=\u00bboff\u00bb parallax_method=\u00bbon\u00bb][\/et_pb_column][\/et_pb_row][et_pb_row _builder_version=\u00bb3.0.99&#8243;][et_pb_column type=\u00bb4_4&#8243; _builder_version=\u00bb3.0.99&#8243; parallax=\u00bboff\u00bb parallax_method=\u00bbon\u00bb][et_pb_text _builder_version=\u00bb3.0.99&#8243;]<\/p>\n<p>Los d\u00edas 26 y 28 de febrero el SOIB llevar\u00e1 a cabo una jornada selecci\u00f3n de candidatos y candidatas para cubrir <strong>85 puestos de trabajo<\/strong> para los hoteles que la cadena IBEROSTAR tiene en la zona de Palma, Calvi\u00e0, Santany\u00ed y Alc\u00fadia. Ambos procesos de selecci\u00f3n tendr\u00e1n lugar en la sede de la Consejer\u00eda de Trabajo, Comercio e Industria y las entrevistas las har\u00e1n de manera conjunta el personal t\u00e9cnico de <strong>SOIB Empresas<\/strong> y de Iberostar.<\/p>\n<p>Las personas interesadas, que tienen que estar inscritas en el SOIB y cunplir con los requisitos para las ofertas de cocina, recepci\u00f3n, bar y pisos, tendr\u00e1n que rellenar, hasta el d\u00eda 14 de febrero, un formulario en l\u00ednea que se encuentra a la p\u00e1gina web del SOIB (<a href=\"https:\/\/soib.es\" target=\"_blank\" rel=\"noopener noreferrer\">www.soib.es<\/a>). Una vez hecha la preincripci\u00f3n, y en caso de reunir las condiciones, los participantes recibir\u00e1n una invitaci\u00f3n sms para asistir a la jornada de entrevistas. Esta prescripci\u00f3n y toda la informaci\u00f3n sobre la tramitaci\u00f3n que hay que hacer se puede consultar en: <a href=\"https:\/\/goo.gl\/XmHfMt\" target=\"_blank\" rel=\"noopener noreferrer\">https:\/\/goo.gl\/XmHfMt<\/a>.<\/p>\n<p>Para la primera selecci\u00f3n del <strong>d\u00eda 26 de febrero<\/strong>, Iberostar ofrece 20 puestos de los perfiles de cocina y bar, mientras que para la jornada de <strong>d\u00eda 28<\/strong> ofrecen 10 puestos de recepci\u00f3n, 15 de pisos y 40 de animaci\u00f3n.<\/p>\n<p>Los hoteles del grupo Iberostar ubicados en la zona de Palma son Iberostar Bahia Palma, Iberostar Cristina e Iberostar Playa de Palma.<\/p>\n<p>De la zona de Calvi\u00e0 las ofertas de trabajo corresponden a los hoteles Iberostar Grand Hotel Portals Nous e Iberostar Suit Jard\u00edn del Sol.<\/p>\n<p><strong style=\"font-size: 15px;\">EURES<\/strong><\/p>\n<p>Por otra parte, <strong>el d\u00eda 28 de febrero el SOIB EURES<\/strong> tambi\u00e9n har\u00e1 una selecci\u00f3n de personal para cubrir <strong>40 puestos de animadores\/animadoras<\/strong> para los hoteles de Palma, Santany\u00ed y Alc\u00fadia (Iberostar Ciudad Blanca, Iberostar Alcudia Park, Iberostar Albufera, Ibersotar Cala Barca, Iberostar Cristina).<\/p>\n<p>Para participar, adem\u00e1s de estar inscrito o inscrita en el SOIB y reunir los requisitos, se tiene que enviar el curr\u00edculum vitae antes del 21 de febrero al correo: <a href=\"mailto:eures@soib.caib.es\">eures@soib.caib.es<\/a>. En caso de cumplir con el perfil, la persona candidata recibir\u00e1 una invitaci\u00f3n sms para asistir a la jornada que tendr\u00e1 lugar en la sede de la Consejer\u00eda de Trabajo, Comercio e Industria.<\/p>\n<p>El pr\u00f3ximo mes de marzo, el <strong>SOIB Empresas<\/strong> llevar\u00e1 a cabo otra selecci\u00f3n de personal para Iberostar, concretamente para los hoteles de las zonas de Alc\u00fadia, Manacor y Felanitx.<\/p>\n<p><strong style=\"font-size: 15px;\">SOIB EMPRESAS<\/strong><\/p>\n<p>El servicio de preselecci\u00f3n de personal del <strong>SOIB empresas<\/strong> est\u00e1 disponible durante todo el a\u00f1o y es uno de los que registra m\u00e1s solicitudes. Este servicio pretende con este tipo de acciones generar nuevas oportunidades laborales para las personas desocupadas y\u00a0 facilitar a las personas inscritas en el SOIB la posibilidad de encontrar un empleo mejor, a la vez que ofrece a las empresas un instrumento de intermediaci\u00f3n eficaz para encontrar a los perfiles adecuados en funci\u00f3n de sus necesidades.<\/p>\n<p>En esta l\u00ednea, el SOIB hace la preselecci\u00f3n de personal a trav\u00e9s de la base de datos para encontrar los candidatos m\u00e1s adecuados, adem\u00e1s de llevar a cabo la difusi\u00f3n de las ofertas, proporcionar la informaci\u00f3n y hacer las entrevistas para facilitar la tarea de contrataci\u00f3n.<\/p>\n<p> De esta manera, gracias al servicio de intermediaci\u00f3n <strong>SOIB Empresas<\/strong>, a lo largo de 2017 empresas como Carrefour, Mercadona, Primark, Meli\u00e0, Eroski, LIDL, Globalia, Melchor Mascar\u00f3 y Thomas Cook han podido disponer de profesionales cualificados y adaptados a los perfiles requeridos.<\/p>\n<p>[\/et_pb_text][\/et_pb_column][\/et_pb_row][\/et_pb_section][et_pb_section fb_built=\u00bb1&#8243; background_color=\u00bb#df1f4f\u00bb disabled_on=\u00bbon|on|off\u00bb _builder_version=\u00bb3.0.82&#8243; custom_padding=\u00bb54px|0px|0px|0px\u00bb][et_pb_row custom_padding=\u00bb0px|0px|27px|0px\u00bb custom_css_main_2=\u00bbmargin-left: -20%;\u00bb custom_css_main_3=\u00bbmargin-left: 32px;\u00bb custom_css_main_4=\u00bbmargin-left: 100px;\u00bb _builder_version=\u00bb3.0.82&#8243;][et_pb_column type=\u00bb1_4&#8243; _builder_version=\u00bb3.0.82&#8243; parallax=\u00bboff\u00bb parallax_method=\u00bbon\u00bb][et_pb_blurb url=\u00bbhttps:\/\/twitter.com\/soibinfo?lang=es\u00bb use_icon=\u00bbon\u00bb font_icon=\u00bb%%292%%\u00bb icon_color=\u00bb#df1f4f\u00bb use_circle=\u00bbon\u00bb icon_placement=\u00bbleft\u00bb use_icon_font_size=\u00bbon\u00bb _builder_version=\u00bb3.0.82&#8243; animation=\u00bboff\u00bb][\/et_pb_blurb][\/et_pb_column][et_pb_column type=\u00bb1_4&#8243; _builder_version=\u00bb3.0.82&#8243; parallax=\u00bboff\u00bb parallax_method=\u00bbon\u00bb custom_css_main=\u00bbmargin-left: -20%;\u00bb][et_pb_blurb url=\u00bbhttps:\/\/www.facebook.com\/SOIBINFO\/\u00bb use_icon=\u00bbon\u00bb font_icon=\u00bb%%291%%\u00bb icon_color=\u00bb#df1f4f\u00bb use_circle=\u00bbon\u00bb icon_placement=\u00bbleft\u00bb _builder_version=\u00bb3.0.82&#8243; animation=\u00bboff\u00bb][\/et_pb_blurb][\/et_pb_column][et_pb_column type=\u00bb1_4&#8243; _builder_version=\u00bb3.0.82&#8243; parallax=\u00bboff\u00bb parallax_method=\u00bbon\u00bb custom_css_main=\u00bbmargin-left: 32px;\u00bb][et_pb_image src=\u00bbhttps:\/\/soib.es\/wp-content\/uploads\/2017\/10\/ue3.gif\u00bb _builder_version=\u00bb3.0.82&#8243; module_alignment=\u00bbleft\u00bb][\/et_pb_image][\/et_pb_column][et_pb_column type=\u00bb1_4&#8243; _builder_version=\u00bb3.0.82&#8243; parallax=\u00bboff\u00bb parallax_method=\u00bbon\u00bb custom_css_main=\u00bbmargin-left: 100px;\u00bb][et_pb_text _builder_version=\u00bb3.0.99&#8243; custom_css_main_element=\u00bbwidth: 150%;\u00bb]<\/p>\n<p style=\"color: #fff; text-align: right;\">Servicio de Ocupaci\u00f3n de las Islas Baleares (SOIB):<\/p>\n<p style=\"color: #fff; text-align: right;\">Cam\u00ed vell de Bunyola, 43, 1\u00ba &#8211; Edificio rotonda Asima<\/p>\n<p style=\"color: #fff; text-align: right;\">Pol\u00edgono de son Castell\u00f3 &#8211; 07009 Palma<\/p>\n<p style=\"color: #fff; text-align: right;\">Tel\u00e9fono <a style=\"color: #fff;\" href=\"tel:+34971784991\">971784991<\/a> &#8211; Fax 971784942<\/p>\n<p>[\/et_pb_text][\/et_pb_column][\/et_pb_row][\/et_pb_section][et_pb_section fb_built=\u00bb1&#8243; background_color=\u00bb#df1f4f\u00bb disabled_on=\u00bbon|off|on\u00bb _builder_version=\u00bb3.0.82&#8243; custom_padding=\u00bb20px|0px|0px|0px\u00bb][et_pb_row custom_padding=\u00bb0px|0px|27px|0px\u00bb custom_css_main_2=\u00bbmargin-left: -225px;\u00bb custom_css_main_3=\u00bbmargin-left: 32px;\u00bb custom_css_main_4=\u00bbmargin-left: 100px;\u00bb _builder_version=\u00bb3.0.82&#8243;][et_pb_column type=\u00bb4_4&#8243; _builder_version=\u00bb3.0.82&#8243; parallax=\u00bboff\u00bb parallax_method=\u00bbon\u00bb][et_pb_text _builder_version=\u00bb3.0.99&#8243; custom_css_main_element=\u00bbwidth: 150%;\u00bb]<\/p>\n<p style=\"color: #fff;\">Servicio de Ocupaci\u00f3n de las Islas Baleares (SOIB):<\/p>\n<p style=\"color: #fff;\">Cam\u00ed vell de Bunyola, 43, 1\u00ba &#8211; Edificio rotonda Asima<\/p>\n<p style=\"color: #fff;\">Pol\u00edgono de son Castell\u00f3 &#8211; 07009 Palma<\/p>\n<p style=\"color: #fff;\">Tel\u00e9fono <a style=\"color: #fff;\" href=\"tel:+34971784991\">971784991<\/a> &#8211; Fax 971784942<\/p>\n<p>[\/et_pb_text][et_pb_image src=\u00bbhttps:\/\/soib.es\/wp-content\/uploads\/2017\/10\/ue3.gif\u00bb _builder_version=\u00bb3.0.82&#8243; max_width=\u00bb50%\u00bb module_alignment=\u00bbcenter\u00bb][\/et_pb_image][et_pb_blurb url=\u00bbhttps:\/\/twitter.com\/soibinfo?lang=es\u00bb use_icon=\u00bbon\u00bb font_icon=\u00bb%%292%%\u00bb icon_color=\u00bb#df1f4f\u00bb use_circle=\u00bbon\u00bb icon_placement=\u00bbleft\u00bb use_icon_font_size=\u00bbon\u00bb _builder_version=\u00bb3.0.82&#8243; animation=\u00bboff\u00bb custom_css_main_element=\u00bbfloat: right;\u00bb][\/et_pb_blurb][et_pb_blurb url=\u00bbhttps:\/\/www.facebook.com\/SOIBINFO\/\u00bb use_icon=\u00bbon\u00bb font_icon=\u00bb%%291%%\u00bb icon_color=\u00bb#df1f4f\u00bb use_circle=\u00bbon\u00bb icon_placement=\u00bbleft\u00bb _builder_version=\u00bb3.0.82&#8243; animation=\u00bboff\u00bb][\/et_pb_blurb][\/et_pb_column][\/et_pb_row][\/et_pb_section][et_pb_section fb_built=\u00bb1&#8243; background_color=\u00bb#df1f4f\u00bb disabled_on=\u00bboff|on|on\u00bb _builder_version=\u00bb3.0.82&#8243;][et_pb_row custom_padding=\u00bb15px|0px|0px|0px\u00bb _builder_version=\u00bb3.0.82&#8243;][et_pb_column type=\u00bb4_4&#8243; _builder_version=\u00bb3.0.82&#8243; parallax=\u00bboff\u00bb parallax_method=\u00bbon\u00bb][et_pb_text _builder_version=\u00bb3.0.99&#8243;]<\/p>\n<p style=\"color: #fff;\">Servicio de Ocupaci\u00f3n de las Islas Baleares (SOIB):<\/p>\n<p style=\"color: #fff;\">Cam\u00ed Vell de Bunyola, 43, 1\u00aa &#8211; edificio rotonda Asima<\/p>\n<p style=\"color: #fff;\">Pol\u00edgono de son Castell\u00f3 &#8211; 07009 Palma<\/p>\n<p style=\"color: #fff;\">Tel\u00e9fono 971784991 &#8211; Fax 971784942<\/p>\n<p>[\/et_pb_text][\/et_pb_column][\/et_pb_row][et_pb_row custom_padding=\u00bb15px|0px|0px|0px\u00bb _builder_version=\u00bb3.0.82&#8243;][et_pb_column type=\u00bb4_4&#8243; _builder_version=\u00bb3.0.82&#8243; parallax=\u00bboff\u00bb parallax_method=\u00bbon\u00bb][et_pb_image src=\u00bbhttps:\/\/soib.es\/wp-content\/uploads\/2017\/10\/ue3.gif\u00bb _builder_version=\u00bb3.0.82&#8243; max_width=\u00bb50%\u00bb][\/et_pb_image][\/et_pb_column][\/et_pb_row][et_pb_row custom_padding=\u00bb0px|0px|0px|0px\u00bb _builder_version=\u00bb3.0.82&#8243;][et_pb_column type=\u00bb4_4&#8243; _builder_version=\u00bb3.0.82&#8243; parallax=\u00bboff\u00bb parallax_method=\u00bbon\u00bb][et_pb_blurb url=\u00bbhttps:\/\/www.facebook.com\/SOIBINFO\/\u00bb use_icon=\u00bbon\u00bb font_icon=\u00bb%%291%%\u00bb icon_color=\u00bb#df1f4f\u00bb use_circle=\u00bbon\u00bb icon_placement=\u00bbleft\u00bb _builder_version=\u00bb3.0.82&#8243; animation=\u00bboff\u00bb][\/et_pb_blurb][et_pb_blurb url=\u00bbhttps:\/\/twitter.com\/soibinfo?lang=es\u00bb use_icon=\u00bbon\u00bb font_icon=\u00bb%%292%%\u00bb icon_color=\u00bb#df1f4f\u00bb use_circle=\u00bbon\u00bb icon_placement=\u00bbleft\u00bb _builder_version=\u00bb3.0.82&#8243; animation=\u00bboff\u00bb][\/et_pb_blurb][\/et_pb_column][\/et_pb_row][\/et_pb_section]<\/p>\n","protected":false},"excerpt":{"rendered":"<p>El SOIB selecciona personal para trabajar en IBEROSTAR en hoteles de las zonas de Palma, Calvi\u00e0, Santany\u00ed y Alc\u00fadiaLos d\u00edas 26 y 28 de febrero el SOIB llevar\u00e1 a cabo una jornada selecci\u00f3n de candidatos y candidatas para cubrir 85 puestos de trabajo para los hoteles que la cadena IBEROSTAR tiene en la zona de [&hellip;]<\/p>\n","protected":false},"author":1,"featured_media":0,"parent":0,"menu_order":0,"comment_status":"closed","ping_status":"closed","template":"","meta":{"_et_pb_use_builder":"on","_et_pb_old_content":"","_et_gb_content_width":"","footnotes":"","_links_to":"","_links_to_target":""},"class_list":["post-3471","page","type-page","status-publish","hentry"],"publishpress_future_action":{"enabled":false,"date":"2026-05-12 17:54:35","action":"change-status","newStatus":"draft","terms":[],"taxonomy":"translation_priority","extraData":[]},"publishpress_future_workflow_manual_trigger":{"enabledWorkflows":[]},"_links":{"self":[{"href":"https:\/\/soib.es\/es\/wp-json\/wp\/v2\/pages\/3471","targetHints":{"allow":["GET"]}}],"collection":[{"href":"https:\/\/soib.es\/es\/wp-json\/wp\/v2\/pages"}],"about":[{"href":"https:\/\/soib.es\/es\/wp-json\/wp\/v2\/types\/page"}],"author":[{"embeddable":true,"href":"https:\/\/soib.es\/es\/wp-json\/wp\/v2\/users\/1"}],"replies":[{"embeddable":true,"href":"https:\/\/soib.es\/es\/wp-json\/wp\/v2\/comments?post=3471"}],"version-history":[{"count":0,"href":"https:\/\/soib.es\/es\/wp-json\/wp\/v2\/pages\/3471\/revisions"}],"wp:attachment":[{"href":"https:\/\/soib.es\/es\/wp-json\/wp\/v2\/media?parent=3471"}],"curies":[{"name":"wp","href":"https:\/\/api.w.org\/{rel}","templated":true}]}}