{"id":3017,"date":"2018-01-31T11:48:46","date_gmt":"2018-01-31T10:48:46","guid":{"rendered":"https:\/\/soib.es\/soib-30\/"},"modified":"2019-04-08T10:41:21","modified_gmt":"2019-04-08T08:41:21","slug":"soib-30-formacion-y-ocupacion","status":"publish","type":"page","link":"https:\/\/soib.es\/es\/soib-30-formacion-y-ocupacion\/","title":{"rendered":"SOIB 30 &#8211; Formaci\u00f3n y Ocupaci\u00f3n"},"content":{"rendered":"<p>[et_pb_section bb_built=\u00bb1&#8243; _builder_version=\u00bb3.0.99&#8243; background_color=\u00bb#f7f7f7&#8243; custom_padding=\u00bb25px|0px|25px|0px\u00bb next_background_color=\u00bb#ffffff\u00bb][et_pb_row _builder_version=\u00bb3.0.98&#8243;][et_pb_column type=\u00bb2_3&#8243;][et_pb_text _builder_version=\u00bb3.0.99&#8243;]<\/p>\n<h1><strong>SOIB 30 Formaci\u00f3n y Ocupaci\u00f3n<\/strong><\/h1>\n<h2><strong>\u00a1Ap\u00fantate en tu Oficina SOIB!<\/strong><\/h2>\n<p>[\/et_pb_text][\/et_pb_column][et_pb_column type=\u00bb1_3&#8243;][et_pb_image url=\u00bbhttps:\/\/soib.es\/wp-content\/uploads\/2018\/01\/Tarjeta-SOIB-301.jpg\u00bb _builder_version=\u00bb3.9&#8243; max_width=\u00bb50%\u00bb]<\/p>\n<p>[\/et_pb_image][\/et_pb_column][\/et_pb_row][\/et_pb_section][et_pb_section bb_built=\u00bb1&#8243; _builder_version=\u00bb3.0.47&#8243; custom_padding=\u00bb25px|0px|54px|0px\u00bb prev_background_color=\u00bb#f7f7f7&#8243; next_background_color=\u00bb#df1f4f\u00bb][et_pb_row _builder_version=\u00bb3.0.98&#8243;][et_pb_column type=\u00bb4_4&#8243;][et_pb_accordion open_toggle_text_color=\u00bb#e01f4e\u00bb icon_color=\u00bb#e01f4e\u00bb _builder_version=\u00bb3.0.99&#8243; toggle_font=\u00bb|700|||||||\u00bb][et_pb_accordion_item title=\u00bb\u00bfQu\u00e9 son los programas SOIB 30 FORMACI\u00d3N Y OCUPACI\u00d3N?\u00bb open=\u00bbon\u00bb _builder_version=\u00bb3.0.99&#8243; title_text_shadow_horizontal_length=\u00bb0em\u00bb title_text_shadow_vertical_length=\u00bb0em\u00bb title_text_shadow_blur_strength=\u00bb0em\u00bb body_text_shadow_horizontal_length=\u00bb0em\u00bb body_text_shadow_vertical_length=\u00bb0em\u00bb body_text_shadow_blur_strength=\u00bb0em\u00bb]<strong>Si tienes 30 a\u00f1os o m\u00e1s<\/strong>, el SOIB te ofrece la posibilidad de poder cualificarte a trav\u00e9s de un programa de formaci\u00f3n y ocupaci\u00f3n. Mediante este programa podr\u00e1s acceder a un trabajo y a la vez realizar una formaci\u00f3n vinculada, que te conducir\u00e1 a la obtenci\u00f3n de un certificado de profesionalidad.<\/p>\n<p>En realizar una formaci\u00f3n dentro el \u00e1mbito de diferentes familias profesionales: forestal, jardiner\u00eda, actividades administrativas, carpinter\u00eda y mueble, fontaner\u00eda y climatizaci\u00f3n, electromec\u00e1nica de veh\u00edculos, montaje y mantenimiento de sistemas microinform\u00e1ticos, promoci\u00f3n tur\u00edstica, atenci\u00f3n sociosanitaria a personas dependientes, operaciones auxiliares de construcci\u00f3n, etc.<\/p>\n<p>La idea es que te puedas formar seg\u00fan tus necesidades, motivaciones e intereses a trav\u00e9s de un proyecto de formaci\u00f3n y ocupaci\u00f3n que te permita mejorar tus competencias laborales.[\/et_pb_accordion_item][et_pb_accordion_item title=\u00bb\u00bfQu\u00e9 requisitos he de cumplir para tener acceso a esta formaci\u00f3n?\u00bb open=\u00bboff\u00bb _builder_version=\u00bb3.0.99&#8243; title_text_shadow_horizontal_length=\u00bb0em\u00bb title_text_shadow_vertical_length=\u00bb0em\u00bb title_text_shadow_blur_strength=\u00bb0em\u00bb body_text_shadow_horizontal_length=\u00bb0em\u00bb body_text_shadow_vertical_length=\u00bb0em\u00bb body_text_shadow_blur_strength=\u00bb0em\u00bb]<\/p>\n<ul>\n<li>Tienes que tener 30 a\u00f1os o m\u00e1s en el momento de solicitarla.<\/li>\n<li>Tienes que estar inscrito\/a en el SOIB como demandante de empleo en situaci\u00f3n de paro.<\/li>\n<li>Tienes que cumplir los requisitos de acceso al <span style=\"text-decoration: underline;\"><strong><a href=\"..\/niveles-de-calificacion-de-los-certificados-de-profesionalidad-y-requisitos-de-acceso\/\" target=\"_blank\" rel=\"noopener noreferrer\">certificado de profesionalidad<\/a><\/strong><\/span>.<\/li>\n<li>Poder ser beneficiario\/a de un contrato para la formaci\u00f3n y aprendizaje.<\/li>\n<\/ul>\n<p>[\/et_pb_accordion_item][et_pb_accordion_item title=\u00bb\u00bfD\u00f3nde podr\u00e9 cursar estos programas de Formaci\u00f3n y Ocupaci\u00f3n?\u00bb open=\u00bboff\u00bb _builder_version=\u00bb3.0.99&#8243; title_text_shadow_horizontal_length=\u00bb0em\u00bb title_text_shadow_vertical_length=\u00bb0em\u00bb title_text_shadow_blur_strength=\u00bb0em\u00bb body_text_shadow_horizontal_length=\u00bb0em\u00bb body_text_shadow_vertical_length=\u00bb0em\u00bb body_text_shadow_blur_strength=\u00bb0em\u00bb]En entidades locales (ayuntamientos y consejos insulares) y fundaciones sin \u00e1nimo de lucro de la Comunidad Aut\u00f3noma de las Islas Baleares.[\/et_pb_accordion_item][et_pb_accordion_item title=\u00bb\u00bfQu\u00e9 duraci\u00f3n tendr\u00e1n los contratos?\u00bb open=\u00bboff\u00bb _builder_version=\u00bb3.0.99&#8243; title_text_shadow_horizontal_length=\u00bb0em\u00bb title_text_shadow_vertical_length=\u00bb0em\u00bb title_text_shadow_blur_strength=\u00bb0em\u00bb body_text_shadow_horizontal_length=\u00bb0em\u00bb body_text_shadow_vertical_length=\u00bb0em\u00bb body_text_shadow_blur_strength=\u00bb0em\u00bb]Tendr\u00e1n una duraci\u00f3n entre 9 y 12 meses (en el caso de Formentera 6 meses).<br \/>\n[\/et_pb_accordion_item][\/et_pb_accordion][et_pb_text _builder_version=\u00bb3.17.6&#8243;]<\/p>\n<p><span style=\"font-size: 16px;\">#UnSaltAlFutur<\/span><\/p>\n<p class=\"et_pb_module_header\"><a href=\"https:\/\/www.caib.es\/seucaib\/es\/202\/administracions\/tramites\/tramite\/3508826\/\" target=\"_blank\" rel=\"noopener\"><strong>Convocatoria 2018 SOIB 30 Formaci\u00f3n y Ocupaci\u00f3n<\/strong><\/a><br \/><a style=\"font-size: 15px;\" href=\"https:\/\/www.caib.es\/seucaib\/es\/tramites\/tramite\/2992837\" target=\"_blank\" rel=\"noopener noreferrer\"><strong>Convocatoria 2017 SOIB 30 Formaci\u00f3n y Ocupaci\u00f3n<\/strong><\/a><\/p>\n<p>[\/et_pb_text][\/et_pb_column][\/et_pb_row][\/et_pb_section][et_pb_section bb_built=\u00bb1&#8243; disabled_on=\u00bbon|on|off\u00bb _builder_version=\u00bb3.0.82&#8243; background_color=\u00bb#df1f4f\u00bb custom_padding=\u00bb54px|0px|0px|0px\u00bb saved_tabs=\u00bball\u00bb prev_background_color=\u00bb#ffffff\u00bb next_background_color=\u00bb#000000&#8243; global_module=\u00bb7644&#8243;][et_pb_row global_parent=\u00bb7644&#8243; custom_padding=\u00bb0px|0px|27px|0px\u00bb custom_css_main_2=\u00bbmargin-left: -20%;\u00bb custom_css_main_3=\u00bbmargin-left: 32px;\u00bb custom_css_main_4=\u00bbmargin-left: 100px;\u00bb _builder_version=\u00bb3.0.82&#8243;][et_pb_column type=\u00bb1_4&#8243;][et_pb_blurb global_parent=\u00bb7644&#8243; url=\u00bbhttps:\/\/twitter.com\/soibinfo?lang=es\u00bb url_new_window=\u00bbon\u00bb use_icon=\u00bbon\u00bb font_icon=\u00bb%%292%%\u00bb icon_color=\u00bb#df1f4f\u00bb use_circle=\u00bbon\u00bb icon_placement=\u00bbleft\u00bb use_icon_font_size=\u00bbon\u00bb _builder_version=\u00bb3.9&#8243; animation=\u00bboff\u00bb]<\/p>\n<p>\u00a0<\/p>\n<p>[\/et_pb_blurb][et_pb_blurb global_parent=\u00bb7644&#8243; url=\u00bbhttps:\/\/www.youtube.com\/channel\/UCvmOqiRlc2JOK3V_0Mc-0sA?view_as=subscriber\u00bb url_new_window=\u00bbon\u00bb use_icon=\u00bbon\u00bb font_icon=\u00bb%%307%%\u00bb icon_color=\u00bb#df1f4f\u00bb use_circle=\u00bbon\u00bb icon_placement=\u00bbleft\u00bb _builder_version=\u00bb3.9&#8243; header_font=\u00bb||||||||\u00bb body_font=\u00bb||||||||\u00bb animation=\u00bboff\u00bb]<\/p>\n<p>\u00a0<\/p>\n<p>[\/et_pb_blurb][\/et_pb_column][et_pb_column type=\u00bb1_4&#8243;][et_pb_blurb global_parent=\u00bb7644&#8243; url=\u00bbhttps:\/\/www.facebook.com\/SOIBINFO\/\u00bb url_new_window=\u00bbon\u00bb use_icon=\u00bbon\u00bb font_icon=\u00bb%%291%%\u00bb icon_color=\u00bb#df1f4f\u00bb use_circle=\u00bbon\u00bb icon_placement=\u00bbleft\u00bb _builder_version=\u00bb3.0.99&#8243; animation=\u00bboff\u00bb]<\/p>\n<p>\u00a0<\/p>\n<p>[\/et_pb_blurb][et_pb_blurb global_parent=\u00bb7644&#8243; url=\u00bbhttps:\/\/www.instagram.com\/soibjove\/\u00bb url_new_window=\u00bbon\u00bb use_icon=\u00bbon\u00bb font_icon=\u00bb%%344%%\u00bb icon_color=\u00bb#df1f4f\u00bb use_circle=\u00bbon\u00bb icon_placement=\u00bbleft\u00bb _builder_version=\u00bb3.9&#8243; animation=\u00bboff\u00bb]<\/p>\n<p>\u00a0<\/p>\n<p>[\/et_pb_blurb][\/et_pb_column][et_pb_column type=\u00bb1_4&#8243;][et_pb_image global_parent=\u00bb7644&#8243; src=\u00bb\/wp-content\/uploads\/2017\/10\/ue3.gif\u00bb _builder_version=\u00bb3.17.6&#8243; module_alignment=\u00bbleft\u00bb url=\u00bbhttps:\/\/soib.es\/es\/programes-del-soib-cofinancats-pel-fons-social-europeu-fse\/\u00bb]<\/p>\n<p>\u00a0<\/p>\n<p>[\/et_pb_image][\/et_pb_column][et_pb_column type=\u00bb1_4&#8243;][et_pb_text global_parent=\u00bb7644&#8243; _builder_version=\u00bb3.0.82&#8243; custom_css_main_element=\u00bbwidth: 150%;\u00bb]<\/p>\n<p style=\"color: #fff; text-align: right;\">Servicio de Ocupaci\u00f3n de las Islas Baleares (SOIB):<\/p>\n<p style=\"color: #fff; text-align: right;\">Cam\u00ed vell de Bunyola, 43, 1\u00ba &#8211; Edificio rotonda Asima<\/p>\n<p style=\"color: #fff; text-align: right;\">Pol\u00edgon de son Castell\u00f3 &#8211; 07009 Palma<\/p>\n<p style=\"color: #fff; text-align: right;\">Tel\u00e9fono <a style=\"color: #fff;\" href=\"tel:+34971784991\">971784991<\/a> &#8211; Fax 971784942<\/p>\n<p>[\/et_pb_text][\/et_pb_column][\/et_pb_row][\/et_pb_section][et_pb_section bb_built=\u00bb1&#8243; disabled_on=\u00bbon|off|on\u00bb _builder_version=\u00bb3.0.82&#8243; background_color=\u00bb#df1f4f\u00bb custom_padding=\u00bb20px|0px|0px|0px\u00bb saved_tabs=\u00bball\u00bb prev_background_color=\u00bb#000000&#8243; next_background_color=\u00bb#000000&#8243; global_module=\u00bb7646&#8243;][et_pb_row global_parent=\u00bb7646&#8243; custom_padding=\u00bb0px|0px|27px|0px\u00bb custom_css_main_2=\u00bbmargin-left: -225px;\u00bb custom_css_main_3=\u00bbmargin-left: 32px;\u00bb custom_css_main_4=\u00bbmargin-left: 100px;\u00bb _builder_version=\u00bb3.0.82&#8243;][et_pb_column type=\u00bb4_4&#8243;][et_pb_text global_parent=\u00bb7646&#8243; _builder_version=\u00bb3.0.82&#8243; custom_css_main_element=\u00bbwidth: 150%;\u00bb]<\/p>\n<p style=\"color: #fff;\">Servicio de Ocupaci\u00f3n de las Islas Baleares (SOIB):<\/p>\n<p style=\"color: #fff;\">Cam\u00ed vell de Bunyola, 43, 1\u00ba &#8211; Edificio rotonda Asima<\/p>\n<p style=\"color: #fff;\">Pol\u00edgon de son Castell\u00f3 &#8211; 07009 Palma<\/p>\n<p style=\"color: #fff;\">Tel\u00e9fono <a style=\"color: #fff;\" href=\"tel:+34971784991\">971784991<\/a> &#8211; Fax 971784942<\/p>\n<p>[\/et_pb_text][et_pb_image global_parent=\u00bb7646&#8243; src=\u00bb\/wp-content\/uploads\/2017\/10\/ue3.gif\u00bb _builder_version=\u00bb3.0.99&#8243; max_width=\u00bb50%\u00bb module_alignment=\u00bbcenter\u00bb]<\/p>\n<p>\u00a0<\/p>\n<p>[\/et_pb_image][et_pb_blurb global_parent=\u00bb7646&#8243; url=\u00bbhttps:\/\/www.facebook.com\/SOIBINFO\/\u00bb url_new_window=\u00bbon\u00bb use_icon=\u00bbon\u00bb font_icon=\u00bb%%291%%\u00bb icon_color=\u00bb#df1f4f\u00bb use_circle=\u00bbon\u00bb icon_placement=\u00bbleft\u00bb _builder_version=\u00bb3.0.99&#8243; animation=\u00bboff\u00bb]<\/p>\n<p>\u00a0<\/p>\n<p>[\/et_pb_blurb][et_pb_blurb global_parent=\u00bb7646&#8243; url=\u00bbhttps:\/\/twitter.com\/soibinfo?lang=es\u00bb use_icon=\u00bbon\u00bb font_icon=\u00bb%%292%%\u00bb icon_color=\u00bb#df1f4f\u00bb use_circle=\u00bbon\u00bb icon_placement=\u00bbleft\u00bb use_icon_font_size=\u00bbon\u00bb _builder_version=\u00bb3.0.82&#8243; animation=\u00bboff\u00bb custom_css_main_element=\u00bbfloat: right;\u00bb]<\/p>\n<p>\u00a0<\/p>\n<p>[\/et_pb_blurb][et_pb_blurb global_parent=\u00bb7646&#8243; url=\u00bbhttps:\/\/www.instagram.com\/soibjove\/\u00bb url_new_window=\u00bbon\u00bb use_icon=\u00bbon\u00bb font_icon=\u00bb%%344%%\u00bb icon_color=\u00bb#df1f4f\u00bb use_circle=\u00bbon\u00bb icon_placement=\u00bbleft\u00bb _builder_version=\u00bb3.9&#8243; animation=\u00bboff\u00bb]<\/p>\n<p>\u00a0<\/p>\n<p>[\/et_pb_blurb][et_pb_blurb global_parent=\u00bb7646&#8243; url=\u00bbhttps:\/\/www.youtube.com\/channel\/UCvmOqiRlc2JOK3V_0Mc-0sA?view_as=subscriber\u00bb url_new_window=\u00bbon\u00bb use_icon=\u00bbon\u00bb font_icon=\u00bb%%307%%\u00bb icon_color=\u00bb#df1f4f\u00bb use_circle=\u00bbon\u00bb icon_placement=\u00bbleft\u00bb _builder_version=\u00bb3.9&#8243; animation=\u00bboff\u00bb]<\/p>\n<p>\u00a0<\/p>\n<p>[\/et_pb_blurb][\/et_pb_column][\/et_pb_row][\/et_pb_section][et_pb_section bb_built=\u00bb1&#8243; disabled_on=\u00bboff|on|on\u00bb _builder_version=\u00bb3.0.82&#8243; background_color=\u00bb#df1f4f\u00bb saved_tabs=\u00bball\u00bb prev_background_color=\u00bb#000000&#8243; global_module=\u00bb7647&#8243;][et_pb_row global_parent=\u00bb7647&#8243; custom_padding=\u00bb15px|0px|0px|0px\u00bb _builder_version=\u00bb3.0.82&#8243;][et_pb_column type=\u00bb4_4&#8243;][et_pb_text global_parent=\u00bb7647&#8243; _builder_version=\u00bb3.0.82&#8243;]<\/p>\n<p style=\"color: #fff;\">Servicio de Ocupaci\u00f3n de las Islas Baleares (SOIB):<\/p>\n<p style=\"color: #fff;\">Cam\u00ed Vell de Bunyola, 43, 1\u00aa &#8211; Edificio rotonda Asima<\/p>\n<p style=\"color: #fff;\">Pol\u00edgon de son Castell\u00f3 &#8211; 07009 Palma<\/p>\n<p style=\"color: #fff;\">Tel\u00e9fono 971784991 &#8211; Fax 971784942<\/p>\n<p>[\/et_pb_text][\/et_pb_column][\/et_pb_row][et_pb_row global_parent=\u00bb7647&#8243; custom_padding=\u00bb15px|0px|0px|0px\u00bb _builder_version=\u00bb3.0.82&#8243;][et_pb_column type=\u00bb4_4&#8243;][et_pb_image global_parent=\u00bb7647&#8243; src=\u00bb\/wp-content\/uploads\/2017\/10\/ue3.gif\u00bb _builder_version=\u00bb3.0.99&#8243; max_width=\u00bb50%\u00bb]<\/p>\n<p>\u00a0<\/p>\n<p>[\/et_pb_image][\/et_pb_column][\/et_pb_row][et_pb_row global_parent=\u00bb7647&#8243; custom_padding=\u00bb0px|0px|0px|0px\u00bb _builder_version=\u00bb3.0.82&#8243;][et_pb_column type=\u00bb4_4&#8243;][et_pb_blurb global_parent=\u00bb7647&#8243; url=\u00bbhttps:\/\/www.facebook.com\/SOIBINFO\/\u00bb url_new_window=\u00bbon\u00bb use_icon=\u00bbon\u00bb font_icon=\u00bb%%291%%\u00bb icon_color=\u00bb#df1f4f\u00bb use_circle=\u00bbon\u00bb icon_placement=\u00bbleft\u00bb _builder_version=\u00bb3.0.99&#8243; animation=\u00bboff\u00bb]<\/p>\n<p>\u00a0<\/p>\n<p>[\/et_pb_blurb][et_pb_blurb global_parent=\u00bb7647&#8243; url=\u00bbhttps:\/\/twitter.com\/soibinfo?lang=es\u00bb url_new_window=\u00bbon\u00bb use_icon=\u00bbon\u00bb font_icon=\u00bb%%292%%\u00bb icon_color=\u00bb#df1f4f\u00bb use_circle=\u00bbon\u00bb icon_placement=\u00bbleft\u00bb _builder_version=\u00bb3.0.99&#8243; animation=\u00bboff\u00bb]<\/p>\n<p>\u00a0<\/p>\n<p>[\/et_pb_blurb][et_pb_blurb global_parent=\u00bb7647&#8243; url=\u00bbhttps:\/\/www.youtube.com\/channel\/UCvmOqiRlc2JOK3V_0Mc-0sA?view_as=subscriber\u00bb url_new_window=\u00bbon\u00bb use_icon=\u00bbon\u00bb font_icon=\u00bb%%307%%\u00bb icon_color=\u00bb#df1f4f\u00bb use_circle=\u00bbon\u00bb icon_placement=\u00bbleft\u00bb _builder_version=\u00bb3.9&#8243; animation=\u00bboff\u00bb]<\/p>\n<p>\u00a0<\/p>\n<p>[\/et_pb_blurb][et_pb_blurb global_parent=\u00bb7647&#8243; url=\u00bbhttps:\/\/www.instagram.com\/soibjove\/\u00bb url_new_window=\u00bbon\u00bb use_icon=\u00bbon\u00bb font_icon=\u00bb%%344%%\u00bb icon_color=\u00bb#df1f4f\u00bb use_circle=\u00bbon\u00bb icon_placement=\u00bbleft\u00bb _builder_version=\u00bb3.9&#8243; animation=\u00bboff\u00bb]<\/p>\n<p>\u00a0<\/p>\n<p>[\/et_pb_blurb][\/et_pb_column][\/et_pb_row][\/et_pb_section]<\/p>\n","protected":false},"excerpt":{"rendered":"<p>SOIB 30 Formaci\u00f3n y Ocupaci\u00f3n \u00a1Ap\u00fantate en tu Oficina SOIB! Si tienes 30 a\u00f1os o m\u00e1s, el SOIB te ofrece la posibilidad de poder cualificarte a trav\u00e9s de un programa de formaci\u00f3n y ocupaci\u00f3n. Mediante este programa podr\u00e1s acceder a un trabajo y a la vez realizar una formaci\u00f3n vinculada, que te conducir\u00e1 a la [&hellip;]<\/p>\n","protected":false},"author":1,"featured_media":0,"parent":0,"menu_order":0,"comment_status":"closed","ping_status":"closed","template":"","meta":{"_et_pb_use_builder":"on","_et_pb_old_content":"","_et_gb_content_width":"","footnotes":"","_links_to":"","_links_to_target":""},"class_list":["post-3017","page","type-page","status-publish","hentry"],"publishpress_future_action":{"enabled":false,"date":"2026-04-30 17:49:34","action":"change-status","newStatus":"draft","terms":[],"taxonomy":"translation_priority","extraData":[]},"publishpress_future_workflow_manual_trigger":{"enabledWorkflows":[]},"_links":{"self":[{"href":"https:\/\/soib.es\/es\/wp-json\/wp\/v2\/pages\/3017","targetHints":{"allow":["GET"]}}],"collection":[{"href":"https:\/\/soib.es\/es\/wp-json\/wp\/v2\/pages"}],"about":[{"href":"https:\/\/soib.es\/es\/wp-json\/wp\/v2\/types\/page"}],"author":[{"embeddable":true,"href":"https:\/\/soib.es\/es\/wp-json\/wp\/v2\/users\/1"}],"replies":[{"embeddable":true,"href":"https:\/\/soib.es\/es\/wp-json\/wp\/v2\/comments?post=3017"}],"version-history":[{"count":0,"href":"https:\/\/soib.es\/es\/wp-json\/wp\/v2\/pages\/3017\/revisions"}],"wp:attachment":[{"href":"https:\/\/soib.es\/es\/wp-json\/wp\/v2\/media?parent=3017"}],"curies":[{"name":"wp","href":"https:\/\/api.w.org\/{rel}","templated":true}]}}