{"id":2939,"date":"2018-01-30T12:57:09","date_gmt":"2018-01-30T11:57:09","guid":{"rendered":"https:\/\/soib.es\/agencias-de-colocacion\/"},"modified":"2023-04-27T14:47:03","modified_gmt":"2023-04-27T12:47:03","slug":"agencias-de-colocacion","status":"publish","type":"page","link":"https:\/\/soib.es\/es\/agencias-de-colocacion\/","title":{"rendered":"Agencias de colocaci\u00f3n"},"content":{"rendered":"<p>[et_pb_section fb_built=\u00bb1&#8243; _builder_version=\u00bb3.22&#8243; background_color=\u00bb#f7f7f7&#8243; custom_padding=\u00bb25px|0px|25px|0px\u00bb][et_pb_row _builder_version=\u00bb3.25&#8243;][et_pb_column type=\u00bb4_4&#8243; _builder_version=\u00bb3.25&#8243; custom_padding=\u00bb|||\u00bb custom_padding__hover=\u00bb|||\u00bb][et_pb_text _builder_version=\u00bb4.5.2&#8243;]<\/p>\n<h1><strong>Agencias de colocaci\u00f3n<\/strong><\/h1>\n<p>[\/et_pb_text][\/et_pb_column][\/et_pb_row][\/et_pb_section][et_pb_section fb_built=\u00bb1&#8243; _builder_version=\u00bb3.22&#8243; custom_padding=\u00bb25px|0px|54px|0px\u00bb][et_pb_row _builder_version=\u00bb3.25&#8243;][et_pb_column type=\u00bb4_4&#8243; _builder_version=\u00bb3.25&#8243; custom_padding=\u00bb|||\u00bb custom_padding__hover=\u00bb|||\u00bb][et_pb_text _builder_version=\u00bb4.9.4&#8243; locked=\u00bboff\u00bb]<\/p>\n<p>Una Agencia de colocaci\u00f3n es una entidad de intermediaci\u00f3n laboral que trabaja de manera coordinada con el Servicio P\u00fablico de Empleo correspondiente, con el doble objetivo de ayudar a las personas desempleadas a encontrar trabajo y facilitar que las empresas encuentren a las personas trabajadoras id\u00f3neas.<\/p>\n<p>[\/et_pb_text][et_pb_accordion open_toggle_text_color=\u00bb#878786&#8243; closed_toggle_text_color=\u00bb#cb023e\u00bb icon_color=\u00bb#cb023e\u00bb _builder_version=\u00bb4.9.4&#8243; toggle_font=\u00bb|700|||||||\u00bb closed_toggle_font=\u00bb|700|||||||\u00bb hover_enabled=\u00bb0&#8243; db_closeable=\u00bbon\u00bb db_initial_state=\u00bball_closed\u00bb sticky_enabled=\u00bb0&#8243;][et_pb_accordion_item title=\u00bb\u00bfQu\u00e9 servicios presta la Agencia de colocaci\u00f3n?\u00bb open=\u00bbon\u00bb _builder_version=\u00bb4.9.4&#8243; open_use_icon_font_size=\u00bboff\u00bb]<\/p>\n<p>La Agencia desarrolla una intermediaci\u00f3n laboral gratuita para las personas demandantes de empleo.<\/p>\n<p>[\/et_pb_accordion_item][et_pb_accordion_item title=\u00bb\u00bfEn qu\u00e9 te puede ayudar una Agencia de colocaci\u00f3n?\u00bb _builder_version=\u00bb4.5.2&#8243; open_use_icon_font_size=\u00bboff\u00bb open=\u00bboff\u00bb]<\/p>\n<p>Estar de alta en una Agencia de colocaci\u00f3n incrementar\u00e1 las opciones de inserci\u00f3n laboral.<br \/>La plataforma web de la Agencia contiene todo lo necesario para recoger los datos de un perfil de forma completa, por lo que la empresa tiene gran informaci\u00f3n de la persona candidata, siempre y cuando el perfil se cumplimente en su totalidad y se mantenga actualizado.<\/p>\n<p>[\/et_pb_accordion_item][et_pb_accordion_item title=\u00bb\u00bfQu\u00e9 requisitos hay para inscribirte?\u00bb _builder_version=\u00bb4.5.2&#8243; open_use_icon_font_size=\u00bboff\u00bb open=\u00bboff\u00bb]<\/p>\n<p>No hay requisitos, \u00fanicamente el estar interesado o interesada en buscar empleo y tener edad legal de trabajar, por lo que si est\u00e1s en desempleo o quieres mejorar tu situaci\u00f3n laboral actual, puedes inscribirte. La agencia est\u00e1 obligada a prestar servicio a cualquier persona con independencia de su residencia y garantizando los principios de igualdad y no discriminaci\u00f3n en el acceso a un puesto de trabajo.<\/p>\n<p>[\/et_pb_accordion_item][et_pb_accordion_item title=\u00bb\u00bfPuedes inscribirte en varias Agencias de colocaci\u00f3n?\u00bb _builder_version=\u00bb4.5.2&#8243; open_use_icon_font_size=\u00bboff\u00bb open=\u00bboff\u00bb]<\/p>\n<p>Por supuesto que s\u00ed, de ese modo, se ampl\u00eda la red de contactos y se ampl\u00edan las oportunidades de encontrar un empleo adaptado a su perfil profesional.<\/p>\n<p>[\/et_pb_accordion_item][et_pb_accordion_item title=\u00bb\u00bfC\u00f3mo puedes saber qu\u00e9 Agencias funcionan en tu comunidad Aut\u00f3noma?\u00bb _builder_version=\u00bb4.5.2&#8243; open_use_icon_font_size=\u00bboff\u00bb open=\u00bboff\u00bb]<\/p>\n<p>Actualmente est\u00e1 habilitada una <a href=\"https:\/\/www.sistemanacionalempleo.es\/AgenciasColocacion_WEB\/consultarAgenciasColocacion.do%20?origen=listado\" target=\"_blank\" rel=\"noopener noreferrer\">direcci\u00f3n web del SEPE<\/a> para comprobarlo..<\/p>\n<p><em>Recomendamos comprobar que la Agencia aparece en la lista antes de darte de alta para evitar fraudes y enga\u00f1os ligados a la recogida de datos para usos fraudulentos.<\/em><br \/><em>Es posible que en la comunidad aut\u00f3noma puedan aparecer Agencias que tienen su sede en otras ciudades o comunidades aut\u00f3nomas, esto es as\u00ed porque algunas se ofrecen a trabajar en todo el \u00e1mbito nacional.<\/em><\/p>\n<p>[\/et_pb_accordion_item][et_pb_accordion_item title=\u00bb\u00bfA qu\u00e9 est\u00e1n obligadas las Agencias de colocaci\u00f3n?\u00bb _builder_version=\u00bb4.9.4&#8243; open_use_icon_font_size=\u00bboff\u00bb open=\u00bboff\u00bb]<\/p>\n<p>Est\u00e1n en todo caso obligadas a:<\/p>\n<ul>\n<li>Garantizar a las personas trabajadoras la gratuidad por la prestaci\u00f3n de servicios, tanto de intermediaci\u00f3n laboral como de otras actuaciones relacionadas con la b\u00fasqueda de empleo.<\/li>\n<li>Garantizar, en su \u00e1mbito de actuaci\u00f3n, los principios de igualdad y no discriminaci\u00f3n en el acceso al empleo.<\/li>\n<li>Garantizar el respeto a la intimidad y dignidad de las personas trabajadoras en el tratamiento de sus datos.<\/li>\n<li>Cumplir con las normas sobre accesibilidad universal de las personas con discapacidad.<\/li>\n<\/ul>\n<p>[\/et_pb_accordion_item][\/et_pb_accordion][et_pb_button button_url=\u00bbhttps:\/\/soib.es\/es\/actuar-com-a-agencia-de-collocacio\/\u00bb url_new_window=\u00bbon\u00bb button_text=\u00bb\u00bfQuer\u00e9is actuar como Agencia de colocaci\u00f3n?\u00bb _builder_version=\u00bb4.9.4&#8243; _module_preset=\u00bbdefault\u00bb custom_button=\u00bbon\u00bb button_text_size=\u00bb16px\u00bb button_text_color=\u00bb#cb023e\u00bb button_bg_color=\u00bb#FFFFFF\u00bb locked=\u00bboff\u00bb][\/et_pb_button][\/et_pb_column][\/et_pb_row][\/et_pb_section]<\/p>\n","protected":false},"excerpt":{"rendered":"<p>Agencias de colocaci\u00f3nUna Agencia de colocaci\u00f3n es una entidad de intermediaci\u00f3n laboral que trabaja de manera coordinada con el Servicio P\u00fablico de Empleo correspondiente, con el doble objetivo de ayudar a las personas desempleadas a encontrar trabajo y facilitar que las empresas encuentren a las personas trabajadoras id\u00f3neas.La Agencia desarrolla una intermediaci\u00f3n laboral gratuita para [&hellip;]<\/p>\n","protected":false},"author":1,"featured_media":0,"parent":0,"menu_order":0,"comment_status":"closed","ping_status":"closed","template":"","meta":{"_et_pb_use_builder":"on","_et_pb_old_content":"","_et_gb_content_width":"","footnotes":"","_links_to":"","_links_to_target":""},"class_list":["post-2939","page","type-page","status-publish","hentry"],"publishpress_future_action":{"enabled":false,"date":"2026-04-22 10:54:41","action":"change-status","newStatus":"draft","terms":[],"taxonomy":"translation_priority","extraData":[]},"publishpress_future_workflow_manual_trigger":{"enabledWorkflows":[]},"_links":{"self":[{"href":"https:\/\/soib.es\/es\/wp-json\/wp\/v2\/pages\/2939","targetHints":{"allow":["GET"]}}],"collection":[{"href":"https:\/\/soib.es\/es\/wp-json\/wp\/v2\/pages"}],"about":[{"href":"https:\/\/soib.es\/es\/wp-json\/wp\/v2\/types\/page"}],"author":[{"embeddable":true,"href":"https:\/\/soib.es\/es\/wp-json\/wp\/v2\/users\/1"}],"replies":[{"embeddable":true,"href":"https:\/\/soib.es\/es\/wp-json\/wp\/v2\/comments?post=2939"}],"version-history":[{"count":0,"href":"https:\/\/soib.es\/es\/wp-json\/wp\/v2\/pages\/2939\/revisions"}],"wp:attachment":[{"href":"https:\/\/soib.es\/es\/wp-json\/wp\/v2\/media?parent=2939"}],"curies":[{"name":"wp","href":"https:\/\/api.w.org\/{rel}","templated":true}]}}