{"id":292,"date":"2017-11-10T09:14:20","date_gmt":"2017-11-10T08:14:20","guid":{"rendered":"https:\/\/soib.es\/blog\/"},"modified":"2018-02-09T09:00:58","modified_gmt":"2018-02-09T08:00:58","slug":"blog","status":"publish","type":"page","link":"https:\/\/soib.es\/es\/blog\/","title":{"rendered":"Blog"},"content":{"rendered":"<p>[et_pb_section fb_built=\u00bb1&#8243; background_color=\u00bb#f7f7f7&#8243; _builder_version=\u00bb3.0.99&#8243; custom_padding=\u00bb25px|0px|25px|0px\u00bb][et_pb_row _builder_version=\u00bb3.0.99&#8243;][et_pb_column type=\u00bb4_4&#8243; _builder_version=\u00bb3.0.99&#8243; parallax=\u00bboff\u00bb parallax_method=\u00bbon\u00bb][et_pb_text _builder_version=\u00bb3.0.99&#8243;]<\/p>\n<h1><strong>Destacados<\/strong><\/h1>\n<p>[\/et_pb_text][\/et_pb_column][\/et_pb_row][\/et_pb_section][et_pb_section fb_built=\u00bb1&#8243; _builder_version=\u00bb3.0.99&#8243; custom_padding=\u00bb25px|0px|54px|0px\u00bb][et_pb_row _builder_version=\u00bb3.0.99&#8243;][et_pb_column type=\u00bb4_4&#8243; _builder_version=\u00bb3.0.99&#8243; parallax=\u00bboff\u00bb parallax_method=\u00bbon\u00bb][et_pb_blog posts_number=\u00bb100&#8243; include_categories=\u00bb182,183,190,185,178,186&#8243; show_author=\u00bboff\u00bb show_pagination=\u00bboff\u00bb _builder_version=\u00bb3.0.99&#8243; fullwidth=\u00bboff\u00bb][\/et_pb_blog][\/et_pb_column][\/et_pb_row][\/et_pb_section][et_pb_section fb_built=\u00bb1&#8243; background_color=\u00bb#df1f4f\u00bb disabled_on=\u00bbon|on|off\u00bb _builder_version=\u00bb3.0.82&#8243; custom_padding=\u00bb54px|0px|0px|0px\u00bb][et_pb_row custom_padding=\u00bb0px|0px|27px|0px\u00bb custom_css_main_2=\u00bbmargin-left: -20%;\u00bb custom_css_main_3=\u00bbmargin-left: 32px;\u00bb custom_css_main_4=\u00bbmargin-left: 100px;\u00bb _builder_version=\u00bb3.0.82&#8243;][et_pb_column type=\u00bb1_4&#8243; _builder_version=\u00bb3.0.82&#8243; parallax=\u00bboff\u00bb parallax_method=\u00bbon\u00bb][et_pb_blurb url=\u00bbhttps:\/\/twitter.com\/soibinfo?lang=es\u00bb use_icon=\u00bbon\u00bb font_icon=\u00bb%%292%%\u00bb icon_color=\u00bb#df1f4f\u00bb use_circle=\u00bbon\u00bb icon_placement=\u00bbleft\u00bb use_icon_font_size=\u00bbon\u00bb _builder_version=\u00bb3.0.82&#8243; animation=\u00bboff\u00bb][\/et_pb_blurb][\/et_pb_column][et_pb_column type=\u00bb1_4&#8243; _builder_version=\u00bb3.0.82&#8243; parallax=\u00bboff\u00bb parallax_method=\u00bbon\u00bb custom_css_main=\u00bbmargin-left: -20%;\u00bb][et_pb_blurb url=\u00bbhttps:\/\/www.facebook.com\/SOIBINFO\/\u00bb use_icon=\u00bbon\u00bb font_icon=\u00bb%%291%%\u00bb icon_color=\u00bb#df1f4f\u00bb use_circle=\u00bbon\u00bb icon_placement=\u00bbleft\u00bb _builder_version=\u00bb3.0.82&#8243; animation=\u00bboff\u00bb][\/et_pb_blurb][\/et_pb_column][et_pb_column type=\u00bb1_4&#8243; _builder_version=\u00bb3.0.82&#8243; parallax=\u00bboff\u00bb parallax_method=\u00bbon\u00bb custom_css_main=\u00bbmargin-left: 32px;\u00bb][et_pb_image src=\u00bbhttps:\/\/soib.es\/wp-content\/uploads\/2017\/10\/ue3.gif\u00bb _builder_version=\u00bb3.0.82&#8243; module_alignment=\u00bbleft\u00bb][\/et_pb_image][\/et_pb_column][et_pb_column type=\u00bb1_4&#8243; _builder_version=\u00bb3.0.82&#8243; parallax=\u00bboff\u00bb parallax_method=\u00bbon\u00bb custom_css_main=\u00bbmargin-left: 100px;\u00bb][et_pb_text _builder_version=\u00bb3.0.82&#8243; custom_css_main_element=\u00bbwidth: 150%;\u00bb]<\/p>\n<p style=\"color: #fff; text-align: right;\">Servicio de Ocupaci\u00f3n de las Islas Baleares (SOIB):<\/p>\n<p style=\"color: #fff; text-align: right;\">Cam\u00ed vell de Bunyola, 43, 1\u00ba &#8211; Edificio rotonda Asima<\/p>\n<p style=\"color: #fff; text-align: right;\">Pol\u00edgono de son Castell\u00f3 &#8211; 07009 Palma<\/p>\n<p style=\"color: #fff; text-align: right;\">Tel\u00e9fono <a style=\"color: #fff;\" href=\"tel:+34971784991\">971784991<\/a> &#8211; Fax 971784942<\/p>\n<p>[\/et_pb_text][\/et_pb_column][\/et_pb_row][\/et_pb_section][et_pb_section fb_built=\u00bb1&#8243; background_color=\u00bb#df1f4f\u00bb disabled_on=\u00bbon|off|on\u00bb _builder_version=\u00bb3.0.82&#8243; custom_padding=\u00bb20px|0px|0px|0px\u00bb][et_pb_row custom_padding=\u00bb0px|0px|27px|0px\u00bb custom_css_main_2=\u00bbmargin-left: -225px;\u00bb custom_css_main_3=\u00bbmargin-left: 32px;\u00bb custom_css_main_4=\u00bbmargin-left: 100px;\u00bb _builder_version=\u00bb3.0.82&#8243;][et_pb_column type=\u00bb4_4&#8243; _builder_version=\u00bb3.0.82&#8243; parallax=\u00bboff\u00bb parallax_method=\u00bbon\u00bb][et_pb_text _builder_version=\u00bb3.0.82&#8243; custom_css_main_element=\u00bbwidth: 150%;\u00bb]<\/p>\n<p style=\"color: #fff;\">Servicio de Ocupaci\u00f3n de las Islas Baleares (SOIB):<\/p>\n<p style=\"color: #fff;\">Cam\u00ed vell de Bunyola, 43, 1\u00ba &#8211; Edificio rotonda Asima<\/p>\n<p style=\"color: #fff;\">Pol\u00edgono de son Castell\u00f3 &#8211; 07009 Palma<\/p>\n<p style=\"color: #fff;\">Tel\u00e9fono <a style=\"color: #fff;\" href=\"tel:+34971784991\">971784991<\/a> &#8211; Fax 971784942<\/p>\n<p>[\/et_pb_text][et_pb_image src=\u00bbhttps:\/\/soib.es\/wp-content\/uploads\/2017\/10\/ue3.gif\u00bb _builder_version=\u00bb3.0.82&#8243; max_width=\u00bb50%\u00bb module_alignment=\u00bbcenter\u00bb][\/et_pb_image][et_pb_blurb url=\u00bbhttps:\/\/twitter.com\/soibinfo?lang=es\u00bb use_icon=\u00bbon\u00bb font_icon=\u00bb%%292%%\u00bb icon_color=\u00bb#df1f4f\u00bb use_circle=\u00bbon\u00bb icon_placement=\u00bbleft\u00bb use_icon_font_size=\u00bbon\u00bb _builder_version=\u00bb3.0.82&#8243; animation=\u00bboff\u00bb custom_css_main_element=\u00bbfloat: right;\u00bb][\/et_pb_blurb][et_pb_blurb url=\u00bbhttps:\/\/www.facebook.com\/SOIBINFO\/\u00bb use_icon=\u00bbon\u00bb font_icon=\u00bb%%291%%\u00bb icon_color=\u00bb#df1f4f\u00bb use_circle=\u00bbon\u00bb icon_placement=\u00bbleft\u00bb _builder_version=\u00bb3.0.82&#8243; animation=\u00bboff\u00bb][\/et_pb_blurb][\/et_pb_column][\/et_pb_row][\/et_pb_section][et_pb_section fb_built=\u00bb1&#8243; background_color=\u00bb#df1f4f\u00bb disabled_on=\u00bboff|on|on\u00bb _builder_version=\u00bb3.0.82&#8243;][et_pb_row custom_padding=\u00bb15px|0px|0px|0px\u00bb _builder_version=\u00bb3.0.82&#8243;][et_pb_column type=\u00bb4_4&#8243; _builder_version=\u00bb3.0.82&#8243; parallax=\u00bboff\u00bb parallax_method=\u00bbon\u00bb][et_pb_text _builder_version=\u00bb3.0.82&#8243;]<\/p>\n<p style=\"color: #fff;\">Servicio de Ocupaci\u00f3n de las Islas Baleares (SOIB):<\/p>\n<p style=\"color: #fff;\">Cam\u00ed Vell de Bunyola, 43, 1\u00aa &#8211; edificio rotonda Asima<\/p>\n<p style=\"color: #fff;\">Pol\u00edgono de son Castell\u00f3 &#8211; 07009 Palma<\/p>\n<p style=\"color: #fff;\">Tel\u00e9fono 971784991 &#8211; Fax 971784942<\/p>\n<p>[\/et_pb_text][\/et_pb_column][\/et_pb_row][et_pb_row custom_padding=\u00bb15px|0px|0px|0px\u00bb _builder_version=\u00bb3.0.82&#8243;][et_pb_column type=\u00bb4_4&#8243; _builder_version=\u00bb3.0.82&#8243; parallax=\u00bboff\u00bb parallax_method=\u00bbon\u00bb][et_pb_image src=\u00bbhttps:\/\/soib.es\/wp-content\/uploads\/2017\/10\/ue3.gif\u00bb _builder_version=\u00bb3.0.82&#8243; max_width=\u00bb50%\u00bb][\/et_pb_image][\/et_pb_column][\/et_pb_row][et_pb_row custom_padding=\u00bb0px|0px|0px|0px\u00bb _builder_version=\u00bb3.0.82&#8243;][et_pb_column type=\u00bb4_4&#8243; _builder_version=\u00bb3.0.82&#8243; parallax=\u00bboff\u00bb parallax_method=\u00bbon\u00bb][et_pb_blurb url=\u00bbhttps:\/\/www.facebook.com\/SOIBINFO\/\u00bb use_icon=\u00bbon\u00bb font_icon=\u00bb%%291%%\u00bb icon_color=\u00bb#df1f4f\u00bb use_circle=\u00bbon\u00bb icon_placement=\u00bbleft\u00bb _builder_version=\u00bb3.0.82&#8243; animation=\u00bboff\u00bb][\/et_pb_blurb][et_pb_blurb url=\u00bbhttps:\/\/twitter.com\/soibinfo?lang=es\u00bb use_icon=\u00bbon\u00bb font_icon=\u00bb%%292%%\u00bb icon_color=\u00bb#df1f4f\u00bb use_circle=\u00bbon\u00bb icon_placement=\u00bbleft\u00bb _builder_version=\u00bb3.0.82&#8243; animation=\u00bboff\u00bb][\/et_pb_blurb][\/et_pb_column][\/et_pb_row][\/et_pb_section]<\/p>\n","protected":false},"excerpt":{"rendered":"<p>Destacados Servicio de Ocupaci\u00f3n de las Islas Baleares (SOIB): Cam\u00ed vell de Bunyola, 43, 1\u00ba &#8211; Edificio rotonda Asima Pol\u00edgono de son Castell\u00f3 &#8211; 07009 Palma Tel\u00e9fono 971784991 &#8211; Fax 971784942Servicio de Ocupaci\u00f3n de las Islas Baleares (SOIB): Cam\u00ed vell de Bunyola, 43, 1\u00ba &#8211; Edificio rotonda Asima Pol\u00edgono de son Castell\u00f3 &#8211; 07009 Palma [&hellip;]<\/p>\n","protected":false},"author":1,"featured_media":0,"parent":0,"menu_order":0,"comment_status":"closed","ping_status":"closed","template":"","meta":{"_et_pb_use_builder":"on","_et_pb_old_content":"","_et_gb_content_width":"","footnotes":"","_links_to":"","_links_to_target":""},"class_list":["post-292","page","type-page","status-publish","hentry"],"publishpress_future_action":{"enabled":false,"date":"2026-04-30 17:46:12","action":"change-status","newStatus":"draft","terms":[],"taxonomy":"translation_priority","extraData":[]},"publishpress_future_workflow_manual_trigger":{"enabledWorkflows":[]},"_links":{"self":[{"href":"https:\/\/soib.es\/es\/wp-json\/wp\/v2\/pages\/292","targetHints":{"allow":["GET"]}}],"collection":[{"href":"https:\/\/soib.es\/es\/wp-json\/wp\/v2\/pages"}],"about":[{"href":"https:\/\/soib.es\/es\/wp-json\/wp\/v2\/types\/page"}],"author":[{"embeddable":true,"href":"https:\/\/soib.es\/es\/wp-json\/wp\/v2\/users\/1"}],"replies":[{"embeddable":true,"href":"https:\/\/soib.es\/es\/wp-json\/wp\/v2\/comments?post=292"}],"version-history":[{"count":0,"href":"https:\/\/soib.es\/es\/wp-json\/wp\/v2\/pages\/292\/revisions"}],"wp:attachment":[{"href":"https:\/\/soib.es\/es\/wp-json\/wp\/v2\/media?parent=292"}],"curies":[{"name":"wp","href":"https:\/\/api.w.org\/{rel}","templated":true}]}}