{"id":26918,"date":"2021-02-10T14:53:10","date_gmt":"2021-02-10T13:53:10","guid":{"rendered":"https:\/\/soib.es\/registre-i-inscripcio-dentitats-i-centres\/"},"modified":"2023-05-18T12:07:23","modified_gmt":"2023-05-18T10:07:23","slug":"registre-i-inscripcio-dentitats-i-centres","status":"publish","type":"page","link":"https:\/\/soib.es\/es\/registre-i-inscripcio-dentitats-i-centres\/","title":{"rendered":"Registro e inscripci\u00f3n de entidades y centros"},"content":{"rendered":"<p>[et_pb_section fb_built=\u00bb1&#8243; _builder_version=\u00bb4.9.4&#8243; background_color=\u00bb#f7f7f7&#8243; custom_padding=\u00bb25px|0px|25px|0px\u00bb][et_pb_row _builder_version=\u00bb4.9.4&#8243;][et_pb_column type=\u00bb4_4&#8243; _builder_version=\u00bb3.25&#8243; custom_padding=\u00bb|||\u00bb custom_padding__hover=\u00bb|||\u00bb][et_pb_text _builder_version=\u00bb4.9.4&#8243;]<\/p>\n<h1><strong>Registro e inscripci\u00f3n de entidades y centros<br \/>\n<\/strong><\/h1>\n<p>[\/et_pb_text][\/et_pb_column][\/et_pb_row][\/et_pb_section][et_pb_section fb_built=\u00bb1&#8243; _builder_version=\u00bb3.22&#8243; custom_padding=\u00bb20px|0px|54px|0px\u00bb][et_pb_row _builder_version=\u00bb3.25&#8243;][et_pb_column type=\u00bb4_4&#8243; _builder_version=\u00bb3.25&#8243; custom_padding=\u00bb|||\u00bb custom_padding__hover=\u00bb|||\u00bb][et_pb_accordion db_initial_state=\u00bball_closed\u00bb closed_toggle_text_color=\u00bb#CB023E\u00bb icon_color=\u00bb#CB023E\u00bb _builder_version=\u00bb4.9.4&#8243; _module_preset=\u00bbdefault\u00bb toggle_font=\u00bb|700|||||||\u00bb closed_toggle_font=\u00bb|600|||||||\u00bb hover_enabled=\u00bb0&#8243; sticky_enabled=\u00bb0&#8243;][et_pb_accordion_item title=\u00bb\u00bfQu\u00e9 son los Registros de entidades de formaci\u00f3n?\u00bb open=\u00bbon\u00bb _builder_version=\u00bb4.9.4&#8243; _module_preset=\u00bbdefault\u00bb open_use_icon_font_size=\u00bboff\u00bb]<\/p>\n<p>La legislaci\u00f3n actual en materia de formaci\u00f3n profesional prev\u00e9 la existencia de dos registros de entidades de formaci\u00f3n:<\/p>\n<ul>\n<li>Un registro para las entidades acreditadas que pueden impartir formaci\u00f3n conducente a la obtenci\u00f3n de certificados de profesionalidad<\/li>\n<li>Un registre para las entidades inscritas que pueden impartir especialidades formatives no conducentes a certificados de profesionalidad<\/li>\n<\/ul>\n<p>No obstante, mientras no se aprueben las normas reglamentarias de desarrollo y las aplicaciones inform\u00e1ticas para cada registro, las entidades de formaci\u00f3n se\u00a0 mantienen en un \u00fanico Registro.<\/p>\n<p>Si quer\u00e9is consultar las entidades acreditadas y las inscritas en modalidad presencial en las Illes Balears, las encontrar\u00e9is en la p\u00e1gina web del SOIB: <a href=\"https:\/\/intranet.caib.es\/accforfront\/principal.xhtml?seleccion=aplicacions45\" target=\"_blank\" rel=\"noopener\"><span style=\"color: #cb023e;\">acceso al <strong>Registro de entidades<\/strong> de formaci\u00f3n acreditadas o inscritas de las <strong>Illes Balears en la modalidad presencial <\/strong><\/span><\/a><\/p>\n<p>Si quer\u00e9is consultar las entidades acreditadas e inscritas en modalidad de teleformaci\u00f3, las encontrar\u00e9is en el Registro Estatal de Entidades de Formaci\u00f3n del Servicio P\u00fablico de Empleo Estatal (SEPE): <a href=\"https:\/\/sede.sepe.gob.es\/especialidadesformativas\/RXBuscadorEFRED\/EntradaBuscadorCentros.do\" target=\"_blank\" rel=\"noopener\"><span style=\"color: #cb023e;\">acceso al <strong>Registro estatal de entidades <\/strong>de formaci\u00f3n acreditadas o inscritas <strong>en modalidad presencial y modalidad de teleformaci\u00f3n<\/strong><\/span><\/a><\/p>\n<p>[\/et_pb_accordion_item][et_pb_accordion_item title=\u00bb\u00bfQu\u00e9 entidades pueden impartir formaci\u00f3n para el empleo?\u00bb _builder_version=\u00bb4.9.4&#8243; _module_preset=\u00bbdefault\u00bb hover_enabled=\u00bb0&#8243; open_use_icon_font_size=\u00bboff\u00bb open=\u00bboff\u00bb sticky_enabled=\u00bb0&#8243;]a) Cualquier entidad, p\u00fablica o privada, que re\u00fana los requisitos que establece la normativa de aplicaci\u00f3n.<\/p>\n<p>b) Los centros p\u00fablicos de formaci\u00f3n declarados centros propios:<\/p>\n<ul>\n<li>Los centros de referencia nacional ubicados en las Illes Balears<\/li>\n<li>Los centros integrados de formaci\u00f3n profesional p\u00fablicos<\/li>\n<li>Los centros p\u00fablicos del sistema educativo que ofrecen formaci\u00f3n profesional<\/li>\n<li>Los centros p\u00fablicos de formaci\u00f3n de adultos<\/li>\n<li>Otros centros de titularidad p\u00fablica que se hayan declarado como centros propios<\/li>\n<\/ul>\n<a href='https:\/\/intranet.caib.es\/accforfront\/principal.xhtml?seleccion=aplicacions45' class='small-button smallsilver' target=\"_blank\"><span style=\"color: #cb023e;\">Entidades de formaci\u00f3n acreditadas o inscritas de las Illes Balears en la modalidad presencial<\/span><\/a>\n<p><a href='https:\/\/sede.sepe.gob.es\/especialidadesformativas\/RXBuscadorEFRED\/EntradaBuscadorCentros.do' class='small-button smallsilver' target=\"_blank\"><span style=\"color: #cb023e;\">Registro estatal de entidades de formaci\u00f3n acreditadas o inscritas en modalidad presencial y modalidad de teleformaci\u00f3n<\/span><\/a>[\/et_pb_accordion_item][et_pb_accordion_item title=\u00bb\u00bfQu\u00e9 formaci\u00f3n profesional pueden impartir las entidades?\u00bb _builder_version=\u00bb4.9.4&#8243; _module_preset=\u00bbdefault\u00bb open_use_icon_font_size=\u00bboff\u00bb open=\u00bboff\u00bb]<\/p>\n<ul>\n<li>Especialidades <strong>conducentes a la obtenci\u00f3n de certificados de profesionalidad<\/strong>. Un certificado de profesionalidad es un documento que en las Illes Balears expide la administraci\u00f3n laboral (el SOIB) y que acredita, de forma oficial y con validez todo el Estado, que una persona es competente en una cualificaci\u00f3n profesional. Los certificados de profesionalidad se establecen por real decreto y est\u00e1n vinculados al Cat\u00e1logo Nacional de Cualificaciones Professionales. Los certificados de profesionalidad se pueden obtener por la v\u00eda de la experiencia laboral o por la v\u00eda de la formaci\u00f3n.<\/li>\n<li>Especialidades formativas <strong>NO conducentes a la obtenci\u00f3n de certificados de profesionalidad<\/strong>, que son de diversa tipolog\u00eda: de reciclaje, de perfeccionamento, de actualizaci\u00f3n, de car\u00e1cter transversal (idiomas, TIC, etc.) o bien dirigidas a determinados colectivos.<\/li>\n<\/ul>\n<p><a href=\"https:\/\/apps.caib.es\/accforfront\/principal.xhtml?seleccion=aplicacions41\" target=\"_blank\" rel=\"noopener\"><span style=\"color: #cb023e;\">Acceso al Cat\u00e1logo<\/span><\/a>.<\/p>\n<p>Tambi\u00e9n pod\u00e9is revisar, de forma separada, las especialidades conducentes a certificados de profesionalidad en la <span style=\"color: #cb023e;\"><a style=\"color: #cb023e;\" href=\"https:\/\/todofp.es\/buscadorcertificados\/buscador\" target=\"_blank\" rel=\"noopener\">p\u00e1gina web TodoFP<\/a><\/span>.<\/p>\n<p>[\/et_pb_accordion_item][et_pb_accordion_item title=\u00bbProcedimiento de acreditaci\u00f3n e inscripci\u00f3n en el Registro\u00bb _builder_version=\u00bb4.9.4&#8243; _module_preset=\u00bbdefault\u00bb open_use_icon_font_size=\u00bboff\u00bb open=\u00bboff\u00bb]<\/p>\n<p>Para poder inscribirse en el Registro de entidades de formaci\u00f3n, se tienen que tramitar los procedimientos de acreditaci\u00f3n o inscripci\u00f3n, en funci\u00f3n del tipo de formaci\u00f3n para el empleo que se quiera impartir:<\/p>\n<ul>\n<li><strong>Acreditaci\u00f3n<\/strong> para poder impartir especialidades formativas conducentes a la obtenci\u00f3n de certificados de profesionalidad<\/li>\n<li><strong>Inscripci\u00f3n<\/strong> para poder impartir especialidades formativas NO conducentes a la obtenci\u00f3n de certificados de profesionalidad<\/li>\n<\/ul>\n<p>&nbsp;<\/p>\n<ul>\n<li><span style=\"color: #cb023e;\"><a style=\"color: #cb023e;\" href=\"https:\/\/www.caib.es\/seucaib\/es\/tramites\/tramite\/2312146\" target=\"_blank\" rel=\"noopener\">Acceso al tr\u00e1mite de acreditaci\u00f3n en la <strong>modalidad presencial<\/strong><\/a><\/span>, donde tambi\u00e9n hay una gu\u00eda que sirve de ayuda durante el proceso.<\/li>\n<li><span style=\"color: #cb023e;\"><a style=\"color: #cb023e;\" href=\"https:\/\/www.caib.es\/seucaib\/es\/201\/empreses\/tramites\/tramite\/5313747\" target=\"_blank\" rel=\"noopener\">Acceso al tr\u00e1mite de inscripci\u00f3n en la <strong>modalidad presencial<\/strong><\/a><\/span>, donde tambi\u00e9n hay una gu\u00eda que sirve de ayuda durante el proceso.<\/li>\n<\/ul>\n<p>&nbsp;<\/p>\n<ul>\n<li><span style=\"color: #cb023e;\"><a style=\"color: #cb023e;\" href=\"https:\/\/soib.es\/teleformacio-entitats\/\" target=\"_blank\" rel=\"noopener\">Acceso a la informaci\u00f3n y los tr\u00e1mites de acreditaci\u00f3n o inscripci\u00f3n en la <strong>modalidad de teleformaci\u00f3n<\/strong><\/a><\/span>.<\/li>\n<\/ul>\n<p>&nbsp;<\/p>\n<p>En el caso de la formaci\u00f3n para el empleo en la <strong>modalidad de teleformaci\u00f3n<\/strong>, el procedimiento de acreditaci\u00f3n e inscripci\u00f3n, as\u00ed como las modificaciones, se tramitan desde la plataforma TELEFORMACI\u00d3N, en la sede electr\u00f3nica del SEPE. Pod\u00e9is consultar toda la informaci\u00f3n en la <a href=\"https:\/\/soib.es\/wp-content\/uploads\/2020\/07\/Gu%C3%ADa-Teleformaci%C3%B3n-castelllano-.pdf\" target=\"_blank\" rel=\"noopener\"><span style=\"color: #cb023e;\">Guia para la acreditaci\u00f3n e inscripci\u00f3n de entidades de formaci\u00f3n en modalidad de teleformaci\u00f3n<\/span><\/a>.<\/p>\n<p>Si ten\u00e9is alguna duda en cuanto al procedimiento de acreditaci\u00f3n o inscripci\u00f3n, pod\u00e9is enviar un correo a la direcci\u00f3n electr\u00f3nica <a href=\"mailto:certificatsdeprofessionalitat@soib.caib.es\"><span style=\"color: #cb023e;\">certificatsdeprofessionalitat@soib.caib.es<\/span><\/a><\/p>\n<p>[\/et_pb_accordion_item][\/et_pb_accordion][et_pb_toggle title=\u00bbNormativa y protocolos\u00bb open_toggle_text_color=\u00bb#575656&#8243; closed_toggle_text_color=\u00bb#CB023E\u00bb icon_color=\u00bb#CB023E\u00bb _builder_version=\u00bb4.9.4&#8243; _module_preset=\u00bbdefault\u00bb title_font=\u00bb|700|||||||\u00bb closed_title_font=\u00bb|600|||||||\u00bb]<\/p>\n<ol>\n<li><span style=\"color: #cb023e;\"><a style=\"color: #cb023e;\" href=\"https:\/\/www.boe.es\/buscar\/act.php?id=BOE-A-2015-9734\">Ley 30\/2015, de 9 de septiembre, por la cual se regula el Sistema de Formaci\u00f3n Profesional para el Empleo en el \u00e1mbito laboral.<\/a><\/span><\/li>\n<li><span style=\"color: #cb023e;\"><a style=\"color: #cb023e;\" href=\"https:\/\/www.boe.es\/buscar\/act.php?id=BOE-A-2017-7769\">Real Decreto 694\/2017, de 3 de julio, por el cual se despliega la Ley 30\/2015.<\/a><\/span><\/li>\n<li><span style=\"color: #cb023e;\"><a style=\"color: #cb023e;\" href=\"https:\/\/www.boe.es\/buscar\/act.php?id=BOE-A-2019-4716\">Orden TMS\/369\/2019, de 28 de marzo, por la cual se regulan el Registro Estatal de Entidades de Formaci\u00f3n del sistema de formaci\u00f3n profesional para el empleo, as\u00ed como los procesos comunes de acreditaci\u00f3n e inscripci\u00f3n de las entidades de formaci\u00f3n para impartir especialidades formativas incluidas en el Cat\u00e1logo de Especialidades Formativas.<\/a><\/span><\/li>\n<li><span style=\"color: #cb023e;\"><a style=\"color: #cb023e;\" href=\"https:\/\/www.boe.es\/buscar\/act.php?id=BOE-A-2008-1628\">Real Decreto 34\/2008, de 18 de enero, por el cual se regulan los certificados de profesionalidad.<\/a><\/span><\/li>\n<li><span style=\"color: #cb023e;\"><a style=\"color: #cb023e;\" href=\"https:\/\/www.boe.es\/buscar\/doc.php?id=BOE-A-2013-10861\">Orden ESS\/1897\/2013, de 10 de octubre, por la cual se despliegan el Real Decreto 34\/2008 y los reales decretos por los cuales se establecen certificados de profesionalidad.<\/a><\/span><\/li>\n<li><span style=\"color: #cb023e;\"><a href=\"https:\/\/soib.es\/wp-content\/uploads\/2023\/02\/protocol_acreditacions_gener_2023_signat.pdf\" target=\"_blank\" rel=\"noopener\"><span style=\"color: #cb023e;\">Resoluci\u00f3n de d\u00eda 26 de enero de 2023 de la directora del Servicio de Empleo de las Illes Balears por la cual se aprueba el Protocolo relativo a las acreditaciones e inscripciones en el Registro de entidades de formaci\u00f3n para poder impartir formaci\u00f3n vinculada al Cat\u00e1logo nacional de cualificaciones profesionales<\/span><\/a><\/span><\/li>\n<li><span style=\"color: #cb023e;\"><a href=\"https:\/\/soib.es\/wp-content\/uploads\/2023\/02\/protocol_inscripcions_gener_2023_signat.pdf\" target=\"_blank\" rel=\"noopener\"><span style=\"color: #cb023e;\">Resoluci\u00f3n de d\u00eda 26 de enero de 2023 de la directora del Servicio de Empleo de las Illes Balears por la cual se aprueba el Protocolo relativo a las inscripciones en el Registro Estatal de Entidades de Formaci\u00f3n (REEF) para poder impartir especialidades incluidas en el Cat\u00e1logo de especialidades formativas en el marco del sistema de formaci\u00f3n profesional para el empleo en el \u00e1mbito laboral<\/span><\/a><\/span><\/li>\n<\/ol>\n<p>[\/et_pb_toggle][\/et_pb_column][\/et_pb_row][\/et_pb_section][et_pb_section fb_built=\u00bb1&#8243; disabled_on=\u00bbon|off|on\u00bb _builder_version=\u00bb3.22&#8243; background_color=\u00bb#df1f4f\u00bb custom_padding=\u00bb20px|0px|0px|0px\u00bb][et_pb_row _builder_version=\u00bb3.25&#8243; custom_padding=\u00bb0px|0px|27px|0px\u00bb][et_pb_column type=\u00bb4_4&#8243; _builder_version=\u00bb3.25&#8243; custom_padding=\u00bb|||\u00bb custom_padding__hover=\u00bb|||\u00bb][et_pb_text _builder_version=\u00bb4.9.4&#8243; custom_css_main_element=\u00bbwidth: 150%;\u00bb]<\/p>\n<p style=\"color: #fff\">Servei d&#8217;Ocupaci\u00f3 de les Illes Balears (SOIB):<\/p>\n<p style=\"color: #fff\">Cam\u00ed vell de Bunyola, 43, 1\u00ba &#8211; Edifici rotonda Asima<\/p>\n<p style=\"color: #fff\">Pol\u00edgon de son Castell\u00f3 &#8211; 07009 Palma<\/p>\n<p style=\"color: #fff\">Tel\u00e8fon <a style=\"color: #fff;\" href=\"tel:+34971784991\">971784991<\/a> &#8211; Fax 971784942<\/p>\n<p>[\/et_pb_text][et_pb_image src=\u00bbhttps:\/\/soib.es\/wp-content\/uploads\/2018\/04\/ue3.gif\u00bb align_tablet=\u00bbcenter\u00bb align_phone=\u00bb\u00bb align_last_edited=\u00bbon|desktop\u00bb _builder_version=\u00bb3.23&#8243; max_width=\u00bb50%\u00bb module_alignment=\u00bbcenter\u00bb][\/et_pb_image][et_pb_blurb url=\u00bbhttps:\/\/twitter.com\/soibinfo?lang=es\u00bb use_icon=\u00bbon\u00bb font_icon=\u00bb%%292%%\u00bb icon_color=\u00bb#df1f4f\u00bb use_circle=\u00bbon\u00bb icon_placement=\u00bbleft\u00bb use_icon_font_size=\u00bbon\u00bb _builder_version=\u00bb3.0.82&#8243; animation=\u00bboff\u00bb custom_css_main_element=\u00bbfloat: right;\u00bb][\/et_pb_blurb][et_pb_blurb url=\u00bbhttps:\/\/www.facebook.com\/SOIBINFO\/\u00bb use_icon=\u00bbon\u00bb font_icon=\u00bb%%291%%\u00bb icon_color=\u00bb#df1f4f\u00bb use_circle=\u00bbon\u00bb icon_placement=\u00bbleft\u00bb _builder_version=\u00bb3.0.82&#8243; animation=\u00bboff\u00bb][\/et_pb_blurb][\/et_pb_column][\/et_pb_row][\/et_pb_section][et_pb_section fb_built=\u00bb1&#8243; disabled_on=\u00bboff|on|on\u00bb _builder_version=\u00bb3.22&#8243; background_color=\u00bb#df1f4f\u00bb][et_pb_row _builder_version=\u00bb3.25&#8243; custom_padding=\u00bb15px|0px|0px|0px\u00bb][et_pb_column type=\u00bb4_4&#8243; _builder_version=\u00bb3.25&#8243; custom_padding=\u00bb|||\u00bb custom_padding__hover=\u00bb|||\u00bb][et_pb_text _builder_version=\u00bb4.9.4&#8243;]<\/p>\n<p style=\"color: #fff;\">Servei d&#8217;Ocupaci\u00f3 de les Illes Balears (SOIB):<\/p>\n<p style=\"color: #fff;\">Cam\u00ed Vell de Bunyola, 43, 1\u00aa &#8211; edifici rotonda Asima<\/p>\n<p style=\"color: #fff;\">Pol\u00edgon de son Castell\u00f3 &#8211; 07009 Palma<\/p>\n<p style=\"color: #fff;\">Tel\u00e8fon 971784991 &#8211; Fax 971784942<\/p>\n<p>[\/et_pb_text][\/et_pb_column][\/et_pb_row][et_pb_row _builder_version=\u00bb3.25&#8243; custom_padding=\u00bb15px|0px|0px|0px\u00bb][et_pb_column type=\u00bb4_4&#8243; _builder_version=\u00bb3.25&#8243; custom_padding=\u00bb|||\u00bb custom_padding__hover=\u00bb|||\u00bb][et_pb_image src=\u00bbhttps:\/\/soib.es\/wp-content\/uploads\/2018\/04\/ue3.gif\u00bb align_tablet=\u00bbcenter\u00bb align_phone=\u00bb\u00bb align_last_edited=\u00bbon|desktop\u00bb _builder_version=\u00bb3.23&#8243; max_width=\u00bb50%\u00bb][\/et_pb_image][\/et_pb_column][\/et_pb_row][et_pb_row _builder_version=\u00bb3.25&#8243; custom_padding=\u00bb0px|0px|0px|0px\u00bb][et_pb_column type=\u00bb4_4&#8243; _builder_version=\u00bb3.25&#8243; custom_padding=\u00bb|||\u00bb custom_padding__hover=\u00bb|||\u00bb][et_pb_blurb url=\u00bbhttps:\/\/www.facebook.com\/SOIBINFO\/\u00bb use_icon=\u00bbon\u00bb font_icon=\u00bb%%291%%\u00bb icon_color=\u00bb#df1f4f\u00bb use_circle=\u00bbon\u00bb icon_placement=\u00bbleft\u00bb _builder_version=\u00bb3.0.82&#8243; animation=\u00bboff\u00bb][\/et_pb_blurb][et_pb_blurb url=\u00bbhttps:\/\/twitter.com\/soibinfo?lang=es\u00bb use_icon=\u00bbon\u00bb font_icon=\u00bb%%292%%\u00bb icon_color=\u00bb#df1f4f\u00bb use_circle=\u00bbon\u00bb icon_placement=\u00bbleft\u00bb _builder_version=\u00bb3.0.82&#8243; animation=\u00bboff\u00bb][\/et_pb_blurb][\/et_pb_column][\/et_pb_row][\/et_pb_section]<\/p>\n","protected":false},"excerpt":{"rendered":"<p>Registro e inscripci\u00f3n de entidades y centros La legislaci\u00f3n actual en materia de formaci\u00f3n profesional prev\u00e9 la existencia de dos registros de entidades de formaci\u00f3n: Un registro para las entidades acreditadas que pueden impartir formaci\u00f3n conducente a la obtenci\u00f3n de certificados de profesionalidad Un registre para las entidades inscritas que pueden impartir especialidades formatives no [&hellip;]<\/p>\n","protected":false},"author":13,"featured_media":0,"parent":0,"menu_order":0,"comment_status":"closed","ping_status":"closed","template":"","meta":{"_et_pb_use_builder":"on","_et_pb_old_content":"","_et_gb_content_width":"","footnotes":"","_links_to":"","_links_to_target":""},"class_list":["post-26918","page","type-page","status-publish","hentry"],"publishpress_future_action":{"enabled":false,"date":"2026-04-30 10:52:28","action":"change-status","newStatus":"draft","terms":[],"taxonomy":"translation_priority","extraData":[]},"publishpress_future_workflow_manual_trigger":{"enabledWorkflows":[]},"_links":{"self":[{"href":"https:\/\/soib.es\/es\/wp-json\/wp\/v2\/pages\/26918","targetHints":{"allow":["GET"]}}],"collection":[{"href":"https:\/\/soib.es\/es\/wp-json\/wp\/v2\/pages"}],"about":[{"href":"https:\/\/soib.es\/es\/wp-json\/wp\/v2\/types\/page"}],"author":[{"embeddable":true,"href":"https:\/\/soib.es\/es\/wp-json\/wp\/v2\/users\/13"}],"replies":[{"embeddable":true,"href":"https:\/\/soib.es\/es\/wp-json\/wp\/v2\/comments?post=26918"}],"version-history":[{"count":0,"href":"https:\/\/soib.es\/es\/wp-json\/wp\/v2\/pages\/26918\/revisions"}],"wp:attachment":[{"href":"https:\/\/soib.es\/es\/wp-json\/wp\/v2\/media?parent=26918"}],"curies":[{"name":"wp","href":"https:\/\/api.w.org\/{rel}","templated":true}]}}