{"id":2660,"date":"2018-01-25T10:02:21","date_gmt":"2018-01-25T09:02:21","guid":{"rendered":"https:\/\/soib.es\/renovacion-de-la-demanda-de-empleo-darde\/"},"modified":"2025-05-09T10:20:32","modified_gmt":"2025-05-09T08:20:32","slug":"renovacion-de-la-demanda-de-empleo-darde","status":"publish","type":"page","link":"https:\/\/soib.es\/es\/renovacion-de-la-demanda-de-empleo-darde\/","title":{"rendered":"Renovaci\u00f3n de la demanda de empleo (DARDE)"},"content":{"rendered":"<p>[et_pb_section fb_built=\u00bb1&#8243; _builder_version=\u00bb4.16&#8243; background_color=\u00bb#f7f7f7&#8243; custom_padding=\u00bb25px|0px|25px|0px\u00bb global_colors_info=\u00bb{}\u00bb][et_pb_row _builder_version=\u00bb4.16&#8243; global_colors_info=\u00bb{}\u00bb][et_pb_column type=\u00bb4_4&#8243; _builder_version=\u00bb4.16&#8243; custom_padding=\u00bb|||\u00bb global_colors_info=\u00bb{}\u00bb custom_padding__hover=\u00bb|||\u00bb][et_pb_text _builder_version=\u00bb4.23.1&#8243; global_colors_info=\u00bb{}\u00bb]<\/p>\n<h1><strong>Renovaci\u00f3n de la demanda de empleo (DARDE)<\/strong><\/h1>\n<p>[\/et_pb_text][\/et_pb_column][\/et_pb_row][\/et_pb_section][et_pb_section fb_built=\u00bb1&#8243; _builder_version=\u00bb4.16&#8243; custom_padding=\u00bb25px|0px|54px|0px\u00bb global_colors_info=\u00bb{}\u00bb][et_pb_row _builder_version=\u00bb4.16&#8243; global_colors_info=\u00bb{}\u00bb][et_pb_column type=\u00bb4_4&#8243; _builder_version=\u00bb4.16&#8243; custom_padding=\u00bb|||\u00bb global_colors_info=\u00bb{}\u00bb custom_padding__hover=\u00bb|||\u00bb][et_pb_text _builder_version=\u00bb4.23.1&#8243; global_colors_info=\u00bb{}\u00bb]<\/p>\n<p>Para mantener activa tu demanda de empleo, debes <span style=\"color: #cb023e;\"><a style=\"color: #cb023e;\" href=\"https:\/\/soib.es\/es\/com-renovar-la-teva-demanda-docupacio\/\" target=\"_blank\" rel=\"noopener\"><strong>renovar la tarjeta de demanda<\/strong><\/a><\/span> en las fechas establecidas en el documento de alta y renovaci\u00f3n de la demanda de empleo (denominado DARDE), sobre todo si percibes prestaci\u00f3n\/subsidio.<\/p>\n<p>Debes tener tus datos de contacto actualizados (tel\u00e9fono m\u00f3vil, correo electr\u00f3nico y domicilio) para recibir las notificaciones. Puedes consultar el estado de tu demanda de empleo en los <strong><a href=\"https:\/\/www.sistemanacionalempleo.es\/CartaServiciosCiudadanoWEB\/jspFR\/principalFR.jsp?CA=04\" target=\"_blank\" rel=\"noopener noreferrer\"><span style=\"color: #cb023e;\">tr\u00e1mites en l\u00ednea<\/span><\/a><\/strong> de la web SOIB o a trav\u00e9s de la <strong>app m\u00f3vil del SOIB<\/strong>. Puedes acceder a tu demanda a trav\u00e9s de los tr\u00e1mites en l\u00ednea con certificado digital o usuario y contrase\u00f1a <strong>(*)<\/strong>; para acceder a tu demanda a trav\u00e9s de la app, deber\u00e1s tener usuario y contrase\u00f1a<strong> (*).<\/strong><\/p>\n<p><span lang=\"ca-ES\">\u00bfTienes una incidencia? \u00bfNecesitas ayuda? Contacta con el 971225791 o 012, o bien por correo electr\u00f3nico con la <strong><a href=\"https:\/\/soib.es\/es\/red-de-oficinas\/\" target=\"_blank\" rel=\"noopener\">red de oficinas<\/a><\/strong>.<\/span><\/p>\n<p>[\/et_pb_text][et_pb_accordion open_toggle_text_color=\u00bb#878786&#8243; closed_toggle_text_color=\u00bb#cb023e\u00bb icon_color=\u00bb#e01f4e\u00bb _builder_version=\u00bb4.27.4&#8243; toggle_font=\u00bb|700|||||||\u00bb toggle_font_size=\u00bb18&#8243; hover_enabled=\u00bb0&#8243; db_closeable=\u00bbon\u00bb db_initial_state=\u00bball_closed\u00bb global_colors_info=\u00bb{}\u00bb sticky_enabled=\u00bb0&#8243;][et_pb_accordion_item title=\u00bb\u00bfC\u00f3mo se hace?\u00bb open=\u00bbon\u00bb _builder_version=\u00bb4.23.1&#8243; global_colors_info=\u00bb{}\u00bb]<\/p>\n<ul>\n<li><a href=\"https:\/\/soib.es\/\" target=\"_blank\" rel=\"noopener\"><strong>P\u00e0gina web del SOIB<\/strong><\/a>\n<ul>\n<li>Acceso directo <a href=\"https:\/\/soib.es\/es\/com-renovar-la-teva-demanda-docupacio\/\" target=\"_blank\" rel=\"noopener\"><strong>Renueva o consulta la demanda<\/strong><\/a> desde la secci\u00f3n EN UN CLIC. Debes <span class=\"JsGRdQ\">introducir el DNI\/NIE y la fecha de nacimiento.<\/span><\/li>\n<li><a href=\"https:\/\/www.sistemanacionalempleo.es\/CartaServiciosCiudadanoWEB\/jspFR\/principalFR.jsp?CA=04\" target=\"_blank\" rel=\"noopener noreferrer\"><strong>Tr\u00e1mites en l\u00ednea<\/strong><\/a>. Debes identificarte con usuario y contrase\u00f1a.<br \/>Si no tienes usuario y contrase\u00f1a, puedes obtener estos en los mismos <a href=\"https:\/\/www.sistemanacionalempleo.es\/CartaServiciosCiudadanoWEB\/jspFR\/principalFR.jsp?CA=04\" target=\"_blank\" rel=\"noopener noreferrer\"><strong>tr\u00e0mites en l\u00ednea<\/strong><\/a>. Antes debes asegurarte de que tienes actualizado el n\u00famero de tel\u00e9fono m\u00f3vil en la base de datos del SOIB. Si no es as\u00ed, tendr\u00e1s que notificar el cambio de n\u00famero de tel\u00e9fono m\u00f3vil <a href=\"https:\/\/soib.es\/es\/red-de-oficinas\/\" target=\"_blank\" rel=\"noopener\"><span style=\"color: #cb023e;\">en cualquiera de las oficinas del SOIB<\/span><\/a>.<\/li>\n<\/ul>\n<\/li>\n<\/ul>\n<p>&nbsp;<\/p>\n<ul>\n<li><a href=\"https:\/\/soib.es\/es\/nova-app-el-soib-a-la-ma\/\" target=\"_blank\" rel=\"noopener\"><strong>App del SOIB<\/strong><\/a>. Debes identificarte con usuario y contrase\u00f1a.<\/li>\n<\/ul>\n<p>&nbsp;<\/p>\n<ul>\n<li><strong>Renovaci\u00f3n por tel\u00e9fono<\/strong><\/li>\n<\/ul>\n<p>Debes llamar al 012 (coste seg\u00fan tarifa vigente) o al 971 225 791. Si llamas desde un tel\u00e9fono m\u00f3vil recibir\u00e1s un SMS de confirmaci\u00f3n.<br \/>Servicio autom\u00e1tico 24 horas. Horario de atenci\u00f3n de teleoperador\/a de lunes a viernes de 8 h a 20 h y s\u00e1bado de 9.00 a 14.00 h.<\/p>\n<p>[\/et_pb_accordion_item][et_pb_accordion_item title=\u00bb\u00bfCu\u00e1ndo se da de baja la demanda de empleo?\u00bb _builder_version=\u00bb4.23.1&#8243; global_colors_info=\u00bb{}\u00bb open=\u00bboff\u00bb]<\/p>\n<p>Cuando tu demanda de empleo est\u00e1 en situaci\u00f3n de Baja, dejas de ser demandante de los servicios que ofrece el SOIB, es decir, no puedes acceder a las ofertas de trabajo ni al resto de servicios del SOIB.<\/p>\n<p>La baja de la demanda se puede producir porque tu lo solicitas o bien de oficio por una de las siguientes causas:<\/p>\n<ul>\n<li>Por no haber renovado en la fecha indicada en la tarjeta de demanda<\/li>\n<li>Por colocaci\u00f3n, cuando se registra un contrato al iniciar una relaci\u00f3n laboral<\/li>\n<li>Porque te has dado de alta en la Seguridad Social en el R\u00e9gimen especial de trabajadores aut\u00f3nomos<\/li>\n<li>Por no presentar documentaci\u00f3n ligada a la condici\u00f3n de persona extranjera no comunitaria<\/li>\n<li>Porque ha finalizado la vigencia del permiso de residencia y\/o trabajo si eres persona extranjera no comunitaria<\/li>\n<li>Por resoluci\u00f3n administrativa<\/li>\n<li>Por sentencia judicial<\/li>\n<\/ul>\n<p>[\/et_pb_accordion_item][et_pb_accordion_item title=\u00bb\u00bfQu\u00e9 puedes hacer si no has renovado la demanda?\u00bb _builder_version=\u00bb4.27.4&#8243; hover_enabled=\u00bb0&#8243; global_colors_info=\u00bb{}\u00bb open=\u00bboff\u00bb sticky_enabled=\u00bb0&#8243;]<\/p>\n<p><strong>Si dispones de una justificaci\u00f3n de la no renovaci\u00f3n de la demanda<\/strong>, debes ponerte en contacto con cualquier oficina SOIB en un plazo de <strong>15 d\u00edas h\u00e1biles* <\/strong>para iniciar el expediente de recuperaci\u00f3n de tu demanda.<\/p>\n<p><em><strong>(*)<\/strong> Los 15 d\u00edas h\u00e1biles no cuentan los s\u00e1bados, domingos ni festivos. Deben empezar a contarse a partir de la fecha en que acaba la causa justificada (por ejemplo, si es por enfermedad, los 15 d\u00edas h\u00e1biles empiezan a contar desde el d\u00eda de alta m\u00e9dica).<\/em><\/p>\n<a href='https:\/\/soib.es\/xarxa-oficines\/' class='small-button smallsilver' target=\"_blank\"><span style=\"color: #cb023e;\">Pulsa para acceder al contacto con las oficinas SOIB<\/span><\/a>\n<p>Las causas que justifican la recuperaci\u00f3n de la demanda son:<br \/>\u2022 Maternidad, paternidad, adopci\u00f3n o acogimiento, enfermedad o accidente de la persona titular de la demanda<br \/>\u2022 Matrimonio de la persona titular de la demanda<br \/>\u2022 Fallecimiento, accidente o enfermedad grave, hospitalizaci\u00f3n o intervenci\u00f3n quir\u00fargica sin hospitalizaci\u00f3n que precise reposo domiciliario del c\u00f3nyuge o parientes hasta segundo grado de afinidad o consanguinidad<br \/>\u2022 Traslado del domicilio habitual<br \/>\u2022 Cumplimiento de un deber inexcusable de car\u00e1cter p\u00fablico, personal y otras causas justificables<br \/>\u2022 Realizaci\u00f3n de acciones de pol\u00edticas activas promovidas por los Servicios P\u00fablicos de Empleo<br \/>\u2022 Realizaci\u00f3n de ex\u00e1menes para la obtenci\u00f3n de t\u00edtulo acad\u00e9mico profesional o laboral, ejercicios de oposiciones, convocatoria p\u00fablica de empleo, carn\u00e9 de conducir, permiso de residencia y\/o trabajo, pruebas de selecci\u00f3n para la obtenci\u00f3n de empleo, etc.<br \/>\u2022 Causas de fuerza mayor notorias que imposibiliten la renovaci\u00f3n de la demanda<br \/>\u2022 Participaci\u00f3n y\/o asistencia a programas de desintoxicaci\u00f3n o rehabilitaci\u00f3n<br \/>\u2022 Cuando en la renovaci\u00f3n de la demanda se produzcan errores materiales o inform\u00e1ticos<\/p>\n<p><strong>Si no dispones de justificaci\u00f3n de la no renovaci\u00f3n de la demanda<\/strong>, debes volver a inscribirte. Este tr\u00e1mite se puede hacer de tres maneras:<\/p>\n<ol>\n<li>Por <strong>Internet<\/strong>: a trav\u00e9s del <strong>nuevo sistema<\/strong> de <a href=\"https:\/\/soib.es\/es\/reactivacio-alta-demanda\/\" target=\"_blank\" rel=\"noopener\"><strong>reactivaci\u00f3n del alta de demanda<\/strong><\/a> de la web www.soib.es, con un sencillo tr\u00e1mite de verificaci\u00f3n de tu identidad.<\/li>\n<li>Por <strong>Internet<\/strong>: a trav\u00e9s de <a href=\"https:\/\/www.sistemanacionalempleo.es\/CartaServiciosCiudadanoWEB\/jspFR\/principalFR.jsp?CA=04\" target=\"_blank\" rel=\"noopener\"><span style=\"color: #cb023e;\"><strong>tr\u00e1mites en l\u00ednea<\/strong><\/span><\/a> de la web o la <a href=\"https:\/\/soib.es\/es\/nova-app-el-soib-a-la-ma\/\" target=\"_blank\" rel=\"noopener\"><span style=\"color: #cb023e;\"><strong>app SOIB<\/strong><\/span><\/a>, te puedes inscribir y actualizar tus datos personales y profesionales, si fuera necesario. Para ello necesitas usuario y contrase\u00f1a; en <span style=\"color: #cb023e;\"><a style=\"color: #cb023e;\" href=\"https:\/\/youtu.be\/KKNlePNWfq8\"><strong>este tutorial<\/strong><\/a><\/span> te explicamos c\u00f3mo obtenerlos.<\/li>\n<li><a href=\"https:\/\/soib.es\/es\/red-de-oficinas\/\" target=\"_blank\" rel=\"noopener\"><span style=\"color: #cb023e;\"><strong>En el punto de informaci\u00f3n de cualquiera de las oficinas del SOIB<\/strong><\/span><\/a><\/li>\n<\/ol>\n<p>[\/et_pb_accordion_item][et_pb_accordion_item title=\u00bbSuspensi\u00f3n de la demanda (cuando no hace falta renovar)\u00bb _builder_version=\u00bb4.23.1&#8243; global_colors_info=\u00bb{}\u00bb open=\u00bboff\u00bb]<\/p>\n<p>Cuando tu demanda est\u00e1 en situaci\u00f3n de <strong>suspensi\u00f3n<\/strong>, se considera asimilada a la situaci\u00f3n de alta y se mantiene vigente sin necesidad de renovarla hasta la fecha de fin de suspensi\u00f3n (en el DARDE figura que la demanda est\u00e1 exenta de renovar hasta esa fecha). Entonces, la demanda se reactiva autom\u00e1ticamente.<\/p>\n<p>Hay <strong>situaciones en que puedes solicitar al SOIB la suspensi\u00f3n de tu demanda<\/strong>, para no tener que renovarla. Las m\u00e1s habituales son:<\/p>\n<ul>\n<li>Situaciones de incapacidad m\u00e9dica temporal y maternidad \/ paternidad o acogimiento<\/li>\n<li>Salidas al extranjero<\/li>\n<li>Salidas a territorio nacional con una duraci\u00f3n m\u00e1xima de 30 d\u00edas (si la estancia es superior a 30 d\u00edas deben realizar el traslado de la demanda a la Comunidad Aut\u00f3noma en la que se encuentren)<\/li>\n<li>ERE (Expediente de regulaci\u00f3n de empleo) \/ ERTE (Expediente de regulaci\u00f3n temporal de empleo)<\/li>\n<li>Asistencia a cursos de formaci\u00f3n<\/li>\n<\/ul>\n<p>IMPORTANTE: cuando acabe el curso, la baja m\u00e9dica, etc. y se reactive tu demanda de empleo, comprueba la nueva fecha de renovaci\u00f3n.<\/p>\n<p>Ten en cuenta que, cuando pides la suspensi\u00f3n de la demanda de empleo, por defecto el sistema la hace <em><strong>sin intermediaci\u00f3n<\/strong><\/em>; esto quiere decir que no quieres recibir ofertas de trabajo mientras dure la suspensi\u00f3n. Si quieres recibir ofertas de trabajo durante este per\u00edodo, debes pedir expresamente que la suspensi\u00f3n sea <strong><em>con intermediaci\u00f3n<\/em><\/strong>.<\/p>\n<p>[\/et_pb_accordion_item][\/et_pb_accordion][et_pb_text _builder_version=\u00bb4.23.1&#8243; global_colors_info=\u00bb{}\u00bb]<\/p>\n<div class=\"et_pb_module et_pb_text et_pb_text_4  et_pb_text_align_left et_pb_bg_layout_light\">\n<div class=\"et_pb_text_inner\">\n<p><strong>(*) \u00bfC\u00f3mo obtener usuario y contrase\u00f1a?<\/strong><\/p>\n<ol>\n<li>Accede a los tr\u00e1mites en l\u00ednea<\/li>\n<li>Introduce tu n\u00famero de DNI\/NIE y los caracteres de verificaci\u00f3n y pulsa <em>Enviar<\/em><\/li>\n<li>En <em>Servicios gen\u00e9ricos<\/em>, entra en <em>Gesti\u00f3n de usuarios<\/em> y pulsa <em>Alta de nuevo usuario<\/em><\/li>\n<li>Introduce tu n\u00famero de DNI\/NIE y el nombre de usuario que quieres y pulsa <em>Enviar<\/em><\/li>\n<li>Recibir\u00e1s un SMS o correo electr\u00f3nico con las indicaciones para finalizar el proceso de alta de nuevo usuario.<\/li>\n<\/ol>\n<p><span lang=\"ca-ES\">Te mostramos los pasos en <a href=\"https:\/\/youtu.be\/KKNlePNWfq8\" target=\"_blank\" rel=\"noopener\"><strong><span style=\"color: #cb023e;\">este tutorial<\/span><\/strong><\/a>. <\/span><span lang=\"ca-ES\">\u00bfTienes una incidencia? \u00bfNecesitas ayuda? Contacta con el 971225791 o 012, o bien por correo electr\u00f3nico con la <strong><a href=\"https:\/\/soib.es\/es\/red-de-oficinas\/\" target=\"_blank\" rel=\"noopener\">red de oficinas<\/a><\/strong>.<\/span><\/p>\n<\/div>\n<\/div>\n<p>[\/et_pb_text][\/et_pb_column][\/et_pb_row][\/et_pb_section]<\/p>\n","protected":false},"excerpt":{"rendered":"<p>Renovaci\u00f3n de la demanda de empleo (DARDE)Para mantener activa tu demanda de empleo, debes renovar la tarjeta de demanda en las fechas establecidas en el documento de alta y renovaci\u00f3n de la demanda de empleo (denominado DARDE), sobre todo si percibes prestaci\u00f3n\/subsidio. Debes tener tus datos de contacto actualizados (tel\u00e9fono m\u00f3vil, correo electr\u00f3nico y domicilio) [&hellip;]<\/p>\n","protected":false},"author":1,"featured_media":0,"parent":0,"menu_order":0,"comment_status":"closed","ping_status":"closed","template":"","meta":{"_et_pb_use_builder":"on","_et_pb_old_content":"","_et_gb_content_width":"","footnotes":"","_links_to":"","_links_to_target":""},"class_list":["post-2660","page","type-page","status-publish","hentry"],"publishpress_future_action":{"enabled":false,"date":"2026-04-30 17:25:57","action":"change-status","newStatus":"draft","terms":[],"taxonomy":"translation_priority","extraData":[]},"publishpress_future_workflow_manual_trigger":{"enabledWorkflows":[]},"_links":{"self":[{"href":"https:\/\/soib.es\/es\/wp-json\/wp\/v2\/pages\/2660","targetHints":{"allow":["GET"]}}],"collection":[{"href":"https:\/\/soib.es\/es\/wp-json\/wp\/v2\/pages"}],"about":[{"href":"https:\/\/soib.es\/es\/wp-json\/wp\/v2\/types\/page"}],"author":[{"embeddable":true,"href":"https:\/\/soib.es\/es\/wp-json\/wp\/v2\/users\/1"}],"replies":[{"embeddable":true,"href":"https:\/\/soib.es\/es\/wp-json\/wp\/v2\/comments?post=2660"}],"version-history":[{"count":0,"href":"https:\/\/soib.es\/es\/wp-json\/wp\/v2\/pages\/2660\/revisions"}],"wp:attachment":[{"href":"https:\/\/soib.es\/es\/wp-json\/wp\/v2\/media?parent=2660"}],"curies":[{"name":"wp","href":"https:\/\/api.w.org\/{rel}","templated":true}]}}