{"id":2642,"date":"2018-01-24T15:48:38","date_gmt":"2018-01-24T14:48:38","guid":{"rendered":"https:\/\/soib.es\/inscripcion-como-demandante\/"},"modified":"2025-09-30T13:37:19","modified_gmt":"2025-09-30T11:37:19","slug":"inscripcion-como-demandante","status":"publish","type":"page","link":"https:\/\/soib.es\/es\/inscripcion-como-demandante\/","title":{"rendered":"Inscripci\u00f3n en el SOIB"},"content":{"rendered":"<p>[et_pb_section fb_built=\u00bb1&#8243; _builder_version=\u00bb4.16&#8243; background_color=\u00bb#f7f7f7&#8243; custom_padding=\u00bb25px|0px|25px|0px\u00bb global_colors_info=\u00bb{}\u00bb][et_pb_row _builder_version=\u00bb4.16&#8243; global_colors_info=\u00bb{}\u00bb][et_pb_column type=\u00bb4_4&#8243; _builder_version=\u00bb4.16&#8243; custom_padding=\u00bb|||\u00bb global_colors_info=\u00bb{}\u00bb custom_padding__hover=\u00bb|||\u00bb][et_pb_text _builder_version=\u00bb4.23.1&#8243; global_colors_info=\u00bb{}\u00bb]<\/p>\n<h1><strong>Inscripci\u00f3n en el SOIB<br \/><\/strong><\/h1>\n<p>[\/et_pb_text][et_pb_text disabled_on=\u00bboff|off|off\u00bb _builder_version=\u00bb4.27.4&#8243; custom_margin=\u00bb0px|0px|0px|0px|false|false\u00bb custom_padding=\u00bb10px|10px|10px|10px|false|false\u00bb hover_enabled=\u00bb0&#8243; border_width_all=\u00bb2px\u00bb border_color_all=\u00bb#cb023e\u00bb locked=\u00bboff\u00bb global_colors_info=\u00bb{}\u00bb sticky_enabled=\u00bb0&#8243;]<\/p>\n<h5 style=\"text-align: center;\"><strong>AVISO IMPORTANTE sobre la inscripci\u00f3n en el SOIB<\/strong><\/h5>\n<p>Una vez finalizada tu actividad laboral o contrato, incluidas las vacaciones, <strong>si env\u00edas la PREsolicitud de prestaci\u00f3n\/subsidio al SEPE desde el 13\/10\/2025 al 31\/01\/2026, autom\u00e1ticamente te inscribiremos en el SOIB y no es necesario que pidas cita<\/strong>.<\/p>\n<p><strong>EXCEPCIONES<\/strong>: si no te has inscrito nunca en el SOIB, o no has comunicado la renovaci\u00f3n del permiso de residencia\/trabajo, S\u00cd que tienes que pedir cita previa llamando al 012, al 971 22 57 91, o tambi\u00e9n en <span style=\"color: #cb023e;\"><a style=\"color: #cb023e;\" href=\"https:\/\/soib.es\/es\/demana-cita-previa\/\">www.soib.es<\/a><\/span>.<\/p>\n<p><a href='https:\/\/sede.sepe.gob.es\/SolicPrestIndividualWeb\/flows\/solicitud?execution=e1s1' class='small-button smallsilver' target=\"_blank\"><span style=\"color: #cb023e;\">Accede al formulario de PREsolicitud del SEPE<\/span><\/a> \u00a0En una semana recibir\u00e1s un SMS confirmando tu inscripci\u00f3n en el SOIB.<\/p>\n<a href='https:\/\/soib.es\/alta-automatitzada-soib-per-presolicitud-prestacio\/' class='small-button smallsilver'><span style=\"color: #cb023e;\">Pulsa aqu\u00ed para consultar toda la informaci\u00f3n del procedimiento<\/span><\/a>\n<p>[\/et_pb_text][et_pb_text disabled_on=\u00bbon|on|on\u00bb _builder_version=\u00bb4.27.4&#8243; custom_margin=\u00bb0px|0px|0px|0px|false|false\u00bb custom_padding=\u00bb10px|10px|10px|10px|false|false\u00bb border_width_all=\u00bb2px\u00bb border_color_all=\u00bb#cb023e\u00bb disabled=\u00bbon\u00bb global_colors_info=\u00bb{}\u00bb]<\/p>\n<p>El <strong>procedimiento de alta automatizada<\/strong> de la demanda de empleo por presolicitud de prestaci\u00f3n\/subsidio,<strong> ha estado vigente hasta el d\u00eda 31 de enero de 2025<\/strong>.<\/p>\n<p><strong>AVISO IMPORTANTE: a partir del 1 de febrero de 2025 la inscripci\u00f3n en el SOIB la debe hacer la persona interesada, seg\u00fan el procedimiento habitual.<\/strong> Te puedes inscribir a trav\u00e9s de:<br \/>\u2022 El <strong>nuevo sistema<\/strong> de <span style=\"color: #cb023e;\"><a style=\"color: #cb023e;\" href=\"https:\/\/soib.es\/es\/reactivacio-alta-demanda\/\" target=\"_blank\" rel=\"noopener\"><strong>reactivaci\u00f3n del alta de demanda<\/strong><\/a><\/span> de la web www.soib.es, con un sencillo tr\u00e1mite de verificaci\u00f3n de tu identidad.<br \/>\u2022 Los <span style=\"color: #cb023e;\"><strong><a style=\"color: #cb023e;\" href=\"https:\/\/www.sistemanacionalempleo.es\/CartaServiciosCiudadanoWEB\/jspFR\/principalFR.jsp?CA=04\" target=\"_blank\" rel=\"noopener\">tr\u00e1mites en l\u00ednea<\/a><\/strong><\/span> de la web www.soib.es (con certificado digital o usuario y contrase\u00f1a)<br \/>\u2022 La app SOIB (con usuario y contrase\u00f1a)<br \/>\u2022 La oficina del SOIB con cita previa. Puedes pedir cita en la <span style=\"color: #cb023e;\"><strong><a style=\"color: #cb023e;\" href=\"https:\/\/soib.es\/es\/demana-cita-previa\/\" target=\"_blank\" rel=\"noopener\">web<\/a><\/strong><\/span>, en la app o por tel\u00e9fono en el 012 \/ 971 225 791<\/p>\n<p>&nbsp;<\/p>\n<p>[\/et_pb_text][\/et_pb_column][\/et_pb_row][\/et_pb_section][et_pb_section fb_built=\u00bb1&#8243; _builder_version=\u00bb4.16&#8243; custom_padding=\u00bb25px|0px|54px|0px\u00bb global_colors_info=\u00bb{}\u00bb][et_pb_row _builder_version=\u00bb4.16&#8243; locked=\u00bboff\u00bb global_colors_info=\u00bb{}\u00bb][et_pb_column type=\u00bb4_4&#8243; _builder_version=\u00bb4.16&#8243; custom_padding=\u00bb|||\u00bb global_colors_info=\u00bb{}\u00bb custom_padding__hover=\u00bb|||\u00bb][et_pb_text _builder_version=\u00bb4.23.1&#8243; custom_margin=\u00bb5px|5px|5px|5px|false|false\u00bb global_colors_info=\u00bb{}\u00bb]<\/p>\n<p>La inscripci\u00f3n en el SOIB es el paso previo para acceder a nuestros servicios. Es gratuita y voluntaria. <strong>Si percibes prestaciones o subsidios es obligatoria<\/strong>.<\/p>\n<p>&nbsp;<\/p>\n<p>[\/et_pb_text][et_pb_text _builder_version=\u00bb4.23.1&#8243; custom_margin=\u00bb0px|0px|10px|0px|false|false\u00bb custom_padding=\u00bb10px|10px|10px|10px|false|false\u00bb border_width_all=\u00bb2px\u00bb border_color_all=\u00bb#cb023e\u00bb global_colors_info=\u00bb{}\u00bb]<\/p>\n<h5 style=\"text-align: center;\"><strong>Recuerda:<\/strong><\/h5>\n<p>&#8211; <strong>Siempre debes <span style=\"color: #cb023e;\"><a style=\"color: #cb023e;\" href=\"https:\/\/soib.es\/es\/com-renovar-la-teva-demanda-docupacio\/\" target=\"_blank\" rel=\"noopener\">renovar la demanda de empleo<\/a><\/span><\/strong> en las fechas que te toque. Es b\u00e1sico si percibes prestaci\u00f3n\/subsidio.<\/p>\n<p>&#8211; <strong>Debes tener tus datos de contacto actualizados (tel\u00e9fono m\u00f3vil, correo electr\u00f3nico y domicilio) para recibir nuestros avisos<\/strong>. Puedes consultar el estado de tu demanda de empleo en los <strong><a href=\"https:\/\/www.sistemanacionalempleo.es\/CartaServiciosCiudadanoWEB\/jspFR\/principalFR.jsp?CA=04\" target=\"_blank\" rel=\"noopener noreferrer\"><span style=\"color: #cb023e;\">tr\u00e1mites en l\u00ednea<\/span><\/a><\/strong> de la web SOIB o a trav\u00e9s de la <strong>app m\u00f3vil del SOIB<\/strong>. Puedes acceder a tu demanda a trav\u00e9s de los tr\u00e1mites en l\u00ednea con certificado digital o usuario y contrase\u00f1a <strong>(*)<\/strong>; para acceder a tu demanda a trav\u00e9s de la app, deber\u00e1s tener usuario y contrase\u00f1a <strong>(*).<\/strong><\/p>\n<p>\u00bfTienes una incidencia? \u00bfNecesitas ayuda? Contacta con el 971225791 o 012, o bien por correo electr\u00f3nico con la <span style=\"color: #cb023e;\"><strong><a style=\"color: #cb023e;\" href=\"https:\/\/soib.es\/es\/red-de-oficinas\/\" target=\"_blank\" rel=\"noopener\">red de oficinas<\/a><\/strong><\/span>.<\/p>\n<p>[\/et_pb_text][et_pb_accordion open_toggle_text_color=\u00bb#878786&#8243; closed_toggle_text_color=\u00bb#cb023e\u00bb icon_color=\u00bb#cb023e\u00bb _builder_version=\u00bb4.27.4&#8243; toggle_font=\u00bb|700|||||||\u00bb db_closeable=\u00bbon\u00bb db_initial_state=\u00bball_closed\u00bb global_colors_info=\u00bb{}\u00bb][et_pb_accordion_item title=\u00bb\u00bfQui\u00e9n puede inscribirse en el SOIB?\u00bb open=\u00bbon\u00bb _builder_version=\u00bb4.23.1&#8243; _module_preset=\u00bbdefault\u00bb global_colors_info=\u00bb{}\u00bb]<\/p>\n<p>Personas en situaci\u00f3n de desempleo o personas que tienen trabajo y quieren mejorarlo, compatibilizar la prestaci\u00f3n o inscribirse en alg\u00fan curso subvencionado por el SOIB.<br \/>Una vez que te inscribes en el SOIB, recibes el documento de alta y renovaci\u00f3n de la demanda (DARDE). Es importante que siempre recuerdes el d\u00eda que te toca renovar la demanda.<\/p>\n<p>[\/et_pb_accordion_item][et_pb_accordion_item title=\u00bbTipos de inscripci\u00f3n\u00bb _builder_version=\u00bb4.23.1&#8243; _module_preset=\u00bbdefault\u00bb global_colors_info=\u00bb{}\u00bb open=\u00bboff\u00bb]<\/p>\n<ul>\n<li><strong><em>Alta como demandante de empleo<\/em><\/strong>: es la inscripci\u00f3n adecuada si est\u00e1s en b\u00fasqueda activa de empleo, tanto si trabajas como si no, y te da acceso a todos los servicios del SOIB (intermediaci\u00f3n, formaci\u00f3n y orientaci\u00f3n laboral). Este tipo de inscripci\u00f3n es <strong>obligatoria para<\/strong> las personas desempleadas que quieran solicitar <strong>prestaciones\/subsidios<\/strong> del SEPE, <strong>becas<\/strong> o para obtener la <strong>exenci\u00f3n de tasas<\/strong> en determinados ex\u00e1menes.<\/li>\n<li><strong><em>Alta como demandante de servicios previos al empleo<\/em><\/strong>: da acceso a formaci\u00f3n y orientaci\u00f3n, pero no a ofertas de trabajo. El tiempo de inscripci\u00f3n no computa a efectos de situaci\u00f3n de desempleo. Las personas con permiso de residencia pero sin autorizaci\u00f3n para trabajar, deben utilizar este tipo de inscripci\u00f3n.<\/li>\n<li><strong><em>Alta como demandante de otros servicios<\/em><\/strong>: no da acceso a ning\u00fan servicio del SOIB, y no computa para obtener derechos derivados del periodo en situaci\u00f3n de desempleo. Se utiliza para determinados descuentos en autoescuelas, gimnasios, etc. Debe firmarse un documento de aceptaci\u00f3n de este tipo de inscripci\u00f3n.<\/li>\n<\/ul>\n<p>[\/et_pb_accordion_item][et_pb_accordion_item title=\u00bb\u00bfC\u00f3mo se hace la inscripci\u00f3n?\u00bb _builder_version=\u00bb4.27.4&#8243; global_colors_info=\u00bb{}\u00bb open=\u00bboff\u00bb]<\/p>\n<p>La <strong>primera inscripci\u00f3n<\/strong> puedes hacerla en <span style=\"color: #cb023e;\"><a style=\"color: #cb023e;\" href=\"https:\/\/soib.es\/es\/red-de-oficinas\/\" target=\"_blank\" rel=\"noopener\"><strong>cualquier oficina del SOIB<\/strong><\/a><\/span>. Te recomendamos pedir <strong>cita previa<\/strong> para evitar esperas; puedes hacerlo: en la <span style=\"color: #cb023e;\"><strong><a style=\"color: #cb023e;\" href=\"https:\/\/soib.es\/es\/red-de-oficinas\/\" target=\"_blank\" rel=\"noopener\">web<\/a><\/strong><\/span>, en la app m\u00f3vil del SOIB o en los tel\u00e9fonos 012 (coste seg\u00fan tarifa vigente) o 971 225 791.<br \/>Para inscribirte, <strong>es necesario<\/strong> aportar la documentaci\u00f3n identificativa original y en vigor: DNI\/NIE, pasaporte o permiso de conducir (para las personas con nacionalidad espa\u00f1ola).<\/p>\n<p><strong>Si NO es la primera vez que te inscribes en el SOIB<\/strong>, el alta como demandante la puedes hacer:<\/p>\n<ul>\n<li>En la web del SOIB, a trav\u00e9s del <strong>nuevo sistema<\/strong> de <span style=\"color: #cb023e;\"><a style=\"color: #cb023e;\" href=\"https:\/\/soib.es\/es\/reactivacio-alta-demanda\/\" target=\"_blank\" rel=\"noopener\"><strong>reactivaci\u00f3n del alta de demanda<\/strong><\/a><\/span>, con un sencillo tr\u00e1mite de verificaci\u00f3n de tu identidad.<\/li>\n<li>En la web del SOIB, a trav\u00e9s de los <a href=\"https:\/\/www.sistemanacionalempleo.es\/CartaServiciosCiudadanoWEB\/jspFR\/principalFR.jsp?CA=04\" target=\"_blank\" rel=\"noopener noreferrer\"><strong><span style=\"color: #cb023e;\">tr\u00e1mites en l\u00ednea<\/span><\/strong><\/a> (acceso con certificado digital o usuario y contrase\u00f1a*). Puedes darte de alta como demandante y actualizar tus datos personales y profesionales.<\/li>\n<li>A trav\u00e9s de la <strong>app m\u00f3vil del SOIB<\/strong> (acceso con usuario y contrase\u00f1a*) puedes darte de alta como demandante. En este caso, si necesitas actualizar tus datos personales y profesionales, debes hacerlo con cita previa o en los <a href=\"https:\/\/www.sistemanacionalempleo.es\/CartaServiciosCiudadanoWEB\/jspFR\/principalFR.jsp?CA=04\" target=\"_blank\" rel=\"noopener noreferrer\"><strong><span style=\"color: #cb023e;\">tr\u00e1mites en l\u00ednea<\/span><\/strong><\/a> de la web SOIB.<\/li>\n<li>Con cita previa: se puede solicitar en la <strong><a href=\"https:\/\/soib.es\/xarxa-oficines\/\" target=\"_blank\" rel=\"noopener\"><span style=\"color: #cb023e;\">web<\/span><\/a><\/strong>, en la app m\u00f3vil del SOIB o en los tel\u00e9fonos 012 (coste seg\u00fan tarifa vigente) o 971 225 791. Es necesario aportar la documentaci\u00f3n identificativa original en vigor.<\/li>\n<li>Presencialmente en <strong><a href=\"https:\/\/soib.es\/es\/red-de-oficinas\/\" target=\"_blank\" rel=\"noopener\"><span style=\"color: #cb023e;\">cualquier oficina del SOIB<\/span><\/a><\/strong>. Para evitar esperas, <a href='https:\/\/soib.es\/es\/demana-cita-previa\/' class='small-button smallsilver' target=\"_blank\"><span style=\"color: #cb023e;\">pide cita previa<\/span><\/a><\/li>\n<\/ul>\n<p>\u00a1<strong>Recuerda<\/strong> mantener actualizada tu informaci\u00f3n personal y profesional!<\/p>\n<p>\u00bfTienes una incidencia? \u00bfNecesitas ayuda? Contacta con el 971225791 o 012, o bien por correo electr\u00f3nico con la <span style=\"color: #cb023e;\"><strong><a style=\"color: #cb023e;\" href=\"https:\/\/soib.es\/es\/red-de-oficinas\/\" target=\"_blank\" rel=\"noopener\">red de oficinas<\/a><\/strong><\/span>.<\/p>\n<p>[\/et_pb_accordion_item][et_pb_accordion_item title=\u00bbInscripci\u00f3n de las personas extranjeras\u00bb _builder_version=\u00bb4.16&#8243; _module_preset=\u00bbdefault\u00bb global_colors_info=\u00bb{}\u00bb open=\u00bboff\u00bb]<\/p>\n<p><strong>Las personas extranjeras con nacionalidad comunitaria<\/strong> (Uni\u00f3n Europea) pueden inscribirse por un periodo de tres meses presentando el pasaporte o la tarjeta de identidad de extranjero (TIE) en vigor.<br \/>Pasados estos tres meses, es necesario presentar al SOIB el n\u00famero de identificaci\u00f3n de extranjero (NIE) para continuar inscritas.<\/p>\n<p><strong>Las personas extranjeras no comunitarias<\/strong> deben tener una autorizaci\u00f3n de residencia o residencia y trabajo para la inscripci\u00f3n, y la documentaci\u00f3n en vigor: n\u00famero de identificaci\u00f3n de extranjero (NIE) y un documento que les identifique (Tarjeta de Identificaci\u00f3n de Extranjero (TIE) o pasaporte en vigor).<br \/>Si la autorizaci\u00f3n administrativa ha caducado, debes presentar el documento de solicitud de renovaci\u00f3n, expedido entre 60 d\u00edas naturales antes de la expiraci\u00f3n y los 3 meses posteriores a la expiraci\u00f3n.<\/p>\n<p>[\/et_pb_accordion_item][\/et_pb_accordion][et_pb_text _builder_version=\u00bb4.23.1&#8243; custom_margin=\u00bb5px|5px|5px|5px|false|false\u00bb global_colors_info=\u00bb{}\u00bb]<\/p>\n<p><strong>(*) \u00bfC\u00f3mo obtener usuario y contrase\u00f1a?<\/strong><\/p>\n<ol>\n<li>Accede a los tr\u00e1mites en l\u00ednea<\/li>\n<li>Introduce tu n\u00famero de DNI\/NIE y los caracteres de verificaci\u00f3n y pulsa <em>Enviar<\/em><\/li>\n<li>En <em>Servicios gen\u00e9ricos<\/em>, entra en <em>Gesti\u00f3n de usuarios<\/em> y pulsa <em>Alta de nuevo usuario<\/em><\/li>\n<li>Introduce tu n\u00famero de DNI\/NIE y el nombre de usuario que quieres y pulsa <em>Enviar<\/em><\/li>\n<li>Recibir\u00e1s un SMS o correo electr\u00f3nico con las indicaciones para finalizar el proceso de alta de nuevo usuario.<\/li>\n<\/ol>\n<p><span lang=\"ca-ES\">Te mostramos los pasos en <a href=\"https:\/\/youtu.be\/KKNlePNWfq8\" target=\"_blank\" rel=\"noopener\"><strong><span style=\"color: #cb023e;\">este tutorial<\/span><\/strong><\/a>. <\/span>\u00bfTienes una incidencia? \u00bfNecesitas ayuda? Contacta con el 971225791 o 012, o bien por correo electr\u00f3nico con la <span style=\"color: #cb023e;\"><strong><a style=\"color: #cb023e;\" href=\"https:\/\/soib.es\/es\/red-de-oficinas\/\" target=\"_blank\" rel=\"noopener\">red de oficinas<\/a><\/strong><\/span>.<\/p>\n<p>[\/et_pb_text][\/et_pb_column][\/et_pb_row][\/et_pb_section]<\/p>\n","protected":false},"excerpt":{"rendered":"<p>Inscripci\u00f3n en el SOIBAVISO IMPORTANTE sobre la inscripci\u00f3n en el SOIB Una vez finalizada tu actividad laboral o contrato, incluidas las vacaciones, si env\u00edas la PREsolicitud de prestaci\u00f3n\/subsidio al SEPE desde el 13\/10\/2025 al 31\/01\/2026, autom\u00e1ticamente te inscribiremos en el SOIB y no es necesario que pidas cita. EXCEPCIONES: si no te has inscrito nunca [&hellip;]<\/p>\n","protected":false},"author":1,"featured_media":0,"parent":0,"menu_order":0,"comment_status":"closed","ping_status":"closed","template":"","meta":{"_et_pb_use_builder":"on","_et_pb_old_content":"","_et_gb_content_width":"","footnotes":"","_links_to":"","_links_to_target":""},"class_list":["post-2642","page","type-page","status-publish","hentry"],"publishpress_future_action":{"enabled":false,"date":"2026-04-29 12:14:39","action":"change-status","newStatus":"draft","terms":[],"taxonomy":"translation_priority","extraData":[]},"publishpress_future_workflow_manual_trigger":{"enabledWorkflows":[]},"_links":{"self":[{"href":"https:\/\/soib.es\/es\/wp-json\/wp\/v2\/pages\/2642","targetHints":{"allow":["GET"]}}],"collection":[{"href":"https:\/\/soib.es\/es\/wp-json\/wp\/v2\/pages"}],"about":[{"href":"https:\/\/soib.es\/es\/wp-json\/wp\/v2\/types\/page"}],"author":[{"embeddable":true,"href":"https:\/\/soib.es\/es\/wp-json\/wp\/v2\/users\/1"}],"replies":[{"embeddable":true,"href":"https:\/\/soib.es\/es\/wp-json\/wp\/v2\/comments?post=2642"}],"version-history":[{"count":0,"href":"https:\/\/soib.es\/es\/wp-json\/wp\/v2\/pages\/2642\/revisions"}],"wp:attachment":[{"href":"https:\/\/soib.es\/es\/wp-json\/wp\/v2\/media?parent=2642"}],"curies":[{"name":"wp","href":"https:\/\/api.w.org\/{rel}","templated":true}]}}