{"id":25851,"date":"2021-01-12T11:42:39","date_gmt":"2021-01-12T10:42:39","guid":{"rendered":"https:\/\/soib.es\/registre\/"},"modified":"2025-09-03T09:46:39","modified_gmt":"2025-09-03T07:46:39","slug":"registre","status":"publish","type":"page","link":"https:\/\/soib.es\/es\/registre\/","title":{"rendered":"Registro"},"content":{"rendered":"<p>[et_pb_section fb_built=\u00bb1&#8243; _builder_version=\u00bb4.16&#8243; background_color=\u00bb#f7f7f7&#8243; custom_padding=\u00bb25px|0px|25px|0px\u00bb locked=\u00bboff\u00bb global_colors_info=\u00bb{}\u00bb][et_pb_row _builder_version=\u00bb4.16&#8243; width=\u00bb87.8%\u00bb custom_padding=\u00bb|||0px||\u00bb global_colors_info=\u00bb{}\u00bb][et_pb_column type=\u00bb4_4&#8243; _builder_version=\u00bb4.16&#8243; _module_preset=\u00bbdefault\u00bb global_colors_info=\u00bb{}\u00bb][et_pb_text _builder_version=\u00bb4.16&#8243; custom_margin=\u00bb||||false|false\u00bb custom_padding=\u00bb|||0px||\u00bb global_colors_info=\u00bb{}\u00bb]<\/p>\n<h1><strong>Registro<\/strong><\/h1>\n<p>[\/et_pb_text][\/et_pb_column][\/et_pb_row][\/et_pb_section][et_pb_section fb_built=\u00bb1&#8243; _builder_version=\u00bb4.16&#8243; global_colors_info=\u00bb{}\u00bb][et_pb_row _builder_version=\u00bb4.16&#8243; background_size=\u00bbinitial\u00bb background_position=\u00bbtop_left\u00bb background_repeat=\u00bbrepeat\u00bb global_colors_info=\u00bb{}\u00bb][et_pb_column type=\u00bb4_4&#8243; _builder_version=\u00bb4.16&#8243; custom_padding=\u00bb|||\u00bb global_colors_info=\u00bb{}\u00bb custom_padding__hover=\u00bb|||\u00bb][et_pb_text _builder_version=\u00bb4.27.4&#8243; background_size=\u00bbinitial\u00bb background_position=\u00bbtop_left\u00bb background_repeat=\u00bbrepeat\u00bb hover_enabled=\u00bb0&#8243; global_colors_info=\u00bb{}\u00bb sticky_enabled=\u00bb0&#8243;]<\/p>\n<p>La Administraci\u00f3n de las Illes Balears dispone de una red de oficinas donde la ciudadan\u00eda puede presentar escritos, solicitudes, quejas o comunicaciones dirigidos a cualquier departamento de la Administraci\u00f3n de las Illes Balears, de la Administraci\u00f3n General del Estado o de cualquier \u00f3rgano de la Administraci\u00f3n local y auton\u00f3mica.<\/p>\n<p><\/p>\n<p><strong>Telem\u00e1ticamente:<\/strong><br \/>La v\u00eda preferente para presentar documentaci\u00f3n a la Administraci\u00f3n es mediante la <a href=\"https:\/\/www.caib.es\/seucaib\/es\/200\/persones\/\"><strong>Sede Electr\u00f3nica<\/strong><\/a> para los procedimientos con tr\u00e1mites telem\u00e1ticos o el <strong><a href=\"https:\/\/sede.administracion.gob.es\/PAG_Sede\/ServiciosElectronicos\/RegistroElectronicoGeneral.html\">Registro electr\u00f3nico com\u00fan<\/a><\/strong> para los procedimientos que no disponen de tr\u00e1mite telem\u00e1tico.<\/p>\n<p><\/p>\n<p><strong>Presencialmente:<\/strong><br \/>Si la presentaci\u00f3n telem\u00e1tica no es posible, y no tienes obligaci\u00f3n de relacionarte telem\u00e1ticamente con la Administraci\u00f3n, puedes acudir presencialmente a las siguientes oficinas de registro del SOIB:<\/p>\n<p><\/p>\n<ul>\n<li>SOIB Servicios Centrales.<br \/>Carrer Gremi d\u2019Hortolans, 11, planta 1\u00aa<br \/>Pol\u00edgon de Son Rossinyol<br \/>07009 Palma<\/li>\n<\/ul>\n<p><\/p>\n<ul>\n<li>SOIB Centre de Formaci\u00f3 Eivissa.<br \/><em>(oficinas trasladadas a Edificio CETIS)<\/em><br \/>Carrer de Can\u00e0ries, 35. 1r piso<br \/>07800 Eivissa<\/li>\n<\/ul>\n<p><\/p>\n<ul>\n<li>SOIB Centre de la Mar<br \/>Carrer Ruiz i Pablo, 13<br \/>07702 Ma\u00f3<\/li>\n<\/ul>\n<p><\/p>\n<p><strong>Horarios del registro<\/strong><br \/>De lunes a viernes de 09.00 h a 14.00 h.<br \/>Atenci\u00f3n preferente con cita previa.<\/p>\n<p><\/p>\n<p>Puedes solicitar cita previa en el enlace siguiente: <a href=\"https:\/\/ac.fundaciobit.org\/citaregistro\/reservar-cita;lang=es\" target=\"_blank\" rel=\"noopener\"><strong>cita pr\u00e8via<\/strong><\/a>.<\/p>\n<p><\/p>\n<p>Tambi\u00e9n puedes consultar la<strong><a href=\"https:\/\/www.caib.es\/sites\/atenciociutadania\/es\/pagina_dinici-21357\/\" target=\"_blank\" rel=\"noopener noreferrer\"> lista de todos los centros de la CAIB<\/a><\/strong> donde se puede registrar documentaci\u00f3n.<\/p>\n<p><\/p>\n<p><strong>Modelos de solicitud<\/strong><\/p>\n<p><\/p>\n<ul>\n<li>Modelo de solicitud dirigida a la Administraci\u00f3n de la Comunidad Aut\u00f3noma de las Illes Baleares sobre cualquier asunto, cuando no haya ning\u00fan procedimiento espec\u00edfico publicado en la Sede electr\u00f3nica. <strong><a href=\"https:\/\/www.caib.es\/seucaib\/es\/200\/persones\/tramites\/tramite\/4213695\" target=\"_blank\" rel=\"noopener\">Descarga el formulario rellenable e imprimible<\/a><\/strong>.<\/li>\n<li>Modelo general para presentar una queja o una sugerencia a la Administraci\u00f3n. <strong><a href=\"https:\/\/www.caib.es\/seucaib\/es\/200\/personas\/tramites\/servicio\/3665443\/\" target=\"_blank\" rel=\"noopener\">Descarga el formulario rellenable e imprimible<\/a><\/strong>.<\/li>\n<li>Modelo para solicitar informaci\u00f3n p\u00fablica (derecho de acceso). <a href=\"https:\/\/www.caib.es\/sites\/dretacces\/es\/inici\/\" target=\"_blank\" rel=\"noopener\"><strong>Informaci\u00f3n y descarga de formularios<\/strong>.<\/a><\/li>\n<\/ul>\n<p>[\/et_pb_text][\/et_pb_column][\/et_pb_row][\/et_pb_section]<\/p>\n","protected":false},"excerpt":{"rendered":"<p>RegistroLa Administraci\u00f3n de las Illes Balears dispone de una red de oficinas donde la ciudadan\u00eda puede presentar escritos, solicitudes, quejas o comunicaciones dirigidos a cualquier departamento de la Administraci\u00f3n de las Illes Balears, de la Administraci\u00f3n General del Estado o de cualquier \u00f3rgano de la Administraci\u00f3n local y auton\u00f3mica.Telem\u00e1ticamente:La v\u00eda preferente para presentar documentaci\u00f3n a [&hellip;]<\/p>\n","protected":false},"author":13,"featured_media":0,"parent":0,"menu_order":0,"comment_status":"closed","ping_status":"closed","template":"","meta":{"_et_pb_use_builder":"on","_et_pb_old_content":"","_et_gb_content_width":"","footnotes":"","_links_to":"","_links_to_target":""},"class_list":["post-25851","page","type-page","status-publish","hentry"],"publishpress_future_action":{"enabled":false,"date":"2026-05-01 04:12:14","action":"change-status","newStatus":"draft","terms":[],"taxonomy":"translation_priority","extraData":[]},"publishpress_future_workflow_manual_trigger":{"enabledWorkflows":[]},"_links":{"self":[{"href":"https:\/\/soib.es\/es\/wp-json\/wp\/v2\/pages\/25851","targetHints":{"allow":["GET"]}}],"collection":[{"href":"https:\/\/soib.es\/es\/wp-json\/wp\/v2\/pages"}],"about":[{"href":"https:\/\/soib.es\/es\/wp-json\/wp\/v2\/types\/page"}],"author":[{"embeddable":true,"href":"https:\/\/soib.es\/es\/wp-json\/wp\/v2\/users\/13"}],"replies":[{"embeddable":true,"href":"https:\/\/soib.es\/es\/wp-json\/wp\/v2\/comments?post=25851"}],"version-history":[{"count":0,"href":"https:\/\/soib.es\/es\/wp-json\/wp\/v2\/pages\/25851\/revisions"}],"wp:attachment":[{"href":"https:\/\/soib.es\/es\/wp-json\/wp\/v2\/media?parent=25851"}],"curies":[{"name":"wp","href":"https:\/\/api.w.org\/{rel}","templated":true}]}}