{"id":2419,"date":"2018-01-18T13:09:33","date_gmt":"2018-01-18T12:09:33","guid":{"rendered":"https:\/\/soib.es\/formacion-profesional-para-el-empleo-en-centros-propios-ies-y-cisp-diciembre-2016-2019\/"},"modified":"2019-02-22T09:08:50","modified_gmt":"2019-02-22T08:08:50","slug":"formacion-profesional-para-el-empleo-en-centros-propios-ies-y-cisp-diciembre-2016-2019","status":"publish","type":"page","link":"https:\/\/soib.es\/es\/formacion-profesional-para-el-empleo-en-centros-propios-ies-y-cisp-diciembre-2016-2019\/","title":{"rendered":"Formaci\u00f3n profesional para el empleo en centros propios (IES y CIFP) diciembre 2016-2019"},"content":{"rendered":"<p>[et_pb_section bb_built=\u00bb1&#8243; background_color=\u00bb#f7f7f7&#8243; _builder_version=\u00bb3.0.99&#8243; custom_padding=\u00bb25px|0px|25px|0px\u00bb next_background_color=\u00bb#ffffff\u00bb][et_pb_row _builder_version=\u00bb3.0.82&#8243;][et_pb_column type=\u00bb4_4&#8243;][et_pb_text _builder_version=\u00bb3.17.6&#8243;]<\/p>\n<h2><strong>Formaci\u00f3n Profesional para el Empleo en Centros Propios (IES y CIFP) diciembre 2016 a marzo 2019<\/strong><\/h2>\n<p>[\/et_pb_text][\/et_pb_column][\/et_pb_row][\/et_pb_section][et_pb_section bb_built=\u00bb1&#8243; _builder_version=\u00bb3.0.99&#8243; custom_padding=\u00bb25px|0px|54px|0px\u00bb prev_background_color=\u00bb#f7f7f7&#8243; next_background_color=\u00bb#df1f4f\u00bb][et_pb_row _builder_version=\u00bb3.0.82&#8243;][et_pb_column type=\u00bb2_3&#8243;][et_pb_blurb title=\u00bbNOVEDADES\u00bb use_icon=\u00bbon\u00bb font_icon=\u00bb%%32%%\u00bb icon_color=\u00bb#e01f4e\u00bb icon_placement=\u00bbleft\u00bb use_icon_font_size=\u00bbon\u00bb icon_font_size=\u00bb25px\u00bb _builder_version=\u00bb3.9&#8243;]<\/p>\n<p>\n<a href=\"https:\/\/soib.es\/wp-content\/uploads\/2018\/10\/D9-ACTUALITZAT-cat_esp_solicitud-accformativa-alumnat111018.odt\" target=\"_blank\" rel=\"noopener\">D9 Hoja de solicitud de acciones formativas alumnado (formato open document)<\/a><\/p>\n<p><a href=\"https:\/\/soib.es\/wp-content\/uploads\/2018\/10\/D9-ACTUALITZAT-cat_esp_solicitud-accformativa-alumnat111018.pdf\" target=\"_blank\" rel=\"noopener\">D9 Hoja de solicitud de acciones formativas alumnado (formato pdf)<\/a><\/p>\n<p><a href=\"https:\/\/soib.es\/wp-content\/uploads\/2018\/10\/D9b_esp_-ACCESO_REQUISITOS_INCORPORACION_Definitivo.pdf\" target=\"_blank\" rel=\"noopener\">D9 b Documento informativo sobre acceso e incorporaci\u00f3n alumnado<\/a><\/p>\n<p><a href=\"https:\/\/soib.es\/wp-content\/uploads\/2018\/10\/D9c_esp_OBLIGACIONES_DERECHOS_INFODEMANDA_ok.pdf\" target=\"_blank\" rel=\"noopener\">D9 c Documento informativo sobre obligaciones, derechos y demanda ocupaci\u00f3n alumnado<\/a><\/p>\n<p><a href=\"https:\/\/soib.es\/wp-content\/uploads\/2018\/10\/D4-CP-021018-ok.docx\" target=\"_blank\" rel=\"noopener\">D4 per itinerari modular de certificat de professionalitat<\/a><\/p>\n<p><a href=\"https:\/\/soib.es\/wp-content\/uploads\/2018\/10\/D4-Instruccions-CP.pdf\" target=\"_blank\" rel=\"noopener\">Instruccions D4 per itinerari modular de certificat de professionalitat<\/a><\/p>\n<p><a href=\"https:\/\/soib.es\/wp-content\/uploads\/2018\/10\/Guia-esp-MPPNL-alumnado-101018.pdf\" target=\"_blank\" rel=\"noopener\">Guia alumnado pr\u00e1cticas profesionales no laborales<\/a><\/p>\n<p><a href=\"https:\/\/soib.es\/wp-content\/uploads\/2018\/10\/D21-esp_Acuerdo-para-la-realizaci\u00f3n-de-pr\u00e1cticas-031018-1.odt\" target=\"_blank\" rel=\"noopener\">D21 Acuerdo para la realizaci\u00f3n de pr\u00e1cticas<\/a><\/p>\n<p>[\/et_pb_blurb][et_pb_blurb title=\u00bbDocumentos\u00bb use_icon=\u00bbon\u00bb font_icon=\u00bb%%32%%\u00bb icon_color=\u00bb#e01f4e\u00bb icon_placement=\u00bbleft\u00bb use_icon_font_size=\u00bbon\u00bb icon_font_size=\u00bb25px\u00bb _builder_version=\u00bb3.17.6&#8243;]<\/p>\n<p><span style=\"text-decoration: underline;\"><a href=\"https:\/\/soib.es\/wp-content\/uploads\/2017\/12\/GUIA-DEFINITIVA-CENTRES-PROPIS-EDUCATIUS-v2.pdf\">GU\u00cdA D<\/a><a href=\"https:\/\/soib.es\/wp-content\/uploads\/2017\/12\/GUIA-DEFINITIVA-CENTRES-PROPIS-EDUCATIUS-v2.pdf\">EFI<\/a><a href=\"https:\/\/soib.es\/wp-content\/uploads\/2017\/12\/GUIA-DEFINITIVA-CENTRES-PROPIS-EDUCATIUS-v2.pdf\">NITIVA CENTROS PROPIOS EDUCATIVOS v2<\/a><a href=\"https:\/\/soib.es\/wp-content\/uploads\/2017\/12\/GUIA-DEFINITIVA-CENTRES-PROPIS-EDUCATIUS-v2.pdf\"><br \/><\/a><a href=\"https:\/\/soib.es\/wp-content\/uploads\/2017\/12\/D1-Cronograma-gestio\u0301-moduls-teo\u0300rics_P.docx\">D1 Cronograma gesti\u00f3n m\u00f3dulos te\u00f2ricos_P<br \/><\/a><a href=\"https:\/\/soib.es\/wp-content\/uploads\/2018\/06\/Declaracio-Responsable-perTREBALLAR-AMB-alumnat-MENOR-18-ANYS-2.doc\" target=\"_blank\" rel=\"noopener\">DECLARACI\u00d3N RESPONSABLE PARA TRABAJAR CON ALUMNADO MENOR DE 18 A\u00d1OS<\/a><a href=\"https:\/\/soib.es\/wp-content\/uploads\/2017\/12\/DECLARACIO\u0301-RESPONSABLE-PER-TREBALLAR-AMB-MENORS-18-ANYS_P.docx\"><br \/><\/a><a href=\"https:\/\/soib.es\/wp-content\/uploads\/2017\/12\/Annex-1-Formulari-oferta-2017.docx\">Anexo 1 Formulario oferta 2017<br \/><\/a><a href=\"https:\/\/soib.es\/wp-content\/uploads\/2017\/12\/Acta-de-seleccio\u0301-de-docents.docx\">Acta de selecci\u00f3n de docentes<\/a><a href=\"https:\/\/soib.es\/wp-content\/uploads\/2017\/12\/D9-Full-de-demanda-Actualitzat.odt\"><br \/><\/a><a href=\"https:\/\/soib.es\/wp-content\/uploads\/2017\/12\/D10-PLANIFICACIO\u0301-I-PROGRAMACIO\u0301-DIDA\u0300CTICA_P.ods\">D10 PLANIFICACI\u00d3N Y PROGRAMACI\u00d3N DID\u00c1CTICA_P<br \/><\/a><a href=\"https:\/\/soib.es\/wp-content\/uploads\/2017\/12\/D5-Comunicat-altes-baixes-alumnes.docx\">D5 Comunicado altas &#8211; bajas alumnos<br \/><\/a><a href=\"https:\/\/soib.es\/wp-content\/uploads\/2017\/12\/D8MF-COMUNICAT-ALUMNES-MF-TEORIC_P.docx\">D8MF COMUNICADO ALUMNOS MF TEORICO_P<br \/><\/a><a href=\"https:\/\/soib.es\/wp-content\/uploads\/2017\/12\/D11-COMUNICAT-DINICI.doc\">D11 COMUNICADO DE INICIO<br \/><\/a><a href=\"https:\/\/soib.es\/wp-content\/uploads\/2017\/12\/D12-RELACIO\u0301-DE-SOL\u00b7LICITUDS-DEXEMPCIO\u0301-DEL-MO\u0300DUL-DE-PRA\u0300CTIQUES.doc\">D12 RELACI\u00d3N DE SOLICITUDES DE EXENCI\u00d3N DEL M\u00d3DULO DE PR\u00c1CTICAS<br \/><\/a><a href=\"https:\/\/soib.es\/wp-content\/uploads\/2017\/12\/D13-CONTROL-DASSISTE\u0300NCIA-DALUMNES_P.ods\">D13 CONTROL DE ASISTENCIA DE ALUMNOS_P<br \/><\/a><a href=\"https:\/\/soib.es\/wp-content\/uploads\/2017\/12\/D14-FULL-DE-SIGNATURES-DELS-ALUMNES-DOCENTS.odt\">D14 HOJA DE FIRMAS DE LOS ALUMNOS-DOCENTES<br \/><\/a><a href=\"https:\/\/soib.es\/wp-content\/uploads\/2017\/12\/D16-AVALUACIO\u0301_P.ods\">D16 AVALUACI\u00d3_P<br \/><\/a><a href=\"https:\/\/soib.es\/wp-content\/uploads\/2017\/12\/llista-de-control-per-els-centres.odt\">Listado de control para los centros<br \/><\/a><a href=\"https:\/\/soib.es\/wp-content\/uploads\/2017\/12\/D2-B-CRONOGRAMA-DE-GESTIO\u0301-MPNL.docx\">D2 B CRONOGRAMA DE GESTI\u00d3N MPNL<br \/><\/a><a href=\"https:\/\/soib.es\/wp-content\/uploads\/2017\/12\/D8MP-Comunicat-alumnes-MPPNL-modificat.docx\">D8MP Comunicado alumnos MPPNL modificado<br \/><\/a><a href=\"https:\/\/soib.es\/wp-content\/uploads\/2017\/12\/D20-Informe-RLT.odt\">D20 Informe RLT<br \/><\/a><a href=\"https:\/\/soib.es\/wp-content\/uploads\/2017\/12\/D22-Programa-formatiu-pra\u0300ctiques.ods\">D22 Programa formativo pr\u00e1cticas<br \/><\/a><a href=\"https:\/\/soib.es\/wp-content\/uploads\/2017\/12\/D23-MODEL-DE-CARNET-DE-LES-PRA\u0300CTIQUES-PROFESSIONALS-NO-LABORALS.ppt\">D23 MODELO DE CARNET DE LAS PR\u00c1CTICAS PROFESIONALES NO LABORALES<br \/><\/a><a href=\"\/wp-content\/uploads\/2018\/05\/D24-RESUM-ASSIST\u00c8NCIA-M\u00d2DUL-PR\u00c0CTIQUES-PROFESSIONALS-LABORALS-2.ods\">D24 RESUMEN ASISTENCIA M\u00d3DULO PR\u00c1CTICAS PROFESIONALES LABORALES_P<br \/><\/a><a href=\"https:\/\/soib.es\/wp-content\/uploads\/2017\/12\/D25-SIGNATURES-DELS-ALUMNES-TUTORS.odt\">D25 FIRMAS DE LOS ALUMNOS TUTORES<br \/><\/a><a href=\"https:\/\/soib.es\/wp-content\/uploads\/2017\/12\/D32-QUESTIONARI-PER-A-LAVALUACIO\u0301-DE-LA-QUALITAT.xls.zip\">D32 CUESTIONARIO PARA LA EVALUACI\u00d3N DE LA CALIDAD<br \/><\/a><a href=\"https:\/\/soib.es\/wp-content\/uploads\/2017\/12\/D17-SOL\u00b7LICITUD-CP-APA-2016.docm\">D17 SOLICITUD CP-APA 2016<br \/><\/a><a href=\"https:\/\/soib.es\/wp-content\/uploads\/2017\/12\/D29-FULL-PER-REGISTRAR-LES-COL\u00b7LICITUDS-DAJUTS.xls.zip\">D29 HOJA PARA REGISTRAR LAS SOLICITUDES DE AYUDAS<br \/><\/a><a href=\"https:\/\/soib.es\/wp-content\/uploads\/2017\/12\/D30-sol\u00b7licitud-dajut.doc\">D30 solicitud de ayuda<\/a><a href=\"https:\/\/soib.es\/wp-content\/uploads\/2017\/12\/D31-Declaracio\u0301-de-Rendes.doc\"><br \/><\/a><a href=\"https:\/\/soib.es\/wp-content\/uploads\/2017\/12\/D31-Declaracio\u0301n-de-Rentas.docx\">D31 Declaraci\u00f3n de Rentas<br \/><\/a><a href=\"https:\/\/soib.es\/wp-content\/uploads\/2017\/12\/Annex-9-Full-de-relacio\u0301-de-candidats-enviats-i-barem-selecio\u0301.xls.zip\">Anexo 9 Hoja de relaci\u00f3n de candidatos enviados y baremo selecci\u00f3n<br \/><\/a><a href=\"https:\/\/soib.es\/wp-content\/uploads\/2017\/12\/D13-CONTROL-DASSISTE\u0300NCIA-DALUMNES_P-1.ods\">D13 CONTROL DE ASISTENCIA DE ALUMNOS_P<\/a><\/span><\/p>\n<p>[\/et_pb_blurb][et_pb_accordion open_toggle_text_color=\u00bb#e01f4e\u00bb _builder_version=\u00bb3.17.6&#8243; toggle_font=\u00bb|700|||||||\u00bb][et_pb_accordion_item title=\u00bbDocumentos para solicitar subvenci\u00f3n y pago de pr\u00e1cticas profesionales no laborales\u00bb open=\u00bbon\u00bb icon_color=\u00bb#e01f4e\u00bb _builder_version=\u00bb3.17.6&#8243; title_text_shadow_horizontal_length=\u00bb0em\u00bb title_text_shadow_vertical_length=\u00bb0em\u00bb title_text_shadow_blur_strength=\u00bb0em\u00bb body_text_shadow_horizontal_length=\u00bb0em\u00bb body_text_shadow_vertical_length=\u00bb0em\u00bb body_text_shadow_blur_strength=\u00bb0em\u00bb link_option_url_new_window=\u00bboff\u00bb use_background_color_gradient=\u00bboff\u00bb background_color_gradient_start=\u00bb#2b87da\u00bb background_color_gradient_end=\u00bb#29c4a9&#8243; background_color_gradient_type=\u00bblinear\u00bb background_color_gradient_direction=\u00bb180deg\u00bb background_color_gradient_direction_radial=\u00bbcenter\u00bb background_color_gradient_start_position=\u00bb0%\u00bb background_color_gradient_end_position=\u00bb100%\u00bb background_color_gradient_overlays_image=\u00bboff\u00bb parallax=\u00bboff\u00bb parallax_method=\u00bbon\u00bb background_size=\u00bbcover\u00bb background_position=\u00bbcenter\u00bb background_repeat=\u00bbno-repeat\u00bb background_blend=\u00bbnormal\u00bb allow_player_pause=\u00bboff\u00bb background_video_pause_outside_viewport=\u00bbon\u00bb text_shadow_style=\u00bbnone\u00bb box_shadow_style=\u00bbnone\u00bb hover_transition_duration=\u00bb300ms\u00bb hover_transition_delay=\u00bb0ms\u00bb hover_transition_speed_curve=\u00bbease\u00bb text_shadow_horizontal_length=\u00bb0em\u00bb text_shadow_vertical_length=\u00bb0em\u00bb text_shadow_blur_strength=\u00bb0em\u00bb]<\/p>\n<p><a href=\"https:\/\/soib.es\/wp-content\/uploads\/2019\/02\/Sol\u00b7licitud-de-subvenci\u00f3n-de-pr\u00e1cticas-no-laborales_ES.docx\" target=\"_blank\" rel=\"noopener\">&#8211; Solicitud<\/a><br \/><a href=\"https:\/\/soib.es\/wp-content\/uploads\/2019\/02\/Declaraci\u00f3n-responsable-solicitud-inferior-a-3000-euros_ES.docx\" target=\"_blank\" rel=\"noopener\">&#8211; Declaraci\u00f3n responsable para solicitud inferior a 3000 euros<\/a><br \/><a href=\"https:\/\/soib.es\/wp-content\/uploads\/2019\/02\/Declaraci\u00f3n-responsable-para-la-solicitud-superior-a-3000-euros_ES.docx\" target=\"_blank\" rel=\"noopener\">&#8211; Declaraci\u00f3n responsable para solicitud superior a 3000 euros<\/a><br \/><a href=\"https:\/\/soib.es\/wp-content\/uploads\/2019\/02\/D52-Declaraci\u00f3-responsable-de-veracitat-de-dades-bancaries.docx\" target=\"_blank\" rel=\"noopener\">&#8211; D52 de declaraci\u00f3n responsable de veracidad de datos bancarios aportados<\/a><\/p>\n<p>[\/et_pb_accordion_item][\/et_pb_accordion][\/et_pb_column][et_pb_column type=\u00bb1_3&#8243;][\/et_pb_column][\/et_pb_row][\/et_pb_section][et_pb_section bb_built=\u00bb1&#8243; background_color=\u00bb#df1f4f\u00bb disabled_on=\u00bbon|on|off\u00bb _builder_version=\u00bb3.0.82&#8243; custom_padding=\u00bb54px|0px|0px|0px\u00bb prev_background_color=\u00bb#ffffff\u00bb next_background_color=\u00bb#000000&#8243;][et_pb_row custom_padding=\u00bb0px|0px|27px|0px\u00bb custom_css_main_2=\u00bbmargin-left: -20%;\u00bb custom_css_main_3=\u00bbmargin-left: 32px;\u00bb custom_css_main_4=\u00bbmargin-left: 100px;\u00bb _builder_version=\u00bb3.0.82&#8243;][et_pb_column type=\u00bb1_4&#8243;][et_pb_blurb url=\u00bbhttps:\/\/twitter.com\/soibinfo?lang=es\u00bb use_icon=\u00bbon\u00bb font_icon=\u00bb%%292%%\u00bb icon_color=\u00bb#df1f4f\u00bb use_circle=\u00bbon\u00bb icon_placement=\u00bbleft\u00bb use_icon_font_size=\u00bbon\u00bb _builder_version=\u00bb3.0.82&#8243; animation=\u00bboff\u00bb]<\/p>\n<p>\n&nbsp;<\/p>\n<p>[\/et_pb_blurb][\/et_pb_column][et_pb_column type=\u00bb1_4&#8243;][et_pb_blurb url=\u00bbhttps:\/\/www.facebook.com\/SOIBINFO\/\u00bb use_icon=\u00bbon\u00bb font_icon=\u00bb%%291%%\u00bb icon_color=\u00bb#df1f4f\u00bb use_circle=\u00bbon\u00bb icon_placement=\u00bbleft\u00bb _builder_version=\u00bb3.0.82&#8243; animation=\u00bboff\u00bb]<\/p>\n<p>\n&nbsp;<\/p>\n<p>[\/et_pb_blurb][\/et_pb_column][et_pb_column type=\u00bb1_4&#8243;][et_pb_image src=\u00bbhttps:\/\/soib.es\/wp-content\/uploads\/2017\/10\/ue3.gif\u00bb _builder_version=\u00bb3.0.99&#8243; module_alignment=\u00bbleft\u00bb]<\/p>\n<p>\n&nbsp;<\/p>\n<p>[\/et_pb_image][\/et_pb_column][et_pb_column type=\u00bb1_4&#8243;][et_pb_text _builder_version=\u00bb3.0.82&#8243; custom_css_main_element=\u00bbwidth: 150%;\u00bb]<\/p>\n<p style=\"color: #fff; text-align: right;\">Servicio de Ocupaci\u00f3n de las Islas Baleares (SOIB):<\/p>\n<p style=\"color: #fff; text-align: right;\">Cam\u00ed vell de Bunyola, 43, 1\u00ba &#8211; Edificio rotonda Asima<\/p>\n<p style=\"color: #fff; text-align: right;\">Pol\u00edgono de son Castell\u00f3 &#8211; 07009 Palma<\/p>\n<p style=\"color: #fff; text-align: right;\">Tel\u00e9fono <a style=\"color: #fff;\" href=\"tel:+34971784991\">971784991<\/a> &#8211; Fax 971784942<\/p>\n<p>[\/et_pb_text][\/et_pb_column][\/et_pb_row][\/et_pb_section][et_pb_section bb_built=\u00bb1&#8243; background_color=\u00bb#df1f4f\u00bb disabled_on=\u00bbon|off|on\u00bb _builder_version=\u00bb3.0.82&#8243; custom_padding=\u00bb20px|0px|0px|0px\u00bb prev_background_color=\u00bb#000000&#8243; next_background_color=\u00bb#000000&#8243;][et_pb_row custom_padding=\u00bb0px|0px|27px|0px\u00bb custom_css_main_2=\u00bbmargin-left: -225px;\u00bb custom_css_main_3=\u00bbmargin-left: 32px;\u00bb custom_css_main_4=\u00bbmargin-left: 100px;\u00bb _builder_version=\u00bb3.0.82&#8243;][et_pb_column type=\u00bb4_4&#8243;][et_pb_text _builder_version=\u00bb3.0.82&#8243; custom_css_main_element=\u00bbwidth: 150%;\u00bb]<\/p>\n<p style=\"color: #fff;\">Servicio de Ocupaci\u00f3n de las Islas Baleares (SOIB):<\/p>\n<p style=\"color: #fff;\">Cam\u00ed vell de Bunyola, 43, 1\u00ba &#8211; Edificio rotonda Asima<\/p>\n<p style=\"color: #fff;\">Pol\u00edgono de son Castell\u00f3 &#8211; 07009 Palma<\/p>\n<p style=\"color: #fff;\">Tel\u00e9fono <a style=\"color: #fff;\" href=\"tel:+34971784991\">971784991<\/a> &#8211; Fax 971784942<\/p>\n<p>[\/et_pb_text][et_pb_image src=\u00bbhttps:\/\/soib.es\/wp-content\/uploads\/2017\/10\/ue3.gif\u00bb _builder_version=\u00bb3.0.99&#8243; max_width=\u00bb50%\u00bb module_alignment=\u00bbcenter\u00bb]<\/p>\n<p>\n&nbsp;<\/p>\n<p>[\/et_pb_image][et_pb_blurb url=\u00bbhttps:\/\/twitter.com\/soibinfo?lang=es\u00bb use_icon=\u00bbon\u00bb font_icon=\u00bb%%292%%\u00bb icon_color=\u00bb#df1f4f\u00bb use_circle=\u00bbon\u00bb icon_placement=\u00bbleft\u00bb use_icon_font_size=\u00bbon\u00bb _builder_version=\u00bb3.0.82&#8243; animation=\u00bboff\u00bb custom_css_main_element=\u00bbfloat: right;\u00bb]<\/p>\n<p>\n&nbsp;<\/p>\n<p>[\/et_pb_blurb][et_pb_blurb url=\u00bbhttps:\/\/www.facebook.com\/SOIBINFO\/\u00bb use_icon=\u00bbon\u00bb font_icon=\u00bb%%291%%\u00bb icon_color=\u00bb#df1f4f\u00bb use_circle=\u00bbon\u00bb icon_placement=\u00bbleft\u00bb _builder_version=\u00bb3.0.82&#8243; animation=\u00bboff\u00bb]<\/p>\n<p>\n&nbsp;<\/p>\n<p>[\/et_pb_blurb][\/et_pb_column][\/et_pb_row][\/et_pb_section][et_pb_section bb_built=\u00bb1&#8243; background_color=\u00bb#df1f4f\u00bb disabled_on=\u00bboff|on|on\u00bb _builder_version=\u00bb3.0.82&#8243; prev_background_color=\u00bb#000000&#8243;][et_pb_row custom_padding=\u00bb15px|0px|0px|0px\u00bb _builder_version=\u00bb3.0.82&#8243;][et_pb_column type=\u00bb4_4&#8243;][et_pb_text _builder_version=\u00bb3.0.82&#8243;]<\/p>\n<p style=\"color: #fff;\">Servicio de Ocupaci\u00f3n de las Islas Baleares (SOIB):<\/p>\n<p style=\"color: #fff;\">Cam\u00ed Vell de Bunyola, 43, 1\u00aa &#8211; edificio rotonda Asima<\/p>\n<p style=\"color: #fff;\">Pol\u00edgono de son Castell\u00f3 &#8211; 07009 Palma<\/p>\n<p style=\"color: #fff;\">Tel\u00e9fono 971784991 &#8211; Fax 971784942<\/p>\n<p>[\/et_pb_text][\/et_pb_column][\/et_pb_row][et_pb_row custom_padding=\u00bb15px|0px|0px|0px\u00bb _builder_version=\u00bb3.0.82&#8243;][et_pb_column type=\u00bb4_4&#8243;][et_pb_image src=\u00bbhttps:\/\/soib.es\/wp-content\/uploads\/2017\/10\/ue3.gif\u00bb _builder_version=\u00bb3.0.99&#8243; max_width=\u00bb50%\u00bb]<\/p>\n<p>\n&nbsp;<\/p>\n<p>[\/et_pb_image][\/et_pb_column][\/et_pb_row][et_pb_row custom_padding=\u00bb0px|0px|0px|0px\u00bb _builder_version=\u00bb3.0.82&#8243;][et_pb_column type=\u00bb4_4&#8243;][et_pb_blurb url=\u00bbhttps:\/\/www.facebook.com\/SOIBINFO\/\u00bb use_icon=\u00bbon\u00bb font_icon=\u00bb%%291%%\u00bb icon_color=\u00bb#df1f4f\u00bb use_circle=\u00bbon\u00bb icon_placement=\u00bbleft\u00bb _builder_version=\u00bb3.0.82&#8243; animation=\u00bboff\u00bb]<\/p>\n<p>\n&nbsp;<\/p>\n<p>[\/et_pb_blurb][et_pb_blurb url=\u00bbhttps:\/\/twitter.com\/soibinfo?lang=es\u00bb use_icon=\u00bbon\u00bb font_icon=\u00bb%%292%%\u00bb icon_color=\u00bb#df1f4f\u00bb use_circle=\u00bbon\u00bb icon_placement=\u00bbleft\u00bb _builder_version=\u00bb3.0.82&#8243; animation=\u00bboff\u00bb]<\/p>\n<p>\n&nbsp;<\/p>\n<p>[\/et_pb_blurb][\/et_pb_column][\/et_pb_row][\/et_pb_section]<\/p>\n","protected":false},"excerpt":{"rendered":"<p>Formaci\u00f3n Profesional para el Empleo en Centros Propios (IES y CIFP) diciembre 2016 a marzo 2019 D9 Hoja de solicitud de acciones formativas alumnado (formato open document) D9 Hoja de solicitud de acciones formativas alumnado (formato pdf) D9 b Documento informativo sobre acceso e incorporaci\u00f3n alumnado D9 c Documento informativo sobre obligaciones, derechos y demanda [&hellip;]<\/p>\n","protected":false},"author":1,"featured_media":0,"parent":0,"menu_order":0,"comment_status":"closed","ping_status":"closed","template":"","meta":{"_et_pb_use_builder":"on","_et_pb_old_content":"","_et_gb_content_width":"","footnotes":"","_links_to":"","_links_to_target":""},"class_list":["post-2419","page","type-page","status-publish","hentry"],"publishpress_future_action":{"enabled":false,"date":"2026-04-24 06:43:08","action":"change-status","newStatus":"draft","terms":[],"taxonomy":"translation_priority","extraData":[]},"publishpress_future_workflow_manual_trigger":{"enabledWorkflows":[]},"_links":{"self":[{"href":"https:\/\/soib.es\/es\/wp-json\/wp\/v2\/pages\/2419","targetHints":{"allow":["GET"]}}],"collection":[{"href":"https:\/\/soib.es\/es\/wp-json\/wp\/v2\/pages"}],"about":[{"href":"https:\/\/soib.es\/es\/wp-json\/wp\/v2\/types\/page"}],"author":[{"embeddable":true,"href":"https:\/\/soib.es\/es\/wp-json\/wp\/v2\/users\/1"}],"replies":[{"embeddable":true,"href":"https:\/\/soib.es\/es\/wp-json\/wp\/v2\/comments?post=2419"}],"version-history":[{"count":0,"href":"https:\/\/soib.es\/es\/wp-json\/wp\/v2\/pages\/2419\/revisions"}],"wp:attachment":[{"href":"https:\/\/soib.es\/es\/wp-json\/wp\/v2\/media?parent=2419"}],"curies":[{"name":"wp","href":"https:\/\/api.w.org\/{rel}","templated":true}]}}