{"id":2376,"date":"2018-01-18T11:32:48","date_gmt":"2018-01-18T10:32:48","guid":{"rendered":"https:\/\/soib.es\/formacion-profesional-para-el-empleo-en-centros-propios\/"},"modified":"2018-11-15T14:59:49","modified_gmt":"2018-11-15T13:59:49","slug":"formacion-profesional-para-el-empleo-en-centros-propios","status":"publish","type":"page","link":"https:\/\/soib.es\/es\/formacion-profesional-para-el-empleo-en-centros-propios\/","title":{"rendered":"Formacion profesional para el empleo en centros propios"},"content":{"rendered":"<p>[et_pb_section bb_built=\u00bb1&#8243; background_color=\u00bb#f7f7f7&#8243; _builder_version=\u00bb3.0.99&#8243; custom_padding=\u00bb25px|0px|25px|0px\u00bb next_background_color=\u00bb#ffffff\u00bb][et_pb_row _builder_version=\u00bb3.0.82&#8243;][et_pb_column type=\u00bb4_4&#8243;][et_pb_text _builder_version=\u00bb3.0.82&#8243;]<\/p>\n<h2><strong>Formaci\u00f3n Profesional para el Empleo en Centros Propios<\/strong><\/h2>\n<p>[\/et_pb_text][\/et_pb_column][\/et_pb_row][\/et_pb_section][et_pb_section bb_built=\u00bb1&#8243; _builder_version=\u00bb3.0.47&#8243; custom_padding=\u00bb25px|0px|54px|0px\u00bb prev_background_color=\u00bb#f7f7f7&#8243; next_background_color=\u00bb#df1f4f\u00bb][et_pb_row _builder_version=\u00bb3.0.82&#8243;][et_pb_column type=\u00bb2_3&#8243;][et_pb_accordion open_toggle_text_color=\u00bb#e01f4e\u00bb icon_color=\u00bb#e01f4e\u00bb _builder_version=\u00bb3.17.6&#8243; toggle_font=\u00bb|700|||||||\u00bb saved_tabs=\u00bball\u00bb][et_pb_accordion_item title=\u00bbDocumentos\u00bb open=\u00bboff\u00bb _builder_version=\u00bb3.17.6&#8243; title_text_shadow_horizontal_length=\u00bb0em\u00bb title_text_shadow_vertical_length=\u00bb0em\u00bb title_text_shadow_blur_strength=\u00bb0em\u00bb body_text_shadow_horizontal_length=\u00bb0em\u00bb body_text_shadow_vertical_length=\u00bb0em\u00bb body_text_shadow_blur_strength=\u00bb0em\u00bb use_background_color_gradient=\u00bboff\u00bb background_color_gradient_start=\u00bb#2b87da\u00bb background_color_gradient_end=\u00bb#29c4a9&#8243; background_color_gradient_type=\u00bblinear\u00bb background_color_gradient_direction=\u00bb180deg\u00bb background_color_gradient_direction_radial=\u00bbcenter\u00bb background_color_gradient_start_position=\u00bb0%\u00bb background_color_gradient_end_position=\u00bb100%\u00bb background_color_gradient_overlays_image=\u00bboff\u00bb parallax=\u00bboff\u00bb parallax_method=\u00bbon\u00bb background_size=\u00bbcover\u00bb background_position=\u00bbcenter\u00bb background_repeat=\u00bbno-repeat\u00bb background_blend=\u00bbnormal\u00bb allow_player_pause=\u00bboff\u00bb background_video_pause_outside_viewport=\u00bbon\u00bb text_shadow_style=\u00bbnone\u00bb box_shadow_style=\u00bbnone\u00bb text_shadow_horizontal_length=\u00bb0em\u00bb text_shadow_vertical_length=\u00bb0em\u00bb text_shadow_blur_strength=\u00bb0em\u00bb link_option_url_new_window=\u00bboff\u00bb hover_transition_duration=\u00bb300ms\u00bb hover_transition_delay=\u00bb0ms\u00bb hover_transition_speed_curve=\u00bbease\u00bb]<\/p>\n<ul>\n<li><a href=\"https:\/\/soib.es\/wp-content\/uploads\/2018\/11\/ProtocolGestio-Centres-Propis-06112018.pdf\" target=\"_blank\" rel=\"noopener\">Protocol de gesti\u00f3 d\u2019accions formatives centres propis 2018-20<\/a><\/li>\n<li><a href=\"https:\/\/soib.es\/wp-content\/uploads\/2018\/11\/D1-Cronograma-de-gestio-CP_-06112018.pdf\" target=\"_blank\" rel=\"noopener\">Cronograma de gesti\u00f3 d\u2019accions formatives centres propis 2018-20<\/a><\/li>\n<li><a href=\"https:\/\/soib.es\/wp-content\/uploads\/2018\/10\/Guia-esp-MPPNL-alumnado-101018.pdf\" target=\"_blank\" rel=\"noopener\">Gu\u00eda alumnado pr\u00e1cticas profesionales no laborales<\/a><\/li>\n<li><a href=\"https:\/\/soib.es\/wp-content\/uploads\/2018\/10\/D9-ACTUALITZAT-cat_esp_solicitud-accformativa-alumnat111018.odt\" target=\"_blank\" rel=\"noopener\">D9 Hoja de solicitud de acciones formativas alumnado (formato open document)<\/a><\/li>\n<li><a href=\"https:\/\/soib.es\/wp-content\/uploads\/2018\/10\/D9-ACTUALITZAT-cat_esp_solicitud-accformativa-alumnat111018.pdf\" target=\"_blank\" rel=\"noopener\">D9 Hoja de solicitud de acciones formativas alumnado (formato pdf)<\/a><\/li>\n<li><a href=\"https:\/\/soib.es\/wp-content\/uploads\/2018\/10\/D9b_esp_-ACCESO_REQUISITOS_INCORPORACION_Definitivo.pdf\" target=\"_blank\" rel=\"noopener\">D9 b Documento informatvo sobre acceso e incorporaci\u00f3n alumnado<\/a><\/li>\n<li><a href=\"https:\/\/soib.es\/wp-content\/uploads\/2018\/10\/D9c_esp_OBLIGACIONES_DERECHOS_INFODEMANDA_ok.pdf\" target=\"_blank\" rel=\"noopener\">D9 c Documento informativo sobre obligaciones, derechos y demanda ocupaci\u00f3n alumnado<\/a><\/li>\n<\/ul>\n<p>[\/et_pb_accordion_item][et_pb_accordion_item title=\u00bbHerramientas de gesti\u00f3n de las acciones formativas\u00bb open=\u00bbon\u00bb _builder_version=\u00bb3.17.6&#8243; title_text_shadow_horizontal_length=\u00bb0em\u00bb title_text_shadow_vertical_length=\u00bb0em\u00bb title_text_shadow_blur_strength=\u00bb0em\u00bb body_text_shadow_horizontal_length=\u00bb0em\u00bb body_text_shadow_vertical_length=\u00bb0em\u00bb body_text_shadow_blur_strength=\u00bb0em\u00bb use_background_color_gradient=\u00bboff\u00bb background_color_gradient_start=\u00bb#2b87da\u00bb background_color_gradient_end=\u00bb#29c4a9&#8243; background_color_gradient_type=\u00bblinear\u00bb background_color_gradient_direction=\u00bb180deg\u00bb background_color_gradient_direction_radial=\u00bbcenter\u00bb background_color_gradient_start_position=\u00bb0%\u00bb background_color_gradient_end_position=\u00bb100%\u00bb background_color_gradient_overlays_image=\u00bboff\u00bb parallax=\u00bboff\u00bb parallax_method=\u00bbon\u00bb background_size=\u00bbcover\u00bb background_position=\u00bbcenter\u00bb background_repeat=\u00bbno-repeat\u00bb background_blend=\u00bbnormal\u00bb allow_player_pause=\u00bboff\u00bb background_video_pause_outside_viewport=\u00bbon\u00bb text_shadow_style=\u00bbnone\u00bb box_shadow_style=\u00bbnone\u00bb text_shadow_horizontal_length=\u00bb0em\u00bb text_shadow_vertical_length=\u00bb0em\u00bb text_shadow_blur_strength=\u00bb0em\u00bb]<\/p>\n<ul>\n<li><a href=\"https:\/\/soib.es\/wp-content\/uploads\/2018\/10\/D4-CP-021018-ok.docx\" target=\"_blank\" rel=\"noopener\">D4 per itinerari modular de certificat de professionalitat<\/a><\/li>\n<li><a href=\"https:\/\/soib.es\/wp-content\/uploads\/2018\/10\/D4-Instruccions-CP.pdf\" target=\"_blank\" rel=\"noopener\">Instruccions D4 per itinerari modular de certificat de professionalitat<\/a><\/li>\n<li><a href=\"https:\/\/soib.es\/wp-content\/uploads\/2018\/10\/D4B-ID-I-NNTT-021018ok.docx\" target=\"_blank\" rel=\"noopener\">D4 B per IDIOMES i NNTTs<\/a><\/li>\n<li><a href=\"https:\/\/soib.es\/wp-content\/uploads\/2018\/10\/D4B_Instruccions-ID-i-NNTT.pdf\" target=\"_blank\" rel=\"noopener\">Instruccions D4 B per IDIOMES i NNTTs<\/a><\/li>\n<li><a href=\"https:\/\/soib.es\/wp-content\/uploads\/2018\/10\/D4C-ID-MCRE-021018-ok.docx\" target=\"_blank\" rel=\"noopener\">D4 c per IDIOMES DEL MARC COM\u00da EUROPEU DE REFERENCIA<\/a><\/li>\n<li><a href=\"https:\/\/soib.es\/wp-content\/uploads\/2018\/10\/D4C_Instruccions-MCRE.pdf\" target=\"_blank\" rel=\"noopener\">Instruccions D4c per IDIOMES DEL MARC COM\u00da EUROPEU DE REFERENCIA<\/a><\/li>\n<li><a href=\"https:\/\/soib.es\/wp-content\/uploads\/2018\/11\/ANNEX-III-IV_PLANIFICACI\u00d3-I-PROGRAMACI\u00d3-DID\u00c0CTICA_18102018.ods\" target=\"_blank\" rel=\"noopener\">ANNEX III + IV_PLANIFICACI\u00d3 I PROGRAMACI\u00d3 DID\u00c0CTICA<\/a><\/li>\n<li><a href=\"https:\/\/soib.es\/wp-content\/uploads\/2018\/10\/ANNEX-VVIVIID16EIXD16G-03102018.ods\" target=\"_blank\" rel=\"noopener\">ANNEX V+VI+VII+D16E+IX+D16G<\/a><\/li>\n<li><a href=\"https:\/\/soib.es\/wp-content\/uploads\/2018\/10\/ANNEX-VII-A-ACTA-DAVALUACI\u00d3-FINAL-DEL-GRUP-DESPECILITATS-FORMATIVES-NO-CONDUENTS-A-CP-05102018.odt\" target=\"_blank\" rel=\"noopener\">ANNEX VII-A ACTA D&#8217;AVALUACI\u00d3 FINAL DEL GRUP D&#8217;ESPECILITATS FORMATIVES NO CONDUENTS A CP<\/a><\/li>\n<li><a href=\"https:\/\/soib.es\/wp-content\/uploads\/2018\/10\/ANNEX-VIII-PROGRAMA-FORMATIU-DEL-M\u00d2DUL-DE-FORMACI\u00d3-PR\u00c0CTICA-ALS-CENTRES-DE-TREBALL-031018.ods\" target=\"_blank\" rel=\"noopener\">ANNEX VIII &#8211; PROGRAMA FORMATIU DEL M\u00d2DUL DE FORMACI\u00d3 PR\u00c0CTICA ALS CENTRES DE TREBALL<\/a><\/li>\n<li><a href=\"https:\/\/soib.es\/wp-content\/uploads\/2018\/11\/D11-COMUNICAT-D-INICI-24102018.odt\" target=\"_blank\" rel=\"noopener\">D11 COMUNICAT D&#8217;INICI<\/a><\/li>\n<li><a href=\"https:\/\/soib.es\/wp-content\/uploads\/2018\/10\/D13A_D13B-control-dassist\u00e8ncies-dalumnes-05102018.ods\" target=\"_blank\" rel=\"noopener\">D13A_D13B control d&#8217;assist\u00e8ncies d&#8217;alumnes<\/a><\/li>\n<li><a href=\"https:\/\/soib.es\/wp-content\/uploads\/2018\/10\/D14-FULL-DE-SIGNATURES-DELS-ALUMNES_FORMADORS-05102018.odt\" target=\"_blank\" rel=\"noopener\">D14 FULL DE SIGNATURES DELS ALUMNES_FORMADORS<\/a><\/li>\n<li><a href=\"https:\/\/soib.es\/wp-content\/uploads\/2018\/10\/D20-Informe-RLT-031018.odt\" target=\"_blank\" rel=\"noopener\">D20 Informe RLT<\/a><\/li>\n<li><a href=\"https:\/\/soib.es\/wp-content\/uploads\/2018\/10\/D21-esp_Acuerdo-para-la-realizaci\u00f3n-de-pr\u00e1cticas-031018-1.odt\" target=\"_blank\" rel=\"noopener\">D21 Acuerdo para la realizaci\u00f3n de pr\u00e1cticas<\/a><\/li>\n<li><a href=\"https:\/\/soib.es\/wp-content\/uploads\/2018\/10\/D23-MODEL-DE-CARNET-DE-LES-PR\u00c0CTIQUES-PROFESSIONALS-NO-LABORALS-031018.ppt\" target=\"_blank\" rel=\"noopener\">D23 MODEL DE CARNET DE LES PR\u00c0CTIQUES PROFESSIONALS NO LABORALS<\/a><\/li>\n<li><a href=\"https:\/\/soib.es\/wp-content\/uploads\/2018\/10\/D24-RESUM-ASSIST\u00c8NCIA-M\u00d2DUL-PR\u00c0CTIQUES-PROFESSIONALS-NO-LABORALS-031018.ods\" target=\"_blank\" rel=\"noopener\">D24 RESUM ASSIST\u00c8NCIA M\u00d2DUL PR\u00c0CTIQUES PROFESSIONALS NO LABORALS<\/a><\/li>\n<li><a href=\"https:\/\/soib.es\/wp-content\/uploads\/2018\/10\/D25-SIGNATURES-ALUMNES-TUTORES-031018.odt\" target=\"_blank\" rel=\"noopener\">D25 SIGNATURES ALUMNES-TUTORS<\/a><\/li>\n<li><a href=\"https:\/\/soib.es\/wp-content\/uploads\/2018\/10\/D32-QUESTIONARI-PER-A-L-AVALUACIO-DE-LA-QUALITAT-031018.xls\" target=\"_blank\" rel=\"noopener\">D32 QUESTIONARI PER A L AVALUACIO DE LA QUALITAT<\/a><\/li>\n<li><a href=\"https:\/\/soib.es\/wp-content\/uploads\/2018\/11\/Declaracio-Responsable-perTREBALLAR-AMB-alumnat-MENOR-18-ANYS-111018.doc\" target=\"_blank\" rel=\"noopener\">Declaraci\u00f3 Responsable per treballar amb alumnat MENOR DE 18 ANYS<\/a><\/li>\n<li><a href=\"https:\/\/soib.es\/wp-content\/uploads\/2018\/10\/Manual-usuari-q\u00fcestionaris-avaluaci\u00f3-online.pdf\" target=\"_blank\" rel=\"noopener\">Manual usuari q\u00fcestionaris avaluaci\u00f3 online<\/a><\/li>\n<li><a href=\"https:\/\/soib.es\/wp-content\/uploads\/2018\/11\/TSD19-8-M\u00d2DULS-amb-2-logos-25102018.ods\" target=\"_blank\" rel=\"noopener\">TS+19 8 M\u00d2DULS amb 2 logos<\/a><\/li>\n<\/ul>\n<p>[\/et_pb_accordion_item][\/et_pb_accordion][\/et_pb_column][et_pb_column type=\u00bb1_3&#8243;][\/et_pb_column][\/et_pb_row][\/et_pb_section][et_pb_section bb_built=\u00bb1&#8243; background_color=\u00bb#df1f4f\u00bb disabled_on=\u00bbon|on|off\u00bb _builder_version=\u00bb3.0.82&#8243; custom_padding=\u00bb54px|0px|0px|0px\u00bb prev_background_color=\u00bb#ffffff\u00bb next_background_color=\u00bb#000000&#8243;][et_pb_row custom_padding=\u00bb0px|0px|27px|0px\u00bb custom_css_main_2=\u00bbmargin-left: -20%;\u00bb custom_css_main_3=\u00bbmargin-left: 32px;\u00bb custom_css_main_4=\u00bbmargin-left: 100px;\u00bb _builder_version=\u00bb3.0.82&#8243;][et_pb_column type=\u00bb1_4&#8243;][et_pb_blurb url=\u00bbhttps:\/\/twitter.com\/soibinfo?lang=es\u00bb use_icon=\u00bbon\u00bb font_icon=\u00bb%%292%%\u00bb icon_color=\u00bb#df1f4f\u00bb use_circle=\u00bbon\u00bb icon_placement=\u00bbleft\u00bb use_icon_font_size=\u00bbon\u00bb _builder_version=\u00bb3.0.82&#8243; animation=\u00bboff\u00bb]<\/p>\n<p>\n&nbsp;<\/p>\n<p>[\/et_pb_blurb][\/et_pb_column][et_pb_column type=\u00bb1_4&#8243;][et_pb_blurb url=\u00bbhttps:\/\/www.facebook.com\/SOIBINFO\/\u00bb use_icon=\u00bbon\u00bb font_icon=\u00bb%%291%%\u00bb icon_color=\u00bb#df1f4f\u00bb use_circle=\u00bbon\u00bb icon_placement=\u00bbleft\u00bb _builder_version=\u00bb3.0.82&#8243; animation=\u00bboff\u00bb]<\/p>\n<p>\n&nbsp;<\/p>\n<p>[\/et_pb_blurb][\/et_pb_column][et_pb_column type=\u00bb1_4&#8243;][et_pb_image src=\u00bbhttps:\/\/soib.es\/wp-content\/uploads\/2017\/10\/ue3.gif\u00bb _builder_version=\u00bb3.0.99&#8243; module_alignment=\u00bbleft\u00bb]<\/p>\n<p>\n&nbsp;<\/p>\n<p>[\/et_pb_image][\/et_pb_column][et_pb_column type=\u00bb1_4&#8243;][et_pb_text _builder_version=\u00bb3.0.82&#8243; custom_css_main_element=\u00bbwidth: 150%;\u00bb]<\/p>\n<p style=\"color: #fff; text-align: right;\">Servicio de Ocupaci\u00f3 de las Islas Baleares (SOIB):<\/p>\n<p style=\"color: #fff; text-align: right;\">Cam\u00ed vell de Bunyola, 43, 1\u00ba &#8211; Edificio rotonda Asima<\/p>\n<p style=\"color: #fff; text-align: right;\">Pol\u00edgono de son Castell\u00f3 &#8211; 07009 Palma<\/p>\n<p style=\"color: #fff; text-align: right;\">Tel\u00e9fono <a style=\"color: #fff;\" href=\"tel:+34971784991\">971784991<\/a> &#8211; Fax 971784942<\/p>\n<p>[\/et_pb_text][\/et_pb_column][\/et_pb_row][\/et_pb_section][et_pb_section bb_built=\u00bb1&#8243; background_color=\u00bb#df1f4f\u00bb disabled_on=\u00bbon|off|on\u00bb _builder_version=\u00bb3.0.82&#8243; custom_padding=\u00bb20px|0px|0px|0px\u00bb prev_background_color=\u00bb#000000&#8243; next_background_color=\u00bb#000000&#8243;][et_pb_row custom_padding=\u00bb0px|0px|27px|0px\u00bb custom_css_main_2=\u00bbmargin-left: -225px;\u00bb custom_css_main_3=\u00bbmargin-left: 32px;\u00bb custom_css_main_4=\u00bbmargin-left: 100px;\u00bb _builder_version=\u00bb3.0.82&#8243;][et_pb_column type=\u00bb4_4&#8243;][et_pb_text _builder_version=\u00bb3.0.82&#8243; custom_css_main_element=\u00bbwidth: 150%;\u00bb]<\/p>\n<p style=\"color: #fff;\">Servicio de Ocupaci\u00f3n de las Islas Baleares (SOIB):<\/p>\n<p style=\"color: #fff;\">Cam\u00ed vell de Bunyola, 43, 1\u00ba &#8211; Edificoi rotonda Asima<\/p>\n<p style=\"color: #fff;\">Pol\u00edgono de son Castell\u00f3 &#8211; 07009 Palma<\/p>\n<p style=\"color: #fff;\">Tel\u00e9fono <a style=\"color: #fff;\" href=\"tel:+34971784991\">971784991<\/a> &#8211; Fax 971784942<\/p>\n<p>[\/et_pb_text][et_pb_image src=\u00bbhttps:\/\/soib.es\/wp-content\/uploads\/2017\/10\/ue3.gif\u00bb _builder_version=\u00bb3.0.99&#8243; max_width=\u00bb50%\u00bb module_alignment=\u00bbcenter\u00bb]<\/p>\n<p>\n&nbsp;<\/p>\n<p>[\/et_pb_image][et_pb_blurb url=\u00bbhttps:\/\/twitter.com\/soibinfo?lang=es\u00bb use_icon=\u00bbon\u00bb font_icon=\u00bb%%292%%\u00bb icon_color=\u00bb#df1f4f\u00bb use_circle=\u00bbon\u00bb icon_placement=\u00bbleft\u00bb use_icon_font_size=\u00bbon\u00bb _builder_version=\u00bb3.0.82&#8243; animation=\u00bboff\u00bb custom_css_main_element=\u00bbfloat: right;\u00bb]<\/p>\n<p>\n&nbsp;<\/p>\n<p>[\/et_pb_blurb][et_pb_blurb url=\u00bbhttps:\/\/www.facebook.com\/SOIBINFO\/\u00bb use_icon=\u00bbon\u00bb font_icon=\u00bb%%291%%\u00bb icon_color=\u00bb#df1f4f\u00bb use_circle=\u00bbon\u00bb icon_placement=\u00bbleft\u00bb _builder_version=\u00bb3.0.82&#8243; animation=\u00bboff\u00bb]<\/p>\n<p>\n&nbsp;<\/p>\n<p>[\/et_pb_blurb][\/et_pb_column][\/et_pb_row][\/et_pb_section][et_pb_section bb_built=\u00bb1&#8243; background_color=\u00bb#df1f4f\u00bb disabled_on=\u00bboff|on|on\u00bb _builder_version=\u00bb3.0.82&#8243; prev_background_color=\u00bb#000000&#8243;][et_pb_row custom_padding=\u00bb15px|0px|0px|0px\u00bb _builder_version=\u00bb3.0.82&#8243;][et_pb_column type=\u00bb4_4&#8243;][et_pb_text _builder_version=\u00bb3.0.82&#8243;]<\/p>\n<p style=\"color: #fff;\">Servicio de Ocupaci\u00f3n de las Islas Baleares (SOIB):<\/p>\n<p style=\"color: #fff;\">Cam\u00ed Vell de Bunyola, 43, 1\u00aa &#8211; edificio rotonda Asima<\/p>\n<p style=\"color: #fff;\">Pol\u00edgono de son Castell\u00f3 &#8211; 07009 Palma<\/p>\n<p style=\"color: #fff;\">Tel\u00e9fono 971784991 &#8211; Fax 971784942<\/p>\n<p>[\/et_pb_text][\/et_pb_column][\/et_pb_row][et_pb_row custom_padding=\u00bb15px|0px|0px|0px\u00bb _builder_version=\u00bb3.0.82&#8243;][et_pb_column type=\u00bb4_4&#8243;][et_pb_image src=\u00bbhttps:\/\/soib.es\/wp-content\/uploads\/2017\/10\/ue3.gif\u00bb _builder_version=\u00bb3.0.99&#8243; max_width=\u00bb50%\u00bb]<\/p>\n<p>\n&nbsp;<\/p>\n<p>[\/et_pb_image][\/et_pb_column][\/et_pb_row][et_pb_row custom_padding=\u00bb0px|0px|0px|0px\u00bb _builder_version=\u00bb3.0.82&#8243;][et_pb_column type=\u00bb4_4&#8243;][et_pb_blurb url=\u00bbhttps:\/\/www.facebook.com\/SOIBINFO\/\u00bb use_icon=\u00bbon\u00bb font_icon=\u00bb%%291%%\u00bb icon_color=\u00bb#df1f4f\u00bb use_circle=\u00bbon\u00bb icon_placement=\u00bbleft\u00bb _builder_version=\u00bb3.0.82&#8243; animation=\u00bboff\u00bb]<\/p>\n<p>\n&nbsp;<\/p>\n<p>[\/et_pb_blurb][et_pb_blurb url=\u00bbhttps:\/\/twitter.com\/soibinfo?lang=es\u00bb use_icon=\u00bbon\u00bb font_icon=\u00bb%%292%%\u00bb icon_color=\u00bb#df1f4f\u00bb use_circle=\u00bbon\u00bb icon_placement=\u00bbleft\u00bb _builder_version=\u00bb3.0.82&#8243; animation=\u00bboff\u00bb]<\/p>\n<p>\n&nbsp;<\/p>\n<p>[\/et_pb_blurb][\/et_pb_column][\/et_pb_row][\/et_pb_section]<\/p>\n","protected":false},"excerpt":{"rendered":"<p>Formaci\u00f3n Profesional para el Empleo en Centros Propios Protocol de gesti\u00f3 d\u2019accions formatives centres propis 2018-20Cronograma de gesti\u00f3 d\u2019accions formatives centres propis 2018-20Gu\u00eda alumnado pr\u00e1cticas profesionales no laboralesD9 Hoja de solicitud de acciones formativas alumnado (formato open document)D9 Hoja de solicitud de acciones formativas alumnado (formato pdf)D9 b Documento informatvo sobre acceso e incorporaci\u00f3n alumnadoD9 [&hellip;]<\/p>\n","protected":false},"author":1,"featured_media":0,"parent":0,"menu_order":0,"comment_status":"closed","ping_status":"closed","template":"","meta":{"_et_pb_use_builder":"on","_et_pb_old_content":"","_et_gb_content_width":"","footnotes":"","_links_to":"","_links_to_target":""},"class_list":["post-2376","page","type-page","status-publish","hentry"],"publishpress_future_action":{"enabled":false,"date":"2026-04-30 04:28:31","action":"change-status","newStatus":"draft","terms":[],"taxonomy":"translation_priority","extraData":[]},"publishpress_future_workflow_manual_trigger":{"enabledWorkflows":[]},"_links":{"self":[{"href":"https:\/\/soib.es\/es\/wp-json\/wp\/v2\/pages\/2376","targetHints":{"allow":["GET"]}}],"collection":[{"href":"https:\/\/soib.es\/es\/wp-json\/wp\/v2\/pages"}],"about":[{"href":"https:\/\/soib.es\/es\/wp-json\/wp\/v2\/types\/page"}],"author":[{"embeddable":true,"href":"https:\/\/soib.es\/es\/wp-json\/wp\/v2\/users\/1"}],"replies":[{"embeddable":true,"href":"https:\/\/soib.es\/es\/wp-json\/wp\/v2\/comments?post=2376"}],"version-history":[{"count":0,"href":"https:\/\/soib.es\/es\/wp-json\/wp\/v2\/pages\/2376\/revisions"}],"wp:attachment":[{"href":"https:\/\/soib.es\/es\/wp-json\/wp\/v2\/media?parent=2376"}],"curies":[{"name":"wp","href":"https:\/\/api.w.org\/{rel}","templated":true}]}}