{"id":2363,"date":"2025-05-06T12:00:11","date_gmt":"2025-05-06T10:00:11","guid":{"rendered":"https:\/\/soib.es\/informes-anuales-f-p-para-la-ocupacion\/"},"modified":"2025-11-20T13:30:35","modified_gmt":"2025-11-20T12:30:35","slug":"informes-anuales-f-p-para-la-ocupacion","status":"publish","type":"page","link":"https:\/\/soib.es\/es\/informes-anuales-f-p-para-la-ocupacion\/","title":{"rendered":"Informes anuales de evaluaci\u00f3n FP para el empleo"},"content":{"rendered":"<p>[et_pb_section fb_built=\u00bb1&#8243; _builder_version=\u00bb4.16&#8243; background_color=\u00bb#f7f7f7&#8243; custom_padding=\u00bb25px|0px|25px|0px\u00bb global_colors_info=\u00bb{}\u00bb][et_pb_row _builder_version=\u00bb4.16&#8243; global_colors_info=\u00bb{}\u00bb][et_pb_column type=\u00bb4_4&#8243; _builder_version=\u00bb4.16&#8243; custom_padding=\u00bb|||\u00bb global_colors_info=\u00bb{}\u00bb custom_padding__hover=\u00bb|||\u00bb][et_pb_text _builder_version=\u00bb4.27.4&#8243; global_colors_info=\u00bb{}\u00bb]<\/p>\n<h1><strong>Informes anuales de evaluaci\u00f3n de la Formaci\u00f3n para el Empleo<\/strong><\/h1>\n<p>[\/et_pb_text][\/et_pb_column][\/et_pb_row][\/et_pb_section][et_pb_section fb_built=\u00bb1&#8243; _builder_version=\u00bb4.16&#8243; custom_padding=\u00bb25px|0px|54px|0px\u00bb global_colors_info=\u00bb{}\u00bb][et_pb_row _builder_version=\u00bb4.16&#8243; global_colors_info=\u00bb{}\u00bb][et_pb_column type=\u00bb4_4&#8243; _builder_version=\u00bb4.16&#8243; custom_padding=\u00bb|||\u00bb global_colors_info=\u00bb{}\u00bb custom_padding__hover=\u00bb|||\u00bb][et_pb_text _builder_version=\u00bb4.27.4&#8243; hover_enabled=\u00bb0&#8243; global_colors_info=\u00bb{}\u00bb sticky_enabled=\u00bb0&#8243;]<\/p>\n<p>La Ley 3\/2022, de 31 de marzo, de Ordenaci\u00f3n e Integraci\u00f3n de la Formaci\u00f3n Profesional, establece un sistema integrado que coordina la Formaci\u00f3n Profesional del sistema educativo y la Formaci\u00f3n Profesional para el empleo. En este marco, en las Illes Balears la competencia en materia de Formaci\u00f3n Profesional es compartida entre la Conselleria de Educaci\u00f3n y el Servicio de Ocupaci\u00f3n de las Illes Balears (SOIB), que colaboran en la planificaci\u00f3n, la oferta y la evaluaci\u00f3n de las actuaciones formativas orientadas a la adquisici\u00f3n y acreditaci\u00f3n de competencias profesionales.<\/p>\n<p><\/p>\n<p>Paralelamente, la Formaci\u00f3n en el Trabajo, dirigida al aprendizaje, la formaci\u00f3n, la recualificaci\u00f3n o el reciclaje profesional para la adquisici\u00f3n de competencias o la mejora de la experiencia y la cualificaci\u00f3n profesional, contin\u00faa regulada por la Ley 30\/2015, de 9 de septiembre, y por el Real Decreto 694\/2017, de 3 de julio. En este \u00e1mbito, el SOIB es el \u00f3rgano competente en la comunidad aut\u00f3noma y es responsable de su programaci\u00f3n, ejecuci\u00f3n y evaluaci\u00f3n.<\/p>\n<p><\/p>\n<p>Seg\u00fan la normativa vigente, el sistema de formaci\u00f3n profesional debe disponer de mecanismos de evaluaci\u00f3n permanentes que permitan analizar el impacto, la calidad, la eficacia y la eficiencia de las acciones formativas.<\/p>\n<p>[\/et_pb_text][\/et_pb_column][\/et_pb_row][et_pb_row column_structure=\u00bb3_4,1_4&#8243; _builder_version=\u00bb4.16&#8243; global_colors_info=\u00bb{}\u00bb][et_pb_column type=\u00bb3_4&#8243; _builder_version=\u00bb4.16&#8243; custom_padding=\u00bb|||\u00bb global_colors_info=\u00bb{}\u00bb custom_padding__hover=\u00bb|||\u00bb][et_pb_toggle title=\u00bbInformes de evaluaci\u00f3n de la formaci\u00f3n profesional para el empleo de las Illes Balears\u00bb open_toggle_text_color=\u00bb#878786&#8243; closed_toggle_text_color=\u00bb#cb023e\u00bb icon_color=\u00bb#cb023e\u00bb open_icon_color=\u00bb#cb023e\u00bb _builder_version=\u00bb4.27.4&#8243; _module_preset=\u00bbdefault\u00bb title_font=\u00bb|700|||||||\u00bb closed_title_font=\u00bb|700|||||||\u00bb global_colors_info=\u00bb{}\u00bb]<\/p>\n<p><span style=\"color: #cb023e;\"><img loading=\"lazy\" decoding=\"async\" class=\"alignnone wp-image-23148\" src=\"https:\/\/soib.es\/wp-content\/uploads\/2020\/10\/Icona-fletxes-1.jpg\" alt=\"\" width=\"20\" height=\"20\" \/><a style=\"color: #cb023e;\" href=\"https:\/\/soib.es\/wp-content\/uploads\/2025\/06\/Informe-executiu-PAO-FPO-2024_rev_ling.pdf\" target=\"_blank\" rel=\"noopener noreferrer\">2024: informe ejecutivo pol\u00edticas activas de empleo \u2013 formaci\u00f3n profesional para el empleo<\/a><\/span><\/p>\n<p><\/p>\n<p><span style=\"color: #cb023e;\"><img loading=\"lazy\" decoding=\"async\" class=\"alignnone wp-image-23148\" src=\"https:\/\/soib.es\/wp-content\/uploads\/2020\/10\/Icona-fletxes-1.jpg\" alt=\"\" width=\"20\" height=\"20\" \/><a style=\"color: #cb023e;\" href=\"https:\/\/soib.es\/wp-content\/uploads\/2024\/10\/Informe-Anual-de-FPO-20231.pdf\" target=\"_blank\" rel=\"noopener noreferrer\">2023: informe de evaluaci\u00f3n de la formaci\u00f3n profesional para el empleo de las Illes Balears<\/a><\/span><\/p>\n<p><\/p>\n<p><span style=\"color: #cb023e;\"><img loading=\"lazy\" decoding=\"async\" class=\"alignnone wp-image-23148\" src=\"https:\/\/soib.es\/wp-content\/uploads\/2020\/10\/Icona-fletxes-1.jpg\" alt=\"\" width=\"20\" height=\"20\" \/><a style=\"color: #cb023e;\" href=\"https:\/\/soib.es\/wp-content\/uploads\/2024\/06\/Informe-executiu-PAO-FPO-2023_rev.ppt\" target=\"_blank\" rel=\"noopener noreferrer\">2023: informe ejecutivo pol\u00edticas activas de empleo \u2013 formaci\u00f3n profesional para el empleo<\/a><\/span><\/p>\n<p><\/p>\n<p><span style=\"color: #cb023e;\"><img loading=\"lazy\" decoding=\"async\" class=\"alignnone wp-image-23148\" src=\"https:\/\/soib.es\/wp-content\/uploads\/2020\/10\/Icona-fletxes-1.jpg\" alt=\"\" width=\"20\" height=\"20\" \/><a style=\"color: #cb023e;\" href=\"https:\/\/soib.es\/wp-content\/uploads\/2023\/11\/Informe-Anual-de-FPO-2022-1.pdf\" target=\"_blank\" rel=\"noopener noreferrer\">2022: informe de evaluaci\u00f3n de la formaci\u00f3n profesional para el empleo de les Illes Balears<\/a><\/span><\/p>\n<p><\/p>\n<p><span style=\"color: #cb023e;\"><img loading=\"lazy\" decoding=\"async\" class=\"alignnone wp-image-23148\" src=\"https:\/\/soib.es\/wp-content\/uploads\/2020\/10\/Icona-fletxes-1.jpg\" alt=\"\" width=\"20\" height=\"20\" \/><a style=\"color: #cb023e;\" href=\"https:\/\/soib.es\/wp-content\/uploads\/2022\/10\/Informe-Avaluacio-de-la-Formacio-professional-per-a-locupacio-2021.pdf\" target=\"_blank\" rel=\"noopener noreferrer\">2021: informe de evaluaci\u00f3n de la formaci\u00f3n profesional para el empleo de les Illes Balearss<\/a><\/span><\/p>\n<p><\/p>\n<p><span style=\"color: #cb023e;\"><img loading=\"lazy\" decoding=\"async\" class=\"alignnone wp-image-23148\" src=\"https:\/\/soib.es\/wp-content\/uploads\/2020\/10\/Icona-fletxes-1.jpg\" alt=\"\" width=\"20\" height=\"20\" \/><a style=\"color: #cb023e;\" href=\"https:\/\/soib.es\/wp-content\/uploads\/2021\/10\/rev_Informe-Anual-de-FPO-2020.pdf\" target=\"_blank\" rel=\"noopener noreferrer\">2020: informe de evaluaci\u00f3n de la formaci\u00f3n profesional para el empleo de les Illes Balears<\/a><\/span><\/p>\n<p><\/p>\n<p><span style=\"color: #cb023e;\"><img loading=\"lazy\" decoding=\"async\" class=\"alignnone wp-image-23148\" src=\"https:\/\/soib.es\/wp-content\/uploads\/2020\/10\/Icona-fletxes-1.jpg\" alt=\"\" width=\"20\" height=\"20\" \/><a style=\"color: #cb023e;\" href=\"https:\/\/soib.es\/wp-content\/uploads\/2020\/11\/Informe-Anual-de-FPO-2019.pdf\" target=\"_blank\" rel=\"noopener noreferrer\">2019: informe de evaluaci\u00f3n de la formaci\u00f3n profesional para el empleo de les Illes Balears<\/a><\/span><\/p>\n<p><\/p>\n<p><span style=\"color: #cb023e;\"><img loading=\"lazy\" decoding=\"async\" class=\"alignnone wp-image-23148\" src=\"https:\/\/soib.es\/wp-content\/uploads\/2020\/10\/Icona-fletxes-1.jpg\" alt=\"\" width=\"20\" height=\"20\" \/><a style=\"color: #cb023e;\" href=\"https:\/\/soib.es\/wp-content\/uploads\/2020\/01\/Informe-Anual-de-FPO-2018-DEF.pdf\" target=\"_blank\" rel=\"noopener noreferrer\">2018: informe de evaluaci\u00f3n de la formaci\u00f3n profesional para el empleo de les Illes Balears. <\/a><\/span><span style=\"color: #cb023e;\"><a style=\"color: #cb023e;\" href=\"https:\/\/soib.es\/wp-content\/uploads\/2020\/01\/Annex-Informe-Anual-de-FPO-2018.pdf\" target=\"_blank\" rel=\"noopener noreferrer\">Anexo al informe de evaluaci\u00f3n 2018<\/a><\/span><\/p>\n<p><\/p>\n<p><span style=\"color: #cb023e;\"><img loading=\"lazy\" decoding=\"async\" class=\"alignnone wp-image-23148\" src=\"https:\/\/soib.es\/wp-content\/uploads\/2020\/10\/Icona-fletxes-1.jpg\" alt=\"\" width=\"20\" height=\"20\" \/><a style=\"color: #cb023e;\" href=\"https:\/\/soib.es\/wp-content\/uploads\/2018\/10\/Informe-Anual-FPO-SOIB-2017-def.pdf\" target=\"_blank\" rel=\"noopener noreferrer\">2017: informe de evaluaci\u00f3n de la formaci\u00f3n profesional para el empleo de les Illes Balears. <\/a><\/span><span style=\"color: #cb023e;\"><a style=\"color: #cb023e;\" href=\"https:\/\/soib.es\/wp-content\/uploads\/2018\/10\/ANNEX-1_def.pdf\" target=\"_blank\" rel=\"noopener noreferrer\">Anexo al informe de evaluaci\u00f3n 2017<\/a><\/span><\/p>\n<p><\/p>\n<p><span style=\"color: #cb023e;\"><img loading=\"lazy\" decoding=\"async\" class=\"alignnone wp-image-23148\" src=\"https:\/\/soib.es\/wp-content\/uploads\/2020\/10\/Icona-fletxes-1.jpg\" alt=\"\" width=\"20\" height=\"20\" \/><a style=\"color: #cb023e;\" href=\"https:\/\/soib.es\/wp-content\/uploads\/2018\/09\/Informe-avaluaci\u00f3-2016-2.pdf\" target=\"_blank\" rel=\"noopener noreferrer\">2016: informe de evaluaci\u00f3n de la formaci\u00f3n profesional para el empleo de les Illes Balears. <\/a><\/span><span style=\"color: #cb023e;\"><a style=\"color: #cb023e;\" href=\"https:\/\/soib.es\/wp-content\/uploads\/2018\/09\/Annex-I.-Taules-informe-avaluaci\u00f3-2016.pdf\" target=\"_blank\" rel=\"noopener noreferrer\">Anexo al informe de evaluaci\u00f3n 2016<\/a><\/span><\/p>\n<p><\/p>\n<p><span style=\"color: #cb023e;\"><img loading=\"lazy\" decoding=\"async\" class=\"alignnone wp-image-23148\" src=\"https:\/\/soib.es\/wp-content\/uploads\/2020\/10\/Icona-fletxes-1.jpg\" alt=\"\" width=\"20\" height=\"20\" \/><a style=\"color: #cb023e;\" href=\"https:\/\/soib.es\/wp-content\/uploads\/2018\/09\/INFORME-AVALUACI\u00d3-2015.pdf\" target=\"_blank\" rel=\"noopener noreferrer\">2015: informe de avaluaci\u00f3n de la formaci\u00f3n profesional para el empleo de les Illes Balears. <\/a><\/span><span style=\"color: #cb023e;\"><a style=\"color: #cb023e;\" href=\"https:\/\/soib.es\/wp-content\/uploads\/2018\/09\/Annex-I.-Taules-informe-avaluaci\u00f3-2015.pdf\" target=\"_blank\" rel=\"noopener noreferrer\">Anexo al informe de evaluaci\u00f3n 2015<\/a><\/span><\/p>\n<p><\/p>\n<p><span style=\"color: #cb023e;\"><img loading=\"lazy\" decoding=\"async\" class=\"alignnone wp-image-23148\" src=\"https:\/\/soib.es\/wp-content\/uploads\/2020\/10\/Icona-fletxes-1.jpg\" alt=\"\" width=\"20\" height=\"20\" \/><a style=\"color: #cb023e;\" href=\"https:\/\/soib.es\/wp-content\/uploads\/2018\/09\/Informe-avaluaci\u00f3-SOIB-2014.pdf\" target=\"_blank\" rel=\"noopener noreferrer\">2014: informe de evaluaci\u00f3n de la formaci\u00f3n profesional para el empleo de les Illes Balears. <\/a><\/span><span style=\"color: #cb023e;\"><a style=\"color: #cb023e;\" href=\"https:\/\/soib.es\/wp-content\/uploads\/2018\/09\/Annex-I-Taules-de-linforme-davaluaci\u00f3-SOIB-2014.pdf\" target=\"_blank\" rel=\"noopener noreferrer\">Anexo al informe de evaluaci\u00f3n 2014<\/a><\/span><\/p>\n<p><\/p>\n<p><span style=\"color: #cb023e;\"><img loading=\"lazy\" decoding=\"async\" class=\"alignnone wp-image-23148\" src=\"https:\/\/soib.es\/wp-content\/uploads\/2020\/10\/Icona-fletxes-1.jpg\" alt=\"\" width=\"20\" height=\"20\" \/><a style=\"color: #cb023e;\" href=\"https:\/\/soib.es\/wp-content\/uploads\/2018\/09\/Informe-avaluaci\u00f3-2013_darrer.pdf\" target=\"_blank\" rel=\"noopener noreferrer\">2013: informe de evaluaci\u00f3n de la formaci\u00f3n profesional para el empleo de les Illes Balears. <\/a><\/span><span style=\"color: #cb023e;\"><a style=\"color: #cb023e;\" href=\"https:\/\/soib.es\/wp-content\/uploads\/2018\/09\/Annex-1-Taules-de-linforme-davaluaci\u00f3-2013.pdf\" target=\"_blank\" rel=\"noopener noreferrer\">Anexo al informe de evaluaci\u00f3n 2013<\/a><\/span><\/p>\n<p><\/p>\n<p><span style=\"color: #cb023e;\"><a style=\"color: #cb023e;\" href=\"https:\/\/soib.es\/wp-content\/uploads\/2018\/09\/Informe-avaluaci\u00f3-2012.pdf\" target=\"_blank\" rel=\"noopener noreferrer\"><img loading=\"lazy\" decoding=\"async\" class=\"alignnone wp-image-23148\" src=\"https:\/\/soib.es\/wp-content\/uploads\/2020\/10\/Icona-fletxes-1.jpg\" alt=\"\" width=\"20\" height=\"20\" \/>2012: informe de evaluaci\u00f3n de la formaci\u00f3n profesional para el empleo de les Illes Balears. <\/a><\/span><span style=\"color: #cb023e;\"><a style=\"color: #cb023e;\" href=\"https:\/\/soib.es\/wp-content\/uploads\/2018\/09\/Annex-Informe-avaluaci\u00f3-2012.pdf\" target=\"_blank\" rel=\"noopener noreferrer\">Anexo al informe de evaluaci\u00f3n 2012<\/a><\/span><\/p>\n<p>[\/et_pb_toggle][\/et_pb_column][et_pb_column type=\u00bb1_4&#8243; _builder_version=\u00bb4.16&#8243; custom_padding=\u00bb|||\u00bb global_colors_info=\u00bb{}\u00bb custom_padding__hover=\u00bb|||\u00bb][et_pb_toggle title=\u00bbAnexos estad\u00edsticos\u00bb open_toggle_text_color=\u00bb#878786&#8243; closed_toggle_text_color=\u00bb#cb023e\u00bb icon_color=\u00bb#cb023e\u00bb open_icon_color=\u00bb#cb023e\u00bb _builder_version=\u00bb4.27.4&#8243; _module_preset=\u00bbdefault\u00bb title_font=\u00bb|700|||||||\u00bb closed_title_font=\u00bb|700|||||||\u00bb global_colors_info=\u00bb{}\u00bb]<\/p>\n<p><span style=\"color: #cb023e;\"><img loading=\"lazy\" decoding=\"async\" class=\"alignnone wp-image-23148\" src=\"https:\/\/soib.es\/wp-content\/uploads\/2020\/10\/Icona-fletxes-1.jpg\" alt=\"\" width=\"20\" height=\"20\" \/><a style=\"color: #cb023e;\" href=\"https:\/\/soib.es\/wp-content\/uploads\/2025\/05\/Grafics-i-Taules-Informe-Anual-FPO-2024.xlsx\" target=\"_blank\" rel=\"noopener noreferrer\">Gr\u00e1ficos y tablas informe formaci\u00f3n profesional para el empleo 2024<\/a><\/span><\/p>\n<p><\/p>\n<p><span style=\"color: #cb023e;\"><img loading=\"lazy\" decoding=\"async\" class=\"alignnone wp-image-23148\" src=\"https:\/\/soib.es\/wp-content\/uploads\/2020\/10\/Icona-fletxes-1.jpg\" alt=\"\" width=\"20\" height=\"20\" \/><a style=\"color: #cb023e;\" href=\"https:\/\/soib.es\/wp-content\/uploads\/2024\/05\/Grafics-i-Taules-Informe-Anual-FPO-2023.ods\" target=\"_blank\" rel=\"noopener noreferrer\">Gr\u00e1ficos y tablas informe formaci\u00f3n profesional para el empleo 2023<\/a><\/span><\/p>\n<p><\/p>\n<p><span style=\"color: #cb023e;\"><img loading=\"lazy\" decoding=\"async\" class=\"alignnone wp-image-23148\" src=\"https:\/\/soib.es\/wp-content\/uploads\/2020\/10\/Icona-fletxes-1.jpg\" alt=\"\" width=\"20\" height=\"20\" \/><a style=\"color: #cb023e;\" href=\"https:\/\/soib.es\/wp-content\/uploads\/2023\/11\/Grafics-i-Taules-Informe-Anual-FPO_2022-1.ods\" target=\"_blank\" rel=\"noopener noreferrer\">Gr\u00e1ficos y tablas informe formaci\u00f3n profesional para el empleo 2022<\/a><\/span><\/p>\n<p>[\/et_pb_toggle][\/et_pb_column][\/et_pb_row][\/et_pb_section]<\/p>\n","protected":false},"excerpt":{"rendered":"<p>Informes anuales de evaluaci\u00f3n de la Formaci\u00f3n para el EmpleoLa Ley 3\/2022, de 31 de marzo, de Ordenaci\u00f3n e Integraci\u00f3n de la Formaci\u00f3n Profesional, establece un sistema integrado que coordina la Formaci\u00f3n Profesional del sistema educativo y la Formaci\u00f3n Profesional para el empleo. En este marco, en las Illes Balears la competencia en materia de [&hellip;]<\/p>\n","protected":false},"author":1,"featured_media":0,"parent":0,"menu_order":0,"comment_status":"closed","ping_status":"closed","template":"","meta":{"_et_pb_use_builder":"on","_et_pb_old_content":"","_et_gb_content_width":"","footnotes":"","_links_to":"","_links_to_target":""},"class_list":["post-2363","page","type-page","status-publish","hentry"],"publishpress_future_action":{"enabled":false,"date":"2026-04-18 13:00:00","action":"change-status","newStatus":"draft","terms":[],"taxonomy":"translation_priority","extraData":[]},"publishpress_future_workflow_manual_trigger":{"enabledWorkflows":[]},"_links":{"self":[{"href":"https:\/\/soib.es\/es\/wp-json\/wp\/v2\/pages\/2363","targetHints":{"allow":["GET"]}}],"collection":[{"href":"https:\/\/soib.es\/es\/wp-json\/wp\/v2\/pages"}],"about":[{"href":"https:\/\/soib.es\/es\/wp-json\/wp\/v2\/types\/page"}],"author":[{"embeddable":true,"href":"https:\/\/soib.es\/es\/wp-json\/wp\/v2\/users\/1"}],"replies":[{"embeddable":true,"href":"https:\/\/soib.es\/es\/wp-json\/wp\/v2\/comments?post=2363"}],"version-history":[{"count":0,"href":"https:\/\/soib.es\/es\/wp-json\/wp\/v2\/pages\/2363\/revisions"}],"wp:attachment":[{"href":"https:\/\/soib.es\/es\/wp-json\/wp\/v2\/media?parent=2363"}],"curies":[{"name":"wp","href":"https:\/\/api.w.org\/{rel}","templated":true}]}}