{"id":23192,"date":"2024-12-09T08:00:01","date_gmt":"2024-12-09T07:00:01","guid":{"rendered":"https:\/\/soib.es\/soib-reactiva\/"},"modified":"2025-08-07T15:35:54","modified_gmt":"2025-08-07T13:35:54","slug":"soib-reactiva","status":"publish","type":"page","link":"https:\/\/soib.es\/es\/soib-reactiva\/","title":{"rendered":"Informaci\u00f3n y ofertas del programa de fomento del empleo SOIB Reactiva 2024"},"content":{"rendered":"<p>[et_pb_section fb_built=\u00bb1&#8243; _builder_version=\u00bb4.16&#8243; background_color=\u00bb#f4f4f4&#8243; custom_padding=\u00bb25px||25px|\u00bb locked=\u00bboff\u00bb global_colors_info=\u00bb{}\u00bb][et_pb_row _builder_version=\u00bb4.16&#8243; global_colors_info=\u00bb{}\u00bb][et_pb_column type=\u00bb4_4&#8243; _builder_version=\u00bb4.16&#8243; custom_padding=\u00bb|||\u00bb global_colors_info=\u00bb{}\u00bb custom_padding__hover=\u00bb|||\u00bb][et_pb_text disabled_on=\u00bboff|off|off\u00bb _builder_version=\u00bb4.27.3&#8243; global_colors_info=\u00bb{}\u00bb]<\/p>\n<h1><strong>Informaci\u00f3n y ofertas del programa de fomento del empleo SOIB Reactiva 2024<\/strong><\/h1>\n<h2>Cofinanciado por la Uni\u00f3n Europea (FSE+) en el marco del Programa Balears del FSE+ para el periodo 2021-2027<\/h2>\n<p>[\/et_pb_text][\/et_pb_column][\/et_pb_row][\/et_pb_section][et_pb_section fb_built=\u00bb1&#8243; _builder_version=\u00bb4.16&#8243; locked=\u00bboff\u00bb global_colors_info=\u00bb{}\u00bb][et_pb_row disabled_on=\u00bboff|off|off\u00bb _builder_version=\u00bb4.16&#8243; background_size=\u00bbinitial\u00bb background_position=\u00bbtop_left\u00bb background_repeat=\u00bbrepeat\u00bb global_colors_info=\u00bb{}\u00bb][et_pb_column type=\u00bb4_4&#8243; _builder_version=\u00bb4.16&#8243; custom_padding=\u00bb|||\u00bb global_colors_info=\u00bb{}\u00bb custom_padding__hover=\u00bb|||\u00bb][et_pb_image src=\u00bbhttps:\/\/soib.es\/wp-content\/uploads\/2025\/08\/SOIB-REACTIVA-2024.png\u00bb title_text=\u00bbSOIB REACTIVA 2024&#8243; align=\u00bbcenter\u00bb _builder_version=\u00bb4.27.4&#8243; _module_preset=\u00bbdefault\u00bb width=\u00bb80%\u00bb module_alignment=\u00bbcenter\u00bb hover_enabled=\u00bb0&#8243; global_colors_info=\u00bb{}\u00bb sticky_enabled=\u00bb0&#8243;][\/et_pb_image][et_pb_text _builder_version=\u00bb4.23.1&#8243; background_size=\u00bbinitial\u00bb background_position=\u00bbtop_left\u00bb background_repeat=\u00bbrepeat\u00bb global_colors_info=\u00bb{}\u00bb]<\/p>\n<h4>\u00bfQu\u00e9 es SOIB Reactiva 2024?<\/h4>\n<p><strong>SOIB Reactiva 2024<\/strong> es un programa de contrataci\u00f3n p\u00fablica en Ayuntamientos, Entidad Local Menor de Palmanyola, Mancomunidades y Consejos insulares, as\u00ed como las entidades de derecho p\u00fablico que dependen o est\u00e1n vinculadas, destinado a financiar proyectos que fomenten la contrataci\u00f3n de j\u00f3venes desempleados y personas mayores de 30 a\u00f1os en situaci\u00f3n de desempleo, preferentemente de larga duraci\u00f3n, como colectivos con mayor dificultad de inserci\u00f3n en el mercado de trabajo que ha sido objeto de transformaciones profundas.[\/et_pb_text][et_pb_accordion open_toggle_text_color=\u00bb#878686&#8243; closed_toggle_text_color=\u00bb#cb023e\u00bb icon_color=\u00bb#cb023e\u00bb _builder_version=\u00bb4.27.3&#8243; _module_preset=\u00bbdefault\u00bb toggle_text_color=\u00bbrgba(0,0,0,0)\u00bb toggle_font=\u00bb|700|||||||\u00bb closed_toggle_font=\u00bb|700|||||||\u00bb db_closeable=\u00bbon\u00bb db_initial_state=\u00bball_closed\u00bb global_colors_info=\u00bb{}\u00bb][et_pb_accordion_item title=\u00bb\u00bfQu\u00e9 l\u00edneas de ayuda tiene?\u00bb open=\u00bbon\u00bb _builder_version=\u00bb4.23.1&#8243; _module_preset=\u00bbdefault\u00bb global_colors_info=\u00bb{}\u00bb]<strong>L\u00ednea 1<\/strong>. Dirigida a personas j\u00f3venes desempleadas mayores de 16 y menores de 30 a\u00f1os con estudios b\u00e1sicos obligatorios como m\u00e1ximo (ESO, FP de grado b\u00e1sico o t\u00edtulo de t\u00e9cnico profesional b\u00e1sico, o nivel 1 de certificado profesional), inscritas como demandantes de empleo en el SOIB y beneficiarias del Sistema Nacional de Garant\u00eda Juvenil.<br \/>\n<strong>L\u00ednea 2<\/strong>. Dirigida a personas desempleadas de 30 a\u00f1os o m\u00e1s, inscritas como demandantes de empleo en el SOIB y preferentemente en situaci\u00f3n de desempleo de larga duraci\u00f3n.[\/et_pb_accordion_item][et_pb_accordion_item title=\u00bb\u00bfQu\u00e9 duraci\u00f3n tendr\u00e1n los contratos?\u00bb _builder_version=\u00bb4.23.1&#8243; _module_preset=\u00bbdefault\u00bb global_colors_info=\u00bb{}\u00bb open=\u00bboff\u00bb]La duraci\u00f3n de los contratos ser\u00e1 de <strong>9 meses<\/strong>. Los proyectos tendr\u00e1n una previsi\u00f3n de<strong> inicio<\/strong> a partir <strong>del 1 de diciembre de 2024<\/strong> hasta <strong>el 28 de febrero de 2025<\/strong>.<br \/>\nRecuerda que en casos de contrataciones para sustituir a personas ya contratadas dentro de esta convocatoria \u00abSOIB Reactiva 2024\u00bb, la duraci\u00f3n depender\u00e1 de los meses que queden por subvencionar en relaci\u00f3n a la totalidad del contrato ya iniciado.[\/et_pb_accordion_item][et_pb_accordion_item title=\u00bb\u00bfQu\u00e9 requisitos se deben cumplir?\u00bb _builder_version=\u00bb4.23.1&#8243; _module_preset=\u00bbdefault\u00bb global_colors_info=\u00bb{}\u00bb open=\u00bboff\u00bb]Para acceder a la convocatoria \u00abSOIB Reactiva 2024\u00bb es necesario cumplir determinados requisitos: cada una de las l\u00edneas de subvenci\u00f3n tiene criterios de participaci\u00f3n propios. Siempre que se cumplan los requisitos m\u00ednimos, tendr\u00e1n<strong> prioridad<\/strong> las personas en las que concurra alguna o varias de las circunstancias siguientes:<\/p>\n<ul>\n<li>Las mujeres v\u00edctimas de violencia machista <strong>(<span style=\"color: #cb023e;\">*<\/span>)<\/strong><\/li>\n<li>Las personas que residen en el municipio de la entidad local beneficiaria de la subvenci\u00f3n. En el caso de los Consejos Insulares y entidades dependientes, tendr\u00e1n prioridad las personas residentes en la isla correspondiente.<\/li>\n<li>Las personas que tienen a cargo menores o familiares dependientes.<\/li>\n<li>Las personas desempleadas que realicen o hayan realizado, dentro de los \u00faltimos doce meses anteriores a la fecha en que la oferta se ha puesto en difusi\u00f3n en la p\u00e1gina web del SOIB, un itinerario personalizado de inserci\u00f3n prestado por el SOIB o por sus entidades colaboradoras en itinerarios integrales de inserci\u00f3n o los servicios de orientaci\u00f3n profesional concertados\u00bb.<\/li>\n<li>Las personas que no hayan participado en los programas \u00abSOIB Reactiva\u00bb anteriores.<\/li>\n<\/ul>\n<p>Para la l\u00ednea 2, tendr\u00e1n preferencia las personas en situaci\u00f3n de desempleo de larga duraci\u00f3n.<\/p>\n<p><strong>(<span style=\"color: #cb023e;\">*<\/span>)<\/strong> Si tienes acreditada la condici\u00f3n de mujer v\u00edctima de violencia machista, pero no lo has comunicado nunca al SOIB o no recibes atenci\u00f3n de una orientadora de la Red de tutoras para v\u00edctimas de violencia machista del SOIB, debes hacer una petici\u00f3n mediante el <a href=\"https:\/\/intranet.caib.es\/esoibfront\/principal.xhtml?seleccion=aplicacions07\"><strong><span style=\"color: #cb023e;\">formulario\u00a024\u00b77<\/span><\/strong><\/a> indicando REACTIVA y el n\u00famero de la oferta o las ofertas a las que te has presentado.[\/et_pb_accordion_item][\/et_pb_accordion][et_pb_text _builder_version=\u00bb4.23.1&#8243; _module_preset=\u00bbdefault\u00bb global_colors_info=\u00bb{}\u00bb]<\/p>\n<p><img loading=\"lazy\" decoding=\"async\" class=\"alignleft\" src=\"https:\/\/soib.es\/wp-content\/uploads\/2020\/10\/Icona-fletxes-1.jpg\" width=\"18\" height=\"18\" \/> M\u00e1s informaci\u00f3n en la\u00a0<a href=\"https:\/\/www.caib.es\/seucaib\/es\/202\/administracions\/tramites\/tramite\/5673148\" target=\"_blank\" rel=\"noopener noreferrer\"> Convocat\u00f2ria de subvencions SOIB Reactiva 2024<\/a><\/p>\n<p>[\/et_pb_text][et_pb_accordion closed_toggle_text_color=\u00bb#cb023e\u00bb icon_color=\u00bb#cb023e\u00bb _builder_version=\u00bb4.27.3&#8243; _module_preset=\u00bbdefault\u00bb toggle_text_color=\u00bb#878686&#8243; toggle_font=\u00bb|700|||||||\u00bb closed_toggle_font=\u00bb|700|||||||\u00bb db_closeable=\u00bbon\u00bb db_initial_state=\u00bball_closed\u00bb global_colors_info=\u00bb{}\u00bb][et_pb_accordion_item title=\u00bbL\u00ednea 1. SOIB Reactiva 2024 dirigida a j\u00f3venes menores de 30 a\u00f1os en desempleo\u00bb open=\u00bbon\u00bb _builder_version=\u00bb4.27.3&#8243; _module_preset=\u00bbdefault\u00bb global_colors_info=\u00bb{}\u00bb]<\/p>\n<h4>\u00bfQu\u00e9 requisitos y prioridades debes cumplir?<\/h4>\n<p>Debes estar inscrito o inscrita como demandante de empleo en el SOIB, en situaci\u00f3n de desempleo, tener la demanda vigente, ser beneficiario del Sistema Nacional de Garant\u00eda Juvenil y tener estudios b\u00e1sicos obligatorios como m\u00e1ximo.<\/p>\n<a href='https:\/\/intranet.caib.es\/esoibfront\/principal.xhtml?seleccion=aplicacions06&#038;tipOf=TPOFE-REACTIVAL1' class='big-button bigsilver' target=\"_blank\"><span style=\"color: #cb023e;\">Accede a las ofertas de la l\u00ednea 1<\/span><\/a>\n<p>[\/et_pb_accordion_item][et_pb_accordion_item title=\u00bbL\u00ednea 2. SOIB Reactiva 2024 dirigida a personas desempleadas de 30 a\u00f1os o m\u00e1s, preferentemente en desempleo de larga duraci\u00f3n\u00bb _builder_version=\u00bb4.27.3&#8243; _module_preset=\u00bbdefault\u00bb global_colors_info=\u00bb{}\u00bb open=\u00bboff\u00bb]<\/p>\n<h4>\u00bfQu\u00e9 requisitos y prioridades debes cumplir?<\/h4>\n<p>Tener 30 a\u00f1os o m\u00e1s y estar inscrito o inscrita como demandante de empleo en el SOIB, en situaci\u00f3n de desempleo, y tener la demanda vigente. Tendr\u00e1n prioridad aquellas personas que hayan sido inscritas al menos 360 d\u00edas de los \u00faltimos 540, anteriores a la fecha en que la oferta se puso en difusi\u00f3n en la p\u00e1gina web del SOIB.<\/p>\n<a href='https:\/\/intranet.caib.es\/esoibfront\/principal.xhtml?seleccion=aplicacions06&#038;tipOf=TPOFE-REACTIVAL2' class='big-button bigsilver' target=\"_blank\"><span style=\"color: #cb023e;\">Accede a las ofertas de la l\u00ednea 2<\/span><\/a>\n<p>[\/et_pb_accordion_item][\/et_pb_accordion][et_pb_text _builder_version=\u00bb4.23.1&#8243; _module_preset=\u00bbdefault\u00bb global_colors_info=\u00bb{}\u00bb]<strong>**Importante:<\/strong> dado que el objetivo de la convocatoria es contratar el mayor n\u00famero posible de personas desempleadas, las personas contratadas que causen baja voluntaria o hayan completado el periodo para el que han sido contratadas no pueden ser contratadas a otro puesto de trabajo en esta misma convocatoria \u00abSOIB Reactiva 2024\u00bb.<\/p>\n<p>Adem\u00e1s, tampoco se podr\u00e1 seleccionar a una persona que haya sido contratada en el marco de \u00abSOIB Reactiva 2023\u00bb en la misma entidad beneficiaria y para el mismo empleo.[\/et_pb_text][\/et_pb_column][\/et_pb_row][\/et_pb_section]<\/p>\n","protected":false},"excerpt":{"rendered":"<p>Informaci\u00f3n y ofertas del programa de fomento del empleo SOIB Reactiva 2024 Cofinanciado por la Uni\u00f3n Europea (FSE+) en el marco del Programa Balears del FSE+ para el periodo 2021-2027\u00bfQu\u00e9 es SOIB Reactiva 2024? SOIB Reactiva 2024 es un programa de contrataci\u00f3n p\u00fablica en Ayuntamientos, Entidad Local Menor de Palmanyola, Mancomunidades y Consejos insulares, as\u00ed [&hellip;]<\/p>\n","protected":false},"author":13,"featured_media":60110,"parent":0,"menu_order":0,"comment_status":"closed","ping_status":"closed","template":"","meta":{"_et_pb_use_builder":"on","_et_pb_old_content":"<h4>Qu\u00e8 \u00e9s SOIB Reactiva 2020?<\/h4><p><strong>SOIB Reactiva 2020<\/strong> \u00e9s un programa de contractaci\u00f3 p\u00fablica a Ajuntaments i Consells Insulars, durant 4 mesos, de persones desocupades a causa de la crisi econ\u00f2mica per la COVID 19, o desocupats de llarga durada perqu\u00e8 puguin mantenir les seves habilitats competencials o per facilitar la seva requalificaci\u00f3 professional.<\/p><h4>Quines l\u00ednies d\u2019ajuda t\u00e9?<\/h4><p>El programa s'estructura en funci\u00f3 de les peculiaritats del col\u2022lectiu al qual va adre\u00e7at en tres l\u00ednies d'ajuda:<br \/><strong>L\u00ednia 1<\/strong>. Dirigida a joves menors de 30 anys a l'atur<br \/><strong>L\u00ednia 2<\/strong>. Dirigida a persones desocupades de 30 anys o m\u00e9s, aturades de llarga durada<br \/><strong>L\u00ednia 3<\/strong>. Dirigida a persones aturades de 30 anys o m\u00e9s, de curta durada, afectades directament per la crisi econ\u00f2mica causada per la Covid 19<\/p><h4>Quina durada tendran els contractes?<\/h4><p>Segons el col\u2022lectiu hi podr\u00e0 haver 1 o 2 torns de contractacions de 4 mesos cadascun:<\/p><ul><li>Primer torn: entre l\u20191 de novembre i el 30 de desembre de 2020<\/li><li>Segon torn: entre l\u20191 de febrer i l\u20191 de maig de 2021<\/li><\/ul><p>En el segon torn de contractacions quedaran excloses les persones que hagin estat contractades en el primer torn independentment de la l\u00ednia per a la qual opti i en qu\u00e8 hagi participat.<\/p><h4>Quins requisits s'han de complir?<\/h4><p>Per accedir a la convocat\u00f2ria SOIB Reactiva \u00e9s necessari complir determinats requisits: cada una de les tres l\u00ednies de subvenci\u00f3 t\u00e9 criteris de participaci\u00f3 propis. Sempre que es compleixin els requisits m\u00ednims, tendran <strong>prioritat<\/strong> les persones en les quals concorri alguna o diverses de les circumst\u00e0ncies seg\u00fcents:<\/p><ul><li>Les dones v\u00edctimes de viol\u00e8ncia masclista.<\/li><li>Les persones que tenen a c\u00e0rrec menors o familiars dependents.<\/li><li>Les persones desocupades que estiguin realitzant un Itinerari Personalitzat d\u2019Inserci\u00f3 del SOIB o per les seves entitats col\u2022laboradores en Itineraris Integrals d\u2019Inserci\u00f3, que hagi iniciat al menys 1 mes abans de la data de presentaci\u00f3 telem\u00e0tica de l\u2019oferta d\u2019ocupaci\u00f3 per part de l\u2019entitat beneficiaria i que siguin proposades pel Servei d\u2019Orientaci\u00f3.<\/li><li>Les persones que no cobrin prestaci\u00f3 o subsidi d\u2019atur, excepte les benefici\u00e0ries de la Renda Activa d\u2019Inserci\u00f3, SED, Renda m\u00ednima d\u2019inserci\u00f3, Renda Social garantida o l\u2019 ingr\u00e9s m\u00ednim vital.<\/li><li>Les persones que resideixen al municipi de l\u2019entitat local benefici\u00e0ria de la subvenci\u00f3. En el cas dels Consells i entitats depenents tindran prioritat les de l\u2019Illa corresponent.<\/li><li>Les persones que no hagin participat en el programa SOIB Visibles en els tres darrers anys.<\/li><\/ul><p>M\u00e9s informaci\u00f3 a: <a href=\"https:\/\/www.caib.es\/seucaib\/ca\/201\/empreses\/tramites\/tramite\/4349962\" target=\"_blank\" rel=\"noopener noreferrer\"><span style=\"color: #cb023e;\">Convocat\u00f2ria extraordin\u00e0ria de subvencions SOIB Reactiva 2020<\/span><\/a><\/p>","_et_gb_content_width":"","footnotes":"","_links_to":"","_links_to_target":""},"class_list":["post-23192","page","type-page","status-publish","has-post-thumbnail","hentry"],"publishpress_future_action":{"enabled":false,"date":"2026-04-16 15:45:09","action":"change-status","newStatus":"draft","terms":[],"taxonomy":"translation_priority","extraData":[]},"publishpress_future_workflow_manual_trigger":{"enabledWorkflows":[]},"_links":{"self":[{"href":"https:\/\/soib.es\/es\/wp-json\/wp\/v2\/pages\/23192","targetHints":{"allow":["GET"]}}],"collection":[{"href":"https:\/\/soib.es\/es\/wp-json\/wp\/v2\/pages"}],"about":[{"href":"https:\/\/soib.es\/es\/wp-json\/wp\/v2\/types\/page"}],"author":[{"embeddable":true,"href":"https:\/\/soib.es\/es\/wp-json\/wp\/v2\/users\/13"}],"replies":[{"embeddable":true,"href":"https:\/\/soib.es\/es\/wp-json\/wp\/v2\/comments?post=23192"}],"version-history":[{"count":0,"href":"https:\/\/soib.es\/es\/wp-json\/wp\/v2\/pages\/23192\/revisions"}],"wp:featuredmedia":[{"embeddable":true,"href":"https:\/\/soib.es\/es\/wp-json\/wp\/v2\/media\/60110"}],"wp:attachment":[{"href":"https:\/\/soib.es\/es\/wp-json\/wp\/v2\/media?parent=23192"}],"curies":[{"name":"wp","href":"https:\/\/api.w.org\/{rel}","templated":true}]}}