{"id":2297,"date":"2018-01-18T09:50:29","date_gmt":"2018-01-18T08:50:29","guid":{"rendered":"https:\/\/soib.es\/reconocimiento-de-la-experiencia-laboral-para-obtener-una-cualificacion-profesional\/"},"modified":"2022-06-15T09:27:38","modified_gmt":"2022-06-15T07:27:38","slug":"reconocimiento-de-la-experiencia-laboral-para-obtener-una-cualificacion-profesional","status":"publish","type":"page","link":"https:\/\/soib.es\/es\/reconocimiento-de-la-experiencia-laboral-para-obtener-una-cualificacion-profesional\/","title":{"rendered":"Reconocimiento de la experiencia laboral para obtener una Cualificaci\u00f3n Profesional"},"content":{"rendered":"<p>[et_pb_section fb_built=\u00bb1&#8243; _builder_version=\u00bb3.22&#8243; background_color=\u00bb#f7f7f7&#8243; custom_padding=\u00bb25px|0px|25px|0px\u00bb][et_pb_row _builder_version=\u00bb3.25&#8243;][et_pb_column type=\u00bb4_4&#8243; _builder_version=\u00bb3.25&#8243; custom_padding=\u00bb|||\u00bb custom_padding__hover=\u00bb|||\u00bb][et_pb_text _builder_version=\u00bb4.8.2&#8243;]<\/p>\n<h1><strong>Acreditaci\u00f3n de las Competencias Profesionales<\/strong><\/h1>\n<p>[\/et_pb_text][\/et_pb_column][\/et_pb_row][\/et_pb_section][et_pb_section fb_built=\u00bb1&#8243; _builder_version=\u00bb3.22&#8243; custom_padding=\u00bb25px|0px|54px|0px\u00bb][et_pb_row _builder_version=\u00bb3.25&#8243;][et_pb_column type=\u00bb4_4&#8243; _builder_version=\u00bb3.25&#8243; custom_padding=\u00bb|||\u00bb custom_padding__hover=\u00bb|||\u00bb][et_pb_text _builder_version=\u00bb3.27.4&#8243;]<\/p>\n<p><span>Seg\u00fan<\/span><span class=\"s-info\"><span>\u00a0<\/span>el Real Decreto 1224\/2009, de 17 de julio, de reconocimiento de las competencias profesionales adquiridas por experiencia laboral, se entiende por<span>\u00a0<\/span><b>procedimiento de evaluaci\u00f3n y acreditaci\u00f3n de las competencias profesionales<\/b><span>\u00a0<\/span>el conjunto de actuaciones dirigidas a evaludar y reconocer estas<\/span><span>compet\u00e9ncias adquiridas a trav\u00e9s de la experiencia laboral o de v\u00edas no formales de formaci\u00f3n.<\/span><\/p>\n<p><span>El Instituto de Calificaciones de las Islas Baleares (IQPIB) es el \u00f3rgano encargado de desarrollar la estructura organizativa responsable del procedimiento, as\u00ed como de gestionar y coordinar el procedimiento de evaluaci\u00f3n y acreditaci\u00f3n en el \u00e1mbito de la Comunidad Aut\u00f3noma de las Islas Baleares, tal y como se especifica en el Decreto 55\/2011, de 20 de mayo, regulador de la estructura organizativa del procedimiento de reconocimiento de las competencias profesionales adquiridas por la experiencia laboral o v\u00edas no formales de formaci\u00f3n a la comunidad aut\u00f3noma de las Islas Baleares.<\/span><\/p>\n<p><span>Encontrar\u00e1 m\u00e1s informaci\u00f3n sobre las convocatorias CAIB, en los siguientes enlaces:<\/span><\/p>\n<p>[\/et_pb_text][\/et_pb_column][\/et_pb_row][et_pb_row column_structure=\u00bb2_3,1_3&#8243; _builder_version=\u00bb3.25&#8243;][et_pb_column type=\u00bb2_3&#8243; _builder_version=\u00bb3.25&#8243; custom_padding=\u00bb|||\u00bb custom_padding__hover=\u00bb|||\u00bb][et_pb_blurb title=\u00bbEnlaces\u00bb use_icon=\u00bbon\u00bb font_icon=\u00bb%%32%%\u00bb icon_color=\u00bb#e01f4e\u00bb icon_placement=\u00bbleft\u00bb use_icon_font_size=\u00bbon\u00bb icon_font_size=\u00bb25px\u00bb _builder_version=\u00bb4.9.4&#8243; animation=\u00bboff\u00bb hover_enabled=\u00bb0&#8243; sticky_enabled=\u00bb0&#8243;]<\/p>\n<ul>\n<li><a style=\"color: #e01f4e;\" href=\"https:\/\/www.caib.es\/sites\/iqpib\/es\/inicio_0\/?campa=yes\" target=\"_blank\" rel=\"noopener noreferrer\">IQPIB (Instituto de Cualificaciones de las Islas Baleares)<\/a><\/li>\n<li><a style=\"color: #e01f4e;\" href=\"http:\/\/www.sepe.es\/contenidos\/intermedia.html\" target=\"_blank\" rel=\"noopener noreferrer\">SEPE (Servicio P\u00fablico de Empleo Estatal)<\/a><\/li>\n<li><a style=\"color: #e01f4e;\" href=\"http:\/\/todofp.es\/todofp\/formacion\/acreditacion-de-competencias.html\" target=\"_blank\" rel=\"noopener noreferrer\">Ministerio de Educaci\u00f3n<\/a><\/li>\n<\/ul>\n<p>[\/et_pb_blurb][\/et_pb_column][et_pb_column type=\u00bb1_3&#8243; _builder_version=\u00bb3.25&#8243; custom_padding=\u00bb|||\u00bb custom_padding__hover=\u00bb|||\u00bb][\/et_pb_column][\/et_pb_row][\/et_pb_section][et_pb_section fb_built=\u00bb1&#8243; disabled_on=\u00bboff|off|off\u00bb _builder_version=\u00bb4.6.6&#8243; background_color=\u00bb#f4f5f4&#8243; height=\u00bb5px\u00bb custom_padding=\u00bb0px||0px||false|false\u00bb global_module=\u00bb7644&#8243; saved_tabs=\u00bball\u00bb][\/et_pb_section][et_pb_section fb_built=\u00bb1&#8243; disabled_on=\u00bboff|off|off\u00bb _builder_version=\u00bb4.9.4&#8243; background_color=\u00bb#f4f5f4&#8243; height=\u00bb5px\u00bb custom_padding=\u00bb0px||0px||false|false\u00bb global_module=\u00bb7646&#8243; saved_tabs=\u00bball\u00bb][\/et_pb_section][et_pb_section fb_built=\u00bb1&#8243; disabled_on=\u00bboff|off|off\u00bb _builder_version=\u00bb4.9.4&#8243; background_color=\u00bb#f4f5f4&#8243; height=\u00bb5px\u00bb custom_padding=\u00bb0px||0px||false|false\u00bb global_module=\u00bb7647&#8243; saved_tabs=\u00bball\u00bb][\/et_pb_section]<\/p>\n","protected":false},"excerpt":{"rendered":"<p>Acreditaci\u00f3n de las Competencias ProfesionalesSeg\u00fan\u00a0el Real Decreto 1224\/2009, de 17 de julio, de reconocimiento de las competencias profesionales adquiridas por experiencia laboral, se entiende por\u00a0procedimiento de evaluaci\u00f3n y acreditaci\u00f3n de las competencias profesionales\u00a0el conjunto de actuaciones dirigidas a evaludar y reconocer estascompet\u00e9ncias adquiridas a trav\u00e9s de la experiencia laboral o de v\u00edas no formales de [&hellip;]<\/p>\n","protected":false},"author":1,"featured_media":0,"parent":0,"menu_order":0,"comment_status":"closed","ping_status":"closed","template":"","meta":{"_et_pb_use_builder":"on","_et_pb_old_content":"","_et_gb_content_width":"","footnotes":"","_links_to":"","_links_to_target":""},"class_list":["post-2297","page","type-page","status-publish","hentry"],"publishpress_future_action":{"enabled":false,"date":"2026-04-26 15:13:50","action":"change-status","newStatus":"draft","terms":[],"taxonomy":"translation_priority","extraData":[]},"publishpress_future_workflow_manual_trigger":{"enabledWorkflows":[]},"_links":{"self":[{"href":"https:\/\/soib.es\/es\/wp-json\/wp\/v2\/pages\/2297","targetHints":{"allow":["GET"]}}],"collection":[{"href":"https:\/\/soib.es\/es\/wp-json\/wp\/v2\/pages"}],"about":[{"href":"https:\/\/soib.es\/es\/wp-json\/wp\/v2\/types\/page"}],"author":[{"embeddable":true,"href":"https:\/\/soib.es\/es\/wp-json\/wp\/v2\/users\/1"}],"replies":[{"embeddable":true,"href":"https:\/\/soib.es\/es\/wp-json\/wp\/v2\/comments?post=2297"}],"version-history":[{"count":0,"href":"https:\/\/soib.es\/es\/wp-json\/wp\/v2\/pages\/2297\/revisions"}],"wp:attachment":[{"href":"https:\/\/soib.es\/es\/wp-json\/wp\/v2\/media?parent=2297"}],"curies":[{"name":"wp","href":"https:\/\/api.w.org\/{rel}","templated":true}]}}