{"id":2259,"date":"2018-01-18T09:27:53","date_gmt":"2018-01-18T08:27:53","guid":{"rendered":"https:\/\/soib.es\/sistema-nacional-de-cualificaciones-profesionales\/"},"modified":"2021-05-07T09:46:01","modified_gmt":"2021-05-07T07:46:01","slug":"sistema-nacional-de-cualificaciones-profesionales","status":"publish","type":"page","link":"https:\/\/soib.es\/es\/sistema-nacional-de-cualificaciones-profesionales\/","title":{"rendered":"Sistema nacional de cualificaciones profesionales"},"content":{"rendered":"<p>[et_pb_section fb_built=\u00bb1&#8243; _builder_version=\u00bb3.22&#8243; background_color=\u00bb#f7f7f7&#8243; custom_padding=\u00bb25px|0px|25px|0px\u00bb][et_pb_row _builder_version=\u00bb3.25&#8243;][et_pb_column type=\u00bb4_4&#8243; _builder_version=\u00bb3.25&#8243; custom_padding=\u00bb|||\u00bb custom_padding__hover=\u00bb|||\u00bb][et_pb_text _builder_version=\u00bb3.27.4&#8243;]<\/p>\n<h1><span><strong>Sistema Nacional de Cualificaciones Profesionals<\/strong><\/span><\/h1>\n<p>[\/et_pb_text][\/et_pb_column][\/et_pb_row][\/et_pb_section][et_pb_section fb_built=\u00bb1&#8243; _builder_version=\u00bb3.22&#8243; custom_padding=\u00bb20px|0px|54px|0px\u00bb][et_pb_row _builder_version=\u00bb3.25&#8243;][et_pb_column type=\u00bb4_4&#8243; _builder_version=\u00bb3.25&#8243; custom_padding=\u00bb|||\u00bb custom_padding__hover=\u00bb|||\u00bb][et_pb_text _builder_version=\u00bb4.9.4&#8243; hover_enabled=\u00bb0&#8243; sticky_enabled=\u00bb0&#8243;]<\/p>\n<p>La Ley Org\u00e1nica 5\/2002, de 19 de junio, de las cualificaciones y de la formaci\u00f3n profesional, en el art\u00edculo 2.1 establece que \u00abel Sistema Nacional de Cualificaciones y Formaci\u00f3n Profesional (SNQP) es el conjunto de instrumentos y acciones necesarios para promover y desarrollar la integraci\u00f3n de las ofertas de formaci\u00f3n profesional mediante el <a href=\"https:\/\/incual.mecd.es\/documents\/35348\/80300\/CNCP_listadoQ.pdf\/\" target=\"_blank\" rel=\"noopener\">Cat\u00e1logo Nacional de Cualificaciones Profesionales<\/a> \u00ab.<\/p>\n<p>[\/et_pb_text][\/et_pb_column][\/et_pb_row][et_pb_row column_structure=\u00bb2_3,1_3&#8243; _builder_version=\u00bb3.25&#8243;][et_pb_column type=\u00bb2_3&#8243; _builder_version=\u00bb3.25&#8243; custom_padding=\u00bb|||\u00bb custom_padding__hover=\u00bb|||\u00bb][et_pb_text _builder_version=\u00bb3.27.4&#8243;]Las calificaciones son el conjunto de competencias y de contenidos formativos agrupados por niveles de cualificaci\u00f3n y por familias profesionales con significaci\u00f3n para el empleo y constituyen la base para elaborar la oferta formativa de los t\u00edtulos de formaci\u00f3n profesional y de los certificados de profesionalidad, es decir, la creaci\u00f3n de la calificaci\u00f3n da posibilidad a la posterior creaci\u00f3n del t\u00edtulo de formaci\u00f3n profesional y del certificado de profesionalidad.<\/p>\n<p>El certificado de profesionalidad es el instrumento de acreditaci\u00f3n oficial de cualificaci\u00f3n del Cat\u00e1logo Nacional de Cualificaciones Profesionales de la administraci\u00f3n laboral. El Servicio de Ocupaci\u00f3n de las Islas Baleares los expide y gestiona en el marco del subsistema de formaci\u00f3n profesional para el empleo regulado en la ley 30\/2015, de 9 de septiembre, por la que se regula el Sistema de Formaci\u00f3n Profesional para el empleo en el \u00e1mbito laboral y en el Real decreto 694\/2107, de 3 de julio por el que se desarrolla la ley 30\/2015.[\/et_pb_text][\/et_pb_column][et_pb_column type=\u00bb1_3&#8243; _builder_version=\u00bb3.25&#8243; custom_padding=\u00bb|||\u00bb custom_padding__hover=\u00bb|||\u00bb][et_pb_gallery gallery_ids=\u00bb25976&#8243; fullwidth=\u00bbon\u00bb dbdb_version=\u00bb3.4.6&#8243; _builder_version=\u00bb4.8.0&#8243; max_width=\u00bb60%\u00bb module_alignment=\u00bbcenter\u00bb][\/et_pb_gallery][\/et_pb_column][\/et_pb_row][\/et_pb_section][et_pb_section fb_built=\u00bb1&#8243; disabled_on=\u00bbon|on|off\u00bb _builder_version=\u00bb3.22&#8243; background_color=\u00bb#df1f4f\u00bb custom_padding=\u00bb54px|0px|0px|0px\u00bb][et_pb_row column_structure=\u00bb1_4,1_4,1_4,1_4&#8243; _builder_version=\u00bb3.25&#8243; custom_padding=\u00bb0px|0px|27px|0px\u00bb][et_pb_column type=\u00bb1_4&#8243; _builder_version=\u00bb3.25&#8243; custom_padding=\u00bb|||\u00bb custom_padding__hover=\u00bb|||\u00bb][et_pb_blurb url=\u00bbhttps:\/\/twitter.com\/soibinfo?lang=es\u00bb use_icon=\u00bbon\u00bb font_icon=\u00bb%%292%%\u00bb icon_color=\u00bb#df1f4f\u00bb use_circle=\u00bbon\u00bb icon_placement=\u00bbleft\u00bb use_icon_font_size=\u00bbon\u00bb _builder_version=\u00bb3.0.82&#8243; animation=\u00bboff\u00bb][\/et_pb_blurb][\/et_pb_column][et_pb_column type=\u00bb1_4&#8243; _builder_version=\u00bb3.25&#8243; custom_padding=\u00bb|||\u00bb custom_css_main_element=\u00bbmargin-left: -20%;\u00bb custom_padding__hover=\u00bb|||\u00bb][et_pb_blurb url=\u00bbhttps:\/\/www.facebook.com\/SOIBINFO\/\u00bb use_icon=\u00bbon\u00bb font_icon=\u00bb%%291%%\u00bb icon_color=\u00bb#df1f4f\u00bb use_circle=\u00bbon\u00bb icon_placement=\u00bbleft\u00bb _builder_version=\u00bb3.0.82&#8243; animation=\u00bboff\u00bb][\/et_pb_blurb][\/et_pb_column][et_pb_column type=\u00bb1_4&#8243; _builder_version=\u00bb3.25&#8243; custom_padding=\u00bb|||\u00bb custom_css_main_element=\u00bbmargin-left: 32px;\u00bb custom_padding__hover=\u00bb|||\u00bb][et_pb_image src=\u00bbhttps:\/\/soib.es\/wp-content\/uploads\/2017\/10\/ue3.gif\u00bb align_tablet=\u00bbcenter\u00bb align_phone=\u00bb\u00bb align_last_edited=\u00bbon|desktop\u00bb _builder_version=\u00bb3.23&#8243; module_alignment=\u00bbleft\u00bb][\/et_pb_image][\/et_pb_column][et_pb_column type=\u00bb1_4&#8243; _builder_version=\u00bb3.25&#8243; custom_padding=\u00bb|||\u00bb custom_css_main_element=\u00bbmargin-left: 100px;\u00bb custom_padding__hover=\u00bb|||\u00bb][et_pb_text _builder_version=\u00bb3.27.4&#8243; custom_css_main_element=\u00bbwidth: 150%;\u00bb]<\/p>\n<p style=\"color: #fff; text-align: right;\">Servicio de Ocupaci\u00f3n de las Islas Baleares (SOIB):<\/p>\n<p style=\"color: #fff; text-align: right;\">Cam\u00ed vell de Bunyola, 43, 1\u00ba &#8211; Edificio rotonda Asima<\/p>\n<p style=\"color: #fff; text-align: right;\">Pol\u00edgono de son Castell\u00f3 &#8211; 07009 Palma<\/p>\n<p style=\"color: #fff; text-align: right;\">Tel\u00e9fono <a style=\"color: #fff;\" href=\"tel:+34971784991\">971784991<\/a> &#8211; Fax 971784942<\/p>\n<p>[\/et_pb_text][\/et_pb_column][\/et_pb_row][\/et_pb_section][et_pb_section fb_built=\u00bb1&#8243; disabled_on=\u00bbon|off|on\u00bb _builder_version=\u00bb3.22&#8243; background_color=\u00bb#df1f4f\u00bb custom_padding=\u00bb20px|0px|0px|0px\u00bb][et_pb_row _builder_version=\u00bb3.25&#8243; custom_padding=\u00bb0px|0px|27px|0px\u00bb][et_pb_column type=\u00bb4_4&#8243; _builder_version=\u00bb3.25&#8243; custom_padding=\u00bb|||\u00bb custom_padding__hover=\u00bb|||\u00bb][et_pb_text _builder_version=\u00bb3.27.4&#8243; custom_css_main_element=\u00bbwidth: 150%;\u00bb]<\/p>\n<p style=\"color: #fff;\">Servicio de Ocupaci\u00f3n de las Islas Baleares (SOIB):<\/p>\n<p style=\"color: #fff;\">Cam\u00ed vell de Bunyola, 43, 1\u00ba &#8211; Edificio rotonda Asima<\/p>\n<p style=\"color: #fff;\">Pol\u00edgono de son Castell\u00f3 &#8211; 07009 Palma<\/p>\n<p style=\"color: #fff;\">Tel\u00e9fono <a style=\"color: #fff;\" href=\"tel:+34971784991\">971784991<\/a> &#8211; Fax 971784942<\/p>\n<p>[\/et_pb_text][et_pb_image src=\u00bbhttps:\/\/soib.es\/wp-content\/uploads\/2017\/10\/ue3.gif\u00bb align_tablet=\u00bbcenter\u00bb align_phone=\u00bb\u00bb align_last_edited=\u00bbon|desktop\u00bb _builder_version=\u00bb3.23&#8243; max_width=\u00bb50%\u00bb module_alignment=\u00bbcenter\u00bb][\/et_pb_image][et_pb_blurb url=\u00bbhttps:\/\/twitter.com\/soibinfo?lang=es\u00bb use_icon=\u00bbon\u00bb font_icon=\u00bb%%292%%\u00bb icon_color=\u00bb#df1f4f\u00bb use_circle=\u00bbon\u00bb icon_placement=\u00bbleft\u00bb use_icon_font_size=\u00bbon\u00bb _builder_version=\u00bb3.0.82&#8243; animation=\u00bboff\u00bb custom_css_main_element=\u00bbfloat: right;\u00bb][\/et_pb_blurb][et_pb_blurb url=\u00bbhttps:\/\/www.facebook.com\/SOIBINFO\/\u00bb use_icon=\u00bbon\u00bb font_icon=\u00bb%%291%%\u00bb icon_color=\u00bb#df1f4f\u00bb use_circle=\u00bbon\u00bb icon_placement=\u00bbleft\u00bb _builder_version=\u00bb3.0.82&#8243; animation=\u00bboff\u00bb][\/et_pb_blurb][\/et_pb_column][\/et_pb_row][\/et_pb_section][et_pb_section fb_built=\u00bb1&#8243; disabled_on=\u00bboff|on|on\u00bb _builder_version=\u00bb3.22&#8243; background_color=\u00bb#df1f4f\u00bb][et_pb_row _builder_version=\u00bb3.25&#8243; custom_padding=\u00bb15px|0px|0px|0px\u00bb][et_pb_column type=\u00bb4_4&#8243; _builder_version=\u00bb3.25&#8243; custom_padding=\u00bb|||\u00bb custom_padding__hover=\u00bb|||\u00bb][et_pb_text _builder_version=\u00bb3.27.4&#8243;]<\/p>\n<p style=\"color: #fff;\">Servicio de Ocupaci\u00f3n de las Islas Baleares (SOIB):<\/p>\n<p style=\"color: #fff;\">Cam\u00ed Vell de Bunyola, 43, 1\u00aa &#8211; edificio rotonda Asima<\/p>\n<p style=\"color: #fff;\">Pol\u00edgono de son Castell\u00f3 &#8211; 07009 Palma<\/p>\n<p style=\"color: #fff;\">Tel\u00e9fono 971784991 &#8211; Fax 971784942<\/p>\n<p>[\/et_pb_text][\/et_pb_column][\/et_pb_row][et_pb_row _builder_version=\u00bb3.25&#8243; custom_padding=\u00bb15px|0px|0px|0px\u00bb][et_pb_column type=\u00bb4_4&#8243; _builder_version=\u00bb3.25&#8243; custom_padding=\u00bb|||\u00bb custom_padding__hover=\u00bb|||\u00bb][et_pb_image src=\u00bbhttps:\/\/soib.es\/wp-content\/uploads\/2017\/10\/ue3.gif\u00bb align_tablet=\u00bbcenter\u00bb align_phone=\u00bb\u00bb align_last_edited=\u00bbon|desktop\u00bb _builder_version=\u00bb3.23&#8243; max_width=\u00bb50%\u00bb][\/et_pb_image][\/et_pb_column][\/et_pb_row][et_pb_row _builder_version=\u00bb3.25&#8243; custom_padding=\u00bb0px|0px|0px|0px\u00bb][et_pb_column type=\u00bb4_4&#8243; _builder_version=\u00bb3.25&#8243; custom_padding=\u00bb|||\u00bb custom_padding__hover=\u00bb|||\u00bb][et_pb_blurb url=\u00bbhttps:\/\/www.facebook.com\/SOIBINFO\/\u00bb use_icon=\u00bbon\u00bb font_icon=\u00bb%%291%%\u00bb icon_color=\u00bb#df1f4f\u00bb use_circle=\u00bbon\u00bb icon_placement=\u00bbleft\u00bb _builder_version=\u00bb3.0.82&#8243; animation=\u00bboff\u00bb][\/et_pb_blurb][et_pb_blurb url=\u00bbhttps:\/\/twitter.com\/soibinfo?lang=es\u00bb use_icon=\u00bbon\u00bb font_icon=\u00bb%%292%%\u00bb icon_color=\u00bb#df1f4f\u00bb use_circle=\u00bbon\u00bb icon_placement=\u00bbleft\u00bb _builder_version=\u00bb3.0.82&#8243; animation=\u00bboff\u00bb][\/et_pb_blurb][\/et_pb_column][\/et_pb_row][\/et_pb_section]<\/p>\n","protected":false},"excerpt":{"rendered":"<p>Sistema Nacional de Cualificaciones ProfesionalsLa Ley Org\u00e1nica 5\/2002, de 19 de junio, de las cualificaciones y de la formaci\u00f3n profesional, en el art\u00edculo 2.1 establece que \u00abel Sistema Nacional de Cualificaciones y Formaci\u00f3n Profesional (SNQP) es el conjunto de instrumentos y acciones necesarios para promover y desarrollar la integraci\u00f3n de las ofertas de formaci\u00f3n profesional [&hellip;]<\/p>\n","protected":false},"author":1,"featured_media":0,"parent":0,"menu_order":0,"comment_status":"closed","ping_status":"closed","template":"","meta":{"_et_pb_use_builder":"on","_et_pb_old_content":"","_et_gb_content_width":"","footnotes":"","_links_to":"","_links_to_target":""},"class_list":["post-2259","page","type-page","status-publish","hentry"],"publishpress_future_action":{"enabled":false,"date":"2026-04-15 23:31:10","action":"change-status","newStatus":"draft","terms":[],"taxonomy":"translation_priority","extraData":[]},"publishpress_future_workflow_manual_trigger":{"enabledWorkflows":[]},"_links":{"self":[{"href":"https:\/\/soib.es\/es\/wp-json\/wp\/v2\/pages\/2259","targetHints":{"allow":["GET"]}}],"collection":[{"href":"https:\/\/soib.es\/es\/wp-json\/wp\/v2\/pages"}],"about":[{"href":"https:\/\/soib.es\/es\/wp-json\/wp\/v2\/types\/page"}],"author":[{"embeddable":true,"href":"https:\/\/soib.es\/es\/wp-json\/wp\/v2\/users\/1"}],"replies":[{"embeddable":true,"href":"https:\/\/soib.es\/es\/wp-json\/wp\/v2\/comments?post=2259"}],"version-history":[{"count":0,"href":"https:\/\/soib.es\/es\/wp-json\/wp\/v2\/pages\/2259\/revisions"}],"wp:attachment":[{"href":"https:\/\/soib.es\/es\/wp-json\/wp\/v2\/media?parent=2259"}],"curies":[{"name":"wp","href":"https:\/\/api.w.org\/{rel}","templated":true}]}}