{"id":2223,"date":"2018-01-17T16:27:14","date_gmt":"2018-01-17T15:27:14","guid":{"rendered":"https:\/\/soib.es\/niveles-de-calificacion-de-los-certificados-de-profesionalidad-y-requisitos-de-acceso\/"},"modified":"2024-05-22T10:34:05","modified_gmt":"2024-05-22T08:34:05","slug":"niveles-de-calificacion-de-los-certificados-de-profesionalidad-y-requisitos-de-acceso","status":"publish","type":"page","link":"https:\/\/soib.es\/es\/niveles-de-calificacion-de-los-certificados-de-profesionalidad-y-requisitos-de-acceso\/","title":{"rendered":"Niveles de cualificaci\u00f3n de los certificados de profesionalidad y requisitos de acceso"},"content":{"rendered":"<p>[et_pb_section fb_built=\u00bb1&#8243; _builder_version=\u00bb4.16&#8243; background_color=\u00bb#f7f7f7&#8243; custom_padding=\u00bb25px|0px|25px|0px\u00bb global_colors_info=\u00bb{}\u00bb][et_pb_row _builder_version=\u00bb4.16&#8243; custom_padding=\u00bb27px|0px|18px|0px\u00bb global_colors_info=\u00bb{}\u00bb][et_pb_column type=\u00bb4_4&#8243; _builder_version=\u00bb4.16&#8243; custom_padding=\u00bb|||\u00bb global_colors_info=\u00bb{}\u00bb custom_padding__hover=\u00bb|||\u00bb][et_pb_text _builder_version=\u00bb4.16&#8243; global_colors_info=\u00bb{}\u00bb]<\/p>\n<h1><span><strong>Sistema Nacional de Cualificaciones Profesionales<\/strong><\/span><\/h1>\n<p>[\/et_pb_text][\/et_pb_column][\/et_pb_row][\/et_pb_section][et_pb_section fb_built=\u00bb1&#8243; _builder_version=\u00bb4.16&#8243; custom_padding=\u00bb20px|0px|54px|0px\u00bb global_colors_info=\u00bb{}\u00bb][et_pb_row _builder_version=\u00bb4.16&#8243; global_colors_info=\u00bb{}\u00bb][et_pb_column type=\u00bb4_4&#8243; _builder_version=\u00bb4.16&#8243; custom_padding=\u00bb|||\u00bb global_colors_info=\u00bb{}\u00bb custom_padding__hover=\u00bb|||\u00bb][et_pb_text _builder_version=\u00bb4.23.1&#8243; hover_enabled=\u00bb0&#8243; global_colors_info=\u00bb{}\u00bb sticky_enabled=\u00bb0&#8243;]<\/p>\n<p>El Real Decreto 1128\/2003, de 5 de septiembre, por el que se regula el Cat\u00e1logo Nacional de Cualificaciones Profesionales establece en el anexo II los niveles de cualificaci\u00f3n, de los que la formaci\u00f3n profesional para el empleo acredita los niveles 1, 2 y 3;<\/p>\n<p>Nivel 1: competencia en un conjunto reducido de actividades de trabajo relativamente simples correspondientes a procesos normalizados, donde los conocimientos te\u00f3ricos y las capacidades pr\u00e1cticas para aplicar son limitados.<\/p>\n<p>Nivel 2: competencia en un conjunto de actividades profesionales bien determinadas con la capacidad de utilizar los instrumentos y las t\u00e9cnicas propias, que concierne principalmente un trabajo de ejecuci\u00f3n que puede ser aut\u00f3nomo en el l\u00edmite de las t\u00e9cnicas mencionadas. Requiere conocimientos de los fundamentos t\u00e9cnicos y cient\u00edficos de su actividad y capacidades de comprensi\u00f3n y aplicaci\u00f3n del proceso.<\/p>\n<p>Nivel 3: competencia en un conjunto de actividades profesionales que requieren el dominio de diversas t\u00e9cnicas y puede ser ejecutado de manera aut\u00f3noma, comporta responsabilidad de coordinaci\u00f3n y supervisi\u00f3n de trabajo t\u00e9cnico y especializado. Exige la comprensi\u00f3n de los fundamentos t\u00e9cnicos y cient\u00edficos de las actividades y la evaluaci\u00f3n de los factores del proceso y de sus repercusiones econ\u00f3micas.<\/p>\n<p>[\/et_pb_text][et_pb_text _builder_version=\u00bb4.23.1&#8243; global_colors_info=\u00bb{}\u00bb]<\/p>\n<h4 style=\"color: #e01f4e;\"><span style=\"color: #333333;\"><strong>Requisitos de acceso<\/strong><\/span><\/h4>\n<p>El art\u00edculo 20 del Real Decreto 34\/2008, de 18 de enero, por el cual se regulan los certificados de profesionalidad, establece los requisitos de acceso a la formaci\u00f3n de los certificados de profesionalidad, y establece tambi\u00e9n que corresponde a la Administraci\u00f3n laboral competente comprobar que el alumnado\u00a0tenga\u00a0los requisitos formativos y profesionales para cursar con aprovechamiento la formaci\u00f3n.<\/p>\n<p>[\/et_pb_text][et_pb_accordion db_initial_state=\u00bball_closed\u00bb closed_toggle_text_color=\u00bb#cb023e\u00bb icon_color=\u00bb#cb023e\u00bb _builder_version=\u00bb4.16&#8243; _module_preset=\u00bbdefault\u00bb closed_toggle_font=\u00bb|700|||||||\u00bb global_colors_info=\u00bb{}\u00bb][et_pb_accordion_item title=\u00bbRequisitos nivel 1&#8243; open=\u00bbon\u00bb _builder_version=\u00bb4.16&#8243; _module_preset=\u00bbdefault\u00bb global_colors_info=\u00bb{}\u00bb]<\/p>\n<ul>\n<li>No hay requisitos de acceso y, por lo tanto, no hay titulaci\u00f3n m\u00ednima para aportar<\/li>\n<\/ul>\n<p>[\/et_pb_accordion_item][et_pb_accordion_item title=\u00bbRequisitos nivel 2&#8243; _builder_version=\u00bb4.16&#8243; _module_preset=\u00bbdefault\u00bb global_colors_info=\u00bb{}\u00bb open=\u00bboff\u00bb]<\/p>\n<ul>\n<li>Tener el t\u00edtulo de graduado en educaci\u00f3n secundaria obligatoria (ESO)<\/li>\n<li>Tener 2\u00ba de bachillerato unificado polivalente (BUP) con un m\u00e1ximo de dos materias pendientes en el conjunto de los dos cursos<\/li>\n<li>Tener un certificado de profesionalidad (CP) de nivel 2<\/li>\n<li>Tener un certificado (CP) de nivel 1 de la misma familia y \u00e1rea profesional del certificado al cual se quiere acceder. En caso de que no haya un certificado de profesionalidad de nivel 2 de la misma \u00e1rea, se podr\u00e1 acceder tambi\u00e9n si el certificado es de otra \u00e1rea de la misma familia profesional<\/li>\n<li>Haber superado un m\u00f3dulo formativo que pertenece al certificado de profesionalidad al cual se quiere acceder<\/li>\n<li>Tener un t\u00edtulo de t\u00e9cnico auxiliar (formaci\u00f3n profesional de primer grado -FP1)<\/li>\n<li>Cumplir alguno de los requisitos acad\u00e9micos de acceso a los ciclos formativos de grado medio:\n<ul>\n<li>Tener el t\u00edtulo de graduado en educaci\u00f3n secundaria obligatoria o un t\u00edtulo de nivel acad\u00e9mico superior<\/li>\n<li>Tener un t\u00edtulo de formaci\u00f3n profesional b\u00e1sica<\/li>\n<li>Haber superado los m\u00f3dulos obligatorios de un programa de cualificaci\u00f3n profesional inicial (PQPI)<\/li>\n<li>Haber superado el curso de formaci\u00f3n espec\u00edfico para el acceso a ciclos de grado mediano de formaci\u00f3n profesional en centros p\u00fablicos o privados autorizados por la Administraci\u00f3n educativa<\/li>\n<li>Haber superado la prueba de acceso a cualquier ciclo formativo de grado medio o de grado superior de formaci\u00f3n profesional<\/li>\n<\/ul>\n<\/li>\n<li>Haber superado la prueba de acceso a la universidad para mayores de 25 a\u00f1os y\/o 45 a\u00f1os<\/li>\n<li>Tener o superar las pruebas de competencias clave necesarias para cursar con aprovechamiento la formaci\u00f3n correspondiente al certificado de profesionalidad (ver apartado \u00abPruebas de acceso a un CP\u00bb)<\/li>\n<\/ul>\n<p>[\/et_pb_accordion_item][et_pb_accordion_item title=\u00bbRequisitos nivel 3&#8243; _builder_version=\u00bb4.16&#8243; _module_preset=\u00bbdefault\u00bb global_colors_info=\u00bb{}\u00bb open=\u00bboff\u00bb]<\/p>\n<ul>\n<li>Tener el t\u00edtulo de Bachillerato o de BUP (bachillerato unificado polivalente)<\/li>\n<li>Tener un certificado de profesionalidad (CP) de nivel 3<\/li>\n<li>Tener un certificado de profesionalidad (CP) de nivel 2 de la misma familia y \u00e1rea profesional del certificado al cual se quiere acceder. En caso de que no haya un certificado de profesionalidad de nivel 2 de la misma \u00e1rea, se podr\u00e1 acceder tambi\u00e9n si el certificado es de otra \u00e1rea de la misma familia profesional<\/li>\n<li>Haber superado un m\u00f3dulo formativo que pertenece al certificado de profesionalidad al que se quiere acceder<\/li>\n<li>Cumplir alguno de los requisitos acad\u00e9micos de acceso a los ciclos formativos de grado superior:\n<ul>\n<li>Tener el t\u00edtulo de Bachiller o certificado acreditativo de haber superado todas las materias de Bachillerato, o tener un t\u00edtulo de nivel acad\u00e9mico superior<\/li>\n<li>Tener un t\u00edtulo de T\u00e9cnico de un ciclo formativo de grado medio o de grado superior<\/li>\n<li>Haber superado el curso de formaci\u00f3n espec\u00edfico para el acceso a ciclos de grado superior de formaci\u00f3n profesional en centros p\u00fablicos o privados autorizados por la Administraci\u00f3n educativa<\/li>\n<li>Haber superado la prueba de acceso a ciclos formativos de grado superior de formaci\u00f3n profesional<\/li>\n<\/ul>\n<\/li>\n<\/ul>\n<ul>\n<li>Haber superado la prueba de acceso a la universidad para mayores de 25 a\u00f1os y\/o 45 a\u00f1os<\/li>\n<li>Tener o haber superado las pruebas de competencias clave necesarias para cursar con aprovechamiento la formaci\u00f3n del certificado de profesionalidad (ver apartado \u00abPruebas de acceso a un CP\u00bb)<\/li>\n<\/ul>\n<p>[\/et_pb_accordion_item][\/et_pb_accordion][et_pb_text _builder_version=\u00bb4.16&#8243; global_colors_info=\u00bb{}\u00bb]<\/p>\n<p>En los casos que el alumnado no\u00a0tenga\u00a0las titulaciones o las certificaciones establecidas para el acceso a los certificados de profesionalidad se llevar\u00e1n a cabo pruebas de competencia matem\u00e1tica y de comunicaci\u00f3n en lengua castellana y en lengua catalana, en el nivel que corresponda. Adem\u00e1s, para los que incluyan un m\u00f3dulo de lengua extranjera se requerir\u00e1n pruebas de competencia en comunicaci\u00f3n en la lengua extranjera en el nivel que corresponda.<\/p>\n<p>Para verificar con objetividad y rigor t\u00e9cnico el cumplimiento de estos requisitos, los servicios p\u00fablicos de ocupaci\u00f3n tienen que determinar el procedimiento de ejecuci\u00f3n de las pruebas de competencias clave necesarias para acceder a la formaci\u00f3n de los certificados de profesionalidad, como parte del proceso de selecci\u00f3n de los alumnos, as\u00ed como los resultados concretos que tienen que comprobar y los criterios para mesurarlos. Las pruebas se realizar\u00e1n en los centros educativos para personas adultas (CEPA).<\/p>\n<p>El alumnado apto de las pruebas de competencias clave obtendr\u00e1 un certificado en que se relacionen las competencias clave con evaluaci\u00f3n positiva expedido por la direcci\u00f3n del\u00a0SOIB.<\/p>\n<p>[\/et_pb_text][\/et_pb_column][\/et_pb_row][\/et_pb_section]<\/p>\n","protected":false},"excerpt":{"rendered":"<p>Sistema Nacional de Cualificaciones ProfesionalesEl Real Decreto 1128\/2003, de 5 de septiembre, por el que se regula el Cat\u00e1logo Nacional de Cualificaciones Profesionales establece en el anexo II los niveles de cualificaci\u00f3n, de los que la formaci\u00f3n profesional para el empleo acredita los niveles 1, 2 y 3; Nivel 1: competencia en un conjunto reducido [&hellip;]<\/p>\n","protected":false},"author":1,"featured_media":0,"parent":0,"menu_order":0,"comment_status":"closed","ping_status":"closed","template":"","meta":{"_et_pb_use_builder":"on","_et_pb_old_content":"","_et_gb_content_width":"","footnotes":"","_links_to":"","_links_to_target":""},"class_list":["post-2223","page","type-page","status-publish","hentry"],"publishpress_future_action":{"enabled":false,"date":"2026-04-15 23:25:30","action":"change-status","newStatus":"draft","terms":[],"taxonomy":"translation_priority","extraData":[]},"publishpress_future_workflow_manual_trigger":{"enabledWorkflows":[]},"_links":{"self":[{"href":"https:\/\/soib.es\/es\/wp-json\/wp\/v2\/pages\/2223","targetHints":{"allow":["GET"]}}],"collection":[{"href":"https:\/\/soib.es\/es\/wp-json\/wp\/v2\/pages"}],"about":[{"href":"https:\/\/soib.es\/es\/wp-json\/wp\/v2\/types\/page"}],"author":[{"embeddable":true,"href":"https:\/\/soib.es\/es\/wp-json\/wp\/v2\/users\/1"}],"replies":[{"embeddable":true,"href":"https:\/\/soib.es\/es\/wp-json\/wp\/v2\/comments?post=2223"}],"version-history":[{"count":0,"href":"https:\/\/soib.es\/es\/wp-json\/wp\/v2\/pages\/2223\/revisions"}],"wp:attachment":[{"href":"https:\/\/soib.es\/es\/wp-json\/wp\/v2\/media?parent=2223"}],"curies":[{"name":"wp","href":"https:\/\/api.w.org\/{rel}","templated":true}]}}