{"id":2218,"date":"2018-01-17T15:57:44","date_gmt":"2018-01-17T14:57:44","guid":{"rendered":"https:\/\/soib.es\/modulo-de-practicas-profesionales-no-laborales\/"},"modified":"2024-01-26T12:29:34","modified_gmt":"2024-01-26T11:29:34","slug":"modulo-de-practicas-profesionales-no-laborales","status":"publish","type":"page","link":"https:\/\/soib.es\/es\/modulo-de-practicas-profesionales-no-laborales\/","title":{"rendered":"M\u00f3dulo de pr\u00e1cticas profesionales no laborales"},"content":{"rendered":"<p>[et_pb_section fb_built=\u00bb1&#8243; _builder_version=\u00bb4.16&#8243; background_color=\u00bb#f7f7f7&#8243; custom_padding=\u00bb25px|0px|25px|0px\u00bb global_colors_info=\u00bb{}\u00bb][et_pb_row _builder_version=\u00bb4.16&#8243; custom_padding=\u00bb27px|0px|15px|0px\u00bb global_colors_info=\u00bb{}\u00bb][et_pb_column type=\u00bb4_4&#8243; _builder_version=\u00bb4.16&#8243; custom_padding=\u00bb|||\u00bb global_colors_info=\u00bb{}\u00bb custom_padding__hover=\u00bb|||\u00bb][et_pb_text _builder_version=\u00bb4.16&#8243; global_colors_info=\u00bb{}\u00bb]<\/p>\n<h1><strong>M\u00f3dulo de Pr\u00e1cticas Profesionales no Laborales<\/strong><\/h1>\n<p>[\/et_pb_text][\/et_pb_column][\/et_pb_row][\/et_pb_section][et_pb_section fb_built=\u00bb1&#8243; _builder_version=\u00bb4.16&#8243; custom_padding=\u00bb20px|0px|54px|0px\u00bb global_colors_info=\u00bb{}\u00bb][et_pb_row _builder_version=\u00bb4.16&#8243; global_colors_info=\u00bb{}\u00bb][et_pb_column type=\u00bb4_4&#8243; _builder_version=\u00bb4.16&#8243; custom_padding=\u00bb|||\u00bb global_colors_info=\u00bb{}\u00bb custom_padding__hover=\u00bb|||\u00bb][et_pb_text _builder_version=\u00bb4.23.1&#8243; global_colors_info=\u00bb{}\u00bb]<\/p>\n<p>Los certificados de profesionalidades publicados a partir de febrero de 2008, seg\u00fan la normativa vigente, obliga a que hay una serie de capacidades que deben adquirirse en un entorno real de trabajo, del conjunto de M\u00f3dulos formativos que configuran el certificado de profesionalidad. Estas se organizar\u00e1n en un M\u00f3dulo de formaci\u00f3n pr\u00e1ctica que se ha de desarrollar en un centro de trabajo.<\/p>\n<p>Esta formaci\u00f3n tendr\u00e1 car\u00e1cter de pr\u00e1ctica profesional no laboral y se desarrollar\u00e1 a trav\u00e9s de un conjunto de actividades profesionales que permitir\u00e1n completar las competencias profesionales no adquiridas en el contexto formativo, tal como se expone en el art\u00edculo 5 bis del Real Decreto 34 \/ 2008, de 18 de enero, por el que se regulan los certificados de profesionalidad.<\/p>\n<p>El M\u00f3dulo de formaci\u00f3n pr\u00e1ctica en centros de trabajo se debe desarrollar cuando se hayan superado todas las acciones formativas (M\u00f3dulos docentes) mediante una evaluaci\u00f3n positiva.<\/p>\n<p>El centro de formaci\u00f3n que gestione la formaci\u00f3n que el SOIB le haya asignado ser\u00e1 el encargado de organizar las pr\u00e1cticas de los alumnos, mediante convenios o acuerdos entre el centro formativo y los centros de trabajo.<\/p>\n<p>[\/et_pb_text][\/et_pb_column][\/et_pb_row][et_pb_row column_structure=\u00bb1_2,1_2&#8243; _builder_version=\u00bb4.16&#8243; global_colors_info=\u00bb{}\u00bb][et_pb_column type=\u00bb1_2&#8243; _builder_version=\u00bb4.16&#8243; custom_padding=\u00bb|||\u00bb global_colors_info=\u00bb{}\u00bb custom_padding__hover=\u00bb|||\u00bb][et_pb_text _builder_version=\u00bb4.23.1&#8243; _module_preset=\u00bbdefault\u00bb global_colors_info=\u00bb{}\u00bb]<\/p>\n<a href='https:\/\/soib.es\/es\/exempcio-modul-de-practiques-professionals-no-laborals\/' class='small-button smallsilver' target=\"_blank\"><span style=\"color: #cb023e;\"><strong><span class=\"s1\">Exenci\u00f3n del m\u00f3dulo de pr\u00e1cticas profesionales no laborales<\/span><\/strong><\/span><\/a>\n<p>[\/et_pb_text][\/et_pb_column][et_pb_column type=\u00bb1_2&#8243; _builder_version=\u00bb4.16&#8243; custom_padding=\u00bb|||\u00bb global_colors_info=\u00bb{}\u00bb custom_padding__hover=\u00bb|||\u00bb][et_pb_text _builder_version=\u00bb4.23.1&#8243; _module_preset=\u00bbdefault\u00bb hover_enabled=\u00bb0&#8243; global_colors_info=\u00bb{}\u00bb sticky_enabled=\u00bb0&#8243;]<\/p>\n<a href='http:\/\/soib.es\/wp-content\/uploads\/2024\/01\/Nota-informativa-alta-SS-alumnado-modulo-de-practicas-25-01-24.pdf' class='small-button smallsilver' target=\"_blank\"><span style=\"color: #cb023e;\"><strong><span class=\"s1\">Obligatoriedad de incluir al alumnado de los m\u00f3dulos de pr\u00e1cticas de los CP en el sistema de Seguridad Social<\/span><\/strong><\/span><\/a>\n<p>[\/et_pb_text][\/et_pb_column][\/et_pb_row][\/et_pb_section]<\/p>\n","protected":false},"excerpt":{"rendered":"<p>M\u00f3dulo de Pr\u00e1cticas Profesionales no Laborales Los certificados de profesionalidades publicados a partir de febrero de 2008, seg\u00fan la normativa vigente, obliga a que hay una serie de capacidades que deben adquirirse en un entorno real de trabajo, del conjunto de M\u00f3dulos formativos que configuran el certificado de profesionalidad. Estas se organizar\u00e1n en un M\u00f3dulo [&hellip;]<\/p>\n","protected":false},"author":1,"featured_media":0,"parent":0,"menu_order":0,"comment_status":"closed","ping_status":"closed","template":"","meta":{"_et_pb_use_builder":"on","_et_pb_old_content":"","_et_gb_content_width":"","footnotes":"","_links_to":"","_links_to_target":""},"class_list":["post-2218","page","type-page","status-publish","hentry"],"publishpress_future_action":{"enabled":false,"date":"2026-04-12 14:32:58","action":"change-status","newStatus":"draft","terms":[],"taxonomy":"translation_priority","extraData":[]},"publishpress_future_workflow_manual_trigger":{"enabledWorkflows":[]},"_links":{"self":[{"href":"https:\/\/soib.es\/es\/wp-json\/wp\/v2\/pages\/2218","targetHints":{"allow":["GET"]}}],"collection":[{"href":"https:\/\/soib.es\/es\/wp-json\/wp\/v2\/pages"}],"about":[{"href":"https:\/\/soib.es\/es\/wp-json\/wp\/v2\/types\/page"}],"author":[{"embeddable":true,"href":"https:\/\/soib.es\/es\/wp-json\/wp\/v2\/users\/1"}],"replies":[{"embeddable":true,"href":"https:\/\/soib.es\/es\/wp-json\/wp\/v2\/comments?post=2218"}],"version-history":[{"count":0,"href":"https:\/\/soib.es\/es\/wp-json\/wp\/v2\/pages\/2218\/revisions"}],"wp:attachment":[{"href":"https:\/\/soib.es\/es\/wp-json\/wp\/v2\/media?parent=2218"}],"curies":[{"name":"wp","href":"https:\/\/api.w.org\/{rel}","templated":true}]}}