{"id":2213,"date":"2018-01-17T15:40:43","date_gmt":"2018-01-17T14:40:43","guid":{"rendered":"https:\/\/soib.es\/solicitar-un-certificado-de-profesionalidad\/"},"modified":"2021-01-14T11:47:00","modified_gmt":"2021-01-14T10:47:00","slug":"solicitar-un-certificado-de-profesionalidad","status":"publish","type":"page","link":"https:\/\/soib.es\/es\/solicitar-un-certificado-de-profesionalidad\/","title":{"rendered":"Solicitar un certificado de profesionalidad"},"content":{"rendered":"<p>[et_pb_section fb_built=\u00bb1&#8243; _builder_version=\u00bb3.22&#8243; background_color=\u00bb#f7f7f7&#8243; custom_padding=\u00bb25px|0px|25px|0px\u00bb][et_pb_row _builder_version=\u00bb3.25&#8243; custom_padding=\u00bb27px|0px|17px|0px\u00bb][et_pb_column type=\u00bb4_4&#8243; _builder_version=\u00bb3.25&#8243; custom_padding=\u00bb|||\u00bb custom_padding__hover=\u00bb|||\u00bb][et_pb_text _builder_version=\u00bb3.27.4&#8243;]<\/p>\n<h1><span><strong>Solicitar un Certificado de Profesionalidad<\/strong><\/span><\/h1>\n<p>[\/et_pb_text][\/et_pb_column][\/et_pb_row][\/et_pb_section][et_pb_section fb_built=\u00bb1&#8243; _builder_version=\u00bb3.22&#8243; custom_padding=\u00bb21px|0px|54px|0px\u00bb][et_pb_row _builder_version=\u00bb3.25&#8243;][et_pb_column type=\u00bb4_4&#8243; _builder_version=\u00bb3.25&#8243; custom_padding=\u00bb|||\u00bb custom_padding__hover=\u00bb|||\u00bb][et_pb_text _builder_version=\u00bb3.27.4&#8243;]<\/p>\n<p><span>(a) Quien supere, en el \u00e1mbito del subsistema de formaci\u00f3n profesional para la ocupaci\u00f3n la totalidad de los m\u00f3dulos formativos asociados a un certificado de profesionalidad, incluido el m\u00f3dulo de pr\u00e1cticas profesionales no laborales<\/span><\/p>\n<p><span>(b) Quien supere los contenidos de la formaci\u00f3n incluidos en los contratos para la formaci\u00f3n y los programas p\u00f1ublicos de ocupaci\u00f3n-formaci\u00f3n y que est\u00e9s asociados a las unidades de compet\u00e9ncia de los certificados de profesionalidad de la ocupaci\u00f3n relacionada con el oficio o lugar de trabajo previsto en el contrato laboral, impartida de conformidad con el articulo 11 de Real decreto 34\/2008, y siempre que contemple las unidades de compet\u00e9ncia que conforman el certificado de profesionalidad.<\/span><\/p>\n<p><span>(c) Quien, mediante procesos de avaluaci\u00f3n y acreditaci\u00f3n de compet\u00e9ncias profesionales adquiridas a trav\u00e9s de la experi\u00e9ncia laboral o vias no formales de formaci\u00f3n, acreditando haber superado la totalidad de las unidades de compet\u00e9ncia que componen un certificado de profesionalidad<\/span><\/p>\n<p><span>El Real decreto que regula la acreditaci\u00f3n de las compet\u00e9ncias profesionales y las vias no formales de formaci\u00f3n es el\u00a0<a href=\"http:\/\/www.caib.es\/microsites\/ctreball\/Soib\/WebCertificats\/docs\/pdfs\/rd1224_2009.pdf\" target=\"_blank\" rel=\"noopener\">RD 1224\/2009, de 17 de julio<\/a>.<\/span><\/p>\n<p><span>(d) Quien, a trav\u00e9s de el ense\u00f1amiento cursado en el sistema educativo, haya obtenido el certificado acad\u00e9mico que demuestre la superaci\u00f3n de la totalidad de los m\u00f3dulos profesionales asociados a las unidades de compet\u00e9ncia que componen un certificado de profesionalidad determinado, y el m\u00f3dulo de pr\u00e1cticas profesionales no laborales.<\/span><\/p>\n<p><span>Hay una correspond\u00e9ncia entre las unidades de compet\u00e9ncia de los t\u00edtulos de formaci\u00f3n profesional y de los certificados de profesionalidad<\/span><\/p>\n<p>[\/et_pb_text][et_pb_image src=\u00bbhttps:\/\/soib.es\/wp-content\/uploads\/2021\/01\/solC2B7licitar-un-cp-castellC3A0.jpg\u00bb alt=\u00bbexpedici\u00f3n de certificados soib Islas Baleares\u00bb title_text=\u00bbsollicitar un cp castell\u00bb align=\u00bbcenter\u00bb align_tablet=\u00bbcenter\u00bb align_last_edited=\u00bbon|desktop\u00bb _builder_version=\u00bb4.8.0&#8243; max_width=\u00bb50%\u00bb hover_enabled=\u00bb0&#8243; sticky_enabled=\u00bb0&#8243;][\/et_pb_image][et_pb_text _builder_version=\u00bb3.27.4&#8243;]<\/p>\n<p><span>Las unidades de compet\u00e9ncia acreditados para un certificado de profesionalidad o una acreditaci\u00f3n parcial, acumulable, expedida por la Administraci\u00f3n laboral competente, ser\u00e1n reconocidas por la Administraci\u00f3n educativa y tendr\u00e1n los efectos de convalidaci\u00f3n del m\u00f3dulo o m\u00f3dulos profesionales correspondientes de acuerdo con los Reales Decretos por los que establecen cada uno de los t\u00edtulos de formaci\u00f3n profesional, a quienes lo soliciten<\/span><\/p>\n<p>[\/et_pb_text][et_pb_image src=\u00bbhttps:\/\/soib.es\/wp-content\/uploads\/2021\/01\/Vies-obtenciC3B3-CP-castellC3A0.jpg\u00bb alt=\u00bbexpedici\u00f3n de certificados soib Islas Baleares\u00bb title_text=\u00bbVies obtenci CP castell\u00bb align=\u00bbcenter\u00bb align_tablet=\u00bbcenter\u00bb align_last_edited=\u00bbon|desktop\u00bb _builder_version=\u00bb4.8.0&#8243; max_width=\u00bb50%\u00bb hover_enabled=\u00bb0&#8243; sticky_enabled=\u00bb0&#8243;][\/et_pb_image][\/et_pb_column][\/et_pb_row][\/et_pb_section][et_pb_section fb_built=\u00bb1&#8243; disabled_on=\u00bbon|on|off\u00bb _builder_version=\u00bb3.22&#8243; background_color=\u00bb#df1f4f\u00bb custom_padding=\u00bb54px|0px|0px|0px\u00bb][et_pb_row _builder_version=\u00bb3.25&#8243; custom_padding=\u00bb0px|0px|27px|0px\u00bb column_structure=\u00bb1_4,1_4,1_4,1_4&#8243;][et_pb_column type=\u00bb1_4&#8243; _builder_version=\u00bb3.25&#8243; custom_padding=\u00bb|||\u00bb custom_padding__hover=\u00bb|||\u00bb][et_pb_blurb url=\u00bbhttps:\/\/twitter.com\/soibinfo?lang=es\u00bb use_icon=\u00bbon\u00bb font_icon=\u00bb%%292%%\u00bb icon_color=\u00bb#df1f4f\u00bb use_circle=\u00bbon\u00bb icon_placement=\u00bbleft\u00bb use_icon_font_size=\u00bbon\u00bb _builder_version=\u00bb3.0.82&#8243; animation=\u00bboff\u00bb][\/et_pb_blurb][\/et_pb_column][et_pb_column type=\u00bb1_4&#8243; _builder_version=\u00bb3.25&#8243; custom_padding=\u00bb|||\u00bb custom_css_main_element=\u00bbmargin-left: -20%;\u00bb custom_padding__hover=\u00bb|||\u00bb][et_pb_blurb url=\u00bbhttps:\/\/www.facebook.com\/SOIBINFO\/\u00bb use_icon=\u00bbon\u00bb font_icon=\u00bb%%291%%\u00bb icon_color=\u00bb#df1f4f\u00bb use_circle=\u00bbon\u00bb icon_placement=\u00bbleft\u00bb _builder_version=\u00bb3.0.82&#8243; animation=\u00bboff\u00bb][\/et_pb_blurb][\/et_pb_column][et_pb_column type=\u00bb1_4&#8243; _builder_version=\u00bb3.25&#8243; custom_padding=\u00bb|||\u00bb custom_css_main_element=\u00bbmargin-left: 32px;\u00bb custom_padding__hover=\u00bb|||\u00bb][et_pb_image src=\u00bbhttps:\/\/soib.es\/wp-content\/uploads\/2017\/10\/ue3.gif\u00bb align_tablet=\u00bbcenter\u00bb align_last_edited=\u00bbon|desktop\u00bb _builder_version=\u00bb3.23&#8243; module_alignment=\u00bbleft\u00bb][\/et_pb_image][\/et_pb_column][et_pb_column type=\u00bb1_4&#8243; _builder_version=\u00bb3.25&#8243; custom_padding=\u00bb|||\u00bb custom_css_main_element=\u00bbmargin-left: 100px;\u00bb custom_padding__hover=\u00bb|||\u00bb][et_pb_text _builder_version=\u00bb3.27.4&#8243; custom_css_main_element=\u00bbwidth: 150%;\u00bb]<\/p>\n<p style=\"color: #fff; text-align: right;\">Servicio de Ocupaci\u00f3n de les Islas Baleares (SOIB):<\/p>\n<p style=\"color: #fff; text-align: right;\">Cam\u00ed vell de Bunyola, 43, 1\u00ba &#8211; Edificio rotonda Asima<\/p>\n<p style=\"color: #fff; text-align: right;\">Pol\u00edgono de son Castell\u00f3 &#8211; 07009 Palma<\/p>\n<p style=\"color: #fff; text-align: right;\">Tel\u00e9fono <a style=\"color: #fff;\" href=\"tel:+34971784991\">971784991<\/a> &#8211; Fax 971784942<\/p>\n<p>[\/et_pb_text][\/et_pb_column][\/et_pb_row][\/et_pb_section][et_pb_section fb_built=\u00bb1&#8243; disabled_on=\u00bbon|off|on\u00bb _builder_version=\u00bb3.22&#8243; background_color=\u00bb#df1f4f\u00bb custom_padding=\u00bb20px|0px|0px|0px\u00bb][et_pb_row _builder_version=\u00bb3.25&#8243; custom_padding=\u00bb0px|0px|27px|0px\u00bb][et_pb_column type=\u00bb4_4&#8243; _builder_version=\u00bb3.25&#8243; custom_padding=\u00bb|||\u00bb custom_padding__hover=\u00bb|||\u00bb][et_pb_text _builder_version=\u00bb3.27.4&#8243; custom_css_main_element=\u00bbwidth: 150%;\u00bb]<\/p>\n<p style=\"color: #fff\">Servicio de Ocupaci\u00f3n de las Islas Baleares (SOIB):<\/p>\n<p style=\"color: #fff\">Cam\u00ed vell de Bunyola, 43, 1\u00ba &#8211; Edificio rotonda Asima<\/p>\n<p style=\"color: #fff\">Pol\u00edgono de son Castell\u00f3 &#8211; 07009 Palma<\/p>\n<p style=\"color: #fff\">Tel\u00e9fono <a style=\"color: #fff;\" href=\"tel:+34971784991\">971784991<\/a> &#8211; Fax 971784942<\/p>\n<p>[\/et_pb_text][et_pb_image src=\u00bbhttps:\/\/soib.es\/wp-content\/uploads\/2017\/10\/ue3.gif\u00bb align_tablet=\u00bbcenter\u00bb align_last_edited=\u00bbon|desktop\u00bb _builder_version=\u00bb3.23&#8243; max_width=\u00bb50%\u00bb module_alignment=\u00bbcenter\u00bb][\/et_pb_image][et_pb_blurb url=\u00bbhttps:\/\/twitter.com\/soibinfo?lang=es\u00bb use_icon=\u00bbon\u00bb font_icon=\u00bb%%292%%\u00bb icon_color=\u00bb#df1f4f\u00bb use_circle=\u00bbon\u00bb icon_placement=\u00bbleft\u00bb use_icon_font_size=\u00bbon\u00bb _builder_version=\u00bb3.0.82&#8243; animation=\u00bboff\u00bb custom_css_main_element=\u00bbfloat: right;\u00bb][\/et_pb_blurb][et_pb_blurb url=\u00bbhttps:\/\/www.facebook.com\/SOIBINFO\/\u00bb use_icon=\u00bbon\u00bb font_icon=\u00bb%%291%%\u00bb icon_color=\u00bb#df1f4f\u00bb use_circle=\u00bbon\u00bb icon_placement=\u00bbleft\u00bb _builder_version=\u00bb3.0.82&#8243; animation=\u00bboff\u00bb][\/et_pb_blurb][\/et_pb_column][\/et_pb_row][\/et_pb_section][et_pb_section fb_built=\u00bb1&#8243; disabled_on=\u00bboff|on|on\u00bb _builder_version=\u00bb3.22&#8243; background_color=\u00bb#df1f4f\u00bb][et_pb_row _builder_version=\u00bb3.25&#8243; custom_padding=\u00bb15px|0px|0px|0px\u00bb][et_pb_column type=\u00bb4_4&#8243; _builder_version=\u00bb3.25&#8243; custom_padding=\u00bb|||\u00bb custom_padding__hover=\u00bb|||\u00bb][et_pb_text _builder_version=\u00bb3.27.4&#8243;]<\/p>\n<p style=\"color: #fff;\">Servicio de Ocupaci\u00f3n de las Islas Baleares (SOIB):<\/p>\n<p style=\"color: #fff;\">Cam\u00ed Vell de Bunyola, 43, 1\u00aa &#8211; edificio rotonda Asima<\/p>\n<p style=\"color: #fff;\">Pol\u00edgono de son Castell\u00f3 &#8211; 07009 Palma<\/p>\n<p style=\"color: #fff;\">Tel\u00e9fono 971784991 &#8211; Fax 971784942<\/p>\n<p>[\/et_pb_text][\/et_pb_column][\/et_pb_row][et_pb_row _builder_version=\u00bb3.25&#8243; custom_padding=\u00bb15px|0px|0px|0px\u00bb][et_pb_column type=\u00bb4_4&#8243; _builder_version=\u00bb3.25&#8243; custom_padding=\u00bb|||\u00bb custom_padding__hover=\u00bb|||\u00bb][et_pb_image src=\u00bbhttps:\/\/soib.es\/wp-content\/uploads\/2017\/10\/ue3.gif\u00bb align_tablet=\u00bbcenter\u00bb align_last_edited=\u00bbon|desktop\u00bb _builder_version=\u00bb3.23&#8243; max_width=\u00bb50%\u00bb][\/et_pb_image][\/et_pb_column][\/et_pb_row][et_pb_row _builder_version=\u00bb3.25&#8243; custom_padding=\u00bb0px|0px|0px|0px\u00bb][et_pb_column type=\u00bb4_4&#8243; _builder_version=\u00bb3.25&#8243; custom_padding=\u00bb|||\u00bb custom_padding__hover=\u00bb|||\u00bb][et_pb_blurb url=\u00bbhttps:\/\/www.facebook.com\/SOIBINFO\/\u00bb use_icon=\u00bbon\u00bb font_icon=\u00bb%%291%%\u00bb icon_color=\u00bb#df1f4f\u00bb use_circle=\u00bbon\u00bb icon_placement=\u00bbleft\u00bb _builder_version=\u00bb3.0.82&#8243; animation=\u00bboff\u00bb][\/et_pb_blurb][et_pb_blurb url=\u00bbhttps:\/\/twitter.com\/soibinfo?lang=es\u00bb use_icon=\u00bbon\u00bb font_icon=\u00bb%%292%%\u00bb icon_color=\u00bb#df1f4f\u00bb use_circle=\u00bbon\u00bb icon_placement=\u00bbleft\u00bb _builder_version=\u00bb3.0.82&#8243; animation=\u00bboff\u00bb][\/et_pb_blurb][\/et_pb_column][\/et_pb_row][\/et_pb_section]<\/p>\n","protected":false},"excerpt":{"rendered":"<p>Solicitar un Certificado de Profesionalidad(a) Quien supere, en el \u00e1mbito del subsistema de formaci\u00f3n profesional para la ocupaci\u00f3n la totalidad de los m\u00f3dulos formativos asociados a un certificado de profesionalidad, incluido el m\u00f3dulo de pr\u00e1cticas profesionales no laborales (b) Quien supere los contenidos de la formaci\u00f3n incluidos en los contratos para la formaci\u00f3n y los [&hellip;]<\/p>\n","protected":false},"author":1,"featured_media":0,"parent":0,"menu_order":0,"comment_status":"closed","ping_status":"closed","template":"","meta":{"_et_pb_use_builder":"on","_et_pb_old_content":"","_et_gb_content_width":"","footnotes":"","_links_to":"","_links_to_target":""},"class_list":["post-2213","page","type-page","status-publish","hentry"],"publishpress_future_action":{"enabled":false,"date":"2026-04-14 16:32:24","action":"change-status","newStatus":"draft","terms":[],"taxonomy":"translation_priority","extraData":[]},"publishpress_future_workflow_manual_trigger":{"enabledWorkflows":[]},"_links":{"self":[{"href":"https:\/\/soib.es\/es\/wp-json\/wp\/v2\/pages\/2213","targetHints":{"allow":["GET"]}}],"collection":[{"href":"https:\/\/soib.es\/es\/wp-json\/wp\/v2\/pages"}],"about":[{"href":"https:\/\/soib.es\/es\/wp-json\/wp\/v2\/types\/page"}],"author":[{"embeddable":true,"href":"https:\/\/soib.es\/es\/wp-json\/wp\/v2\/users\/1"}],"replies":[{"embeddable":true,"href":"https:\/\/soib.es\/es\/wp-json\/wp\/v2\/comments?post=2213"}],"version-history":[{"count":0,"href":"https:\/\/soib.es\/es\/wp-json\/wp\/v2\/pages\/2213\/revisions"}],"wp:attachment":[{"href":"https:\/\/soib.es\/es\/wp-json\/wp\/v2\/media?parent=2213"}],"curies":[{"name":"wp","href":"https:\/\/api.w.org\/{rel}","templated":true}]}}