{"id":20351,"date":"2020-06-02T14:44:37","date_gmt":"2020-06-02T12:44:37","guid":{"rendered":"https:\/\/soib.es\/teleformacio-entitats\/"},"modified":"2023-07-10T12:21:34","modified_gmt":"2023-07-10T10:21:34","slug":"teleformacio-entitats","status":"publish","type":"page","link":"https:\/\/soib.es\/es\/teleformacio-entitats\/","title":{"rendered":"Teleformaci\u00f3n entidades"},"content":{"rendered":"<p>[et_pb_section fb_built=\u00bb1&#8243; _builder_version=\u00bb3.22&#8243; background_color=\u00bb#f7f7f7&#8243; custom_padding=\u00bb25px|0px|25px|0px\u00bb][et_pb_row _builder_version=\u00bb3.25&#8243;][et_pb_column type=\u00bb4_4&#8243; _builder_version=\u00bb3.25&#8243; custom_padding=\u00bb|||\u00bb custom_padding__hover=\u00bb|||\u00bb][et_pb_text _builder_version=\u00bb4.9.4&#8243;]<\/p>\n<h1><strong>Formaci\u00f3n profesional para el empleo en la modalidad de teleformaci\u00f3n<br \/><\/strong><\/h1>\n<p>[\/et_pb_text][\/et_pb_column][\/et_pb_row][\/et_pb_section][et_pb_section fb_built=\u00bb1&#8243; _builder_version=\u00bb3.22&#8243; custom_padding=\u00bb25px|0px|54px|0px\u00bb][et_pb_row _builder_version=\u00bb3.25&#8243;][et_pb_column type=\u00bb4_4&#8243; _builder_version=\u00bb3.25&#8243; custom_padding=\u00bb|||\u00bb custom_padding__hover=\u00bb|||\u00bb][et_pb_text _builder_version=\u00bb4.9.2&#8243;]<\/p>\n<div>La formaci\u00f3n en la modalidad de teleformaci\u00f3n se gestiona a trav\u00e9s de la plataforma Teleformaci\u00f3n en la sede electr\u00f3nica del SEPE. Para poder impartir formaci\u00f3n profesional para el empleo las entidades de formaci\u00f3n deben estar acreditadas o inscritas.La tramitaci\u00f3n del procedimiento de acreditaci\u00f3n o de inscripci\u00f3n se realiza a trav\u00e9s de la plataforma TELEFORMACI\u00d3N en la sede electr\u00f3nica del SEPE.<\/div>\n<p>[\/et_pb_text][et_pb_accordion open_toggle_text_color=\u00bb#878786&#8243; closed_toggle_text_color=\u00bb#cb023e\u00bb icon_color=\u00bb#cb023e\u00bb _builder_version=\u00bb4.9.4&#8243; toggle_font=\u00bb|700|||||||\u00bb hover_enabled=\u00bb0&#8243; locked=\u00bboff\u00bb sticky_enabled=\u00bb0&#8243;][et_pb_accordion_item title=\u00bb\u00bfC\u00f3mo pod\u00e9is tramitar la acreditaci\u00f3 y la inscripci\u00f3n?\u00bb open=\u00bbon\u00bb _builder_version=\u00bb4.9.2&#8243; _module_preset=\u00bbdefault\u00bb open_use_icon_font_size=\u00bboff\u00bb]<\/p>\n<p><strong>Con relaci\u00f3n a la acreditaci\u00f3n e inscripci\u00f3n de entidades de formaci\u00f3n, a<\/strong><strong>ntes de acceder a la sede electr\u00f3nica del SEPE deb\u00e9is<\/strong><strong> tener en cuenta la informaci\u00f3n siguiente:<\/strong><\/p>\n<p>La Ley 8\/2013, de presupuestos Generales de la CAIB, para el a\u00f1o 2014 (BOIB n\u00fam 181, de 31 de diciembre de 2013), del R\u00e9gimen espec\u00edfico de tasas, establece la tasa de apertura del expediente de acreditaci\u00f3n y de inscripci\u00f3n en el Registro de Entidades de formaci\u00f3n profesional para el empleo, con las siguientes <span style=\"color: #cb023e;\"><a style=\"color: #cb023e;\" href=\"https:\/\/soib.es\/wp-content\/uploads\/2021\/04\/tarifas-castella-2021.pdf\" target=\"_blank\" rel=\"noopener\"><strong>tarifas<\/strong><\/a>.<\/span><\/p>\n<p><strong>Tened en cuenta que:<\/strong><\/p>\n<ul>\n<li>En la solicitud de acreditaci\u00f3n inicial, deb\u00e9is adjuntar el justificante de pago de las tasas en formato digital escaneado con el documento correspondiente a la Tarjeta de Identificaci\u00f3n Fiscal.<\/li>\n<li>En la declaraci\u00f3n responsable de inscripci\u00f3n, deb\u00e9is adjuntar el justificante de pago de las tasas en formato digital escaneado con el documento correspondiente a la Tarjeta de Identificaci\u00f3n Fiscal.<\/li>\n<li>En la solicitud de modificaci\u00f3n de la acreditaci\u00f3n inicial para a\u00f1adir una especialidad formativa adicional deb\u00e9is adjuntar el justificante de pago de las tasas en formato digital escaneado con el documento acreditativo de la titularidad o derecho de uso del centro presencial.<\/li>\n<li>En la comunicaci\u00f3n de modificaci\u00f3n de la inscripci\u00f3n inicial para a\u00f1adir una especialidad formativa adicional deb\u00e9is remitir el justificante de pago de las tasas en formato digital escaneado al correo electr\u00f3nico <span style=\"color: #cb023e;\"><a style=\"color: #cb023e;\" href=\"mailto:certificatsdeprofessionalitat@soib.caib.es\">certificatsdeprofessionalitat@soib.caib.es<\/a><\/span><\/li>\n<\/ul>\n<p>[\/et_pb_accordion_item][et_pb_accordion_item title=\u00bbGu\u00eda para la Acreditaci\u00f3n e Inscripci\u00f3n de Especialidades Formativas en la Modalidad de Teleformaci\u00f3n\u00bb _builder_version=\u00bb4.9.4&#8243; open_use_icon_font_size=\u00bboff\u00bb open=\u00bboff\u00bb]<\/p>\n<p>Los procedimientos de acreditaci\u00f3n e inscripci\u00f3n, as\u00ed como las modifiacions, se tramitan a trav\u00e9s de la plataforma TELEFORMACI\u00d3N, en la sede electr\u00f3nica del SEPE a la cual se debe acceder desde la p\u00e1gina web del SOIB. Las resoluciones y los requerimientos que se dictan se notifican en esta plataforma. Pod\u00e9is consultar la <a href=\"https:\/\/soib.es\/wp-content\/uploads\/2022\/01\/Guia_teleformacion_Cast.pdf\"><strong><span style=\"color: #cb023e;\">\u00abGu\u00eda para la acreditaci\u00f3n y la inscripci\u00f3n de especialidades formativas en la modalidad de Teleformaci\u00f3n\u00bb<\/span><\/strong><\/a><span style=\"color: #cb023e;\">. <\/span><\/p>\n<p>[\/et_pb_accordion_item][et_pb_accordion_item title=\u00bbAplicaci\u00f3n TELEFORMACI\u00d3N\u00bb _builder_version=\u00bb4.9.4&#8243; _module_preset=\u00bbdefault\u00bb hover_enabled=\u00bb0&#8243; open_use_icon_font_size=\u00bboff\u00bb open=\u00bboff\u00bb sticky_enabled=\u00bb0&#8243;]<\/p>\n<p>El seguimiento de las acciones formativas en la modalidad de teleformaci\u00f3n, as\u00ed como las autorizaciones de formaci\u00f3n no financiada con fondos p\u00fablicos, se realizar\u00e1n \u00edntegramente de forma telem\u00e1tica mediante la aplicaci\u00f3n TELEFORMACI\u00d3N en la sede electr\u00f3nica del SEPE.<\/p>\n<a href='https:\/\/sede.sepe.gob.es\/portalSede\/procedimientos-y-servicios\/empresas\/formacion-para-el-empleo\/acreditacion-e-inscripcion-en-teleformacion.html' class='big-button bigsilver' target=\"_blank\"><strong>Acceso a la sede electr\u00f3nica del SEPE<\/strong><\/a>\n<p>Antes de comunicar el inicio de la formaci\u00f3n a trav\u00e9s de la aplicaci\u00f3n, consultad este <a href=\"https:\/\/soib.es\/wp-content\/uploads\/2021\/06\/Nota-informativa-entidades-teleformacion-1.pdf\" target=\"_blank\" rel=\"noopener\"><span style=\"color: #cb023e;\"><strong>documento informativo<\/strong><\/span><\/a>.<\/p>\n<p>Si ten\u00e9is alguna duda respecto al procedimiento de acreditaci\u00f3n o inscripci\u00f3n, pod\u00e9is enviar un correo a la direcci\u00f3n electr\u00f3nica: <span style=\"color: #cb023e;\"><a style=\"color: #cb023e;\" href=\"mailto:certificatsdeprofessionalitat@soib.caib.es\">certificatsdeprofessionalitat@soib.caib.es<\/a><\/span><\/p>\n<p>[\/et_pb_accordion_item][\/et_pb_accordion][\/et_pb_column][\/et_pb_row][\/et_pb_section][et_pb_section fb_built=\u00bb1&#8243; disabled_on=\u00bbon|on|off\u00bb _builder_version=\u00bb3.22&#8243; background_color=\u00bb#df1f4f\u00bb custom_padding=\u00bb54px|0px|0px|0px\u00bb][et_pb_row column_structure=\u00bb1_4,1_4,1_4,1_4&#8243; _builder_version=\u00bb3.25&#8243; custom_padding=\u00bb0px|0px|27px|0px\u00bb][et_pb_column type=\u00bb1_4&#8243; _builder_version=\u00bb3.25&#8243; custom_padding=\u00bb|||\u00bb custom_padding__hover=\u00bb|||\u00bb][et_pb_blurb url=\u00bbhttps:\/\/twitter.com\/SOIBgoib\/\u00bb url_new_window=\u00bbon\u00bb use_icon=\u00bbon\u00bb font_icon=\u00bb%%292%%\u00bb icon_color=\u00bb#df1f4f\u00bb use_circle=\u00bbon\u00bb icon_placement=\u00bbleft\u00bb use_icon_font_size=\u00bbon\u00bb _builder_version=\u00bb3.28&#8243; animation=\u00bboff\u00bb][\/et_pb_blurb][et_pb_blurb url=\u00bbhttps:\/\/www.youtube.com\/channel\/UCvmOqiRlc2JOK3V_0Mc-0sA?view_as=subscriber\u00bb url_new_window=\u00bbon\u00bb use_icon=\u00bbon\u00bb font_icon=\u00bb%%307%%\u00bb icon_color=\u00bb#df1f4f\u00bb use_circle=\u00bbon\u00bb icon_placement=\u00bbleft\u00bb _builder_version=\u00bb3.28&#8243; animation=\u00bboff\u00bb][\/et_pb_blurb][\/et_pb_column][et_pb_column type=\u00bb1_4&#8243; _builder_version=\u00bb3.25&#8243; custom_padding=\u00bb|||\u00bb custom_css_main_element=\u00bbmargin-left: -20%;\u00bb custom_padding__hover=\u00bb|||\u00bb][et_pb_blurb url=\u00bbhttps:\/\/www.facebook.com\/SOIBgoib\/\u00bb url_new_window=\u00bbon\u00bb use_icon=\u00bbon\u00bb font_icon=\u00bb%%291%%\u00bb icon_color=\u00bb#df1f4f\u00bb use_circle=\u00bbon\u00bb icon_placement=\u00bbleft\u00bb _builder_version=\u00bb3.28&#8243; animation=\u00bboff\u00bb][\/et_pb_blurb][et_pb_blurb url=\u00bbhttps:\/\/www.instagram.com\/soibjove_goib\/\u00bb url_new_window=\u00bbon\u00bb use_icon=\u00bbon\u00bb font_icon=\u00bb%%344%%\u00bb icon_color=\u00bb#df1f4f\u00bb use_circle=\u00bbon\u00bb icon_placement=\u00bbleft\u00bb _builder_version=\u00bb3.28&#8243; animation=\u00bboff\u00bb][\/et_pb_blurb][\/et_pb_column][et_pb_column type=\u00bb1_4&#8243; _builder_version=\u00bb3.25&#8243; custom_padding=\u00bb|||\u00bb custom_css_main_element=\u00bbmargin-left: 32px;\u00bb custom_padding__hover=\u00bb|||\u00bb][et_pb_image src=\u00bb\/wp-content\/uploads\/2017\/10\/ue3.gif\u00bb url=\u00bbhttps:\/\/soib.es\/programes-del-soib-cofinancats-pel-fse\/\u00bb url_new_window=\u00bbon\u00bb align_tablet=\u00bbcenter\u00bb align_phone=\u00bb\u00bb align_last_edited=\u00bbon|desktop\u00bb _builder_version=\u00bb4.4.7&#8243; module_alignment=\u00bbleft\u00bb]<\/p>\n<p>\u00a0<\/p>\n<p>[\/et_pb_image][\/et_pb_column][et_pb_column type=\u00bb1_4&#8243; _builder_version=\u00bb3.25&#8243; custom_padding=\u00bb|||\u00bb custom_css_main_element=\u00bbmargin-left: 100px;\u00bb custom_padding__hover=\u00bb|||\u00bb][et_pb_text _builder_version=\u00bb4.3.2&#8243; custom_css_main_element=\u00bbwidth: 150%;\u00bb]<\/p>\n<p style=\"color: #fff; text-align: right;\">Servei d&#8217;Ocupaci\u00f3 de les Illes Balears (SOIB):<\/p>\n<p style=\"color: #fff; text-align: right;\">Cam\u00ed vell de Bunyola, 43, 1\u00ba &#8211; Edifici rotonda Asima<\/p>\n<p style=\"color: #fff; text-align: right;\">Pol\u00edgon de son Castell\u00f3 &#8211; 07009 Palma<\/p>\n<p style=\"color: #fff; text-align: right;\">Tel\u00e8fon <a style=\"color: #fff;\" href=\"tel:+34971177900\">971177900<\/a> &#8211; Fax 971784942<\/p>\n<p>[\/et_pb_text][\/et_pb_column][\/et_pb_row][\/et_pb_section][et_pb_section fb_built=\u00bb1&#8243; disabled_on=\u00bbon|off|on\u00bb _builder_version=\u00bb3.22&#8243; background_color=\u00bb#df1f4f\u00bb custom_padding=\u00bb20px|0px|0px|0px\u00bb][et_pb_row _builder_version=\u00bb3.25&#8243; custom_padding=\u00bb0px|0px|27px|0px\u00bb][et_pb_column type=\u00bb4_4&#8243; _builder_version=\u00bb3.25&#8243; custom_padding=\u00bb|||\u00bb custom_padding__hover=\u00bb|||\u00bb][et_pb_text admin_label=\u00bbText\u00bb _builder_version=\u00bb4.3.2&#8243; custom_css_main_element=\u00bbwidth: 150%;\u00bb]<\/p>\n<p style=\"color: #fff;\">Servei d&#8217;Ocupaci\u00f3 de les Illes Balears (SOIB):<\/p>\n<p style=\"color: #fff;\">Cam\u00ed vell de Bunyola, 43, 1\u00ba &#8211; Edifici rotonda Asima<\/p>\n<p style=\"color: #fff;\">Pol\u00edgon de son Castell\u00f3 &#8211; 07009 Palma<\/p>\n<p style=\"color: #fff;\">Tel\u00e8fon <a style=\"color: #fff;\" href=\"tel:+34971177900\">971177900<\/a> &#8211; Fax 971784942<\/p>\n<p>[\/et_pb_text][et_pb_image src=\u00bb\/wp-content\/uploads\/2017\/10\/ue3.gif\u00bb align_tablet=\u00bbcenter\u00bb align_phone=\u00bb\u00bb align_last_edited=\u00bbon|desktop\u00bb _builder_version=\u00bb3.23&#8243; max_width=\u00bb50%\u00bb module_alignment=\u00bbcenter\u00bb]<\/p>\n<p>\u00a0<\/p>\n<p>[\/et_pb_image][et_pb_blurb url=\u00bbhttps:\/\/twitter.com\/soibinfo?lang=es\u00bb use_icon=\u00bbon\u00bb font_icon=\u00bb%%292%%\u00bb icon_color=\u00bb#df1f4f\u00bb use_circle=\u00bbon\u00bb icon_placement=\u00bbleft\u00bb use_icon_font_size=\u00bbon\u00bb _builder_version=\u00bb3.0.82&#8243; animation=\u00bboff\u00bb custom_css_main_element=\u00bbfloat: right;\u00bb]<\/p>\n<p>\u00a0<\/p>\n<p>[\/et_pb_blurb][et_pb_blurb url=\u00bbhttps:\/\/www.facebook.com\/SOIBgoib\/\u00bb url_new_window=\u00bbon\u00bb use_icon=\u00bbon\u00bb font_icon=\u00bb%%291%%\u00bb icon_color=\u00bb#df1f4f\u00bb use_circle=\u00bbon\u00bb icon_placement=\u00bbleft\u00bb _builder_version=\u00bb3.28&#8243; animation=\u00bboff\u00bb][\/et_pb_blurb][et_pb_blurb url=\u00bbhttps:\/\/www.instagram.com\/soibjove_goib\/\u00bb url_new_window=\u00bbon\u00bb use_icon=\u00bbon\u00bb font_icon=\u00bb%%344%%\u00bb icon_color=\u00bb#df1f4f\u00bb use_circle=\u00bbon\u00bb icon_placement=\u00bbleft\u00bb _builder_version=\u00bb3.28&#8243; animation=\u00bboff\u00bb][\/et_pb_blurb][et_pb_blurb url=\u00bbhttps:\/\/www.youtube.com\/channel\/UCvmOqiRlc2JOK3V_0Mc-0sA?view_as=subscriber\u00bb url_new_window=\u00bbon\u00bb use_icon=\u00bbon\u00bb font_icon=\u00bb%%307%%\u00bb icon_color=\u00bb#df1f4f\u00bb use_circle=\u00bbon\u00bb icon_placement=\u00bbleft\u00bb _builder_version=\u00bb3.28&#8243; animation=\u00bboff\u00bb][\/et_pb_blurb][\/et_pb_column][\/et_pb_row][\/et_pb_section][et_pb_section fb_built=\u00bb1&#8243; disabled_on=\u00bboff|on|on\u00bb _builder_version=\u00bb3.22&#8243; background_color=\u00bb#df1f4f\u00bb][et_pb_row _builder_version=\u00bb3.25&#8243; custom_padding=\u00bb15px|0px|0px|0px\u00bb][et_pb_column type=\u00bb4_4&#8243; _builder_version=\u00bb3.25&#8243; custom_padding=\u00bb|||\u00bb custom_padding__hover=\u00bb|||\u00bb][et_pb_text _builder_version=\u00bb4.3.2&#8243;]<\/p>\n<p style=\"color: #fff;\">Servei d&#8217;Ocupaci\u00f3 de les Illes Balears (SOIB):<\/p>\n<p style=\"color: #fff;\">Cam\u00ed Vell de Bunyola, 43, 1\u00aa &#8211; edifici rotonda Asima<\/p>\n<p style=\"color: #fff;\">Pol\u00edgon de son Castell\u00f3 &#8211; 07009 Palma<\/p>\n<p style=\"color: #fff;\">Tel\u00e8fon <a style=\"color: #fff;\" href=\"tel:+34971177900\">971177900<\/a> &#8211; Fax 971784942<\/p>\n<p>[\/et_pb_text][\/et_pb_column][\/et_pb_row][et_pb_row _builder_version=\u00bb3.25&#8243; custom_padding=\u00bb15px|0px|0px|0px\u00bb][et_pb_column type=\u00bb4_4&#8243; _builder_version=\u00bb3.25&#8243; custom_padding=\u00bb|||\u00bb custom_padding__hover=\u00bb|||\u00bb][et_pb_image src=\u00bb\/wp-content\/uploads\/2017\/10\/ue3.gif\u00bb url_new_window=\u00bbon\u00bb align_tablet=\u00bbcenter\u00bb align_phone=\u00bb\u00bb align_last_edited=\u00bbon|desktop\u00bb _builder_version=\u00bb4.4.7&#8243; max_width=\u00bb50%\u00bb]<\/p>\n<p>\u00a0<\/p>\n<p>[\/et_pb_image][\/et_pb_column][\/et_pb_row][et_pb_row _builder_version=\u00bb3.25&#8243; custom_padding=\u00bb0px|0px|0px|0px\u00bb][et_pb_column type=\u00bb4_4&#8243; _builder_version=\u00bb3.25&#8243; custom_padding=\u00bb|||\u00bb custom_padding__hover=\u00bb|||\u00bb][et_pb_blurb url=\u00bbhttps:\/\/www.facebook.com\/SOIBgoib\/\u00bb url_new_window=\u00bbon\u00bb use_icon=\u00bbon\u00bb font_icon=\u00bb%%291%%\u00bb icon_color=\u00bb#df1f4f\u00bb use_circle=\u00bbon\u00bb icon_placement=\u00bbleft\u00bb _builder_version=\u00bb3.28&#8243; animation=\u00bboff\u00bb][\/et_pb_blurb][et_pb_blurb url=\u00bbhttps:\/\/twitter.com\/SOIBgoib\/\u00bb url_new_window=\u00bbon\u00bb use_icon=\u00bbon\u00bb font_icon=\u00bb%%292%%\u00bb icon_color=\u00bb#df1f4f\u00bb use_circle=\u00bbon\u00bb icon_placement=\u00bbleft\u00bb _builder_version=\u00bb3.28&#8243; animation=\u00bboff\u00bb][\/et_pb_blurb][et_pb_blurb url=\u00bbhttps:\/\/www.youtube.com\/channel\/UCvmOqiRlc2JOK3V_0Mc-0sA?view_as=subscriber\u00bb url_new_window=\u00bbon\u00bb use_icon=\u00bbon\u00bb font_icon=\u00bb%%307%%\u00bb icon_color=\u00bb#df1f4f\u00bb use_circle=\u00bbon\u00bb icon_placement=\u00bbleft\u00bb _builder_version=\u00bb3.28&#8243; animation=\u00bboff\u00bb][\/et_pb_blurb][et_pb_blurb url=\u00bbhttps:\/\/www.instagram.com\/soibjove_goib\/\u00bb url_new_window=\u00bbon\u00bb use_icon=\u00bbon\u00bb font_icon=\u00bb%%344%%\u00bb icon_color=\u00bb#df1f4f\u00bb use_circle=\u00bbon\u00bb icon_placement=\u00bbleft\u00bb _builder_version=\u00bb3.28&#8243; animation=\u00bboff\u00bb][\/et_pb_blurb][\/et_pb_column][\/et_pb_row][\/et_pb_section]<\/p>\n","protected":false},"excerpt":{"rendered":"<p>Formaci\u00f3n profesional para el empleo en la modalidad de teleformaci\u00f3nLa formaci\u00f3n en la modalidad de teleformaci\u00f3n se gestiona a trav\u00e9s de la plataforma Teleformaci\u00f3n en la sede electr\u00f3nica del SEPE. Para poder impartir formaci\u00f3n profesional para el empleo las entidades de formaci\u00f3n deben estar acreditadas o inscritas.La tramitaci\u00f3n del procedimiento de acreditaci\u00f3n o de inscripci\u00f3n [&hellip;]<\/p>\n","protected":false},"author":13,"featured_media":0,"parent":0,"menu_order":0,"comment_status":"closed","ping_status":"closed","template":"","meta":{"_et_pb_use_builder":"on","_et_pb_old_content":"","_et_gb_content_width":"","footnotes":"","_links_to":"","_links_to_target":""},"class_list":["post-20351","page","type-page","status-publish","hentry"],"publishpress_future_action":{"enabled":false,"date":"2026-04-30 14:41:26","action":"change-status","newStatus":"draft","terms":[],"taxonomy":"translation_priority","extraData":[]},"publishpress_future_workflow_manual_trigger":{"enabledWorkflows":[]},"_links":{"self":[{"href":"https:\/\/soib.es\/es\/wp-json\/wp\/v2\/pages\/20351","targetHints":{"allow":["GET"]}}],"collection":[{"href":"https:\/\/soib.es\/es\/wp-json\/wp\/v2\/pages"}],"about":[{"href":"https:\/\/soib.es\/es\/wp-json\/wp\/v2\/types\/page"}],"author":[{"embeddable":true,"href":"https:\/\/soib.es\/es\/wp-json\/wp\/v2\/users\/13"}],"replies":[{"embeddable":true,"href":"https:\/\/soib.es\/es\/wp-json\/wp\/v2\/comments?post=20351"}],"version-history":[{"count":0,"href":"https:\/\/soib.es\/es\/wp-json\/wp\/v2\/pages\/20351\/revisions"}],"wp:attachment":[{"href":"https:\/\/soib.es\/es\/wp-json\/wp\/v2\/media?parent=20351"}],"curies":[{"name":"wp","href":"https:\/\/api.w.org\/{rel}","templated":true}]}}