{"id":19829,"date":"2020-06-02T12:47:44","date_gmt":"2020-06-02T10:47:44","guid":{"rendered":"https:\/\/soib.es\/soib-xarxa-desenvolupament-local\/"},"modified":"2025-07-29T13:20:49","modified_gmt":"2025-07-29T11:20:49","slug":"soib-xarxa-desenvolupament-local","status":"publish","type":"page","link":"https:\/\/soib.es\/es\/soib-xarxa-desenvolupament-local\/","title":{"rendered":"SOIB Red de Desarrollo Local"},"content":{"rendered":"<p>[et_pb_section fb_built=\u00bb1&#8243; _builder_version=\u00bb4.16&#8243; background_color=\u00bb#f7f7f7&#8243; custom_padding=\u00bb25px|0px|25px|0px\u00bb global_colors_info=\u00bb{}\u00bb][et_pb_row _builder_version=\u00bb4.16&#8243; global_colors_info=\u00bb{}\u00bb][et_pb_column type=\u00bb4_4&#8243; _builder_version=\u00bb4.16&#8243; custom_padding=\u00bb|||\u00bb global_colors_info=\u00bb{}\u00bb custom_padding__hover=\u00bb|||\u00bb][et_pb_text _builder_version=\u00bb4.16&#8243; global_colors_info=\u00bb{}\u00bb]<\/p>\n<h1><strong>SOIB Red de Desarrollo Local<\/strong><\/h1>\n<p>[\/et_pb_text][\/et_pb_column][\/et_pb_row][\/et_pb_section][et_pb_section fb_built=\u00bb1&#8243; _builder_version=\u00bb4.16&#8243; custom_margin=\u00bb||-10px|\u00bb custom_padding=\u00bb0px|0px||0px\u00bb global_colors_info=\u00bb{}\u00bb][et_pb_row _builder_version=\u00bb4.16&#8243; global_colors_info=\u00bb{}\u00bb][et_pb_column type=\u00bb4_4&#8243; _builder_version=\u00bb4.16&#8243; custom_padding=\u00bb|||\u00bb global_colors_info=\u00bb{}\u00bb custom_padding__hover=\u00bb|||\u00bb][et_pb_text _builder_version=\u00bb4.23.1&#8243; custom_margin=\u00bb||50px||false|false\u00bb global_colors_info=\u00bb{}\u00bb]<\/p>\n<p>El Plan de Empleo de Calidad de las Illes Balears 2022-2025 prev\u00e9 el impulso de las pol\u00edticas activas en el \u00e1mbito local a trav\u00e9s de los agentes de empleo y desarrollo local (AODL), y ampl\u00eda y refuerza la red de AODL, el mantenimiento de los programas actuales y el dise\u00f1o de programas nuevos, as\u00ed como los Planes Estrat\u00e9gicos de Empleo Local, como herramienta estrat\u00e9gica y nuclear del desarrollo local. Tambi\u00e9n tiene en cuenta la posible implementaci\u00f3n de nuevos modelos para desarrollar las pol\u00edticas de empleo en los territorios locales, de ah\u00ed la consideraci\u00f3n de esta convocatoria como tr\u00e1fico mientras se definen las nuevas estrategias de actuaci\u00f3n y modelos.<\/p>\n<p><\/p>\n<p>En los \u00faltimos a\u00f1os, el SOIB ha impulsado las pol\u00edticas de empleo aplicadas al \u00e1mbito local y ha dado protagonismo al territorio y a sus actores, as\u00ed como la manera de promover el desarrollo.<\/p>\n<p>[\/et_pb_text][et_pb_accordion open_toggle_text_color=\u00bb#878786&#8243; closed_toggle_text_color=\u00bb#cb023e\u00bb icon_color=\u00bb#cb023e\u00bb _builder_version=\u00bb4.23.1&#8243; _module_preset=\u00bbdefault\u00bb toggle_text_color=\u00bb#cb023e\u00bb toggle_font=\u00bb|700|||||||\u00bb closed_toggle_font=\u00bb|700|||||||\u00bb db_closeable=\u00bbon\u00bb db_initial_state=\u00bball_closed\u00bb locked=\u00bboff\u00bb global_colors_info=\u00bb{}\u00bb][et_pb_accordion_item title=\u00bb\u00bfQu\u00e9 es el programa de Desarrollo Local?\u00bb open=\u00bbon\u00bb _builder_version=\u00bb4.23.1&#8243; _module_preset=\u00bbdefault\u00bb global_colors_info=\u00bb{}\u00bb]<\/p>\n<p>Se entiende el desarrollo local como un conjunto integrado y coherente de actuaciones para dar respuesta a las necesidades locales que promuevan la actividad econ\u00f3mica orientada a solucionar los problemas de la poblaci\u00f3n, crear empleo, riqueza y mejorar la calidad de vida de las personas, teniendo presente la perspectiva de g\u00e9nero, la interculturalidad y la sostenibilidad.<\/p>\n<p><\/p>\n<p>Se quiere dar un paso adelante en el compromiso de impulsar el crecimiento end\u00f3geno en el \u00e1mbito local, en el que las v\u00edas de crecimiento econ\u00f3mico sean pactadas para mejorar nuestro modelo econ\u00f3mico y en el que se impulsen las f\u00f3rmulas empresariales propias de la econom\u00eda social, buscando una sostenibilidad econ\u00f3mica, social y medioambiental concertada que tenga una mirada a medio y largo plazo. Por tanto, se trata de que los entes locales se comprometan a comenzar Planes Estrat\u00e9gicos de Empleo Local que permitan un impulso decidido en el territorio de las pol\u00edticas activas de empleo, en el que los entes locales, y todos los actores econ\u00f3micos y sociales, tengan una participaci\u00f3n decisiva y activa.<\/p>\n<p><\/p>\n<p>Esta convocatoria est\u00e1 dise\u00f1ada para subvencionar la contrataci\u00f3n de AODL dentro del marco de un programa subvencionado y dirigido por el SOIB, que tendr\u00e1 una autonom\u00eda y sustantividad propia opuesta a las actividades permanentes ordinarias y habituales de la entidad para desarrollar un Plan de Acci\u00f3n con programas y actuaciones enmarcados dentro del Plan Estrat\u00e9gico de Empleo Local (PEOL) con el objetivo de impulsar el trabajo conjunto entre el SOIB y las administraciones territoriales, para intercambiar informaci\u00f3n, establecer sinergias y dar coherencia a las actuaciones realizadas, consiguiendo como resultado final m\u00e1s eficacia en la implantaci\u00f3n de programas de empleo en general y, en cada territorio, en particular.<\/p>\n<p><\/p>\n<p>En este sentido, la participaci\u00f3n de los entes locales en esta convocatoria lleva impl\u00edcita la voluntad de impulsar el desarrollo socioecon\u00f3mico poniendo los medios que deben ayudar a desarrollar las pol\u00edticas activas de empleo en el territorio.<\/p>\n<p><\/p>\n<p>El SOIB considera al agente de empleo y desarrollo local como el profesional imprescindible para impulsar desde un liderazgo p\u00fablico las estrategias de dinamizaci\u00f3n econ\u00f3mica entre los diferentes agentes territoriales (p\u00fablicos, privados y comunitarios). Adem\u00e1s, se trata de un perfil profesional clave para promover un trabajo cooperativo entre la administraci\u00f3n local y auton\u00f3mica en materia de empleo.<\/p>\n<p>[\/et_pb_accordion_item][et_pb_accordion_item title=\u00bbEntidades beneficiarias\u00bb _builder_version=\u00bb4.23.1&#8243; _module_preset=\u00bbdefault\u00bb global_colors_info=\u00bb{}\u00bb open=\u00bboff\u00bb]<\/p>\n<p>Se pueden beneficiar de la subvenci\u00f3n objeto de esta convocatoria las entidades locales (ayuntamientos, mancomunidades o consejos insulares) y tambi\u00e9n las entidades de derecho p\u00fablico que dependen o que est\u00e1n vinculadas. En todo caso, s\u00f3lo se podr\u00e1 presentar en cada territorio la entidad que gestione programas de pol\u00edticas activas de empleo, desarrollo econ\u00f3mico local o promoci\u00f3n tur\u00edstica.<\/p>\n<p><\/p>\n<p>Respecto de las entidades que dependen de ellas o que est\u00e1n vinculadas, el proyecto a ejecutar debe ser competencia suya y debe formar parte de las funciones esenciales de la entidad, en las que ejerzan competencias administrativas, en calidad de administraci\u00f3n p\u00fablica o en el ejercicio de autoridad p\u00fablica.<\/p>\n<p><\/p>\n<a href='https:\/\/soib.es\/wp-content\/uploads\/2024\/06\/Entitats-Beneficiaries-convocatoria-SOIB-DL-2023-25.xlsx' class='small-button smallsilver' target=\"_blank\"><span style=\"color: #cb023e;\">Entidades beneficiarias convocatoria SOIB Desarrollo Local 2023-2025<\/span><\/a>\n<p><\/p>\n<p>M\u00e1s informaci\u00f3n en<span style=\"color: #cb023e;\">\u00a0<a style=\"color: #cb023e;\" href=\"https:\/\/www.caib.es\/seucaib\/es\/202\/administracions\/tramites\/tramite\/5683852\/\" target=\"_blank\" rel=\"noopener noreferrer\"><strong>Convocatoria de subvenciones para el programa \u00abSOIB Desarrollo Local\u00bb para llevar a cabo actuaciones de promoci\u00f3n de la actividad econ\u00f3mica local<\/strong><\/a><\/span><\/p>\n<p>[\/et_pb_accordion_item][et_pb_accordion_item title=\u00bbPlanes Estrat\u00e9gicos de Empleo Local (PEOL) aprobados por islas\u00bb _builder_version=\u00bb4.23.1&#8243; _module_preset=\u00bbdefault\u00bb global_colors_info=\u00bb{}\u00bb open=\u00bboff\u00bb]<\/p>\n<p>&nbsp;<\/p>\n<p><\/p>\n<p><a href='https:\/\/intranet.caib.es\/sites\/spadel\/es\/planes_estrategicos_de_ocupacion_local\/' class='small-button smallsilver' target=\"_blank\"><span style=\"color: #cb023e;\">PEOL municipios de Mallorca<\/span><\/a> \u00a0 <a href='https:\/\/intranet.caib.es\/sites\/spadel\/es\/peols_municipios_de_menorca\/' class='small-button smallsilver' target=\"_blank\"><span style=\"color: #cb023e;\">PEOL municipios de Menorca<\/span><\/a> \u00a0 <a href='https:\/\/intranet.caib.es\/sites\/spadel\/es\/peols_municipis_deivissa_i_formentera\/' class='small-button smallsilver' target=\"_blank\"><span style=\"color: #cb023e;\">PEOL municipios de Ibiza y Formentera<\/span><\/a><\/p>\n<p>[\/et_pb_accordion_item][\/et_pb_accordion][et_pb_text _builder_version=\u00bb4.27.4&#8243; _module_preset=\u00bbdefault\u00bb hover_enabled=\u00bb0&#8243; global_colors_info=\u00bb{}\u00bb sticky_enabled=\u00bb0&#8243;]<\/p>\n<h4><strong>Mapa Red SOIB Desarrollo Local vigente<\/strong><\/h4>\n<p><\/p>\n<p><img loading=\"lazy\" decoding=\"async\" class=\"wp-image-56911 aligncenter size-full\" src=\"https:\/\/soib.es\/wp-content\/uploads\/2025\/07\/Cintillo-logos-SOIB-Desenvolupament-Local-2026-2027.png\" alt=\"\" width=\"2126\" height=\"282\" \/><\/p>\n<p>[\/et_pb_text][\/et_pb_column][\/et_pb_row][\/et_pb_section][et_pb_section fb_built=\u00bb1&#8243; fullwidth=\u00bbon\u00bb _builder_version=\u00bb4.16&#8243; custom_margin=\u00bb||-10px|\u00bb custom_padding=\u00bb0px|0px||0px\u00bb locked=\u00bboff\u00bb global_colors_info=\u00bb{}\u00bb][et_pb_fullwidth_code _builder_version=\u00bb4.16&#8243; global_colors_info=\u00bb{}\u00bb]<iframe loading=\"lazy\" src=\"https:\/\/www.google.com\/maps\/d\/u\/2\/embed?mid=1Wr3raUPsPixz4TVUM5fXBTOXrnSDqooH\" width=\"100%\" height=\"480\"><\/iframe>[\/et_pb_fullwidth_code][\/et_pb_section]<\/p>\n","protected":false},"excerpt":{"rendered":"<p>SOIB Red de Desarrollo LocalEl Plan de Empleo de Calidad de las Illes Balears 2022-2025 prev\u00e9 el impulso de las pol\u00edticas activas en el \u00e1mbito local a trav\u00e9s de los agentes de empleo y desarrollo local (AODL), y ampl\u00eda y refuerza la red de AODL, el mantenimiento de los programas actuales y el dise\u00f1o de [&hellip;]<\/p>\n","protected":false},"author":13,"featured_media":0,"parent":0,"menu_order":0,"comment_status":"closed","ping_status":"closed","template":"","meta":{"_et_pb_use_builder":"on","_et_pb_old_content":"","_et_gb_content_width":"","footnotes":"","_links_to":"","_links_to_target":""},"class_list":["post-19829","page","type-page","status-publish","hentry"],"publishpress_future_action":{"enabled":false,"date":"2026-04-17 00:32:20","action":"change-status","newStatus":"draft","terms":[],"taxonomy":"translation_priority","extraData":[]},"publishpress_future_workflow_manual_trigger":{"enabledWorkflows":[]},"_links":{"self":[{"href":"https:\/\/soib.es\/es\/wp-json\/wp\/v2\/pages\/19829","targetHints":{"allow":["GET"]}}],"collection":[{"href":"https:\/\/soib.es\/es\/wp-json\/wp\/v2\/pages"}],"about":[{"href":"https:\/\/soib.es\/es\/wp-json\/wp\/v2\/types\/page"}],"author":[{"embeddable":true,"href":"https:\/\/soib.es\/es\/wp-json\/wp\/v2\/users\/13"}],"replies":[{"embeddable":true,"href":"https:\/\/soib.es\/es\/wp-json\/wp\/v2\/comments?post=19829"}],"version-history":[{"count":0,"href":"https:\/\/soib.es\/es\/wp-json\/wp\/v2\/pages\/19829\/revisions"}],"wp:attachment":[{"href":"https:\/\/soib.es\/es\/wp-json\/wp\/v2\/media?parent=19829"}],"curies":[{"name":"wp","href":"https:\/\/api.w.org\/{rel}","templated":true}]}}