{"id":19112,"date":"2020-04-22T14:55:17","date_gmt":"2020-04-22T12:55:17","guid":{"rendered":"https:\/\/soib.es\/covid-19\/"},"modified":"2023-09-04T16:20:14","modified_gmt":"2023-09-04T14:20:14","slug":"covid-19","status":"publish","type":"page","link":"https:\/\/soib.es\/es\/covid-19\/","title":{"rendered":"COVID-19"},"content":{"rendered":"<p>[et_pb_section fb_built=\u00bb1&#8243; _builder_version=\u00bb4.8.1&#8243; background_color=\u00bb#f7f7f7&#8243; custom_padding=\u00bb25px|0px|25px|0px\u00bb][et_pb_row _builder_version=\u00bb4.8.1&#8243;][et_pb_column type=\u00bb4_4&#8243; _builder_version=\u00bb3.25&#8243; custom_padding=\u00bb|||\u00bb custom_padding__hover=\u00bb|||\u00bb][et_pb_text _builder_version=\u00bb4.9.4&#8243; hover_enabled=\u00bb0&#8243; sticky_enabled=\u00bb0&#8243;]<\/p>\n<h1><strong>COVID-19<\/strong><\/h1>\n<p>[\/et_pb_text][\/et_pb_column][\/et_pb_row][\/et_pb_section][et_pb_section fb_built=\u00bb1&#8243; _builder_version=\u00bb4.5.1&#8243; custom_padding=\u00bb25px|0px|54px|0px||\u00bb][et_pb_row _builder_version=\u00bb4.5.1&#8243;][et_pb_column type=\u00bb4_4&#8243; _builder_version=\u00bb4.3.4&#8243; custom_padding=\u00bb|||\u00bb custom_padding__hover=\u00bb|||\u00bb][et_pb_text _builder_version=\u00bb4.9.4&#8243; custom_padding=\u00bb21px|||||\u00bb hover_enabled=\u00bb0&#8243; sticky_enabled=\u00bb0&#8243;]<\/p>\n<p>Frente a la situaci\u00f3n derivada por el COVID-19, el SOIB ha puesto en marcha toda una serie de herramientas para continuar ofreciendo servicio sin que tengas de salir de casa y que se adaptan a la transici\u00f3n hacia una nueva normalidad. A trav\u00e9s de v\u00edas telem\u00e1ticas y telef\u00f3nicas se garantiza la atenci\u00f3n y el acompa\u00f1amiento a personas usuarias, empresas y entidades. Por motivos sanitarios, las solicitudes de beques se pueden presentar de manera presencial en el registro de Servicio de Empleo de las Illes Balears en sus oficinas centrales de Palma, en el Centro del Mar en Menorca, y en el Centro de Formaci\u00f3n Blancadona de Ibiza, solo con <strong><a href=\"https:\/\/ac.fundaciobit.org\/citaregistro\/reservar-cita;lang=ct\" target=\"_blank\" rel=\"noopener noreferrer\"><span style=\"color: #cb023e;\">cita<\/span> <span style=\"color: #cb023e;\">previa<\/span><\/a><span style=\"color: #cb023e;\">.<\/span><\/strong><span style=\"color: #cb023e;\">\u00a0<\/span>Tambi\u00e9n puedes consultar la<span style=\"color: #cb023e;\">\u00a0<a style=\"color: #cb023e;\" href=\"http:\/\/www.caib.es\/sites\/atenciociutadania\/ca\/pagina_dinici-21357\/?campa=yes\" target=\"_blank\" rel=\"noopener noreferrer\">lista de todos los centros de la CAIB<\/a>\u00a0<\/span>donde registrar la documentaci\u00f3n. Para obtener m\u00e1s informaci\u00f3n revisa las <span style=\"color: #cb023e;\"><a href=\"https:\/\/soib.es\/wp-content\/uploads\/2023\/09\/FAQS-SOIB-cast_agosto2023_rev.pdf\" target=\"_blank\" rel=\"noopener\"><span style=\"color: #cb023e;\">preguntas frecuentes del SOIB<\/span><\/a>.<br \/><\/span><\/p>\n<p>[\/et_pb_text][et_pb_accordion db_initial_state=\u00bball_closed\u00bb open_toggle_text_color=\u00bb#878786&#8243; closed_toggle_text_color=\u00bb#cb023e\u00bb icon_color=\u00bb#cb023e\u00bb _builder_version=\u00bb4.9.4&#8243; toggle_text_color=\u00bb#cb023e\u00bb toggle_font=\u00bb|700|||||||\u00bb toggle_font_size=\u00bb16px\u00bb closed_toggle_font=\u00bb|700|||||||\u00bb][et_pb_accordion_item title=\u00bbOrientaci\u00f3n\u00bb open=\u00bbon\u00bb open_toggle_text_color=\u00bb#cb023e\u00bb closed_toggle_text_color=\u00bb#cb023e\u00bb _builder_version=\u00bb4.9.4&#8243; toggle_text_color=\u00bb#cb023e\u00bb open_use_icon_font_size=\u00bboff\u00bb]<\/p>\n<p>\u00a1Nuestro servicio de orientaci\u00f3n laboral no se para! El personal orientador est\u00e1 trabajando y puede atender tus demandas, darte toda la informaci\u00f3n que necesites y acompa\u00f1arte en tu proceso personal. A trav\u00e9s del servicio SOIB 24\u00b77, haz llegar tus consultas rellenando un <a href=\"https:\/\/intranet.caib.es\/accforfront\/principal.xhtml?seleccion=aplicacions07\" target=\"_blank\" rel=\"noopener noreferrer\"><span style=\"color: #cb023e;\">formulario<\/span><\/a>. Nosotros te contactaremos en menos de 48 horas a trav\u00e9s del medio que escojas.<\/p>\n<p>Si ya utilizas un servicio de orientaci\u00f3n de una oficina del SOIB puedes contactar con tu orientador o orientadora de referencia mediante su correo electr\u00f3nico o telef\u00f3nicamente.<\/p>\n<p>Adem\u00e1s, contamos con todo un abanico de servicios de orientaci\u00f3n especializados:<\/p>\n<ul>\n<li>Si tienes entre 16-29 a\u00f1os y no tienes estudios superiores, <span style=\"color: #cb023e;\"><a style=\"color: #cb023e;\" href=\"https:\/\/soib.es\/es\/soib-jove-orientacio\/\" target=\"_blank\" rel=\"noopener noreferrer\"><strong>SOIB JOVE<\/strong><\/a><\/span> es tu servicio.<\/li>\n<li>Si necesitas orientaci\u00f3n sobre formaci\u00f3n y cualificaci\u00f3n profesional, <span style=\"color: #cb0200;\"><a style=\"color: #cb0200;\" href=\"https:\/\/soib.es\/es\/punt-dorientacio-academica-i-professional\" target=\"_blank\" rel=\"noopener noreferrer\"><strong><span style=\"color: #cb023e;\">POAP<\/span><\/strong><\/a><\/span> es tu servicio.<\/li>\n<li>Si hace 12 meses o m\u00e1s que no tienes empleo, <span style=\"color: #cb023e;\"><a style=\"color: #cb023e;\" href=\"https:\/\/soib.es\/es\/soib-orientacio-atur-llarga-durada\/\" target=\"_blank\" rel=\"noopener noreferrer\"><strong>SOIB Larga Duraci\u00f3n<\/strong><\/a><\/span> es el tu servicio.<\/li>\n<li>Si tienes menos de 30 a\u00f1os y titulaci\u00f3n superior, <span style=\"color: #cb023e;\"><strong><a style=\"color: #cb023e;\" href=\"http:\/\/fueib.org\/es\/doip\/573\/que-es-el-servei-dorientacio-professional\" target=\"_blank\" rel=\"noopener noreferrer\">SOIB DOIP<\/a><\/strong> <\/span>es tu servicio.<\/li>\n<li>Si necesitas orientaci\u00f3n sobre el sector turismo y hosteler\u00eda, <a href=\"https:\/\/soib.es\/es\/oficina-sectorial-soib-ehib\/\" target=\"_blank\" rel=\"noopener noreferrer\"><span style=\"color: #cb0200;\"><strong><span style=\"color: #cb023e;\">SOIB EHIB<\/span><\/strong><\/span><\/a> es tu servicio.<\/li>\n<li>Si quieres trabajar en otro pa\u00eds europeo, <a href=\"https:\/\/ec.europa.eu\/eures\/public\/es\/eures-services\" target=\"_blank\" rel=\"noopener noreferrer\"><strong><span style=\"color: #cb0200;\"><span style=\"color: #cb023e;\">EURES<\/span><\/span><\/strong><\/a> es tu servicio.<\/li>\n<li>Si eres una mujer que sufre o ha sufrido violencia machista y quieres buscar trabajo o formarte profesionalmente, el SOIB pone a tu disposici\u00f3n una <a href=\"https:\/\/soib.es\/es\/xarxa-de-tutores-orientacio-laboral-per-a-dones-victimes-de-violencia-masclista\/\"><strong><span style=\"color: #cb0200;\">t<span style=\"color: #cb023e;\">utora especializada<\/span><\/span><\/strong><\/a> en este \u00e1mbito.<\/li>\n<li>Si necesitas orientaci\u00f3n laboral, pero no te encuentras en ninguna de las situaciones anteriores, pide cita en<span style=\"color: #cb023e;\"> <a style=\"color: #cb023e;\" href=\"https:\/\/soib.es\/es\/red-de-oficinas\/\"><strong>tu oficina<\/strong><\/a>.<\/span><\/li>\n<\/ul>\n<p>[\/et_pb_accordion_item][et_pb_accordion_item title=\u00bbFormaci\u00f3n y fomento del empleo\u00bb _builder_version=\u00bb4.8.1&#8243; open_use_icon_font_size=\u00bboff\u00bb open=\u00bboff\u00bb]<\/p>\n<p>Una resoluci\u00f3n dicta las instrucciones que se tienen que seguir en la impartici\u00f3n de formaci\u00f3n profesional para el empleo, seg\u00fan el nivel de alerta sanitaria determinado en cada territorio y en cada momento. Est\u00e1 en vigor desde el d\u00eda 24 de enero<em>.<\/em><\/p>\n<p><strong>Informaci\u00f3n para personas interesadas en cursar una acci\u00f3n formativa <\/strong><\/p>\n<p>En el<span style=\"color: #cb023e;\">\u00a0<a style=\"color: #cb023e;\" href=\"https:\/\/apps.caib.es\/accforfront\/principal.xhtml?seleccion=aplicacions14\" target=\"_blank\" rel=\"noopener noreferrer\"><strong>buscador de cursos<\/strong><\/a><\/span> encontrar\u00e1s todas las acciones formativas aprobadas. Para saber si el curso que te interesa se ha aplazado o se har\u00e1 telem\u00e1ticamente, contacta con el centro de formaci\u00f3n que lo imparte y te informar\u00e1n de todos los detalles.<\/p>\n<p>Si est\u00e1s en<strong> ERTO<\/strong>, con la nueva normativa de formaci\u00f3n profesional para el empleo, podr\u00e1s acceder a los cursos tanto para personas en desempleo como para personas ocupadas, y adem\u00e1s tendr\u00e1s la consideraci\u00f3n de colectivo prioritario. Tienes todos los detalles de las instrucciones para la impartici\u00f3n de la formaci\u00f3n profesional para el empleo en el contexto de la actual situaci\u00f3n sanitaria en la <strong><span style=\"color: #cb023e;\"><a style=\"color: #cb023e;\" href=\"https:\/\/soib.es\/wp-content\/uploads\/2021\/01\/resolucion-21-de-enero-fp-boib-castellano.pdf\" target=\"_blank\" rel=\"noopener\">Resoluci\u00f3n.<\/a><\/span><br \/><\/strong><\/p>\n<p><strong>Informaci\u00f3n para el alumnado o alumnado trabajador <\/strong><\/p>\n<p>Si est\u00e1s cursando una acci\u00f3n formativa del SOIB, contacta con tu centro para saber cu\u00e1les son las medidas que se han tomado. En la\u00a0<span style=\"color: #cb023e;\"><a style=\"color: #cb023e;\" href=\"https:\/\/soib.es\/es\/centres-propis-de-la-caib-que-imparteixen-formacio-del-soib\/\" target=\"_blank\" rel=\"noopener noreferrer\"><strong>red de centros <\/strong><\/a><\/span>encontrar\u00e1s toda la informaci\u00f3n.<\/p>\n<p>Recuerda que el alumnado mantiene el derecho a recibir las becas y las ayudas correspondientes de las acciones formativas que financia el SOIB.<\/p>\n<p>Los alumnos de formaci\u00f3n dual afectados por un ERTE o que como consecuencia de la crisis sanitaria les hayan suspendido o rescindido el contrato podr\u00e1n seguir asistiendo a la acci\u00f3n formativa.<\/p>\n<p>Igualmente, si hay alumnos que tienen que estar aislados por la COVID-19 se les tiene que facilitar la continuidad del curso mediante f\u00f3rmulas alternativas.<strong>\u00a0<\/strong><\/p>\n<p><strong>Informaci\u00f3n para centros<\/strong><\/p>\n<p>Los centros de formaci\u00f3n tendr\u00e1n que cumplir las medidas de higiene y prevenci\u00f3n establecidas por las autoridades sanitarias. Las \u00faltimas instrucciones que se tienen que seguir, en la impartici\u00f3n de la formaci\u00f3n profesional para el empleo, se establecen seg\u00fan el nivel de alerta sanitaria que decrete el Govern.<\/p>\n<p>Hasta <strong>el nivel 3 de alerta sanitaria<\/strong>, la formaci\u00f3n profesional tiene que ser presencial. As\u00ed mismo, se podr\u00e1 utilizar el aula virtual como medio complementario y adicional. Adem\u00e1s, se regula el uso correcto de este medio y los requisitos para su autorizaci\u00f3n.<\/p>\n<p>Si durante la impartici\u00f3n de una acci\u00f3n formativa, entre el alumnado o el personal formador hay alg\u00fan caso de positivo por COVID-19<strong>,<\/strong>\u00a0 se actuar\u00e1 seg\u00fan las indicaciones sanitarias. En el supuesto de que el curso se suspenda para cumplir con la cuarentena, se tendr\u00e1 que notificar al SOIB y, pasado este periodo,\u00a0 se retomar\u00e1. Si hay alumnos que tienen que estar aislados, el centro de formaci\u00f3n tiene que facilitarles la continuidad del curso.<\/p>\n<p>La evaluaci\u00f3n final se tiene que hacer de forma presencial<strong>, a excepci\u00f3n <\/strong>de las especialidades formativas del \u00e1rea sociosanitaria de la familia profesional de servicios socioculturales y a la comunidad.<\/p>\n<p>En cuanto a<strong> las acciones de formaci\u00f3n con alternancia con el empleo, <\/strong>se adoptar\u00e1n f\u00f3rmulas alternativas y criterios de presencialidad ajustados a cada proyecto en funci\u00f3n de la recuperaci\u00f3n de la actividad econ\u00f3mica.<\/p>\n<p>Respecto a la impartici\u00f3n de la formaci\u00f3n<strong> en alerta sanitaria de nivel 4,<\/strong> los centros de formaci\u00f3n podr\u00e1n optar por:<\/p>\n<p><strong>&#8211;<\/strong>Parar el curso y retomarlo cuando finalice el nivel 4 de alerta sanitaria, siempre que se pueda ejecutar la formaci\u00f3n en los plazos previstos en la convocatoria.<\/p>\n<p>&#8211; Crear grupos burbuja para cumplir con la capacidad establecida. Los d\u00edas lectivos en que el alumnado tenga que quedar en casa, el centro tiene que permitir seguir el curso por medios telem\u00e1ticos.<\/p>\n<p>Por otro lado, sobre el <strong>M\u00f3dulo de pr\u00e1cticas profesionales no laborales <\/strong>cuando no sea posible la realizaci\u00f3n efectiva en un \u00e1mbito empresarial, el SOIB,\u00a0 autorizar\u00e1 a los centros, que impartan estos certificados de profesionalidad, a adoptar una serie de las medidas, atendiendo un orden de prioridades.<\/p>\n<p>Tambi\u00e9n se fija como tiene que ser la evaluaci\u00f3n y el seguimiento del m\u00f3dulo formativo y se detallan los plazos de ejecuci\u00f3n y justificaci\u00f3n econ\u00f3mica de las convocatorias<\/p>\n<p>Pod\u00e9is consultar<strong>\u00a0<a href=\"https:\/\/soib.es\/wp-content\/uploads\/2021\/01\/resolucion-21-de-enero-fp-boib-castellano.pdf\" target=\"_blank\" rel=\"noopener\"><span style=\"color: #cb023e;\">la Resoluci\u00f3n complet<\/span><\/a><\/strong><a href=\"_wp_link_placeholder\"><span style=\"color: #cb023e;\"><strong>a <\/strong><\/span><\/a>en la p\u00e1gina web del SOIB, en el apartado \u00abNormativa\u00bb, secci\u00f3n \u00abNotas informativas y resoluciones COVID-19\u00bb.<\/p>\n<p>[\/et_pb_accordion_item][et_pb_accordion_item title=\u00bbPersonas trabajadoras\u00bb _builder_version=\u00bb4.9.4&#8243; open_use_icon_font_size=\u00bboff\u00bb open=\u00bboff\u00bb]<\/p>\n<p>Todos los tr\u00e1mites y las citas se pueden gestionar de manera telef\u00f3nica o telem\u00e1tica. \u00bfNecesitas una cita con el SOIB? Puedes pedirla a trav\u00e9s de la aplicaci\u00f3n de cita previa del Govern, <span style=\"color: #cb023e;\"><a style=\"color: #cb023e;\" href=\"https:\/\/soib.es\/es\/demana-cita-previa\/\" target=\"_blank\" rel=\"noopener noreferrer\"><strong>aqu\u00ed<\/strong><\/a><\/span> o en el 971225791 (012) y te llamaremos a la hora indicada.<\/p>\n<p>partir de d\u00eda 1 de junio de 2021 debes renovar la demanda de empleo en las fechas que te correspondan. Recuerda que hasta el 31 de mayo lo haremos por ti de manera autom\u00e1tica. Si te afecta un ERTE: nosotros te daremos de alta y tu empresa tramitar\u00e1 tu prestaci\u00f3n con el SEPE.<\/p>\n<p>Si tienes derecho a la <strong><span style=\"color: #cb023e;\">prestaci\u00f3n extraordinaria<\/span> <\/strong>para personas<strong><span style=\"color: #cb023e;\"> fijas discontinuas <\/span><\/strong>y la pides al\u00a0SEPE, desde el\u00a0SOIB\u00a0te daremos de alta la demanda de trabajo autom\u00e1ticamente, sin que tengas que hacer nada. Consulta toda la informaci\u00f3n sobre las gestiones con el\u00a0SEPE\u00a0de la prestaci\u00f3n extraordinaria para fijos discontinuos en su<a href=\"https:\/\/www.sepe.es\/HomeSepe\/\" target=\"_blank\" rel=\"noopener noreferrer\"> <strong><span style=\"color: #cb023e;\">web<\/span><span style=\"color: #cb023e;\">.<\/span><\/strong><\/a><\/p>\n<p>\u00bfDe todas formas necesitas hablar con tu oficina?<span style=\"color: #cb023e;\"> <a style=\"color: #cb023e;\" href=\"https:\/\/soib.es\/es\/red-de-oficinas\/\" target=\"_blank\" rel=\"noopener noreferrer\"><strong>Aqu\u00ed<\/strong><\/a> <\/span>tienes todos los contactos.<\/p>\n<p>Si tienes que inscribirte en el SOIB, puedes hacerlo a trav\u00e9s de los<span style=\"color: #cb023e;\"> <a style=\"color: #cb023e;\" href=\"https:\/\/www.sistemanacionalempleo.es\/CartaServiciosCiudadanoWEB\/jspFR\/principalFR.jsp?CA=04\" target=\"_blank\" rel=\"noopener noreferrer\"><strong>tr\u00e1mites en l\u00ednea<\/strong><\/a>.<\/span> Te explicamos c\u00f3mo hacerlo en este <span style=\"color: #cb023e;\"><a style=\"color: #cb023e;\" href=\"https:\/\/youtu.be\/E-T1GNb6V9Q\" target=\"_blank\" rel=\"noopener noreferrer\"><strong>tutorial<\/strong><\/a>.<\/span> Tambi\u00e9n puedes <span style=\"color: #cb0200;\"><a style=\"color: #cb0200;\" href=\"https:\/\/soib.es\/es\/demana-cita-previa\/\" target=\"_blank\" rel=\"noopener noreferrer\"><strong><span style=\"color: #cb023e;\">pedir cita<\/span><\/strong><\/a><\/span> y te ayudaremos.<\/p>\n<p>Si se trata de una primera inscripci\u00f3n, necesitaremos tus datos. Te llamaremos para que nos los facilites y, despu\u00e9s, recibir\u00e1s por correo electr\u00f3nico o postal la tarjeta DARDE con las fechas de las pr\u00f3ximas renovaciones.<\/p>\n<p>Si tienes dudas sobre prestaciones o subsidios, encontrar\u00e1s tosa la informaci\u00f3n en la <a href=\"http:\/\/www.sepe.es\/HomeSepe\/\" target=\"_blank\" rel=\"noopener noreferrer\"><strong><span style=\"color: #cb0200;\"><span style=\"color: #cb023e;\">p\u00e1gina web del SEPE<\/span><\/span><\/strong><\/a><span style=\"color: #cb023e;\">.<\/span> Adem\u00e1s, el SEPE ha habilitado canales telef\u00f3nicos y telem\u00e1ticos:<\/p>\n<ul>\n<li>971998798<\/li>\n<li>901 119 999<\/li>\n<li>900 81 24 00 (para la ciudadan\u00eda)<\/li>\n<li>900 81 24 01 (para empresas)<\/li>\n<\/ul>\n<p>Si tienes dudas sobre tu situaci\u00f3n laboral, los nuevos\u00a0ERTOS\u00a0o no la nueva prestaci\u00f3n laboral para los fijos discontinuos encontrar\u00e1s toda la informaci\u00f3n en <a href=\"https:\/\/www.caib.es\/sites\/coronaviruseconomia\/es\/portada\/\" target=\"_blank\" rel=\"noopener noreferrer\"><span style=\"color: #cb023e;\"><strong>COVID-19 MEDIDAS PARA EMPRESAS Y TRABAJADORES<\/strong><\/span><\/a><\/p>\n<p><strong>Para informaci\u00f3n sobre ERTES\u00a0<\/strong>contacte con la Direcci\u00f3 General de Trabajo en el correo electr\u00f3nico <a href=\"mailto:esmeneserto@caib.es\"><span style=\"color: #cb023e;\"><strong>esmeneserto@caib.es<\/strong><\/span><\/a><\/p>\n<p><strong>Para consultas sobre ayudas a aut\u00f3nomos<\/strong> contacte con la Direcci\u00f3 General de Promoci\u00f3n Econ\u00f3mica en el correo electr\u00f3nico <span style=\"color: #cb023e;\"><strong><a style=\"color: #cb023e;\" href=\"mailto:empresa@coronavirus.caib.es\">empresa@coronavirus.caib.es<\/a><\/strong><\/span><\/p>\n<p><strong>Para la gesti\u00f3n de ofertas de trabajo, selecci\u00f3n de personal y asesoramiento a empresas <\/strong>contacte con el servicio SOIB Empresa llamando al 971176056 o <a href=\"mailto:empresa@soib.caib.es\"><span style=\"color: #cb023e;\"><strong>empresa@soib.caib.es<\/strong><\/span><\/a><\/p>\n<p>[\/et_pb_accordion_item][et_pb_accordion_item title=\u00bbEmpresas y entidades\u00bb open_toggle_text_color=\u00bbcbo23e\u00bb _builder_version=\u00bb4.7.3&#8243; open_use_icon_font_size=\u00bboff\u00bb open=\u00bboff\u00bb]<\/p>\n<p>Las personas contratadas a trav\u00e9s de algun <strong>programa de fomento del empleo del SOIB <\/strong>(Visibles, J\u00f3venes Cualificados, SOIB Dona, etc.) forman parte, a efectos pr\u00e1cticos, de la empresa o entidad que los ha contratado y deben regirse por las medidas que se tomen en ella.<\/p>\n<p><strong>Informaci\u00f3n general para empresas <\/strong><\/p>\n<ul>\n<li>\n<p>\u00bfTienes necesidad de personal? <span style=\"color: #cb0200;\"><a style=\"color: #cb0200;\" href=\"https:\/\/www.caib.es\/sistrafront\/sistrafront\/inicio?language=ca&amp;modelo=TF0015OFOC&amp;version=1\" target=\"_blank\" rel=\"noopener noreferrer\"><span style=\"color: #cb023e;\">Aqu\u00ed puedes registrar tu oferta<\/span><\/a><\/span><\/p>\n<\/li>\n<li>\n<p>\u00bfConoc\u00e9is los servicios de SOIB Empresas? Podemos responder a cuestiones laborales sobre la selecci\u00f3n de personal, la contrataci\u00f3n, la formaci\u00f3n u otras situaciones laborales relacionadas con el personal de vuestra empresa o idea de negocio, y adaptar nuestros servicios a vuestras necesidades espec\u00edficas. A trav\u00e9s del servicio SOIB 24\u00b77, pod\u00e9is contactarnos a cualquier hora del d\u00eda durante los siete d\u00edas de la semana. En menos de 48 horas, tendr\u00e9is una respuesta de nuestro personal especializado. \u00bfEn qu\u00e9 os podemos ayudar?<br \/>Rellenad este sencillo\u00a0<a href=\"https:\/\/forms.gle\/1yob6gCkGAYXXZeh6\">formulario<\/a>\u00a0y escoged la opci\u00f3n que m\u00e1s se adapte a las necesidades actuales de vuestra empresa para que podamos ayudaros.<\/p>\n<\/li>\n<li>\n<p>Si tienes dudas sobre c\u00f3mo garantizar la seguridad de tu personal, el <span style=\"color: #cb023e;\"><a style=\"color: #cb023e;\" href=\"http:\/\/www.caib.es\/sites\/ibassal\/ca\/index\/\" target=\"_blank\" rel=\"noopener noreferrer\">Instituto Balear de Seguridad y Salud Laboral, IBASSAL<\/a><\/span>, ha elaborado, junto con la Conselleria de Salud, un conjunto de <span style=\"color: #cb023e;\"><a style=\"color: #cb023e;\" href=\"http:\/\/www.caib.es\/sites\/coronaviruseconomia\/es\/mesures_de_prevencia_en_el_sector_de_la_construccia_\/\" target=\"_blank\" rel=\"noopener noreferrer\">gu\u00edas para los diferentes sectores<\/a>.<\/span> Seis protocolos de seguridad y salud laboral establecen las medidas preventivas en las actividades relacionadas con el comercio, la construcci\u00f3n, el transporte, la recogida de residuos, la seguridad y vigilancia y la limpieza, par adaptarse a la nueva situaci\u00f3n de reincorporaci\u00f3n y reactivaci\u00f3n de los sectores productivos no esenciales.<\/p>\n<\/li>\n<\/ul>\n<p>Recuerda:<\/p>\n<ul>\n<li>\n<p>Las empresas no pueden utilizar el coronavirus para despedir. Deben seguir el proceso tal como marca la Ley. Todos los <strong>despidos <\/strong>hechos durante el estado de alarma que utilicen argumentos econ\u00f3micos, de producci\u00f3n, t\u00e9cnicos y organizativos derivados del coronavirus son improcedentes.<\/p>\n<\/li>\n<li>\n<p>No se pueden suspender contratos o reducir jornadas de manera unilateral, se debe negociar con los representantes legales de la plantilla.<\/p>\n<\/li>\n<li>\n<p>Si la empresa forma parte de una actividad considerada como servicio esencial, debe firmar una declaraci\u00f3n responsable para que su plantilla vaya a trabajar.<\/p>\n<\/li>\n<li>\n<p>Si una empresa puede continuar con su actividad y i un trabajador o trabajadora se contagia de coronavirus por llevar a cabo su trabajo se entender\u00e1 como accidente laboral.<\/p>\n<\/li>\n<\/ul>\n<p>Si tienes dudas sobre c\u00f3mo afecta esta situaci\u00f3n a tu empresa, y quieres ampliar la informaci\u00f3n sobre <strong>la tramitaci\u00f3n de los ERTE y las ayudas que ha puesto en marcha el Govern<\/strong> encontrar\u00e1s toda la documentaci\u00f3n <span style=\"color: #cb023e;\"><a style=\"color: #cb023e;\" href=\"http:\/\/www.caib.es\/sites\/coronaviruseconomia\/es\/portada\/\" target=\"_blank\" rel=\"noopener noreferrer\">aqu\u00ed<\/a>.<\/span><\/p>\n<p><strong>Para informaci\u00f3n sobre ERTES\u00a0<\/strong>contacte con la Direcci\u00f3 General de Trabajo en el correo electr\u00f3nico <span style=\"color: #cb023e;\"><a style=\"color: #cb023e;\" href=\"mailto:esmeneserto@caib.es\">esmeneserto@caib.es<\/a><\/span><\/p>\n<p><strong>Para consultas sobre ayudas a aut\u00f3nomos<\/strong> contacte con la Direcci\u00f3 General de Promoci\u00f3n Econ\u00f3mica en el correo electr\u00f3nico <span style=\"color: #cb023e;\"><a style=\"color: #cb023e;\" href=\"mailto:empresa@coronavirus.caib.es\"><span style=\"color: #cb023e;\">empresa@coronavirus.caib.es<\/span><\/a><\/span><\/p>\n<p><strong>Para la gesti\u00f3n de ofertas de trabajo, selecci\u00f3n de personal y asesoramiento a empresas\u00a0<\/strong> contacte con el servicio SOIB Empresa llamando al 971176056 o<span style=\"color: #cb023e;\">\u00a0<a style=\"color: #cb023e;\" href=\"mailto:empresa@soib.caib.es\">empresa@soib.caib.es<\/a><\/span><\/p>\n<p>[\/et_pb_accordion_item][\/et_pb_accordion][\/et_pb_column][\/et_pb_row][\/et_pb_section]<\/p>\n","protected":false},"excerpt":{"rendered":"<p>COVID-19Frente a la situaci\u00f3n derivada por el COVID-19, el SOIB ha puesto en marcha toda una serie de herramientas para continuar ofreciendo servicio sin que tengas de salir de casa y que se adaptan a la transici\u00f3n hacia una nueva normalidad. A trav\u00e9s de v\u00edas telem\u00e1ticas y telef\u00f3nicas se garantiza la atenci\u00f3n y el acompa\u00f1amiento [&hellip;]<\/p>\n","protected":false},"author":13,"featured_media":0,"parent":0,"menu_order":0,"comment_status":"closed","ping_status":"closed","template":"","meta":{"_et_pb_use_builder":"on","_et_pb_old_content":"","_et_gb_content_width":"","footnotes":"","_links_to":"","_links_to_target":""},"class_list":["post-19112","page","type-page","status-publish","hentry"],"publishpress_future_action":{"enabled":false,"date":"2026-04-30 18:07:17","action":"change-status","newStatus":"draft","terms":[],"taxonomy":"translation_priority","extraData":[]},"publishpress_future_workflow_manual_trigger":{"enabledWorkflows":[]},"_links":{"self":[{"href":"https:\/\/soib.es\/es\/wp-json\/wp\/v2\/pages\/19112","targetHints":{"allow":["GET"]}}],"collection":[{"href":"https:\/\/soib.es\/es\/wp-json\/wp\/v2\/pages"}],"about":[{"href":"https:\/\/soib.es\/es\/wp-json\/wp\/v2\/types\/page"}],"author":[{"embeddable":true,"href":"https:\/\/soib.es\/es\/wp-json\/wp\/v2\/users\/13"}],"replies":[{"embeddable":true,"href":"https:\/\/soib.es\/es\/wp-json\/wp\/v2\/comments?post=19112"}],"version-history":[{"count":0,"href":"https:\/\/soib.es\/es\/wp-json\/wp\/v2\/pages\/19112\/revisions"}],"wp:attachment":[{"href":"https:\/\/soib.es\/es\/wp-json\/wp\/v2\/media?parent=19112"}],"curies":[{"name":"wp","href":"https:\/\/api.w.org\/{rel}","templated":true}]}}