{"id":14151,"date":"2019-08-21T12:47:14","date_gmt":"2019-08-21T10:47:14","guid":{"rendered":"https:\/\/soib.es\/servei-orientacio-professional-soib-doip\/"},"modified":"2024-10-17T09:14:43","modified_gmt":"2024-10-17T07:14:43","slug":"servei-orientacio-professional-soib-doip","status":"publish","type":"page","link":"https:\/\/soib.es\/es\/servei-orientacio-professional-soib-doip\/","title":{"rendered":"SOIB-Servicio de Orientaci\u00f3n Laboral (para personas estudiantes o con titulaci\u00f3n universitaria o titulaci\u00f3n superior de formaci\u00f3n profesional)"},"content":{"rendered":"<p>[et_pb_section fb_built=\u00bb1&#8243; _builder_version=\u00bb4.16&#8243; background_color=\u00bb#f7f7f7&#8243; custom_padding=\u00bb25px|0px|25px|0px\u00bb global_colors_info=\u00bb{}\u00bb][et_pb_row _builder_version=\u00bb4.16&#8243; global_colors_info=\u00bb{}\u00bb][et_pb_column type=\u00bb4_4&#8243; _builder_version=\u00bb4.16&#8243; custom_padding=\u00bb|||\u00bb global_colors_info=\u00bb{}\u00bb custom_padding__hover=\u00bb|||\u00bb][et_pb_text _builder_version=\u00bb4.23.1&#8243; global_colors_info=\u00bb{}\u00bb]<\/p>\n<h1><strong>SOIB-Servicio de Orientaci\u00f3n Laboral (para personas estudiantes o con titulaci\u00f3n universitaria o titulaci\u00f3n superior de formaci\u00f3n profesional)<\/strong><\/h1>\n<p>[\/et_pb_text][\/et_pb_column][\/et_pb_row][\/et_pb_section][et_pb_section fb_built=\u00bb1&#8243; _builder_version=\u00bb4.16&#8243; custom_padding=\u00bb25px|0px|54px|0px\u00bb global_colors_info=\u00bb{}\u00bb][et_pb_row _builder_version=\u00bb4.16&#8243; global_colors_info=\u00bb{}\u00bb][et_pb_column type=\u00bb4_4&#8243; _builder_version=\u00bb4.16&#8243; custom_padding=\u00bb|||\u00bb global_colors_info=\u00bb{}\u00bb custom_padding__hover=\u00bb|||\u00bb][et_pb_blurb title=\u00bb\u00bfQui\u00e9nes somos?\u00bb use_icon=\u00bbon\u00bb font_icon=\u00bb&#x41;||divi||400&#8243; icon_color=\u00bb#cb023e\u00bb icon_placement=\u00bbleft\u00bb content_max_width=\u00bb1100px\u00bb _builder_version=\u00bb4.23.1&#8243; _module_preset=\u00bbdefault\u00bb global_colors_info=\u00bb{}\u00bb]Un servicio de informaci\u00f3n y orientaci\u00f3n integral para favorecer la inserci\u00f3n laboral para personas estudiantes, tituladas universitarias y tituladas superiores de formaci\u00f3n profesional, donde recibir\u00e1s actuaciones en materia de informaci\u00f3n, orientaci\u00f3n laboral, captaci\u00f3n e inscripci\u00f3n en la Garant\u00eda juvenil.<\/p>\n<p>Este servicio lo gestiona la FUEIB mediante el encargo de gesti\u00f3n que le ha hecho el SOIB.[\/et_pb_blurb][et_pb_blurb title=\u00bb\u00bfQu\u00e9 te ofrecemos?\u00bb use_icon=\u00bbon\u00bb font_icon=\u00bb&#x41;||divi||400&#8243; icon_color=\u00bb#cb023e\u00bb icon_placement=\u00bbleft\u00bb content_max_width=\u00bb1100px\u00bb _builder_version=\u00bb4.23.1&#8243; _module_preset=\u00bbdefault\u00bb global_colors_info=\u00bb{}\u00bb]Un servicio personalizado y gratuito de orientaci\u00f3n laboral, tanto presencial como virtual con personal t\u00e9cnico especializado, para iniciar un proceso de b\u00fasqueda de empleo y mejora del perfil profesional. <\/p>\n<p>Te damos las herramientas que necesitas para encontrar un trabajo, decidir qu\u00e9 formaci\u00f3n se ajusta m\u00e1s a tus potencialidades y necesidades, y te ayudamos a descubrir qu\u00e9 servicios del SOIB te servir\u00e1n para fortalecer la trayectoria profesional.[\/et_pb_blurb][et_pb_blurb title=\u00bb\u00bfA qui\u00e9n va destinado?\u00bb use_icon=\u00bbon\u00bb font_icon=\u00bb&#x41;||divi||400&#8243; icon_color=\u00bb#cb023e\u00bb icon_placement=\u00bbleft\u00bb content_max_width=\u00bb1100px\u00bb _builder_version=\u00bb4.23.1&#8243; _module_preset=\u00bbdefault\u00bb global_colors_info=\u00bb{}\u00bb]<\/p>\n<p>Personas inscritas en el SOIB con el perfil siguiente:<\/p>\n<ul>\n<li>Estudiantes o con titulaci\u00f3n universitaria<\/li>\n<li>Estudiantes o con titulaci\u00f3n superior de formaci\u00f3n profesional<\/li>\n<\/ul>\n<p>[\/et_pb_blurb][et_pb_accordion db_closeable=\u00bbon\u00bb db_initial_state=\u00bball_closed\u00bb open_toggle_text_color=\u00bb#878686&#8243; closed_toggle_text_color=\u00bb#cb023e\u00bb icon_color=\u00bb#cb023e\u00bb _builder_version=\u00bb4.23.1&#8243; toggle_font=\u00bb|700|||||||\u00bb toggle_font_size=\u00bb18&#8243; global_colors_info=\u00bb{}\u00bb][et_pb_accordion_item title=\u00bb\u00bfD\u00f3nde nos encontrar\u00e1s?\u00bb open=\u00bbon\u00bb _builder_version=\u00bb4.23.1&#8243; global_colors_info=\u00bb{}\u00bb]<\/p>\n<h5><strong>Mallorca<\/strong><\/h5>\n<p><strong>Oficina FUEIB-DOIP (Palma)<\/strong><br \/>2\u00aa planta del edificio Sa Riera<br \/>Carrer de Miquel de Sants i Oliver, 2<br \/>07012 Palma (Illes Balears)<br \/>Tel.: 971 17 33 02<br \/><span style=\"color: #cb023e;\"><a style=\"color: #cb023e;\" href=\"mailto:orientacio@fueib.org\" target=\"_blank\" rel=\"noopener\">orientacio@fueib.org<\/a><\/span><\/p>\n<p><strong>Campus UIB<\/strong><br \/>Edificio de Instalaciones Deportivas (Campus UIB)<br \/>Tel.: 971 25 96 97<br \/>07122 Palma (Illes Balears)<br \/><span style=\"color: #cb023e;\"><a style=\"color: #cb023e;\" href=\"mailto:doip@fueib.org\" target=\"_blank\" rel=\"noopener\">doip@fueib.org<\/a><\/span><\/p>\n<h5><strong>Menorca<\/strong><\/h5>\n<p><strong>Oficina FUEIB-DOIP de Menorca<\/strong><br \/>Sede UIB Menorca<br \/>Carrer de Santa Rita, 11<br \/>07730 Alaior (Illes Balears)<br \/>Tel.: 661 28 03 18<br \/><span style=\"color: #cb023e;\"><a style=\"color: #cb023e;\" href=\"mailto:josep.capo@fueib.org\" target=\"_blank\" rel=\"noopener\">josep.capo@fueib.org<\/a><\/span><\/p>\n<h5><strong>Eivissa<\/strong><\/h5>\n<p><strong>Oficina FUEIB-DOIP en las Piti\u00fcses<\/strong><br \/>Sede UIB Eivissa y Formentera<br \/>Carrer de Calvari, 1<br \/>07800 Eivissa (Illes Balears)<br \/>Tel.: 661 28 16 50<br \/><span style=\"color: #cb023e;\"><a style=\"color: #cb023e;\" href=\"mailto:victor.torres@fueib.org\" target=\"_blank\" rel=\"noopener\">victor.torres@fueib.org<\/a><\/span><\/p>\n<p>*El personal t\u00e9cnico de Eivissa se desplazar\u00e1 puntualmente a Formentera a la calle de Sant Joan, 46 en Sant Francesc Xavier.<\/p>\n<p>[\/et_pb_accordion_item][\/et_pb_accordion][et_pb_text _builder_version=\u00bb4.23.1&#8243; hover_enabled=\u00bb0&#8243; global_colors_info=\u00bb{}\u00bb sticky_enabled=\u00bb0&#8243;]<\/p>\n<a href='https:\/\/content.fueib.org\/orientacion' class='big-button bigsilver' target=\"_blank\"><strong>\u00a1Inf\u00f3rmate y pide cita!<\/strong><\/a>\n<p>[\/et_pb_text][\/et_pb_column][\/et_pb_row][\/et_pb_section]<\/p>\n","protected":false},"excerpt":{"rendered":"<p>SOIB-Servicio de Orientaci\u00f3n Laboral (para personas estudiantes o con titulaci\u00f3n universitaria o titulaci\u00f3n superior de formaci\u00f3n profesional)Un servicio de informaci\u00f3n y orientaci\u00f3n integral para favorecer la inserci\u00f3n laboral para personas estudiantes, tituladas universitarias y tituladas superiores de formaci\u00f3n profesional, donde recibir\u00e1s actuaciones en materia de informaci\u00f3n, orientaci\u00f3n laboral, captaci\u00f3n e inscripci\u00f3n en la Garant\u00eda juvenil. [&hellip;]<\/p>\n","protected":false},"author":13,"featured_media":0,"parent":0,"menu_order":0,"comment_status":"closed","ping_status":"closed","template":"","meta":{"_et_pb_use_builder":"on","_et_pb_old_content":"","_et_gb_content_width":"","footnotes":"","_links_to":"","_links_to_target":""},"class_list":["post-14151","page","type-page","status-publish","hentry"],"publishpress_future_action":{"enabled":false,"date":"2026-04-26 03:58:40","action":"change-status","newStatus":"draft","terms":[],"taxonomy":"translation_priority","extraData":[]},"publishpress_future_workflow_manual_trigger":{"enabledWorkflows":[]},"_links":{"self":[{"href":"https:\/\/soib.es\/es\/wp-json\/wp\/v2\/pages\/14151","targetHints":{"allow":["GET"]}}],"collection":[{"href":"https:\/\/soib.es\/es\/wp-json\/wp\/v2\/pages"}],"about":[{"href":"https:\/\/soib.es\/es\/wp-json\/wp\/v2\/types\/page"}],"author":[{"embeddable":true,"href":"https:\/\/soib.es\/es\/wp-json\/wp\/v2\/users\/13"}],"replies":[{"embeddable":true,"href":"https:\/\/soib.es\/es\/wp-json\/wp\/v2\/comments?post=14151"}],"version-history":[{"count":0,"href":"https:\/\/soib.es\/es\/wp-json\/wp\/v2\/pages\/14151\/revisions"}],"wp:attachment":[{"href":"https:\/\/soib.es\/es\/wp-json\/wp\/v2\/media?parent=14151"}],"curies":[{"name":"wp","href":"https:\/\/api.w.org\/{rel}","templated":true}]}}