{"id":13064,"date":"2020-12-29T09:26:01","date_gmt":"2020-12-29T08:26:01","guid":{"rendered":"https:\/\/soib.es\/ajuts-2019-2020-dones-vvm-cursos-financats-soib\/"},"modified":"2021-08-25T12:04:47","modified_gmt":"2021-08-25T10:04:47","slug":"ajuts-per-a-dones-vvm-cursos-financats-soib","status":"publish","type":"page","link":"https:\/\/soib.es\/es\/ajuts-per-a-dones-vvm-cursos-financats-soib\/","title":{"rendered":"Ayudas para mujeres v\u00edctimas de violencia machista que cursen acciones de formaci\u00f3n profesional para el empleo financiadas por el SOIB (cursos finalizados entre 01\/09\/2019 y 31\/07\/2020)"},"content":{"rendered":"<p>[et_pb_section fb_built=\u00bb1&#8243; _builder_version=\u00bb3.22&#8243; background_color=\u00bb#f7f7f7&#8243; custom_padding=\u00bb25px|0px|25px|0px\u00bb][et_pb_row _builder_version=\u00bb3.25&#8243;][et_pb_column type=\u00bb4_4&#8243; _builder_version=\u00bb3.25&#8243; custom_padding=\u00bb|||\u00bb custom_padding__hover=\u00bb|||\u00bb][et_pb_text _builder_version=\u00bb4.7.7&#8243; hover_enabled=\u00bb0&#8243; sticky_enabled=\u00bb0&#8243;]<\/p>\n<h1><strong>Ayudas para mujeres v\u00edctimas de violencia machista que cursen acciones de formaci\u00f3n profesional para el empleo financiadas por el SOIB <\/strong><strong>finalizadas entre el 1 de agosto de 2020 y el 31 de agosto de 2021<\/strong><\/h1>\n<h1><strong>\u00a0<\/strong><\/h1>\n<p>[\/et_pb_text][\/et_pb_column][\/et_pb_row][\/et_pb_section][et_pb_section fb_built=\u00bb1&#8243; _builder_version=\u00bb3.22&#8243; custom_padding=\u00bb25px|0px|54px|0px\u00bb][et_pb_row _builder_version=\u00bb3.25&#8243;][et_pb_column type=\u00bb4_4&#8243; _builder_version=\u00bb3.25&#8243; custom_padding=\u00bb|||\u00bb custom_padding__hover=\u00bb|||\u00bb][et_pb_accordion open_toggle_text_color=\u00bb#e01f4e\u00bb _builder_version=\u00bb4.9.4&#8243; toggle_font=\u00bb|700|||||||\u00bb hover_enabled=\u00bb0&#8243; sticky_enabled=\u00bb0&#8243;][et_pb_accordion_item title=\u00bbRequisitos\u00bb open=\u00bbon\u00bb _builder_version=\u00bb4.7.7&#8243;]1.\tTener la condici\u00f3n de mujer v\u00edctima de violencia de g\u00e9nero.<br \/>\n2.\tEstar inscrita en el SOIB como demandante de empleo desempleada el d\u00eda de inicio de cada acci\u00f3n formativa.<br \/>\n3.\tCursar con aprovechamiento (apto) una acci\u00f3n formativa (m\u00f3dulo), de una especialidad formativa de formaci\u00f3n profesional para el empleo financiada por el SOIB. En relaci\u00f3n a las acciones formativas de ingl\u00e9s y alem\u00e1n, en que la evaluaci\u00f3n se hace en una entidad acreditativa oficial, para beneficiarse de la beca la alumna tiene que haber logrado el certificado oficial del mismo nivel o superior de conocimiento del idioma de la especialidad formativa que ha cursado.[\/et_pb_accordion_item][et_pb_accordion_item title=\u00bbDocumentaci\u00f3n para presentar las solicitudes (modelos para descargar tambi\u00e9n disponibles en el apartado de convocatorias de la web <www.soib.es>)\u00bb _builder_version=\u00bb4.7.7&#8243; open=\u00bboff\u00bb]<\/p>\n<p>1. <span style=\"color: #cb023e;\"><a style=\"color: #cb023e;\" href=\"https:\/\/soib.es\/wp-content\/uploads\/2020\/12\/modelo-solicitud-BAV-20-21-es.pdf\" target=\"_blank\" rel=\"noopener\">Solicitud<\/a><\/span> de acuerdo con el modelo que se encuentra en la web del SOIB: <strong>la tiene que presentar la alumna<\/strong> y se tiene que presentar <strong>una solicitud por acci\u00f3n formativa<\/strong>.<\/p>\n<p>2. Solo en caso de que no se autorice la consulta telem\u00e1tica, los documentos siguientes:<\/p>\n<ul>\n<li>Fotocopia del documento nacional de identidad o documento identificativo equivalente.<\/li>\n<li>Certificados acreditativos de estar al corriente de las obligaciones tributarias con la Hacienda del Estado y con la Seguridad Social.<\/li>\n<li>Certificado de estar al corriente con las obligaciones tributarias de la Comunidad Aut\u00f3noma de las Illes Balears.<\/li>\n<li>Informe de vida laboral.<\/li>\n<\/ul>\n<p>3. <strong>Acreditaci\u00f3n de la condici\u00f3n de v\u00edctima de violencia machista mediante uno de los documentos siguientes<\/strong>:<\/p>\n<ul>\n<li>A trav\u00e9s de la sentencia condenatoria, durante los 24 meses posteriores de haberse notificado.<\/li>\n<li>Mediante la resoluci\u00f3n judicial que acuerde medidas cautelares para proteger a la v\u00edctima o a trav\u00e9s de la orden de protecci\u00f3n acordada a favor de la v\u00edctima, mientras est\u00e9 vigente.<\/li>\n<li>A trav\u00e9s del informe del Ministerio Fisca que indique la existencia de indicios de que la de demandante es v\u00edctima de violencia de g\u00e9nero, hasta que se dicte la resoluci\u00f3n sobre la orden de protecci\u00f3n.<\/li>\n<li>Informe de los servicios sociales comunitarios o especializados que acredite que la mujer es v\u00edctima de violencia de g\u00e9nero.<\/li>\n<\/ul>\n<p>[\/et_pb_accordion_item][et_pb_accordion_item title=\u00bbD\u00f3nde presentar las solicitudes\u00bb _builder_version=\u00bb4.9.4&#8243; hover_enabled=\u00bb0&#8243; open=\u00bboff\u00bb sticky_enabled=\u00bb0&#8243;]<\/p>\n<ul>\n<li>De manera presencial en el registro de Servicio de Empleo de las Illes Balears. Recuerda que por motivos sanitarios, las solicitudes se pueden presentar de manera presencial en el registro de Servicio de Empleo de las Illes Balears en las oficinas centrales de Palma, en el Centro del Mar en Menorca, y en el Centro de Formaci\u00f3n Blancadona de Ibiza, solo con <strong><a href=\"https:\/\/ac.fundaciobit.org\/citaregistro\/reservar-cita;lang=ct\" target=\"_blank\" rel=\"noopener noreferrer\">cita previa<\/a>.<\/strong> Tambi\u00e9n puedes consultar la <a href=\"http:\/\/www.caib.es\/sites\/atenciociutadania\/ca\/pagina_dinici-21357\/?campa=yes\" target=\"_blank\" rel=\"noopener noreferrer\">lista de todos los centros de la CAIB<\/a> donde registrar la documentaci\u00f3n.<\/li>\n<li>En cualquier otro lugar que prevea el art\u00edculo 16.4 de la Ley 39\/2015 del procedimiento administrativo com\u00fan de las administraciones p\u00fablicas.<\/li>\n<li>De manera electr\u00f3nica en el Registro Electr\u00f3nico Com\u00fan (REC), y se tiene que adjuntar la solicitud espec\u00edfica del procedimiento, la cual tiene que estar disponible en la sede electr\u00f3nica de esta administraci\u00f3n, firmada electr\u00f3nicamente, y concretamente acceder a la p\u00e1gina web de la CAIB &lt;<em>caib.es<\/em>&gt; \/\/ Administraci\u00f3n \/\/ Atenci\u00f3n a la ciudadan\u00eda \/\/ Atenci\u00f3n telem\u00e1tica\/\/ Registro Electr\u00f3nico Com\u00fan.<\/li>\n<\/ul>\n<p>[\/et_pb_accordion_item][et_pb_accordion_item title=\u00bbPlazo para presentar las solicitudes\u00bb _builder_version=\u00bb4.7.7&#8243; open=\u00bboff\u00bb]<\/p>\n<p>Plazo general<\/p>\n<ul>\n<li>El plazo para presentar la solicitud comienza el d\u00eda siguiente a que acabe la acci\u00f3n formativa y finaliza <strong>dos meses<\/strong> despu\u00e9s. Se tiene que presentar una solicitud por acci\u00f3n formativa.<\/li>\n<\/ul>\n<p>Excepci\u00f3n<\/p>\n<ul>\n<li>En el caso de acciones formativas que hayan finalizado <strong>despu\u00e9s del 31 de julio de 2020 y antes de que se publique esta convocatoria<\/strong>, el plazo ser\u00e1 de <strong>dos meses<\/strong> desde que se publique en el BOIB, excepto en el caso de que se hayan solicitado con los m\u00f3dulos de la convocatoria 2019-2020 que se aceptar\u00e1 la solicitud ya presentada.<\/li>\n<\/ul>\n<p>No se admitir\u00e1 ninguna solicitud presentada fuera de plazo.<\/p>\n<p>[\/et_pb_accordion_item][et_pb_accordion_item title=\u00bbImporte de la ayuda\u00bb _builder_version=\u00bb4.7.7&#8243; open=\u00bboff\u00bb]<\/p>\n<p>21 euros por d\u00eda de asistencia al curso (solo asistencia diaria completa).<\/p>\n<p>[\/et_pb_accordion_item][et_pb_accordion_item title=\u00bbProcedimiento llevado a cabo por parte del SOIB\u00bb _builder_version=\u00bb4.7.7&#8243; open=\u00bboff\u00bb]<\/p>\n<p>1. Se examinan las solicitudes recibidas. El SOIB tiene que tramitar el pago una vez finalizada cada acci\u00f3n formativa y despu\u00e9s de haber comprobado de oficio que la persona beneficiaria cumple con los requisitos que establece esta convocatoria.<\/p>\n<p>2. Se emiten las propuestas de concesi\u00f3n o denegaci\u00f3n de las ayudas (publicaci\u00f3n en la p\u00e1gina web del SOIB durante un plazo de 10 d\u00edas h\u00e1biles para hacer las alegaciones).<\/p>\n<p>3. Se dicta una resoluci\u00f3n de aprobaci\u00f3n o denegaci\u00f3n de las ayudas (publicaci\u00f3n en el Bolet\u00edn Oficial de las Illes Balears y en la p\u00e1gina web del SOIB).<\/p>\n<p>4. Tras haber transcurrido el plazo m\u00e1ximo para resolver y notificar (6 meses desde la fecha de registro de la solicitud en el SOIB) sin que se haya dictado una resoluci\u00f3n expresa, la petici\u00f3n tiene que entenderse desestimada.<\/p>\n<p>[\/et_pb_accordion_item][\/et_pb_accordion][et_pb_text _builder_version=\u00bb4.7.7&#8243;]<a style=\"font-size: 15px;\" href=\"https:\/\/www.caib.es\/seucaib\/es\/200\/persones\/tramites\/tramite\/4478319\" target=\"_blank\" rel=\"noopener noreferrer\"><strong>Convocatoria de ayudas para mujeres v\u00edctimas de violencia machista que cursen acciones de formaci\u00f3n profesional para el empleo financiadas por el SOIB que finalicen entre el 1 de agosto de 2020 y el\u00a031 de agosto de 2021<\/strong><\/a>[\/et_pb_text][\/et_pb_column][\/et_pb_row][\/et_pb_section][et_pb_section fb_built=\u00bb1&#8243; disabled_on=\u00bbon|on|off\u00bb _builder_version=\u00bb3.22&#8243; background_color=\u00bb#df1f4f\u00bb custom_padding=\u00bb54px|0px|0px|0px\u00bb][et_pb_row column_structure=\u00bb1_4,1_4,1_4,1_4&#8243; _builder_version=\u00bb3.25&#8243; custom_padding=\u00bb0px|0px|27px|0px\u00bb][et_pb_column type=\u00bb1_4&#8243; _builder_version=\u00bb3.25&#8243; custom_padding=\u00bb|||\u00bb custom_padding__hover=\u00bb|||\u00bb][et_pb_blurb url=\u00bbhttps:\/\/twitter.com\/soibinfo?lang=es\u00bb use_icon=\u00bbon\u00bb font_icon=\u00bb%%292%%\u00bb icon_color=\u00bb#df1f4f\u00bb use_circle=\u00bbon\u00bb icon_placement=\u00bbleft\u00bb use_icon_font_size=\u00bbon\u00bb _builder_version=\u00bb3.0.82&#8243; animation=\u00bboff\u00bb]<br \/>\n[\/et_pb_blurb][\/et_pb_column][et_pb_column type=\u00bb1_4&#8243; _builder_version=\u00bb3.25&#8243; custom_padding=\u00bb|||\u00bb custom_css_main_element=\u00bbmargin-left: -20%;\u00bb custom_padding__hover=\u00bb|||\u00bb][et_pb_blurb url=\u00bbhttps:\/\/www.facebook.com\/SOIBINFO\/\u00bb use_icon=\u00bbon\u00bb font_icon=\u00bb%%291%%\u00bb icon_color=\u00bb#df1f4f\u00bb use_circle=\u00bbon\u00bb icon_placement=\u00bbleft\u00bb _builder_version=\u00bb3.0.82&#8243; animation=\u00bboff\u00bb]<br \/>\n[\/et_pb_blurb][\/et_pb_column][et_pb_column type=\u00bb1_4&#8243; _builder_version=\u00bb3.25&#8243; custom_padding=\u00bb|||\u00bb custom_css_main_element=\u00bbmargin-left: 32px;\u00bb custom_padding__hover=\u00bb|||\u00bb][et_pb_image src=\u00bbhttps:\/\/soib.es\/wp-content\/uploads\/2017\/10\/ue3.gif\u00bb align_tablet=\u00bbcenter\u00bb align_phone=\u00bb\u00bb align_last_edited=\u00bbon|desktop\u00bb _builder_version=\u00bb3.23&#8243; module_alignment=\u00bbleft\u00bb]<br \/>\n[\/et_pb_image][\/et_pb_column][et_pb_column type=\u00bb1_4&#8243; _builder_version=\u00bb3.25&#8243; custom_padding=\u00bb|||\u00bb custom_css_main_element=\u00bbmargin-left: 100px;\u00bb custom_padding__hover=\u00bb|||\u00bb][et_pb_text _builder_version=\u00bb3.27.4&#8243; custom_css_main_element=\u00bbwidth: 150%;\u00bb]<\/p>\n<p style=\"color: #fff;text-align: right\">Servei d&#8217;Ocupaci\u00f3 de les Illes Balears (SOIB):<\/p>\n<p style=\"color: #fff;text-align: right\">Cam\u00ed vell de Bunyola, 43, 1\u00ba &#8211; Edifici rotonda Asima<\/p>\n<p style=\"color: #fff;text-align: right\">Pol\u00edgon de son Castell\u00f3 &#8211; 07009 Palma<\/p>\n<p style=\"color: #fff;text-align: right\">Tel\u00e8fon <a style=\"color: #fff\" href=\"tel:+34971784991\">971784991<\/a> &#8211; Fax 971784942<\/p>\n<p>[\/et_pb_text][\/et_pb_column][\/et_pb_row][\/et_pb_section][et_pb_section fb_built=\u00bb1&#8243; disabled_on=\u00bbon|off|on\u00bb _builder_version=\u00bb3.22&#8243; background_color=\u00bb#df1f4f\u00bb custom_padding=\u00bb20px|0px|0px|0px\u00bb][et_pb_row _builder_version=\u00bb3.25&#8243; custom_padding=\u00bb0px|0px|27px|0px\u00bb][et_pb_column type=\u00bb4_4&#8243; _builder_version=\u00bb3.25&#8243; custom_padding=\u00bb|||\u00bb custom_padding__hover=\u00bb|||\u00bb][et_pb_text _builder_version=\u00bb3.27.4&#8243; custom_css_main_element=\u00bbwidth: 150%;\u00bb]<\/p>\n<p style=\"color: #fff\">Servei d&#8217;Ocupaci\u00f3 de les Illes Balears (SOIB):<\/p>\n<p style=\"color: #fff\">Cam\u00ed vell de Bunyola, 43, 1\u00ba &#8211; Edifici rotonda Asima<\/p>\n<p style=\"color: #fff\">Pol\u00edgon de son Castell\u00f3 &#8211; 07009 Palma<\/p>\n<p style=\"color: #fff\">Tel\u00e8fon <a style=\"color: #fff\" href=\"tel:+34971784991\">971784991<\/a> &#8211; Fax 971784942<\/p>\n<p>[\/et_pb_text][et_pb_image src=\u00bbhttps:\/\/soib.es\/wp-content\/uploads\/2017\/10\/ue3.gif\u00bb align_tablet=\u00bbcenter\u00bb align_phone=\u00bb\u00bb align_last_edited=\u00bbon|desktop\u00bb _builder_version=\u00bb3.23&#8243; max_width=\u00bb50%\u00bb module_alignment=\u00bbcenter\u00bb]<br \/>\n[\/et_pb_image][et_pb_blurb url=\u00bbhttps:\/\/twitter.com\/soibinfo?lang=es\u00bb use_icon=\u00bbon\u00bb font_icon=\u00bb%%292%%\u00bb icon_color=\u00bb#df1f4f\u00bb use_circle=\u00bbon\u00bb icon_placement=\u00bbleft\u00bb use_icon_font_size=\u00bbon\u00bb _builder_version=\u00bb3.0.82&#8243; animation=\u00bboff\u00bb custom_css_main_element=\u00bbfloat: right;\u00bb]<br \/>\n[\/et_pb_blurb][et_pb_blurb url=\u00bbhttps:\/\/www.facebook.com\/SOIBINFO\/\u00bb use_icon=\u00bbon\u00bb font_icon=\u00bb%%291%%\u00bb icon_color=\u00bb#df1f4f\u00bb use_circle=\u00bbon\u00bb icon_placement=\u00bbleft\u00bb _builder_version=\u00bb3.0.82&#8243; animation=\u00bboff\u00bb]<br \/>\n[\/et_pb_blurb][\/et_pb_column][\/et_pb_row][\/et_pb_section][et_pb_section fb_built=\u00bb1&#8243; disabled_on=\u00bboff|on|on\u00bb _builder_version=\u00bb3.22&#8243; background_color=\u00bb#df1f4f\u00bb][et_pb_row _builder_version=\u00bb3.25&#8243; custom_padding=\u00bb15px|0px|0px|0px\u00bb][et_pb_column type=\u00bb4_4&#8243; _builder_version=\u00bb3.25&#8243; custom_padding=\u00bb|||\u00bb custom_padding__hover=\u00bb|||\u00bb][et_pb_text _builder_version=\u00bb3.27.4&#8243;]<\/p>\n<p style=\"color: #fff\">Servei d&#8217;Ocupaci\u00f3 de les Illes Balears (SOIB):<\/p>\n<p style=\"color: #fff\">Cam\u00ed Vell de Bunyola, 43, 1\u00aa &#8211; edifici rotonda Asima<\/p>\n<p style=\"color: #fff\">Pol\u00edgon de son Castell\u00f3 &#8211; 07009 Palma<\/p>\n<p style=\"color: #fff\">Tel\u00e8fon 971784991 &#8211; Fax 971784942<\/p>\n<p>[\/et_pb_text][\/et_pb_column][\/et_pb_row][et_pb_row _builder_version=\u00bb3.25&#8243; custom_padding=\u00bb15px|0px|0px|0px\u00bb][et_pb_column type=\u00bb4_4&#8243; _builder_version=\u00bb3.25&#8243; custom_padding=\u00bb|||\u00bb custom_padding__hover=\u00bb|||\u00bb][et_pb_image src=\u00bbhttps:\/\/soib.es\/wp-content\/uploads\/2017\/10\/ue3.gif\u00bb align_tablet=\u00bbcenter\u00bb align_phone=\u00bb\u00bb align_last_edited=\u00bbon|desktop\u00bb _builder_version=\u00bb3.23&#8243; max_width=\u00bb50%\u00bb]<br \/>\n[\/et_pb_image][\/et_pb_column][\/et_pb_row][et_pb_row _builder_version=\u00bb3.25&#8243; custom_padding=\u00bb0px|0px|0px|0px\u00bb][et_pb_column type=\u00bb4_4&#8243; _builder_version=\u00bb3.25&#8243; custom_padding=\u00bb|||\u00bb custom_padding__hover=\u00bb|||\u00bb][et_pb_blurb url=\u00bbhttps:\/\/www.facebook.com\/SOIBINFO\/\u00bb use_icon=\u00bbon\u00bb font_icon=\u00bb%%291%%\u00bb icon_color=\u00bb#df1f4f\u00bb use_circle=\u00bbon\u00bb icon_placement=\u00bbleft\u00bb _builder_version=\u00bb3.0.82&#8243; animation=\u00bboff\u00bb]<br \/>\n[\/et_pb_blurb][et_pb_blurb url=\u00bbhttps:\/\/twitter.com\/soibinfo?lang=es\u00bb use_icon=\u00bbon\u00bb font_icon=\u00bb%%292%%\u00bb icon_color=\u00bb#df1f4f\u00bb use_circle=\u00bbon\u00bb icon_placement=\u00bbleft\u00bb _builder_version=\u00bb3.0.82&#8243; animation=\u00bboff\u00bb]<br \/>\n[\/et_pb_blurb][\/et_pb_column][\/et_pb_row][\/et_pb_section]<\/p>\n","protected":false},"excerpt":{"rendered":"<p>Ayudas para mujeres v\u00edctimas de violencia machista que cursen acciones de formaci\u00f3n profesional para el empleo financiadas por el SOIB finalizadas entre el 1 de agosto de 2020 y el 31 de agosto de 2021 \u00a01. Tener la condici\u00f3n de mujer v\u00edctima de violencia de g\u00e9nero. 2. Estar inscrita en el SOIB como demandante de [&hellip;]<\/p>\n","protected":false},"author":13,"featured_media":0,"parent":0,"menu_order":0,"comment_status":"closed","ping_status":"closed","template":"","meta":{"_et_pb_use_builder":"on","_et_pb_old_content":"","_et_gb_content_width":"","footnotes":"","_links_to":"","_links_to_target":""},"class_list":["post-13064","page","type-page","status-publish","hentry"],"publishpress_future_action":{"enabled":false,"date":"2026-04-21 13:27:19","action":"change-status","newStatus":"draft","terms":[],"taxonomy":"translation_priority","extraData":[]},"publishpress_future_workflow_manual_trigger":{"enabledWorkflows":[]},"_links":{"self":[{"href":"https:\/\/soib.es\/es\/wp-json\/wp\/v2\/pages\/13064","targetHints":{"allow":["GET"]}}],"collection":[{"href":"https:\/\/soib.es\/es\/wp-json\/wp\/v2\/pages"}],"about":[{"href":"https:\/\/soib.es\/es\/wp-json\/wp\/v2\/types\/page"}],"author":[{"embeddable":true,"href":"https:\/\/soib.es\/es\/wp-json\/wp\/v2\/users\/13"}],"replies":[{"embeddable":true,"href":"https:\/\/soib.es\/es\/wp-json\/wp\/v2\/comments?post=13064"}],"version-history":[{"count":0,"href":"https:\/\/soib.es\/es\/wp-json\/wp\/v2\/pages\/13064\/revisions"}],"wp:attachment":[{"href":"https:\/\/soib.es\/es\/wp-json\/wp\/v2\/media?parent=13064"}],"curies":[{"name":"wp","href":"https:\/\/api.w.org\/{rel}","templated":true}]}}