{"id":12683,"date":"2025-02-10T11:00:55","date_gmt":"2025-02-10T10:00:55","guid":{"rendered":"https:\/\/soib.es\/soib-itineraris-integrals-dinsercio\/"},"modified":"2025-04-11T14:43:45","modified_gmt":"2025-04-11T12:43:45","slug":"soib-itineraris-integrals-dinsercio","status":"publish","type":"page","link":"https:\/\/soib.es\/es\/soib-itineraris-integrals-dinsercio\/","title":{"rendered":"SOIB Orientaci\u00f3n Itinerarios Integrales de Inserci\u00f3n"},"content":{"rendered":"<p>[et_pb_section fb_built=\u00bb1&#8243; _builder_version=\u00bb4.16&#8243; background_color=\u00bb#f7f7f7&#8243; custom_padding=\u00bb25px|0px|25px|0px\u00bb global_colors_info=\u00bb{}\u00bb][et_pb_row _builder_version=\u00bb4.16&#8243; locked=\u00bboff\u00bb global_colors_info=\u00bb{}\u00bb][et_pb_column type=\u00bb4_4&#8243; _builder_version=\u00bb4.16&#8243; custom_padding=\u00bb|||\u00bb global_colors_info=\u00bb{}\u00bb custom_padding__hover=\u00bb|||\u00bb][et_pb_text _builder_version=\u00bb4.27.3&#8243; global_colors_info=\u00bb{}\u00bb]<\/p>\n<h1><strong>SOIB Orientaci\u00f3n Itinerarios Integrales de Inserci\u00f3n 2025-2026<\/strong><\/h1>\n<h2>Cofinanciados por el Fondo Social Europeo (FSE) en el marco del Programa Balears del FSE+ para el periodo 2021-2027<\/h2>\n<p>[\/et_pb_text][\/et_pb_column][\/et_pb_row][\/et_pb_section][et_pb_section fb_built=\u00bb1&#8243; _builder_version=\u00bb4.16&#8243; custom_padding=\u00bb25px|0px|54px|0px\u00bb locked=\u00bboff\u00bb global_colors_info=\u00bb{}\u00bb][et_pb_row _builder_version=\u00bb4.16&#8243; global_colors_info=\u00bb{}\u00bb][et_pb_column type=\u00bb4_4&#8243; _builder_version=\u00bb4.16&#8243; custom_padding=\u00bb|||\u00bb global_colors_info=\u00bb{}\u00bb custom_padding__hover=\u00bb|||\u00bb][et_pb_image src=\u00bbhttps:\/\/soib.es\/wp-content\/uploads\/2025\/01\/SOIB-Orientacio-Itineraris-Integrals-Insercio-2025-2026.png\u00bb title_text=\u00bbSOIB Orientaci\u00f3 Itineraris Integrals Inserci\u00f3 2025-2026&#8243; align=\u00bbcenter\u00bb _builder_version=\u00bb4.27.3&#8243; _module_preset=\u00bbdefault\u00bb locked=\u00bboff\u00bb global_colors_info=\u00bb{}\u00bb][\/et_pb_image][et_pb_text _builder_version=\u00bb4.27.3&#8243; global_colors_info=\u00bb{}\u00bb]<\/p>\n<p>Los<strong> Itinerarios Integrales de Inserci\u00f3n<\/strong> para el empleo de colectivos vulnerables son proyectos que ejecutan orientaci\u00f3n para el empleo. Se trata de procesos de acompa\u00f1amiento y de ayuda individual, personalizada e integral, en los cuales la persona, mediante diferentes actuaciones, construye un proyecto profesional que integra las necesidades personales con las exigencias sociales, con el objetivo final de incorporarse al mercado de trabajo de manera regular.<\/p>\n<p>[\/et_pb_text][et_pb_accordion open_toggle_text_color=\u00bb#878786&#8243; closed_toggle_text_color=\u00bb#cb023e\u00bb icon_color=\u00bb#cb023e\u00bb _builder_version=\u00bb4.27.3&#8243; toggle_font=\u00bb|700|||||||\u00bb toggle_font_size=\u00bb18&#8243; closed_toggle_font=\u00bb|700|||||||\u00bb db_closeable=\u00bbon\u00bb db_initial_state=\u00bball_closed\u00bb global_colors_info=\u00bb{}\u00bb][et_pb_accordion_item title=\u00bb\u00bfQu\u00e9 ofrecen?\u00bb open=\u00bbon\u00bb _builder_version=\u00bb4.27.3&#8243; global_colors_info=\u00bb{}\u00bb]<\/p>\n<p>Mejorar las oportunidades de empleo a partir de:<br \/>\u2022 Orientaci\u00f3n laboral personalizada, individualizada y flexible a las necesidades de cada persona.<br \/>\u2022 Sesiones espec\u00edficas de entrenamiento para la b\u00fasqueda de trabajo (elaboraci\u00f3n de curr\u00edculums, preparaci\u00f3n de entrevistas, portales de empleo, contacto con empresas\u2026)<br \/>\u2022 Acompa\u00f1amiento y apoyo a la inserci\u00f3n.<\/p>\n<p>[\/et_pb_accordion_item][et_pb_accordion_item title=\u00bbColectivos con especiales dificultades de inserci\u00f3n laboral que deben atender los servicios de itinerarios integrales de inserci\u00f3n\u00bb _builder_version=\u00bb4.27.3&#8243; global_colors_info=\u00bb{}\u00bb open=\u00bboff\u00bb]<\/p>\n<p>\u2022 Colectivo de personas en riesgo de exclusi\u00f3n social y con dificultades especiales de inserci\u00f3n laboral.<br \/>\u2022 Colectivo de personas con discapacidad intelectual y con dificultades especiales de inserci\u00f3n laboral.<br \/>\u2022 Colectivo de personas con otras discapacidades (f\u00edsicas, sensoriales, etc.) y con dificultades especiales de inserci\u00f3n laboral.<br \/>\u2022 Colectivo de personas con diagn\u00f3stico de salud mental y con dificultades especiales de inserci\u00f3n laboral.<br \/>\u2022 Colectivo de personas j\u00f3venes en riesgo de exclusi\u00f3n social y con dificultades especiales de inserci\u00f3n laboral, mayores de 16 y menores de 30 a\u00f1os, inscritas en el Sistema Nacional de Garant\u00eda Juvenil.<br \/>\u2022 Colectivo de personas con discapacidad y colectivo de personas con diagn\u00f3stico de salud mental y con dificultades especiales de inserci\u00f3n laboral.<\/p>\n<p>[\/et_pb_accordion_item][\/et_pb_accordion][et_pb_text _builder_version=\u00bb4.27.4&#8243; hover_enabled=\u00bb0&#8243; global_colors_info=\u00bb{}\u00bb sticky_enabled=\u00bb0&#8243;]<\/p>\n<a href='https:\/\/soib.es\/wp-content\/uploads\/2025\/04\/ENTITATS-SOIB-ORIENTACIO-III-2025-2026_rev_abril2025.pdf' class='small-button smallsilver' target=\"_blank\"><span style=\"color: #cb023e;\"><strong>Entidades que llevan a cabo los Itinerarios Integrales de Inserci\u00f3n<\/strong><\/span><\/a>\n<a href='https:\/\/www.caib.es\/seucaib\/es\/201\/empreses\/tramites\/tramite\/6258106\/' class='small-button smallsilver' target=\"_blank\"><span style=\"color: #cb023e;\">Convocatoria de subvenciones SOIB Orientaci\u00f3n Itinerarios Integrales de Inserci\u00f3n 2025-2026. Cofinanciados por el Fondo Social Europeo (FSE), en el marco del Programa Balears del FSE+ 2021-2027<\/span><\/a>\n<p>[\/et_pb_text][et_pb_button button_url=\u00bbhttps:\/\/soib.es\/es\/historic-soib-itineraris-integrals-dinsercio\/\u00bb url_new_window=\u00bbon\u00bb button_text=\u00bbHist\u00f3rico Itinerarios Integrales de Inserci\u00f3n\u00bb _builder_version=\u00bb4.23.1&#8243; _module_preset=\u00bbdefault\u00bb custom_button=\u00bbon\u00bb button_text_size=\u00bb16px\u00bb button_text_color=\u00bb#cb023e\u00bb button_bg_color=\u00bb#FFFFFF\u00bb locked=\u00bboff\u00bb global_colors_info=\u00bb{}\u00bb][\/et_pb_button][\/et_pb_column][\/et_pb_row][\/et_pb_section]<\/p>\n","protected":false},"excerpt":{"rendered":"<p>SOIB Orientaci\u00f3n Itinerarios Integrales de Inserci\u00f3n 2025-2026 Cofinanciados por el Fondo Social Europeo (FSE) en el marco del Programa Balears del FSE+ para el periodo 2021-2027Los Itinerarios Integrales de Inserci\u00f3n para el empleo de colectivos vulnerables son proyectos que ejecutan orientaci\u00f3n para el empleo. Se trata de procesos de acompa\u00f1amiento y de ayuda individual, personalizada [&hellip;]<\/p>\n","protected":false},"author":13,"featured_media":0,"parent":0,"menu_order":0,"comment_status":"closed","ping_status":"closed","template":"","meta":{"_et_pb_use_builder":"on","_et_pb_old_content":"","_et_gb_content_width":"","footnotes":"","_links_to":"","_links_to_target":""},"class_list":["post-12683","page","type-page","status-publish","hentry"],"publishpress_future_action":{"enabled":false,"date":"2026-05-01 10:46:12","action":"change-status","newStatus":"draft","terms":[],"taxonomy":"translation_priority","extraData":[]},"publishpress_future_workflow_manual_trigger":{"enabledWorkflows":[]},"_links":{"self":[{"href":"https:\/\/soib.es\/es\/wp-json\/wp\/v2\/pages\/12683","targetHints":{"allow":["GET"]}}],"collection":[{"href":"https:\/\/soib.es\/es\/wp-json\/wp\/v2\/pages"}],"about":[{"href":"https:\/\/soib.es\/es\/wp-json\/wp\/v2\/types\/page"}],"author":[{"embeddable":true,"href":"https:\/\/soib.es\/es\/wp-json\/wp\/v2\/users\/13"}],"replies":[{"embeddable":true,"href":"https:\/\/soib.es\/es\/wp-json\/wp\/v2\/comments?post=12683"}],"version-history":[{"count":0,"href":"https:\/\/soib.es\/es\/wp-json\/wp\/v2\/pages\/12683\/revisions"}],"wp:attachment":[{"href":"https:\/\/soib.es\/es\/wp-json\/wp\/v2\/media?parent=12683"}],"curies":[{"name":"wp","href":"https:\/\/api.w.org\/{rel}","templated":true}]}}