{"id":11395,"date":"2019-03-12T13:15:58","date_gmt":"2019-03-12T12:15:58","guid":{"rendered":"https:\/\/soib.es\/soib-orientacio-atur-llarga-durada\/"},"modified":"2025-12-04T10:02:04","modified_gmt":"2025-12-04T09:02:04","slug":"servei-soib-mes","status":"publish","type":"page","link":"https:\/\/soib.es\/es\/servei-soib-mes\/","title":{"rendered":"Servicio SOIB+"},"content":{"rendered":"<p>[et_pb_section fb_built=\u00bb1&#8243; _builder_version=\u00bb4.16&#8243; background_color=\u00bb#f7f7f7&#8243; custom_padding=\u00bb25px|0px|25px|0px\u00bb global_colors_info=\u00bb{}\u00bb][et_pb_row _builder_version=\u00bb4.16&#8243; global_colors_info=\u00bb{}\u00bb][et_pb_column type=\u00bb4_4&#8243; _builder_version=\u00bb4.16&#8243; custom_padding=\u00bb|||\u00bb global_colors_info=\u00bb{}\u00bb custom_padding__hover=\u00bb|||\u00bb][et_pb_text _builder_version=\u00bb4.16&#8243; global_colors_info=\u00bb{}\u00bb]<\/p>\n<h1><strong>Servicio SOIB+<br \/><\/strong><\/h1>\n<p><img loading=\"lazy\" decoding=\"async\" class=\"wp-image-25902 alignnone size-full\" src=\"https:\/\/soib.es\/wp-content\/uploads\/2021\/01\/Disseny-SOIB-web-i-xs.png\" alt=\"\" width=\"795\" height=\"500\" srcset=\"https:\/\/soib.es\/wp-content\/uploads\/2021\/01\/Disseny-SOIB-web-i-xs.png 795w, https:\/\/soib.es\/wp-content\/uploads\/2021\/01\/Disseny-SOIB-web-i-xs-480x302.png 480w\" sizes=\"(min-width: 0px) and (max-width: 480px) 480px, (min-width: 481px) 795px, 100vw\" \/><\/p>\n<p>[\/et_pb_text][\/et_pb_column][\/et_pb_row][\/et_pb_section][et_pb_section fb_built=\u00bb1&#8243; _builder_version=\u00bb4.16&#8243; custom_padding=\u00bb25px|0px|54px|0px\u00bb global_colors_info=\u00bb{}\u00bb][et_pb_row _builder_version=\u00bb4.16&#8243; global_colors_info=\u00bb{}\u00bb][et_pb_column type=\u00bb4_4&#8243; _builder_version=\u00bb4.16&#8243; custom_padding=\u00bb|||\u00bb global_colors_info=\u00bb{}\u00bb custom_padding__hover=\u00bb|||\u00bb][et_pb_text _builder_version=\u00bb4.16&#8243; global_colors_info=\u00bb{}\u00bb]<\/p>\n<p>SOIB+ es un<strong> servicio espec\u00edfico <\/strong>dirigido a personas en desempleo de larga duraci\u00f3n, que les ofrece informaci\u00f3n de recursos laborales, ayuda en la b\u00fasqueda de empleo, informaci\u00f3n de formaci\u00f3n y refuerzo de las competencias profesionales as\u00ed como un acompa\u00f1amiento individualizado a cada persona. Para m\u00e1s informaci\u00f3n, consulta las <a href=\"https:\/\/soib.es\/wp-content\/uploads\/2021\/01\/Guia-de-preguntes-frequents-sobre-SOIB-CAST.pdf\" target=\"_blank\" rel=\"noopener\"><span style=\"color: #cb023e;\">preguntas frecuentes sobre SOIB+<\/span><\/a>.<\/p>\n<p>[\/et_pb_text][et_pb_accordion open_toggle_text_color=\u00bb#878686&#8243; closed_toggle_text_color=\u00bb#cb023e\u00bb icon_color=\u00bb#cb023e\u00bb _builder_version=\u00bb4.27.4&#8243; toggle_font=\u00bb|700|||||||\u00bb toggle_font_size=\u00bb16px\u00bb closed_toggle_font=\u00bb|700|||||||\u00bb hover_enabled=\u00bb0&#8243; db_closeable=\u00bbon\u00bb db_initial_state=\u00bball_closed\u00bb locked=\u00bboff\u00bb global_colors_info=\u00bb{}\u00bb sticky_enabled=\u00bb0&#8243;][et_pb_accordion_item title=\u00bb\u00bfQu\u00e9 te ofrecemos?\u00bb open=\u00bbon\u00bb _builder_version=\u00bb4.16&#8243; global_colors_info=\u00bb{}\u00bb]<\/p>\n<p>Una atenci\u00f3n personalizada y adaptada a cada persona en todo el proceso relacionado con la b\u00fasqueda de empleo, los procesos de selecci\u00f3n y la formaci\u00f3n.<\/p>\n<p>Un servicio de intermediaci\u00f3n laboral espec\u00edfico que tiene contacto con empresas sensibilizadas con el colectivo de personas en desempleo de larga duraci\u00f3n, analiza la adecuaci\u00f3n empresa y oferta de empleo con tu perfil y trabaja contigo las habilidades necesarias en los itinerarios personalizados.<\/p>\n<p>[\/et_pb_accordion_item][et_pb_accordion_item title=\u00bb\u00bfC\u00f3mo lo hacemos?\u00bb _builder_version=\u00bb4.16&#8243; global_colors_info=\u00bb{}\u00bb open=\u00bboff\u00bb]<\/p>\n<p>Te asignamos un orientador o orientadora, que es la persona referente de tu proceso individual y te dar\u00e1 apoyo en tu proceso cuando lo necesites. Con el personal orientador puedes realizar las siguientes acciones:<\/p>\n<p><strong>Demanda de empleo:<\/strong><\/p>\n<ul>\n<li>Acciones informativas sobre la inscripci\u00f3n en el SOIB y la gesti\u00f3n de la demanda de empleo<\/li>\n<li>Tr\u00e1mites telem\u00e1ticos de tu demanda en nuestra web<\/li>\n<\/ul>\n<p><strong>Orientaci\u00f3n profesional:<\/strong><\/p>\n<ul>\n<li>Tutor\u00edas telelef\u00f3nicas, telem\u00e1ticas o presenciales individualizadas<\/li>\n<li>Acciones de informaci\u00f3n sobre los cursos que ofrece el SOIB, as\u00ed como de otros que puedan ser de inter\u00e9s para ti<\/li>\n<li>Desarrollo de acciones de informaci\u00f3n, orientaci\u00f3n laboral y apoyo para la inserci\u00f3n laboral<\/li>\n<li>Desarrollo de los aspectos personales y profesionales relacionados con el empleo (competencias profesionales)<\/li>\n<li>Un dise\u00f1o de una estrategia personal de b\u00fasqueda de empleo<\/li>\n<li>B\u00fasqueda de empleo por internet y correo electr\u00f3nico<\/li>\n<li>B\u00fasqueda de formaci\u00f3n<\/li>\n<li>Elaboraci\u00f3n de un buen curr\u00edculum y carta de presentaci\u00f3n<\/li>\n<li>B\u00fasqueda de ofertas adecuadas a tu perfil profesional<\/li>\n<\/ul>\n<p><strong>Talleres de acuerdo a tus necesidades y perfil<\/strong>. Entre otros:<\/p>\n<ul>\n<li>Taller de autocandidatura expr\u00e9s: para aprender a presentar tu candidatura de empleo a una empresa<\/li>\n<li>Taller de entrevista de trabajo grupal: para tener pautas de \u00e9xito en entrevistas con un grupo de personas<\/li>\n<li>Taller de competencias profesionales: para sacar el m\u00e1ximo provecho a tus habilidades y capacidades laborales<\/li>\n<li>Taller de autoconocimiento para la b\u00fasqueda de empleo: para poder extraer y potenciar las capacidades laborales que m\u00e1s solicitan las empresas<\/li>\n<\/ul>\n<p>Te asignamos un intermediador o intermediadora que tratar\u00e1 con empresas que buscan tu perfil profesional y llevar\u00e1 a cabo contigo las adaptaciones que necesites para que puedas superar con \u00e9xito las entrevistas de trabajo que te ofrezca.<\/p>\n<p>[\/et_pb_accordion_item][et_pb_accordion_item title=\u00bbRequisitos\u00bb _builder_version=\u00bb4.16&#8243; global_colors_info=\u00bb{}\u00bb open=\u00bboff\u00bb]<\/p>\n<ul>\n<li>Mayores de 30 a\u00f1os<\/li>\n<li>Personas inscritas en el SOIB como demandantes de empleo en situaci\u00f3n de desempleo de un a\u00f1o<\/li>\n<li>Personas que no hayan trabajado m\u00e1s de 6 meses dentro de los \u00faltimos 18 meses<\/li>\n<\/ul>\n<p>[\/et_pb_accordion_item][et_pb_accordion_item title=\u00bb\u00bfD\u00f3nde nos encontrar\u00e1s?\u00bb _builder_version=\u00bb4.27.4&#8243; hover_enabled=\u00bb0&#8243; global_colors_info=\u00bb{}\u00bb open=\u00bboff\u00bb sticky_enabled=\u00bb0&#8243;]<\/p>\n<p>En la direcci\u00f3n electr\u00f3nica <a href=\"mailto:soiballd@soib.caib.es\" target=\"_blank\" rel=\"noopener noreferrer\"><strong><span style=\"color: #cb023e;\">soiballd@soib.caib.es<\/span><\/strong><\/a><\/p>\n<p><strong>Mallorca<\/strong><\/p>\n<ul>\n<li>Oficina Sectorial de Orientaci\u00f3n de Santa Eulalia. Tel.: 971 177 643<br \/>Pla\u00e7a de Santa Eul\u00e0lia, 7, 1\u00ba. 07001 Palma<\/li>\n<li>Oficina Alc\u00fadia. Tel: 971 176 177<br \/>C\/ Teodor Canet, 31. 07400 Port d\u2019Alc\u00fadia<\/li>\n<li>Oficina Inca. Tel: 971 176 176<br \/>Av. des Raiguer, 99. 07300 Inca<\/li>\n<li>Oficina Manacor. Tel: 971 177 444<br \/>C\/ Men\u00e9ndez Pelayo, 44 (cantonada amb l\u2019avinguda Baix des Cos). 07500 Manacor<\/li>\n<li>Oficina Felanitx. Tel : 971 177 897<br \/>C\/ Sant Agust\u00ed, 13. 07200 Felanitx<\/li>\n<li>Oficina Magaluf. Tel: 971 177 377<br \/>Cam\u00ed de sa Porrassa, 6. 07182 Magaluf (Calvi\u00e0)<\/li>\n<\/ul>\n<p><strong>Menorca<\/strong><\/p>\n<ul>\n<li>Oficina Ma\u00f3. Tel.: 971 177 980<br \/>Pl. Miranda, s\/n. 07701 Ma\u00f3<\/li>\n<\/ul>\n<p>El horario habitual de atenci\u00f3n al p\u00fablico es de lunes a viernes de 9 h a 14 h, excepto festivos; para evitar esperas, <a href=\"https:\/\/soib.es\/es\/demana-cita-previa\/\" target=\"_blank\" rel=\"noopener\"><span style=\"color: #cb023e;\"><strong>pide cita previa<\/strong><\/span><\/a>.<\/p>\n<p>[\/et_pb_accordion_item][et_pb_accordion_item title=\u00bbInscr\u00edbete\u00bb _builder_version=\u00bb4.16&#8243; global_colors_info=\u00bb{}\u00bb open=\u00bboff\u00bb]<\/p>\n<h5>Rellena el formulario<\/h5>\n<a href='https:\/\/forms.gle\/ZVLbVJ8ZvZ6sAJ918' class='big-button bigsilver' target=\"_blank\">Inscripci\u00f3n a SOIB+ Mallorca<\/a>\n<a href='https:\/\/forms.gle\/TGcLvVwZqf13vYbW7' class='big-button bigsilver' target=\"_blank\">Inscripci\u00f3n a SOIB+ Menorca<\/a>\n<p>[\/et_pb_accordion_item][\/et_pb_accordion][et_pb_accordion open_toggle_text_color=\u00bb#878686&#8243; closed_toggle_text_color=\u00bb#cb023e\u00bb icon_color=\u00bb#cb023e\u00bb disabled_on=\u00bbon|on|on\u00bb _builder_version=\u00bb4.16&#8243; toggle_font=\u00bb|700|||||||\u00bb toggle_font_size=\u00bb16px\u00bb closed_toggle_font=\u00bb|700|||||||\u00bb db_initial_state=\u00bball_closed\u00bb disabled=\u00bbon\u00bb locked=\u00bboff\u00bb global_colors_info=\u00bb{}\u00bb][et_pb_accordion_item title=\u00bb\u00bfQu\u00e9 te ofrecemos?\u00bb open=\u00bbon\u00bb _builder_version=\u00bb4.16&#8243; global_colors_info=\u00bb{}\u00bb]<\/p>\n<p>Una atenci\u00f3n personalizada y adaptada a cada persona en todo el proceso relacionado con la b\u00fasqueda de empleo, los procesos de selecci\u00f3n y la formaci\u00f3n.<\/p>\n<p>Un servicio de intermediaci\u00f3n laboral espec\u00edfico que tiene contacto con empresas sensibilizadas con el colectivo de personas en desempleo de larga duraci\u00f3n, analiza la adecuaci\u00f3n empresa y oferta de empleo con tu perfil y trabaja contigo las habilidades necesarias en los itinerarios personalizados.<\/p>\n<p>[\/et_pb_accordion_item][et_pb_accordion_item title=\u00bb\u00bfC\u00f3mo lo hacemos?\u00bb _builder_version=\u00bb4.16&#8243; global_colors_info=\u00bb{}\u00bb open=\u00bboff\u00bb]<\/p>\n<p>Te asignamos un orientador o orientadora, que es la persona referente de tu proceso individual y te dar\u00e1 apoyo en tu proceso cuando lo necesites. Con el personal orientador puedes realizar las siguientes acciones:<\/p>\n<p><strong>Demanda de empleo:<\/strong><\/p>\n<ul>\n<li>Acciones informativas sobre la inscripci\u00f3n en el SOIB y la gesti\u00f3n de la demanda de empleo<\/li>\n<li>Tr\u00e1mites telem\u00e1ticos de tu demanda en nuestra web<\/li>\n<\/ul>\n<p><strong>Orientaci\u00f3n profesional:<\/strong><\/p>\n<ul>\n<li>Tutor\u00edas telelef\u00f3nicas, telem\u00e1ticas o presenciales individualizadas<\/li>\n<li>Acciones de informaci\u00f3n sobre los cursos que ofrece el SOIB, as\u00ed como de otros que puedan ser de inter\u00e9s para ti<\/li>\n<li>Desarrollo de acciones de informaci\u00f3n, orientaci\u00f3n laboral y apoyo para la inserci\u00f3n laboral<\/li>\n<li>Desarrollo de los aspectos personales y profesionales relacionados con el empleo (competencias profesionales)<\/li>\n<li>Un dise\u00f1o de una estrategia personal de b\u00fasqueda de empleo<\/li>\n<li>B\u00fasqueda de empleo por internet y correo electr\u00f3nico<\/li>\n<li>B\u00fasqueda de formaci\u00f3n<\/li>\n<li>Elaboraci\u00f3n de un buen curr\u00edculum y carta de presentaci\u00f3n<\/li>\n<li>B\u00fasqueda de ofertas adecuadas a tu perfil profesional<\/li>\n<\/ul>\n<p><strong>Talleres de acuerdo a tus necesidades y perfil<\/strong>. Entre otros:<\/p>\n<ul>\n<li>Taller de autocandidatura expr\u00e9s: para aprender a presentar tu candidatura de empleo a una empresa<\/li>\n<li>Taller de entrevista de trabajo grupal: para tener pautas de \u00e9xito en entrevistas con un grupo de personas<\/li>\n<li>Taller de competencias profesionales: para sacar el m\u00e1ximo provecho a tus habilidades y capacidades laborales<\/li>\n<li>Taller de autoconocimiento para la b\u00fasqueda de empleo: para poder extraer y potenciar las capacidades laborales que m\u00e1s solicitan las empresas<\/li>\n<\/ul>\n<p>Te asignamos un intermediador o intermediadora que tratar\u00e1 con empresas que buscan tu perfil profesional y llevar\u00e1 a cabo contigo las adaptaciones que necesites para que puedas superar con \u00e9xito las entrevistas de trabajo que te ofrezca.<\/p>\n<p>[\/et_pb_accordion_item][et_pb_accordion_item title=\u00bbRequisitos\u00bb _builder_version=\u00bb4.16&#8243; global_colors_info=\u00bb{}\u00bb open=\u00bboff\u00bb]<\/p>\n<ul>\n<li>Mayores de 30 a\u00f1os<\/li>\n<li>Personas inscritas en el SOIB como demandantes de empleo en situaci\u00f3n de desempleo de un a\u00f1o<\/li>\n<li>Personas que no hayan trabajado m\u00e1s de 6 meses dentro de los \u00faltimos 18 meses<\/li>\n<\/ul>\n<p>[\/et_pb_accordion_item][et_pb_accordion_item title=\u00bb\u00bfD\u00f3nde nos encontrar\u00e1s?\u00bb _builder_version=\u00bb4.16&#8243; global_colors_info=\u00bb{}\u00bb open=\u00bboff\u00bb]<\/p>\n<p>En la direcci\u00f3n electr\u00f3nica <a href=\"mailto:soiballd@soib.caib.es\" target=\"_blank\" rel=\"noopener noreferrer\"><strong><span style=\"color: #cb023e;\">soiballd@soib.caib.es<\/span><\/strong><\/a><\/p>\n<p><strong>Mallorca<\/strong><\/p>\n<ul>\n<li>Oficina Sectorial de Orientaci\u00f3n de Santa Eulalia. Tel.: 971 177 643<br \/>Pla\u00e7a de Santa Eul\u00e0lia, 7, 1\u00ba. 07001 Palma<\/li>\n<li>Oficina Alc\u00fadia. Tel: 971 176 177<br \/>C\/ Teodor Canet, 31. 07400 Port d\u2019Alc\u00fadia<\/li>\n<li>Oficina Inca. Tel: 971 176 176<br \/>Av. des Raiguer, 99. 07300 Inca<\/li>\n<li>Oficina Manacor. Tel: 971 177 444<br \/>C\/ Men\u00e9ndez Pelayo, 44 (cantonada amb l\u2019avinguda Baix des Cos). 07500 Manacor<\/li>\n<li>Oficina Felanitx. Tel : 971 177 897<br \/>C\/ Sant Agust\u00ed, 13. 07200 Felanitx<\/li>\n<li>Oficina Magaluf. Tel: 971 177 377<br \/>Cam\u00ed de sa Porrassa, 6. 07182 Magaluf (Calvi\u00e0)<\/li>\n<\/ul>\n<p><strong>Menorca<\/strong><\/p>\n<ul>\n<li>Oficina Ma\u00f3. Tel.: 971 177 980<br \/>Pl. Miranda, s\/n. 07701 Ma\u00f3<\/li>\n<\/ul>\n<p><strong>Ibiza<\/strong><\/p>\n<ul>\n<li>Oficina Ibiza. Tel.: 971 177 015<br \/>Carrer de Can\u00e0ries, 35. 1r pis (Edifici CETIS) 07800 Eivissa<\/li>\n<li>Oficina Sant Antoni de Portmany. Tel.: 971 177 016<br \/>Carrer Soledat, 54. 07820 Sant Antoni de Portmany<\/li>\n<li>Oficina Santa Eul\u00e0ria des Riu. Tel.: 971 177 077<br \/>Cam\u00ed de Missa, 34. 07840 Santa Eul\u00e0ria des Riu<\/li>\n<\/ul>\n<p>&nbsp;<\/p>\n<p>&nbsp;<\/p>\n<p>[\/et_pb_accordion_item][et_pb_accordion_item title=\u00bbInscr\u00edbete\u00bb _builder_version=\u00bb4.16&#8243; global_colors_info=\u00bb{}\u00bb open=\u00bboff\u00bb]<\/p>\n<h5>Rellena el formulario<\/h5>\n<a href='https:\/\/forms.gle\/ZVLbVJ8ZvZ6sAJ918' class='big-button bigsilver' target=\"_blank\">Inscripci\u00f3n a SOIB+ Mallorca<\/a>\n<a href='https:\/\/forms.gle\/TGcLvVwZqf13vYbW7' class='big-button bigsilver' target=\"_blank\">Inscripci\u00f3n a SOIB+ Menorca<\/a>\n<p><a href='https:\/\/forms.gle\/5irinNYrUEtikHDK9' class='big-button bigsilver' target=\"_blank\">Inscripci\u00f3n a SOIB+ Ibiza<\/a>[\/et_pb_accordion_item][\/et_pb_accordion][\/et_pb_column][\/et_pb_row][\/et_pb_section][et_pb_section fb_built=\u00bb1&#8243; _builder_version=\u00bb4.16&#8243; background_color=\u00bb#ffffff\u00bb custom_padding=\u00bb15px|0px|25px|0px\u00bb global_colors_info=\u00bb{}\u00bb][et_pb_row column_structure=\u00bb1_2,1_2&#8243; _builder_version=\u00bb4.23.1&#8243; module_alignment=\u00bbcenter\u00bb custom_padding=\u00bb15px|0px|27px|0px\u00bb global_colors_info=\u00bb{}\u00bb][et_pb_column type=\u00bb1_2&#8243; _builder_version=\u00bb4.16&#8243; custom_padding=\u00bb|||\u00bb global_colors_info=\u00bb{}\u00bb custom_padding__hover=\u00bb|||\u00bb][et_pb_image src=\u00bbhttps:\/\/soib.es\/wp-content\/uploads\/2024\/05\/Logos-Conselleria-SOIB-Color-positiu.png\u00bb title_text=\u00bbLogos Conselleria + SOIB Color positiu\u00bb align_tablet=\u00bbcenter\u00bb align_phone=\u00bb\u00bb align_last_edited=\u00bbon|desktop\u00bb _builder_version=\u00bb4.23.1&#8243; custom_margin=\u00bb30px|||\u00bb global_colors_info=\u00bb{}\u00bb]<\/p>\n<p>\n&nbsp;<\/p>\n<p>[\/et_pb_image][\/et_pb_column][et_pb_column type=\u00bb1_2&#8243; _builder_version=\u00bb4.16&#8243; custom_padding=\u00bb|||\u00bb global_colors_info=\u00bb{}\u00bb custom_padding__hover=\u00bb|||\u00bb][et_pb_image src=\u00bbhttps:\/\/soib.es\/wp-content\/uploads\/2020\/06\/logo-SEPE-2020.jpg\u00bb title_text=\u00bblogo SEPE 2020&#8243; align_tablet=\u00bbcenter\u00bb align_phone=\u00bb\u00bb align_last_edited=\u00bbon|desktop\u00bb _builder_version=\u00bb4.16&#8243; custom_margin=\u00bb60px|5px||\u00bb global_colors_info=\u00bb{}\u00bb]<\/p>\n<p>\n&nbsp;<\/p>\n<p>[\/et_pb_image][\/et_pb_column][\/et_pb_row][\/et_pb_section]<\/p>\n","protected":false},"excerpt":{"rendered":"<p>Servicio SOIB+ SOIB+ es un servicio espec\u00edfico dirigido a personas en desempleo de larga duraci\u00f3n, que les ofrece informaci\u00f3n de recursos laborales, ayuda en la b\u00fasqueda de empleo, informaci\u00f3n de formaci\u00f3n y refuerzo de las competencias profesionales as\u00ed como un acompa\u00f1amiento individualizado a cada persona. Para m\u00e1s informaci\u00f3n, consulta las preguntas frecuentes sobre SOIB+.Una atenci\u00f3n [&hellip;]<\/p>\n","protected":false},"author":13,"featured_media":0,"parent":0,"menu_order":0,"comment_status":"closed","ping_status":"closed","template":"","meta":{"_et_pb_use_builder":"on","_et_pb_old_content":"","_et_gb_content_width":"","footnotes":"","_links_to":"","_links_to_target":""},"class_list":["post-11395","page","type-page","status-publish","hentry"],"publishpress_future_action":{"enabled":false,"date":"2026-04-25 18:23:14","action":"change-status","newStatus":"draft","terms":[],"taxonomy":"translation_priority","extraData":[]},"publishpress_future_workflow_manual_trigger":{"enabledWorkflows":[]},"_links":{"self":[{"href":"https:\/\/soib.es\/es\/wp-json\/wp\/v2\/pages\/11395","targetHints":{"allow":["GET"]}}],"collection":[{"href":"https:\/\/soib.es\/es\/wp-json\/wp\/v2\/pages"}],"about":[{"href":"https:\/\/soib.es\/es\/wp-json\/wp\/v2\/types\/page"}],"author":[{"embeddable":true,"href":"https:\/\/soib.es\/es\/wp-json\/wp\/v2\/users\/13"}],"replies":[{"embeddable":true,"href":"https:\/\/soib.es\/es\/wp-json\/wp\/v2\/comments?post=11395"}],"version-history":[{"count":0,"href":"https:\/\/soib.es\/es\/wp-json\/wp\/v2\/pages\/11395\/revisions"}],"wp:attachment":[{"href":"https:\/\/soib.es\/es\/wp-json\/wp\/v2\/media?parent=11395"}],"curies":[{"name":"wp","href":"https:\/\/api.w.org\/{rel}","templated":true}]}}